{"id":107,"date":"2020-12-30T19:41:30","date_gmt":"2020-12-30T22:41:30","guid":{"rendered":"http:\/\/previnorte.local\/?page_id=107"},"modified":"2025-12-26T09:33:17","modified_gmt":"2025-12-26T12:33:17","slug":"emprestimo-pessoal-pos-fixado","status":"publish","type":"page","link":"https:\/\/previnorte.com.br\/site2\/emprestimo-pessoal-pos-fixado\/","title":{"rendered":"Empr\u00e9stimo Pessoal"},"content":{"rendered":"\n<p><\/p>\n\n\n\n<p class=\"has-white-color has-luminous-vivid-amber-background-color has-text-color has-background has-link-color has-medium-font-size wp-elements-5fef905ee15c6e8b6ccc69ce7f5f4c31\"><strong>Aten\u00e7\u00e3o! A contrata\u00e7\u00e3o e a reforma de empr\u00e9stimos est\u00e3o temporariamente suspensas, em raz\u00e3o de mudan\u00e7as nos sistemas internos da Funda\u00e7\u00e3o. O retorno das opera\u00e7\u00f5es ocorrer\u00e1 em breve e ser\u00e1 informado pelos nossos canais de comunica\u00e7\u00e3o, especialmente no nosso Giro de Not\u00edcias.<\/strong><\/p>\n\n\n\n<p class=\"has-medium-font-size\">A Previnorte oferece aos seus participantes a oportunidade de<strong> contrata\u00e7\u00e3o de empr\u00e9stimos<\/strong> para auxiliar no planejamento financeiro de curto prazo com <strong>taxas mais atrativas<\/strong> que aquelas oferecidas pelos bancos.<\/p>\n\n\n\n<p class=\"has-medium-font-size\">Os empr\u00e9stimos s\u00e3o ofertados na <strong>modalidade p\u00f3s-fixada<\/strong>, com taxas estabelecidas pela legisla\u00e7\u00e3o vigente e pelas pol\u00edticas de investimentos dos planos de benef\u00edcios. <\/p>\n\n\n\n<p class=\"has-medium-font-size\">Voc\u00ea pode <strong>comparar o hist\u00f3rico das taxas<\/strong> dos empr\u00e9stimos da Previnorte (clique <a href=\"https:\/\/previnorte.com.br\/site2\/taxas\/\">aqui<\/a>) com aquelas cobradas pelos bancos, disponibilizadas no <a href=\"https:\/\/www.bcb.gov.br\/estatisticas\/reporttxjuros?codigoSegmento=1&amp;codigoModalidade=218101&amp;historicotaxajurosdiario_atual_page=1&amp;tipoModalidade=D&amp;InicioPeriodo=2024-11-11\">Relat\u00f3rio de Taxas de Juros do Banco Central do Brasil (clique aqui)<\/a>.<\/p>\n\n\n\n<p class=\"has-medium-font-size\">A simula\u00e7\u00e3o de empr\u00e9stimo pode ser feita tanto no <strong>Portal do Participante<\/strong> quanto no <strong>APP<\/strong> da Previnorte, sendo que para efetiva\u00e7\u00e3o \u00e9 indispens\u00e1vel a assinatura (manual ou digital) do contrato e o envio para o e-mail relacionamento@previnorte.com.br.<\/p>\n\n\n\n<p class=\"has-medium-font-size\">\u00c9 importante saber que na modalidade p\u00f3s-fixada <strong>o valor da parcela \u00e9 alterado mensalmente<\/strong>, em raz\u00e3o da corre\u00e7\u00e3o monet\u00e1ria e da taxa de juros contratada.<\/p>\n\n\n\n<p class=\"has-medium-font-size\">Clique nos itens abaixo para saber mais sobre os empr\u00e9stimos oferecidos pela Funda\u00e7\u00e3o:<\/p>\n","protected":false},"excerpt":{"rendered":"<p>Aten\u00e7\u00e3o! A contrata\u00e7\u00e3o e a reforma de empr\u00e9stimos est\u00e3o temporariamente suspensas, em raz\u00e3o de mudan\u00e7as nos sistemas internos da Funda\u00e7\u00e3o. O retorno das opera\u00e7\u00f5es ocorrer\u00e1 em breve e ser\u00e1 informado pelos nossos canais de comunica\u00e7\u00e3o, especialmente no nosso Giro de Not\u00edcias. A Previnorte oferece aos seus participantes a oportunidade de contrata\u00e7\u00e3o de empr\u00e9stimos para auxiliar [&hellip;]<\/p>\n","protected":false},"author":2,"featured_media":0,"parent":0,"menu_order":0,"comment_status":"closed","ping_status":"closed","template":"page-accordeon.php","meta":{"_acf_changed":false,"om_disable_all_campaigns":false,"_monsterinsights_skip_tracking":false,"_monsterinsights_sitenote_active":false,"_monsterinsights_sitenote_note":"","_monsterinsights_sitenote_category":0,"_uf_show_specific_survey":0,"_uf_disable_surveys":false,"footnotes":""},"class_list":["post-107","page","type-page","status-publish","hentry"],"acf":[],"aioseo_notices":[],"yoast_head":"<!-- This site is optimized with the Yoast SEO plugin v26.2 - https:\/\/yoast.com\/wordpress\/plugins\/seo\/ -->\r\n<title>Empr\u00e9stimo Pessoal - Previnorte<\/title>\r\n<meta name=\"robots\" content=\"index, follow, max-snippet:-1, max-image-preview:large, max-video-preview:-1\" \/>\r\n<link rel=\"canonical\" href=\"https:\/\/previnorte.com.br\/site2\/emprestimo-pessoal-pos-fixado\/\" \/>\r\n<meta property=\"og:locale\" content=\"pt_BR\" \/>\r\n<meta property=\"og:type\" content=\"article\" \/>\r\n<meta property=\"og:title\" content=\"Empr\u00e9stimo Pessoal - Previnorte\" \/>\r\n<meta property=\"og:description\" content=\"Aten\u00e7\u00e3o! A contrata\u00e7\u00e3o e a reforma de empr\u00e9stimos est\u00e3o temporariamente suspensas, em raz\u00e3o de mudan\u00e7as nos sistemas internos da Funda\u00e7\u00e3o. O retorno das opera\u00e7\u00f5es ocorrer\u00e1 em breve e ser\u00e1 informado pelos nossos canais de comunica\u00e7\u00e3o, especialmente no nosso Giro de Not\u00edcias. A Previnorte oferece aos seus participantes a oportunidade de contrata\u00e7\u00e3o de empr\u00e9stimos para auxiliar [&hellip;]\" \/>\r\n<meta property=\"og:url\" content=\"https:\/\/previnorte.com.br\/site2\/emprestimo-pessoal-pos-fixado\/\" \/>\r\n<meta property=\"og:site_name\" content=\"Previnorte\" \/>\r\n<meta property=\"article:modified_time\" content=\"2025-12-26T12:33:17+00:00\" \/>\r\n<meta name=\"twitter:card\" content=\"summary_large_image\" \/>\r\n<meta name=\"twitter:label1\" content=\"Est. tempo de leitura\" \/>\n\t<meta name=\"twitter:data1\" content=\"2 minutos\" \/>\r\n<script type=\"application\/ld+json\" class=\"yoast-schema-graph\">{\"@context\":\"https:\/\/schema.org\",\"@graph\":[{\"@type\":\"WebPage\",\"@id\":\"https:\/\/previnorte.com.br\/site2\/emprestimo-pessoal-pos-fixado\/\",\"url\":\"https:\/\/previnorte.com.br\/site2\/emprestimo-pessoal-pos-fixado\/\",\"name\":\"Empr\u00e9stimo Pessoal - Previnorte\",\"isPartOf\":{\"@id\":\"https:\/\/previnorte.com.br\/site2\/#website\"},\"datePublished\":\"2020-12-30T22:41:30+00:00\",\"dateModified\":\"2025-12-26T12:33:17+00:00\",\"breadcrumb\":{\"@id\":\"https:\/\/previnorte.com.br\/site2\/emprestimo-pessoal-pos-fixado\/#breadcrumb\"},\"inLanguage\":\"pt-BR\",\"potentialAction\":[{\"@type\":\"ReadAction\",\"target\":[\"https:\/\/previnorte.com.br\/site2\/emprestimo-pessoal-pos-fixado\/\"]}]},{\"@type\":\"BreadcrumbList\",\"@id\":\"https:\/\/previnorte.com.br\/site2\/emprestimo-pessoal-pos-fixado\/#breadcrumb\",\"itemListElement\":[{\"@type\":\"ListItem\",\"position\":1,\"name\":\"In\u00edcio\",\"item\":\"https:\/\/previnorte.com.br\/site2\/\"},{\"@type\":\"ListItem\",\"position\":2,\"name\":\"Empr\u00e9stimo Pessoal\"}]},{\"@type\":\"WebSite\",\"@id\":\"https:\/\/previnorte.com.br\/site2\/#website\",\"url\":\"https:\/\/previnorte.com.br\/site2\/\",\"name\":\"Previnorte\",\"description\":\"Uma entidade fechada de previd\u00eancia complementar,  sem fins lucrativos.\",\"potentialAction\":[{\"@type\":\"SearchAction\",\"target\":{\"@type\":\"EntryPoint\",\"urlTemplate\":\"https:\/\/previnorte.com.br\/site2\/?s={search_term_string}\"},\"query-input\":{\"@type\":\"PropertyValueSpecification\",\"valueRequired\":true,\"valueName\":\"search_term_string\"}}],\"inLanguage\":\"pt-BR\"}]}<\/script>\r\n<!-- \/ Yoast SEO plugin. -->","yoast_head_json":{"title":"Empr\u00e9stimo Pessoal - Previnorte","robots":{"index":"index","follow":"follow","max-snippet":"max-snippet:-1","max-image-preview":"max-image-preview:large","max-video-preview":"max-video-preview:-1"},"canonical":"https:\/\/previnorte.com.br\/site2\/emprestimo-pessoal-pos-fixado\/","og_locale":"pt_BR","og_type":"article","og_title":"Empr\u00e9stimo Pessoal - Previnorte","og_description":"Aten\u00e7\u00e3o! A contrata\u00e7\u00e3o e a reforma de empr\u00e9stimos est\u00e3o temporariamente suspensas, em raz\u00e3o de mudan\u00e7as nos sistemas internos da Funda\u00e7\u00e3o. O retorno das opera\u00e7\u00f5es ocorrer\u00e1 em breve e ser\u00e1 informado pelos nossos canais de comunica\u00e7\u00e3o, especialmente no nosso Giro de Not\u00edcias. A Previnorte oferece aos seus participantes a oportunidade de contrata\u00e7\u00e3o de empr\u00e9stimos para auxiliar [&hellip;]","og_url":"https:\/\/previnorte.com.br\/site2\/emprestimo-pessoal-pos-fixado\/","og_site_name":"Previnorte","article_modified_time":"2025-12-26T12:33:17+00:00","twitter_card":"summary_large_image","twitter_misc":{"Est. tempo de leitura":"2 minutos"},"schema":{"@context":"https:\/\/schema.org","@graph":[{"@type":"WebPage","@id":"https:\/\/previnorte.com.br\/site2\/emprestimo-pessoal-pos-fixado\/","url":"https:\/\/previnorte.com.br\/site2\/emprestimo-pessoal-pos-fixado\/","name":"Empr\u00e9stimo Pessoal - Previnorte","isPartOf":{"@id":"https:\/\/previnorte.com.br\/site2\/#website"},"datePublished":"2020-12-30T22:41:30+00:00","dateModified":"2025-12-26T12:33:17+00:00","breadcrumb":{"@id":"https:\/\/previnorte.com.br\/site2\/emprestimo-pessoal-pos-fixado\/#breadcrumb"},"inLanguage":"pt-BR","potentialAction":[{"@type":"ReadAction","target":["https:\/\/previnorte.com.br\/site2\/emprestimo-pessoal-pos-fixado\/"]}]},{"@type":"BreadcrumbList","@id":"https:\/\/previnorte.com.br\/site2\/emprestimo-pessoal-pos-fixado\/#breadcrumb","itemListElement":[{"@type":"ListItem","position":1,"name":"In\u00edcio","item":"https:\/\/previnorte.com.br\/site2\/"},{"@type":"ListItem","position":2,"name":"Empr\u00e9stimo Pessoal"}]},{"@type":"WebSite","@id":"https:\/\/previnorte.com.br\/site2\/#website","url":"https:\/\/previnorte.com.br\/site2\/","name":"Previnorte","description":"Uma entidade fechada de previd\u00eancia complementar,  sem fins lucrativos.","potentialAction":[{"@type":"SearchAction","target":{"@type":"EntryPoint","urlTemplate":"https:\/\/previnorte.com.br\/site2\/?s={search_term_string}"},"query-input":{"@type":"PropertyValueSpecification","valueRequired":true,"valueName":"search_term_string"}}],"inLanguage":"pt-BR"}]}},"_links":{"self":[{"href":"https:\/\/previnorte.com.br\/site2\/wp-json\/wp\/v2\/pages\/107","targetHints":{"allow":["GET"]}}],"collection":[{"href":"https:\/\/previnorte.com.br\/site2\/wp-json\/wp\/v2\/pages"}],"about":[{"href":"https:\/\/previnorte.com.br\/site2\/wp-json\/wp\/v2\/types\/page"}],"author":[{"embeddable":true,"href":"https:\/\/previnorte.com.br\/site2\/wp-json\/wp\/v2\/users\/2"}],"replies":[{"embeddable":true,"href":"https:\/\/previnorte.com.br\/site2\/wp-json\/wp\/v2\/comments?post=107"}],"version-history":[{"count":64,"href":"https:\/\/previnorte.com.br\/site2\/wp-json\/wp\/v2\/pages\/107\/revisions"}],"predecessor-version":[{"id":19370,"href":"https:\/\/previnorte.com.br\/site2\/wp-json\/wp\/v2\/pages\/107\/revisions\/19370"}],"wp:attachment":[{"href":"https:\/\/previnorte.com.br\/site2\/wp-json\/wp\/v2\/media?parent=107"}],"curies":[{"name":"wp","href":"https:\/\/api.w.org\/{rel}","templated":true}]}}