{"id":10744,"date":"2024-04-03T10:45:21","date_gmt":"2024-04-03T13:45:21","guid":{"rendered":"https:\/\/previnorte.com.br\/site2\/?page_id=10744"},"modified":"2024-06-10T17:15:32","modified_gmt":"2024-06-10T20:15:32","slug":"nossa-governanca-conheca-o-papel-da-diretoria-executiva","status":"publish","type":"page","link":"https:\/\/previnorte.com.br\/site2\/nossa-governanca-conheca-o-papel-da-diretoria-executiva\/","title":{"rendered":"Nossa Governan\u00e7a: Conhe\u00e7a o papel da Diretoria Executiva"},"content":{"rendered":"\n<p class=\"has-medium-font-size\">Nesta edi\u00e7\u00e3o da s\u00e9rie &#8220;Nossa Governan\u00e7a&#8221; apresentamos a <strong>Diretoria Executiva<\/strong> que, juntamente com Conselho Deliberativo e com o Conselho Fiscal, formam a tr\u00edade estatut\u00e1ria de alta administra\u00e7\u00e3o da Previnorte.<\/p>\n\n\n\n<p class=\"has-medium-font-size\">Como o pr\u00f3prio nome sugere, a Diretoria Executiva da Previnorte \u00e9 o principal \u00f3rg\u00e3o executivo e de administra\u00e7\u00e3o geral da Funda\u00e7\u00e3o, respons\u00e1vel por cumprir e fazer cumprir as normas legais e infralegais, estatut\u00e1rias e regulamentares, bem como fazer executar as diretrizes definidas pelo Conselho Deliberativo.&nbsp;<\/p>\n\n\n<div class=\"wp-block-image\">\n<figure class=\"aligncenter size-full is-resized\"><img loading=\"lazy\" decoding=\"async\" src=\"https:\/\/previnorte.com.br\/site2\/wp-content\/uploads\/2024\/04\/Integracao-orgaos-estatutarios.jpg\" alt=\"\" class=\"wp-image-10750\" width=\"373\" height=\"458\" srcset=\"https:\/\/previnorte.com.br\/site2\/wp-content\/uploads\/2024\/04\/Integracao-orgaos-estatutarios.jpg 549w, https:\/\/previnorte.com.br\/site2\/wp-content\/uploads\/2024\/04\/Integracao-orgaos-estatutarios-407x500.jpg 407w\" sizes=\"auto, (max-width: 373px) 100vw, 373px\" \/><\/figure><\/div>\n\n\n<p class=\"has-medium-font-size\">Como cada \u00f3rg\u00e3o possui atribui\u00e7\u00f5es espec\u00edficas, que n\u00e3o se conflitam e s\u00e3o complementares entre si, a Diretoria Executiva est\u00e1 em constante integra\u00e7\u00e3o com os conselhos Deliberativo e Fiscal, para alcan\u00e7arem o objetivo maior da entidade que \u00e9 a administra\u00e7\u00e3o de planos de benef\u00edcios com toda compet\u00eancia e seguran\u00e7a poss\u00edvel, proporcionando tranquilidade na administra\u00e7\u00e3o dos recursos e na concess\u00e3o dos benef\u00edcios aos participantes.<\/p>\n\n\n\n<p class=\"has-medium-font-size\">Na Previnorte, a Diretoria Executiva \u00e9 composta por tr\u00eas membros, sendo que o Diretor Presidente e o Diretor Financeiro s\u00e3o designados pelo Conselho Deliberativo, ap\u00f3s manifesta\u00e7\u00e3o dos Patrocinadores, e o Diretor de Benef\u00edcios \u00e9 eleito pelos participantes. Todos os membros possuem mandato de 4 (quatro) anos, em per\u00edodos distintos para favorecer a manuten\u00e7\u00e3o das diretrizes e a continuidade das a\u00e7\u00f5es.<\/p>\n\n\n\n<p class=\"has-medium-font-size\">Mesmo se tratando de \u00f3rg\u00e3o colegiado, algumas atribui\u00e7\u00f5es s\u00e3o distintas, veja:<\/p>\n\n\n\n<figure class=\"wp-block-table\"><table><tbody><tr><td class=\"has-text-align-center\" data-align=\"center\"><strong>Presidente<\/strong><\/td><td class=\"has-text-align-center\" data-align=\"center\"><strong>Diretor <br>de Benef\u00edcios<\/strong><\/td><td class=\"has-text-align-center\" data-align=\"center\"><strong>Diretor<br>Financeiro<\/strong><\/td><\/tr><tr><td class=\"has-text-align-center\" data-align=\"center\">\u00c9 respons\u00e1vel pela representa\u00e7\u00e3o externa, o controle, supervis\u00e3o e a avalia\u00e7\u00e3o das atividades gerais da Funda\u00e7\u00e3o.<\/td><td class=\"has-text-align-center\" data-align=\"center\">\u00c9 respons\u00e1vel pelo planejamento e execu\u00e7\u00e3o das atividades previdenciais e pelo acompanhamento e controle do passivo previdencial.<\/td><td class=\"has-text-align-center\" data-align=\"center\">\u00c9 respons\u00e1vel pelo planejamento e execu\u00e7\u00e3o da pol\u00edtica de investimentos, das atividades de contabilidade geral e pelo acompanhamento e controle das atividades dos ativos dos planos de benef\u00edcios administrados pela Previnorte.<\/td><\/tr><\/tbody><\/table><\/figure>\n\n\n\n<p class=\"has-medium-font-size\">As atividades da diretoria tamb\u00e9m s\u00e3o orientadas pelo <a href=\"https:\/\/previnorte.com.br\/site2\/wp-content\/uploads\/2022\/10\/Regimento-Interno-Diretoria-Executiva-Versao-aprovada-CD-06-10-2022.pdf\">Regimento Interno da Diretoria Executiva<\/a> e, assim como os membros dos Conselhos Deliberativo e Fiscal, todos os diretores t\u00eam responsabilidade fiduci\u00e1ria no exerc\u00edcio de suas fun\u00e7\u00f5es. Para tanto, devem ser devidamente habilitados pelo \u00f3rg\u00e3o competente, que \u00e9 a Superintend\u00eancia Nacional de Previd\u00eancia Complementar &#8211; Previc, bem como precisam ser certificados por \u00f3rg\u00e3os competentes, de acordo com os cargos que ocupam.<\/p>\n\n\n\n<p class=\"has-medium-font-size\">Veja a posi\u00e7\u00e3o da diretoria executiva destacada no organograma da Previnorte<\/p>\n\n\n<div class=\"wp-block-image\">\n<figure class=\"aligncenter size-full is-resized\"><img loading=\"lazy\" decoding=\"async\" src=\"https:\/\/previnorte.com.br\/site2\/wp-content\/uploads\/2024\/06\/DEX.jpg\" alt=\"\" class=\"wp-image-11602\" width=\"507\" height=\"445\" srcset=\"https:\/\/previnorte.com.br\/site2\/wp-content\/uploads\/2024\/06\/DEX.jpg 719w, https:\/\/previnorte.com.br\/site2\/wp-content\/uploads\/2024\/06\/DEX-500x439.jpg 500w\" sizes=\"auto, (max-width: 507px) 100vw, 507px\" \/><figcaption class=\"wp-element-caption\"><strong><a href=\"https:\/\/previnorte.com.br\/site2\/wp-content\/uploads\/2023\/07\/Organograma-2023-atualizado-julho-23.pdf\">Clique aqui<\/a> para ver o organograma completo<\/strong><\/figcaption><\/figure><\/div>\n\n\n<p class=\"has-medium-font-size\">Voc\u00ea tamb\u00e9m pode conferir detalhadamente todos os requisitos para o exerc\u00edcio do cargo de membro da Diretoria Executiva da Previnorte, bem como as atribui\u00e7\u00f5es destes membros no <a href=\"https:\/\/previnorte.com.br\/site2\/wp-content\/uploads\/2020\/12\/Estatuto-Previnorte-Aprovacao-Previc-Portaria-827-18-09-2019.pdf\">Estatuto<\/a> da Funda\u00e7\u00e3o. <\/p>\n","protected":false},"excerpt":{"rendered":"<p>Nesta edi\u00e7\u00e3o da s\u00e9rie &#8220;Nossa Governan\u00e7a&#8221; apresentamos a Diretoria Executiva que, juntamente com Conselho Deliberativo e com o Conselho Fiscal, formam a tr\u00edade estatut\u00e1ria de alta administra\u00e7\u00e3o da Previnorte. Como o pr\u00f3prio nome sugere, a Diretoria Executiva da Previnorte \u00e9 o principal \u00f3rg\u00e3o executivo e de administra\u00e7\u00e3o geral da Funda\u00e7\u00e3o, respons\u00e1vel por cumprir e fazer [&hellip;]<\/p>\n","protected":false},"author":6,"featured_media":0,"parent":0,"menu_order":0,"comment_status":"closed","ping_status":"closed","template":"","meta":{"_acf_changed":false,"om_disable_all_campaigns":false,"_monsterinsights_skip_tracking":false,"_monsterinsights_sitenote_active":false,"_monsterinsights_sitenote_note":"","_monsterinsights_sitenote_category":0,"_uf_show_specific_survey":0,"_uf_disable_surveys":false,"footnotes":""},"class_list":["post-10744","page","type-page","status-publish","hentry"],"acf":[],"aioseo_notices":[],"yoast_head":"<!-- This site is optimized with the Yoast SEO plugin v26.2 - https:\/\/yoast.com\/wordpress\/plugins\/seo\/ -->\r\n<title>Nossa Governan\u00e7a: Conhe\u00e7a o papel da Diretoria Executiva - Previnorte<\/title>\r\n<meta name=\"robots\" content=\"index, follow, max-snippet:-1, max-image-preview:large, max-video-preview:-1\" \/>\r\n<link rel=\"canonical\" href=\"https:\/\/previnorte.com.br\/site2\/nossa-governanca-conheca-o-papel-da-diretoria-executiva\/\" \/>\r\n<meta property=\"og:locale\" content=\"pt_BR\" \/>\r\n<meta property=\"og:type\" content=\"article\" \/>\r\n<meta property=\"og:title\" content=\"Nossa Governan\u00e7a: Conhe\u00e7a o papel da Diretoria Executiva - Previnorte\" \/>\r\n<meta property=\"og:description\" content=\"Nesta edi\u00e7\u00e3o da s\u00e9rie &#8220;Nossa Governan\u00e7a&#8221; apresentamos a Diretoria Executiva que, juntamente com Conselho Deliberativo e com o Conselho Fiscal, formam a tr\u00edade estatut\u00e1ria de alta administra\u00e7\u00e3o da Previnorte. Como o pr\u00f3prio nome sugere, a Diretoria Executiva da Previnorte \u00e9 o principal \u00f3rg\u00e3o executivo e de administra\u00e7\u00e3o geral da Funda\u00e7\u00e3o, respons\u00e1vel por cumprir e fazer [&hellip;]\" \/>\r\n<meta property=\"og:url\" content=\"https:\/\/previnorte.com.br\/site2\/nossa-governanca-conheca-o-papel-da-diretoria-executiva\/\" \/>\r\n<meta property=\"og:site_name\" content=\"Previnorte\" \/>\r\n<meta property=\"article:modified_time\" content=\"2024-06-10T20:15:32+00:00\" \/>\r\n<meta property=\"og:image\" content=\"https:\/\/previnorte.com.br\/site2\/wp-content\/uploads\/2024\/04\/Integracao-orgaos-estatutarios.jpg\" \/>\r\n<meta name=\"twitter:card\" content=\"summary_large_image\" \/>\r\n<meta name=\"twitter:label1\" content=\"Est. tempo de leitura\" \/>\n\t<meta name=\"twitter:data1\" content=\"3 minutos\" \/>\r\n<script type=\"application\/ld+json\" class=\"yoast-schema-graph\">{\"@context\":\"https:\/\/schema.org\",\"@graph\":[{\"@type\":\"WebPage\",\"@id\":\"https:\/\/previnorte.com.br\/site2\/nossa-governanca-conheca-o-papel-da-diretoria-executiva\/\",\"url\":\"https:\/\/previnorte.com.br\/site2\/nossa-governanca-conheca-o-papel-da-diretoria-executiva\/\",\"name\":\"Nossa Governan\u00e7a: Conhe\u00e7a o papel da Diretoria Executiva - Previnorte\",\"isPartOf\":{\"@id\":\"https:\/\/previnorte.com.br\/site2\/#website\"},\"primaryImageOfPage\":{\"@id\":\"https:\/\/previnorte.com.br\/site2\/nossa-governanca-conheca-o-papel-da-diretoria-executiva\/#primaryimage\"},\"image\":{\"@id\":\"https:\/\/previnorte.com.br\/site2\/nossa-governanca-conheca-o-papel-da-diretoria-executiva\/#primaryimage\"},\"thumbnailUrl\":\"https:\/\/previnorte.com.br\/site2\/wp-content\/uploads\/2024\/04\/Integracao-orgaos-estatutarios.jpg\",\"datePublished\":\"2024-04-03T13:45:21+00:00\",\"dateModified\":\"2024-06-10T20:15:32+00:00\",\"breadcrumb\":{\"@id\":\"https:\/\/previnorte.com.br\/site2\/nossa-governanca-conheca-o-papel-da-diretoria-executiva\/#breadcrumb\"},\"inLanguage\":\"pt-BR\",\"potentialAction\":[{\"@type\":\"ReadAction\",\"target\":[\"https:\/\/previnorte.com.br\/site2\/nossa-governanca-conheca-o-papel-da-diretoria-executiva\/\"]}]},{\"@type\":\"ImageObject\",\"inLanguage\":\"pt-BR\",\"@id\":\"https:\/\/previnorte.com.br\/site2\/nossa-governanca-conheca-o-papel-da-diretoria-executiva\/#primaryimage\",\"url\":\"https:\/\/previnorte.com.br\/site2\/wp-content\/uploads\/2024\/04\/Integracao-orgaos-estatutarios.jpg\",\"contentUrl\":\"https:\/\/previnorte.com.br\/site2\/wp-content\/uploads\/2024\/04\/Integracao-orgaos-estatutarios.jpg\",\"width\":549,\"height\":674},{\"@type\":\"BreadcrumbList\",\"@id\":\"https:\/\/previnorte.com.br\/site2\/nossa-governanca-conheca-o-papel-da-diretoria-executiva\/#breadcrumb\",\"itemListElement\":[{\"@type\":\"ListItem\",\"position\":1,\"name\":\"In\u00edcio\",\"item\":\"https:\/\/previnorte.com.br\/site2\/\"},{\"@type\":\"ListItem\",\"position\":2,\"name\":\"Nossa Governan\u00e7a: Conhe\u00e7a o papel da Diretoria Executiva\"}]},{\"@type\":\"WebSite\",\"@id\":\"https:\/\/previnorte.com.br\/site2\/#website\",\"url\":\"https:\/\/previnorte.com.br\/site2\/\",\"name\":\"Previnorte\",\"description\":\"Uma entidade fechada de previd\u00eancia complementar,  sem fins lucrativos.\",\"potentialAction\":[{\"@type\":\"SearchAction\",\"target\":{\"@type\":\"EntryPoint\",\"urlTemplate\":\"https:\/\/previnorte.com.br\/site2\/?s={search_term_string}\"},\"query-input\":{\"@type\":\"PropertyValueSpecification\",\"valueRequired\":true,\"valueName\":\"search_term_string\"}}],\"inLanguage\":\"pt-BR\"}]}<\/script>\r\n<!-- \/ Yoast SEO plugin. -->","yoast_head_json":{"title":"Nossa Governan\u00e7a: Conhe\u00e7a o papel da Diretoria Executiva - Previnorte","robots":{"index":"index","follow":"follow","max-snippet":"max-snippet:-1","max-image-preview":"max-image-preview:large","max-video-preview":"max-video-preview:-1"},"canonical":"https:\/\/previnorte.com.br\/site2\/nossa-governanca-conheca-o-papel-da-diretoria-executiva\/","og_locale":"pt_BR","og_type":"article","og_title":"Nossa Governan\u00e7a: Conhe\u00e7a o papel da Diretoria Executiva - Previnorte","og_description":"Nesta edi\u00e7\u00e3o da s\u00e9rie &#8220;Nossa Governan\u00e7a&#8221; apresentamos a Diretoria Executiva que, juntamente com Conselho Deliberativo e com o Conselho Fiscal, formam a tr\u00edade estatut\u00e1ria de alta administra\u00e7\u00e3o da Previnorte. Como o pr\u00f3prio nome sugere, a Diretoria Executiva da Previnorte \u00e9 o principal \u00f3rg\u00e3o executivo e de administra\u00e7\u00e3o geral da Funda\u00e7\u00e3o, respons\u00e1vel por cumprir e fazer [&hellip;]","og_url":"https:\/\/previnorte.com.br\/site2\/nossa-governanca-conheca-o-papel-da-diretoria-executiva\/","og_site_name":"Previnorte","article_modified_time":"2024-06-10T20:15:32+00:00","og_image":[{"url":"https:\/\/previnorte.com.br\/site2\/wp-content\/uploads\/2024\/04\/Integracao-orgaos-estatutarios.jpg","type":"","width":"","height":""}],"twitter_card":"summary_large_image","twitter_misc":{"Est. tempo de leitura":"3 minutos"},"schema":{"@context":"https:\/\/schema.org","@graph":[{"@type":"WebPage","@id":"https:\/\/previnorte.com.br\/site2\/nossa-governanca-conheca-o-papel-da-diretoria-executiva\/","url":"https:\/\/previnorte.com.br\/site2\/nossa-governanca-conheca-o-papel-da-diretoria-executiva\/","name":"Nossa Governan\u00e7a: Conhe\u00e7a o papel da Diretoria Executiva - Previnorte","isPartOf":{"@id":"https:\/\/previnorte.com.br\/site2\/#website"},"primaryImageOfPage":{"@id":"https:\/\/previnorte.com.br\/site2\/nossa-governanca-conheca-o-papel-da-diretoria-executiva\/#primaryimage"},"image":{"@id":"https:\/\/previnorte.com.br\/site2\/nossa-governanca-conheca-o-papel-da-diretoria-executiva\/#primaryimage"},"thumbnailUrl":"https:\/\/previnorte.com.br\/site2\/wp-content\/uploads\/2024\/04\/Integracao-orgaos-estatutarios.jpg","datePublished":"2024-04-03T13:45:21+00:00","dateModified":"2024-06-10T20:15:32+00:00","breadcrumb":{"@id":"https:\/\/previnorte.com.br\/site2\/nossa-governanca-conheca-o-papel-da-diretoria-executiva\/#breadcrumb"},"inLanguage":"pt-BR","potentialAction":[{"@type":"ReadAction","target":["https:\/\/previnorte.com.br\/site2\/nossa-governanca-conheca-o-papel-da-diretoria-executiva\/"]}]},{"@type":"ImageObject","inLanguage":"pt-BR","@id":"https:\/\/previnorte.com.br\/site2\/nossa-governanca-conheca-o-papel-da-diretoria-executiva\/#primaryimage","url":"https:\/\/previnorte.com.br\/site2\/wp-content\/uploads\/2024\/04\/Integracao-orgaos-estatutarios.jpg","contentUrl":"https:\/\/previnorte.com.br\/site2\/wp-content\/uploads\/2024\/04\/Integracao-orgaos-estatutarios.jpg","width":549,"height":674},{"@type":"BreadcrumbList","@id":"https:\/\/previnorte.com.br\/site2\/nossa-governanca-conheca-o-papel-da-diretoria-executiva\/#breadcrumb","itemListElement":[{"@type":"ListItem","position":1,"name":"In\u00edcio","item":"https:\/\/previnorte.com.br\/site2\/"},{"@type":"ListItem","position":2,"name":"Nossa Governan\u00e7a: Conhe\u00e7a o papel da Diretoria Executiva"}]},{"@type":"WebSite","@id":"https:\/\/previnorte.com.br\/site2\/#website","url":"https:\/\/previnorte.com.br\/site2\/","name":"Previnorte","description":"Uma entidade fechada de previd\u00eancia complementar,  sem fins lucrativos.","potentialAction":[{"@type":"SearchAction","target":{"@type":"EntryPoint","urlTemplate":"https:\/\/previnorte.com.br\/site2\/?s={search_term_string}"},"query-input":{"@type":"PropertyValueSpecification","valueRequired":true,"valueName":"search_term_string"}}],"inLanguage":"pt-BR"}]}},"_links":{"self":[{"href":"https:\/\/previnorte.com.br\/site2\/wp-json\/wp\/v2\/pages\/10744","targetHints":{"allow":["GET"]}}],"collection":[{"href":"https:\/\/previnorte.com.br\/site2\/wp-json\/wp\/v2\/pages"}],"about":[{"href":"https:\/\/previnorte.com.br\/site2\/wp-json\/wp\/v2\/types\/page"}],"author":[{"embeddable":true,"href":"https:\/\/previnorte.com.br\/site2\/wp-json\/wp\/v2\/users\/6"}],"replies":[{"embeddable":true,"href":"https:\/\/previnorte.com.br\/site2\/wp-json\/wp\/v2\/comments?post=10744"}],"version-history":[{"count":65,"href":"https:\/\/previnorte.com.br\/site2\/wp-json\/wp\/v2\/pages\/10744\/revisions"}],"predecessor-version":[{"id":11754,"href":"https:\/\/previnorte.com.br\/site2\/wp-json\/wp\/v2\/pages\/10744\/revisions\/11754"}],"wp:attachment":[{"href":"https:\/\/previnorte.com.br\/site2\/wp-json\/wp\/v2\/media?parent=10744"}],"curies":[{"name":"wp","href":"https:\/\/api.w.org\/{rel}","templated":true}]}}