{"id":116,"date":"2020-12-30T20:04:47","date_gmt":"2020-12-30T23:04:47","guid":{"rendered":"http:\/\/previnorte.local\/?page_id=116"},"modified":"2025-12-26T09:42:04","modified_gmt":"2025-12-26T12:42:04","slug":"quitacao","status":"publish","type":"page","link":"https:\/\/previnorte.com.br\/site2\/quitacao\/","title":{"rendered":"Quita\u00e7\u00e3o\/Amortiza\u00e7\u00e3o"},"content":{"rendered":"\n<h2 class=\"wp-block-heading\"><\/h2>\n\n\n\n<p>Voc\u00ea pode realizar a quita\u00e7\u00e3o ou amortiza\u00e7\u00e3o do saldo devedor de seus contratos de empr\u00e9stimo a qualquer momento. Para isso, basta realizar dep\u00f3sito ou transfer\u00eancia banc\u00e1ria para a conta do seu plano de benef\u00edcios, conforme dados abaixo:<\/p>\n\n\n\n<p><\/p>\n\n\n\n<p><\/p>\n\n\n\n<p>.<\/p>\n\n\n\n<div class=\"wp-block-columns is-layout-flex wp-container-core-columns-is-layout-9d6595d7 wp-block-columns-is-layout-flex\">\n<div class=\"wp-block-column is-layout-flow wp-block-column-is-layout-flow\">\n<p class=\"has-text-align-center has-luminous-vivid-amber-background-color has-background has-medium-font-size\"><strong>Benef\u00edcios 01 A <br>Eletrobras Eletronorte<\/strong>*<\/p>\n<\/div>\n\n\n\n<div class=\"wp-block-column is-layout-flow wp-block-column-is-layout-flow\">\n<p class=\"has-text-align-center has-luminous-vivid-amber-background-color has-background has-medium-font-size\"><strong>Benef\u00edcios 02-A<br>Amazonas Energia<\/strong><\/p>\n<\/div>\n\n\n\n<div class=\"wp-block-column is-layout-flow wp-block-column-is-layout-flow\">\n<p class=\"has-text-align-center has-luminous-vivid-amber-background-color has-background has-medium-font-size\"><strong>Benef\u00edcios 03-A<br>Roraima<\/strong> <strong> Energia<\/strong><\/p>\n<\/div>\n<\/div>\n\n\n\n<div class=\"wp-block-columns is-layout-flex wp-container-core-columns-is-layout-9d6595d7 wp-block-columns-is-layout-flex\">\n<div class=\"wp-block-column is-layout-flow wp-block-column-is-layout-flow\">\n<p class=\"has-text-align-center\"><strong>BANCO DO BRASIL<br>Ag\u00eancia: <\/strong>3180-1<br><strong>Conta Corrente:<\/strong> 12484-2<br><strong>CNPJ:<\/strong> 48.306.737\/0001-63<br><strong>Pix:<\/strong> eletronortea@previnorte.com.br<\/p>\n<\/div>\n\n\n\n<div class=\"wp-block-column is-layout-flow wp-block-column-is-layout-flow\">\n<p class=\"has-text-align-center\"><strong>BANCO DO BRASIL<br>Ag\u00eancia:<\/strong> 3180-1<br><strong>Conta Corrente:<\/strong> 12489-3<br><strong>CNPJ:<\/strong> 48.306.976\/0001-13<br><strong>Pix:<\/strong> amazonasa@previnorte.com.br<\/p>\n\n\n\n<p><\/p>\n<\/div>\n\n\n\n<div class=\"wp-block-column is-layout-flow wp-block-column-is-layout-flow\">\n<p class=\"has-text-align-center\"><strong>BANCO DO BRASIL<br>Ag\u00eancia<\/strong>: 3180-1<br><strong>Conta Corrente: <\/strong>12490-7<br><strong>CNPJ:<\/strong> 48.306.975\/0001-79<br><strong>Pix:<\/strong> roraimaa@previnorte.com.br<br><\/p>\n<\/div>\n<\/div>\n\n\n\n<p>.<\/p>\n\n\n\n<p><\/p>\n\n\n\n<div class=\"wp-block-columns is-layout-flex wp-container-core-columns-is-layout-9d6595d7 wp-block-columns-is-layout-flex\">\n<div class=\"wp-block-column is-layout-flow wp-block-column-is-layout-flow\">\n<p class=\"has-text-align-center has-luminous-vivid-amber-background-color has-background has-medium-font-size\"><strong>Plano de Benef\u00edcios 01 B<\/strong><br><strong>Eletrobras Eletronorte*<\/strong><\/p>\n\n\n\n<div class=\"wp-block-columns is-layout-flex wp-container-core-columns-is-layout-9d6595d7 wp-block-columns-is-layout-flex\">\n<div class=\"wp-block-column is-layout-flow wp-block-column-is-layout-flow\">\n<p class=\"has-text-align-center\" style=\"font-size:16px\"><strong>BANCO DO BRASIL<br>Ag\u00eancia: <\/strong>3180-1 <br><strong>Conta Corrente:<\/strong> 12487-7 <br><strong>CNPJ:<\/strong> 48.307.054\/0001-20 <br><strong>PIX: <\/strong>eletronorteb@previnorte.com.br<\/p>\n<\/div>\n<\/div>\n<\/div>\n\n\n\n<div class=\"wp-block-column has-small-font-size is-layout-flow wp-block-column-is-layout-flow\">\n<p class=\"has-text-align-center has-luminous-vivid-amber-background-color has-background has-medium-font-size\"><strong>Plano de Benef\u00edcios 02 B<\/strong><br><strong>Amazonas Energia<\/strong><\/p>\n\n\n\n<div class=\"wp-block-columns is-layout-flex wp-container-core-columns-is-layout-9d6595d7 wp-block-columns-is-layout-flex\">\n<div class=\"wp-block-column is-layout-flow wp-block-column-is-layout-flow\">\n<p class=\"has-text-align-center\" style=\"font-size:16px\"><strong>BANCO DO BRASIL <br>Ag\u00eancia:<\/strong> 3180-1 <br><strong>Conta Corrente: <\/strong>12485-0 <br><strong>CNPJ:<\/strong> 48.307.053\/0001-86 <br><strong>PIX: <\/strong>amazonasb@previnorte.com.br<\/p>\n<\/div>\n<\/div>\n<\/div>\n\n\n\n<div class=\"wp-block-column is-layout-flow wp-block-column-is-layout-flow\">\n<p class=\"has-text-align-center has-luminous-vivid-amber-background-color has-background has-medium-font-size\"><strong>Plano de Benef\u00edcios 03 B<\/strong><br><strong>Roraima Energia<\/strong><\/p>\n\n\n\n<div class=\"wp-block-columns is-layout-flex wp-container-core-columns-is-layout-9d6595d7 wp-block-columns-is-layout-flex\">\n<div class=\"wp-block-column is-layout-flow wp-block-column-is-layout-flow\">\n<p class=\"has-text-align-center\" style=\"font-size:16px\"><strong>BANCO DO BRASIL <br>Ag\u00eancia:<\/strong> 3180-1 <br><strong>Conta Corrente: <\/strong>12486-9 <br><strong>CNPJ: <\/strong>48.307.055\/0001-75 <br><strong>PIX: <\/strong>roraimab@previnorte.com.br<\/p>\n<\/div>\n<\/div>\n<\/div>\n<\/div>\n\n\n\n<p class=\"has-text-align-center\" style=\"font-size:16px\">*Aten\u00e7\u00e3o: Caso voc\u00ea seja participante oriundo(a) da Amazonas GT, incorporada \u00e0 Eletrobras Eletronorte, utilize a conta do patrocinador Amazonas Energia.<\/p>\n\n\n\n<p><\/p>\n\n\n\n<p><strong>Ap\u00f3s realiza\u00e7\u00e3o do cr\u00e9dito, voc\u00ea deve encaminhar c\u00f3pia do comprovante para o e-mail <a href=\"mailto:relacionamento@previnorte.com.br\" target=\"_blank\" rel=\"noreferrer noopener\">relacionamento@previnorte.com.br<\/a>.<\/strong><\/p>\n\n\n\n<p>Caso utilize APP ou Site do Banco do Brasil, utilize a op\u00e7\u00e3o Transfer\u00eancias &gt;&gt; Dep\u00f3sito Identificado. O identificador \u00e9 o seu n\u00famero de CPF.<\/p>\n\n\n\n<p>Em caso de d\u00favidas, entre em contato pelo e-mail <a href=\"mailto:relacionamento@previnorte.com.br\">relacionamento@previnorte.com.br.<\/a><\/p>\n\n\n\n<p><\/p>\n","protected":false},"excerpt":{"rendered":"<p>Voc\u00ea pode realizar a quita\u00e7\u00e3o ou amortiza\u00e7\u00e3o do saldo devedor de seus contratos de empr\u00e9stimo a qualquer momento. Para isso, basta realizar dep\u00f3sito ou transfer\u00eancia banc\u00e1ria para a conta do seu plano de benef\u00edcios, conforme dados abaixo: . Benef\u00edcios 01 A Eletrobras Eletronorte* Benef\u00edcios 02-AAmazonas Energia Benef\u00edcios 03-ARoraima Energia BANCO DO BRASILAg\u00eancia: 3180-1Conta Corrente: 12484-2CNPJ: [&hellip;]<\/p>\n","protected":false},"author":2,"featured_media":0,"parent":0,"menu_order":0,"comment_status":"closed","ping_status":"closed","template":"","meta":{"_acf_changed":false,"om_disable_all_campaigns":false,"_monsterinsights_skip_tracking":false,"_monsterinsights_sitenote_active":false,"_monsterinsights_sitenote_note":"","_monsterinsights_sitenote_category":0,"_uf_show_specific_survey":0,"_uf_disable_surveys":false,"footnotes":""},"class_list":["post-116","page","type-page","status-publish","hentry"],"acf":[],"aioseo_notices":[],"yoast_head":"<!-- This site is optimized with the Yoast SEO plugin v26.2 - https:\/\/yoast.com\/wordpress\/plugins\/seo\/ -->\r\n<title>Quita\u00e7\u00e3o\/Amortiza\u00e7\u00e3o - Previnorte<\/title>\r\n<meta name=\"robots\" content=\"index, follow, max-snippet:-1, max-image-preview:large, max-video-preview:-1\" \/>\r\n<link rel=\"canonical\" href=\"https:\/\/previnorte.com.br\/site2\/quitacao\/\" \/>\r\n<meta property=\"og:locale\" content=\"pt_BR\" \/>\r\n<meta property=\"og:type\" content=\"article\" \/>\r\n<meta property=\"og:title\" content=\"Quita\u00e7\u00e3o\/Amortiza\u00e7\u00e3o - Previnorte\" \/>\r\n<meta property=\"og:description\" content=\"Voc\u00ea pode realizar a quita\u00e7\u00e3o ou amortiza\u00e7\u00e3o do saldo devedor de seus contratos de empr\u00e9stimo a qualquer momento. Para isso, basta realizar dep\u00f3sito ou transfer\u00eancia banc\u00e1ria para a conta do seu plano de benef\u00edcios, conforme dados abaixo: . Benef\u00edcios 01 A Eletrobras Eletronorte* Benef\u00edcios 02-AAmazonas Energia Benef\u00edcios 03-ARoraima Energia BANCO DO BRASILAg\u00eancia: 3180-1Conta Corrente: 12484-2CNPJ: [&hellip;]\" \/>\r\n<meta property=\"og:url\" content=\"https:\/\/previnorte.com.br\/site2\/quitacao\/\" \/>\r\n<meta property=\"og:site_name\" content=\"Previnorte\" \/>\r\n<meta property=\"article:modified_time\" content=\"2025-12-26T12:42:04+00:00\" \/>\r\n<meta name=\"twitter:card\" content=\"summary_large_image\" \/>\r\n<meta name=\"twitter:label1\" content=\"Est. tempo de leitura\" \/>\n\t<meta name=\"twitter:data1\" content=\"2 minutos\" \/>\r\n<script type=\"application\/ld+json\" class=\"yoast-schema-graph\">{\"@context\":\"https:\/\/schema.org\",\"@graph\":[{\"@type\":\"WebPage\",\"@id\":\"https:\/\/previnorte.com.br\/site2\/quitacao\/\",\"url\":\"https:\/\/previnorte.com.br\/site2\/quitacao\/\",\"name\":\"Quita\u00e7\u00e3o\/Amortiza\u00e7\u00e3o - Previnorte\",\"isPartOf\":{\"@id\":\"https:\/\/previnorte.com.br\/site2\/#website\"},\"datePublished\":\"2020-12-30T23:04:47+00:00\",\"dateModified\":\"2025-12-26T12:42:04+00:00\",\"breadcrumb\":{\"@id\":\"https:\/\/previnorte.com.br\/site2\/quitacao\/#breadcrumb\"},\"inLanguage\":\"pt-BR\",\"potentialAction\":[{\"@type\":\"ReadAction\",\"target\":[\"https:\/\/previnorte.com.br\/site2\/quitacao\/\"]}]},{\"@type\":\"BreadcrumbList\",\"@id\":\"https:\/\/previnorte.com.br\/site2\/quitacao\/#breadcrumb\",\"itemListElement\":[{\"@type\":\"ListItem\",\"position\":1,\"name\":\"In\u00edcio\",\"item\":\"https:\/\/previnorte.com.br\/site2\/\"},{\"@type\":\"ListItem\",\"position\":2,\"name\":\"Quita\u00e7\u00e3o\/Amortiza\u00e7\u00e3o\"}]},{\"@type\":\"WebSite\",\"@id\":\"https:\/\/previnorte.com.br\/site2\/#website\",\"url\":\"https:\/\/previnorte.com.br\/site2\/\",\"name\":\"Previnorte\",\"description\":\"Uma entidade fechada de previd\u00eancia complementar,  sem fins lucrativos.\",\"potentialAction\":[{\"@type\":\"SearchAction\",\"target\":{\"@type\":\"EntryPoint\",\"urlTemplate\":\"https:\/\/previnorte.com.br\/site2\/?s={search_term_string}\"},\"query-input\":{\"@type\":\"PropertyValueSpecification\",\"valueRequired\":true,\"valueName\":\"search_term_string\"}}],\"inLanguage\":\"pt-BR\"}]}<\/script>\r\n<!-- \/ Yoast SEO plugin. -->","yoast_head_json":{"title":"Quita\u00e7\u00e3o\/Amortiza\u00e7\u00e3o - Previnorte","robots":{"index":"index","follow":"follow","max-snippet":"max-snippet:-1","max-image-preview":"max-image-preview:large","max-video-preview":"max-video-preview:-1"},"canonical":"https:\/\/previnorte.com.br\/site2\/quitacao\/","og_locale":"pt_BR","og_type":"article","og_title":"Quita\u00e7\u00e3o\/Amortiza\u00e7\u00e3o - Previnorte","og_description":"Voc\u00ea pode realizar a quita\u00e7\u00e3o ou amortiza\u00e7\u00e3o do saldo devedor de seus contratos de empr\u00e9stimo a qualquer momento. Para isso, basta realizar dep\u00f3sito ou transfer\u00eancia banc\u00e1ria para a conta do seu plano de benef\u00edcios, conforme dados abaixo: . Benef\u00edcios 01 A Eletrobras Eletronorte* Benef\u00edcios 02-AAmazonas Energia Benef\u00edcios 03-ARoraima Energia BANCO DO BRASILAg\u00eancia: 3180-1Conta Corrente: 12484-2CNPJ: [&hellip;]","og_url":"https:\/\/previnorte.com.br\/site2\/quitacao\/","og_site_name":"Previnorte","article_modified_time":"2025-12-26T12:42:04+00:00","twitter_card":"summary_large_image","twitter_misc":{"Est. tempo de leitura":"2 minutos"},"schema":{"@context":"https:\/\/schema.org","@graph":[{"@type":"WebPage","@id":"https:\/\/previnorte.com.br\/site2\/quitacao\/","url":"https:\/\/previnorte.com.br\/site2\/quitacao\/","name":"Quita\u00e7\u00e3o\/Amortiza\u00e7\u00e3o - Previnorte","isPartOf":{"@id":"https:\/\/previnorte.com.br\/site2\/#website"},"datePublished":"2020-12-30T23:04:47+00:00","dateModified":"2025-12-26T12:42:04+00:00","breadcrumb":{"@id":"https:\/\/previnorte.com.br\/site2\/quitacao\/#breadcrumb"},"inLanguage":"pt-BR","potentialAction":[{"@type":"ReadAction","target":["https:\/\/previnorte.com.br\/site2\/quitacao\/"]}]},{"@type":"BreadcrumbList","@id":"https:\/\/previnorte.com.br\/site2\/quitacao\/#breadcrumb","itemListElement":[{"@type":"ListItem","position":1,"name":"In\u00edcio","item":"https:\/\/previnorte.com.br\/site2\/"},{"@type":"ListItem","position":2,"name":"Quita\u00e7\u00e3o\/Amortiza\u00e7\u00e3o"}]},{"@type":"WebSite","@id":"https:\/\/previnorte.com.br\/site2\/#website","url":"https:\/\/previnorte.com.br\/site2\/","name":"Previnorte","description":"Uma entidade fechada de previd\u00eancia complementar,  sem fins lucrativos.","potentialAction":[{"@type":"SearchAction","target":{"@type":"EntryPoint","urlTemplate":"https:\/\/previnorte.com.br\/site2\/?s={search_term_string}"},"query-input":{"@type":"PropertyValueSpecification","valueRequired":true,"valueName":"search_term_string"}}],"inLanguage":"pt-BR"}]}},"_links":{"self":[{"href":"https:\/\/previnorte.com.br\/site2\/wp-json\/wp\/v2\/pages\/116","targetHints":{"allow":["GET"]}}],"collection":[{"href":"https:\/\/previnorte.com.br\/site2\/wp-json\/wp\/v2\/pages"}],"about":[{"href":"https:\/\/previnorte.com.br\/site2\/wp-json\/wp\/v2\/types\/page"}],"author":[{"embeddable":true,"href":"https:\/\/previnorte.com.br\/site2\/wp-json\/wp\/v2\/users\/2"}],"replies":[{"embeddable":true,"href":"https:\/\/previnorte.com.br\/site2\/wp-json\/wp\/v2\/comments?post=116"}],"version-history":[{"count":41,"href":"https:\/\/previnorte.com.br\/site2\/wp-json\/wp\/v2\/pages\/116\/revisions"}],"predecessor-version":[{"id":19342,"href":"https:\/\/previnorte.com.br\/site2\/wp-json\/wp\/v2\/pages\/116\/revisions\/19342"}],"wp:attachment":[{"href":"https:\/\/previnorte.com.br\/site2\/wp-json\/wp\/v2\/media?parent=116"}],"curies":[{"name":"wp","href":"https:\/\/api.w.org\/{rel}","templated":true}]}}