{"id":118,"date":"2020-12-30T20:08:25","date_gmt":"2020-12-30T23:08:25","guid":{"rendered":"http:\/\/previnorte.local\/?page_id=118"},"modified":"2025-12-26T09:47:35","modified_gmt":"2025-12-26T12:47:35","slug":"contato","status":"publish","type":"page","link":"https:\/\/previnorte.com.br\/site2\/contato\/","title":{"rendered":"Fale Conosco"},"content":{"rendered":"\n<p><strong>Preencha os campos ao lado e envie sua d\u00favida, reclama\u00e7\u00e3o, cr\u00edtica, sugest\u00e3o ou elogio. <br><\/strong><\/p>\n\n\n\n<p>Al\u00e9m das informa\u00e7\u00f5es dispon\u00edveis no nosso site e dos servi\u00e7os oferecidos no nosso autoatendimento, a Previnorte possui uma equipe de relacionamento\u00a0que est\u00e1 pronta para atender \u00e0s diversas demandas dos participantes ativos, aposentados e pensionistas.<\/p>\n","protected":false},"excerpt":{"rendered":"<p>Preencha os campos ao lado e envie sua d\u00favida, reclama\u00e7\u00e3o, cr\u00edtica, sugest\u00e3o ou elogio. Al\u00e9m das informa\u00e7\u00f5es dispon\u00edveis no nosso site e dos servi\u00e7os oferecidos no nosso autoatendimento, a Previnorte possui uma equipe de relacionamento\u00a0que est\u00e1 pronta para atender \u00e0s diversas demandas dos participantes ativos, aposentados e pensionistas.<\/p>\n","protected":false},"author":2,"featured_media":0,"parent":0,"menu_order":0,"comment_status":"closed","ping_status":"closed","template":"page-contact.php","meta":{"_acf_changed":false,"om_disable_all_campaigns":false,"_monsterinsights_skip_tracking":false,"_monsterinsights_sitenote_active":false,"_monsterinsights_sitenote_note":"","_monsterinsights_sitenote_category":0,"_uf_show_specific_survey":0,"_uf_disable_surveys":false,"footnotes":""},"class_list":["post-118","page","type-page","status-publish","hentry"],"acf":[],"aioseo_notices":[],"yoast_head":"<!-- This site is optimized with the Yoast SEO plugin v26.2 - https:\/\/yoast.com\/wordpress\/plugins\/seo\/ -->\r\n<title>Fale Conosco - Previnorte<\/title>\r\n<meta name=\"robots\" content=\"index, follow, max-snippet:-1, max-image-preview:large, max-video-preview:-1\" \/>\r\n<link rel=\"canonical\" href=\"https:\/\/previnorte.com.br\/site2\/contato\/\" \/>\r\n<meta property=\"og:locale\" content=\"pt_BR\" \/>\r\n<meta property=\"og:type\" content=\"article\" \/>\r\n<meta property=\"og:title\" content=\"Fale Conosco - Previnorte\" \/>\r\n<meta property=\"og:description\" content=\"Preencha os campos ao lado e envie sua d\u00favida, reclama\u00e7\u00e3o, cr\u00edtica, sugest\u00e3o ou elogio. Al\u00e9m das informa\u00e7\u00f5es dispon\u00edveis no nosso site e dos servi\u00e7os oferecidos no nosso autoatendimento, a Previnorte possui uma equipe de relacionamento\u00a0que est\u00e1 pronta para atender \u00e0s diversas demandas dos participantes ativos, aposentados e pensionistas.\" \/>\r\n<meta property=\"og:url\" content=\"https:\/\/previnorte.com.br\/site2\/contato\/\" \/>\r\n<meta property=\"og:site_name\" content=\"Previnorte\" \/>\r\n<meta property=\"article:modified_time\" content=\"2025-12-26T12:47:35+00:00\" \/>\r\n<meta name=\"twitter:card\" content=\"summary_large_image\" \/>\r\n<meta name=\"twitter:label1\" content=\"Est. tempo de leitura\" \/>\n\t<meta name=\"twitter:data1\" content=\"1 minuto\" \/>\r\n<script type=\"application\/ld+json\" class=\"yoast-schema-graph\">{\"@context\":\"https:\/\/schema.org\",\"@graph\":[{\"@type\":\"WebPage\",\"@id\":\"https:\/\/previnorte.com.br\/site2\/contato\/\",\"url\":\"https:\/\/previnorte.com.br\/site2\/contato\/\",\"name\":\"Fale Conosco - Previnorte\",\"isPartOf\":{\"@id\":\"https:\/\/previnorte.com.br\/site2\/#website\"},\"datePublished\":\"2020-12-30T23:08:25+00:00\",\"dateModified\":\"2025-12-26T12:47:35+00:00\",\"breadcrumb\":{\"@id\":\"https:\/\/previnorte.com.br\/site2\/contato\/#breadcrumb\"},\"inLanguage\":\"pt-BR\",\"potentialAction\":[{\"@type\":\"ReadAction\",\"target\":[\"https:\/\/previnorte.com.br\/site2\/contato\/\"]}]},{\"@type\":\"BreadcrumbList\",\"@id\":\"https:\/\/previnorte.com.br\/site2\/contato\/#breadcrumb\",\"itemListElement\":[{\"@type\":\"ListItem\",\"position\":1,\"name\":\"In\u00edcio\",\"item\":\"https:\/\/previnorte.com.br\/site2\/\"},{\"@type\":\"ListItem\",\"position\":2,\"name\":\"Fale Conosco\"}]},{\"@type\":\"WebSite\",\"@id\":\"https:\/\/previnorte.com.br\/site2\/#website\",\"url\":\"https:\/\/previnorte.com.br\/site2\/\",\"name\":\"Previnorte\",\"description\":\"Uma entidade fechada de previd\u00eancia complementar,  sem fins lucrativos.\",\"potentialAction\":[{\"@type\":\"SearchAction\",\"target\":{\"@type\":\"EntryPoint\",\"urlTemplate\":\"https:\/\/previnorte.com.br\/site2\/?s={search_term_string}\"},\"query-input\":{\"@type\":\"PropertyValueSpecification\",\"valueRequired\":true,\"valueName\":\"search_term_string\"}}],\"inLanguage\":\"pt-BR\"}]}<\/script>\r\n<!-- \/ Yoast SEO plugin. -->","yoast_head_json":{"title":"Fale Conosco - Previnorte","robots":{"index":"index","follow":"follow","max-snippet":"max-snippet:-1","max-image-preview":"max-image-preview:large","max-video-preview":"max-video-preview:-1"},"canonical":"https:\/\/previnorte.com.br\/site2\/contato\/","og_locale":"pt_BR","og_type":"article","og_title":"Fale Conosco - Previnorte","og_description":"Preencha os campos ao lado e envie sua d\u00favida, reclama\u00e7\u00e3o, cr\u00edtica, sugest\u00e3o ou elogio. Al\u00e9m das informa\u00e7\u00f5es dispon\u00edveis no nosso site e dos servi\u00e7os oferecidos no nosso autoatendimento, a Previnorte possui uma equipe de relacionamento\u00a0que est\u00e1 pronta para atender \u00e0s diversas demandas dos participantes ativos, aposentados e pensionistas.","og_url":"https:\/\/previnorte.com.br\/site2\/contato\/","og_site_name":"Previnorte","article_modified_time":"2025-12-26T12:47:35+00:00","twitter_card":"summary_large_image","twitter_misc":{"Est. tempo de leitura":"1 minuto"},"schema":{"@context":"https:\/\/schema.org","@graph":[{"@type":"WebPage","@id":"https:\/\/previnorte.com.br\/site2\/contato\/","url":"https:\/\/previnorte.com.br\/site2\/contato\/","name":"Fale Conosco - Previnorte","isPartOf":{"@id":"https:\/\/previnorte.com.br\/site2\/#website"},"datePublished":"2020-12-30T23:08:25+00:00","dateModified":"2025-12-26T12:47:35+00:00","breadcrumb":{"@id":"https:\/\/previnorte.com.br\/site2\/contato\/#breadcrumb"},"inLanguage":"pt-BR","potentialAction":[{"@type":"ReadAction","target":["https:\/\/previnorte.com.br\/site2\/contato\/"]}]},{"@type":"BreadcrumbList","@id":"https:\/\/previnorte.com.br\/site2\/contato\/#breadcrumb","itemListElement":[{"@type":"ListItem","position":1,"name":"In\u00edcio","item":"https:\/\/previnorte.com.br\/site2\/"},{"@type":"ListItem","position":2,"name":"Fale Conosco"}]},{"@type":"WebSite","@id":"https:\/\/previnorte.com.br\/site2\/#website","url":"https:\/\/previnorte.com.br\/site2\/","name":"Previnorte","description":"Uma entidade fechada de previd\u00eancia complementar,  sem fins lucrativos.","potentialAction":[{"@type":"SearchAction","target":{"@type":"EntryPoint","urlTemplate":"https:\/\/previnorte.com.br\/site2\/?s={search_term_string}"},"query-input":{"@type":"PropertyValueSpecification","valueRequired":true,"valueName":"search_term_string"}}],"inLanguage":"pt-BR"}]}},"_links":{"self":[{"href":"https:\/\/previnorte.com.br\/site2\/wp-json\/wp\/v2\/pages\/118","targetHints":{"allow":["GET"]}}],"collection":[{"href":"https:\/\/previnorte.com.br\/site2\/wp-json\/wp\/v2\/pages"}],"about":[{"href":"https:\/\/previnorte.com.br\/site2\/wp-json\/wp\/v2\/types\/page"}],"author":[{"embeddable":true,"href":"https:\/\/previnorte.com.br\/site2\/wp-json\/wp\/v2\/users\/2"}],"replies":[{"embeddable":true,"href":"https:\/\/previnorte.com.br\/site2\/wp-json\/wp\/v2\/comments?post=118"}],"version-history":[{"count":20,"href":"https:\/\/previnorte.com.br\/site2\/wp-json\/wp\/v2\/pages\/118\/revisions"}],"predecessor-version":[{"id":19413,"href":"https:\/\/previnorte.com.br\/site2\/wp-json\/wp\/v2\/pages\/118\/revisions\/19413"}],"wp:attachment":[{"href":"https:\/\/previnorte.com.br\/site2\/wp-json\/wp\/v2\/media?parent=118"}],"curies":[{"name":"wp","href":"https:\/\/api.w.org\/{rel}","templated":true}]}}