{"id":11820,"date":"2024-06-11T16:12:35","date_gmt":"2024-06-11T19:12:35","guid":{"rendered":"https:\/\/previnorte.com.br\/site2\/?page_id=11820"},"modified":"2024-07-05T16:28:10","modified_gmt":"2024-07-05T19:28:10","slug":"nossa-governanca-conheca-o-papel-do-comite-gestor","status":"publish","type":"page","link":"https:\/\/previnorte.com.br\/site2\/nossa-governanca-conheca-o-papel-do-comite-gestor\/","title":{"rendered":"Nossa Governan\u00e7a: Conhe\u00e7a o papel do Comit\u00ea Gestor"},"content":{"rendered":"\n<h2 class=\"wp-block-heading\"><strong>Comit\u00ea Gestor de Planejamento e Monitoramento<\/strong><\/h2>\n\n\n\n<p class=\"has-medium-font-size\">O&nbsp;<strong>Comit\u00ea Gestor de Planejamento e Monitoramento<\/strong>, mais conhecido internamente como Comit\u00ea Gestor, desempenha um papel fundamental na governan\u00e7a da Previnorte. Nele \u00e9 feito o acompanhamento e monitoramento do Plano de A\u00e7\u00e3o derivado do Planejamento Estrat\u00e9gico, bem como das iniciativas e dos riscos associados. <\/p>\n\n\n\n<p class=\"has-medium-font-size\">Composto pelos membros da Diretoria Executiva e por todos os gerentes da Funda\u00e7\u00e3o, o Comit\u00ea se re\u00fane mensalmente para avaliar os indicadores, prazos e riscos, sugerindo melhorias e realizando apontamentos conforme necess\u00e1rio. Destacam-se, entre suas atividades, a avalia\u00e7\u00e3o continuada da Matriz SWOT (Amea\u00e7as, Oportunidades, For\u00e7as e Fraquezas), elabora\u00e7\u00e3o do Mapa Estrat\u00e9gico, al\u00e9m do acompanhamento das a\u00e7\u00f5es e indicadores. <\/p>\n\n\n<div class=\"wp-block-image\">\n<figure class=\"aligncenter size-large is-resized\"><img loading=\"lazy\" decoding=\"async\" src=\"https:\/\/previnorte.com.br\/site2\/wp-content\/uploads\/2024\/07\/Engrenagemvf-1-1024x576.jpg\" alt=\"\" class=\"wp-image-12433\" width=\"817\" height=\"459\" srcset=\"https:\/\/previnorte.com.br\/site2\/wp-content\/uploads\/2024\/07\/Engrenagemvf-1-1024x576.jpg 1024w, https:\/\/previnorte.com.br\/site2\/wp-content\/uploads\/2024\/07\/Engrenagemvf-1-500x281.jpg 500w, https:\/\/previnorte.com.br\/site2\/wp-content\/uploads\/2024\/07\/Engrenagemvf-1-768x432.jpg 768w, https:\/\/previnorte.com.br\/site2\/wp-content\/uploads\/2024\/07\/Engrenagemvf-1.jpg 1280w\" sizes=\"auto, (max-width: 817px) 100vw, 817px\" \/><\/figure><\/div>\n\n\n<p class=\"has-medium-font-size\">Anteriormente conhecido como Comit\u00ea Estrat\u00e9gico, nomenclatura que foi alterada no ano de 2021, desde 2013 o Comit\u00ea conta com a mesma forma de composi\u00e7\u00e3o, isto \u00e9, com a participa\u00e7\u00e3o de todos os gerentes e dos diretores. A participa\u00e7\u00e3o destes gestores \u00e9 muito importante, pois serve como uma &#8220;ponte&#8221; entre as defini\u00e7\u00f5es estrat\u00e9gicas e a for\u00e7a de trabalho do corpo t\u00e9cnico da Previnorte.<\/p>\n\n\n\n<p class=\"has-medium-font-size\">Confira a posi\u00e7\u00e3o do Comit\u00ea Gestor de Planejamento e Monitoramento no organograma da Previnorte:<\/p>\n\n\n<div class=\"wp-block-image\">\n<figure class=\"aligncenter size-full is-resized\"><img loading=\"lazy\" decoding=\"async\" src=\"https:\/\/previnorte.com.br\/site2\/wp-content\/uploads\/2024\/06\/Organograma-Comite-Gestor.jpg\" alt=\"\" class=\"wp-image-11860\" width=\"583\" height=\"459\" srcset=\"https:\/\/previnorte.com.br\/site2\/wp-content\/uploads\/2024\/06\/Organograma-Comite-Gestor.jpg 718w, https:\/\/previnorte.com.br\/site2\/wp-content\/uploads\/2024\/06\/Organograma-Comite-Gestor-500x394.jpg 500w\" sizes=\"auto, (max-width: 583px) 100vw, 583px\" \/><figcaption class=\"wp-element-caption\"><a href=\"https:\/\/previnorte.com.br\/site2\/wp-content\/uploads\/2023\/07\/Organograma-2023-atualizado-julho-23.pdf\"><strong>Clique aqui<\/strong><\/a> para conferir o organograma na \u00edntegra.<\/figcaption><\/figure><\/div>\n\n\n<p class=\"has-small-font-size\">Compartilhe esta mat\u00e9ria:<\/p>\n","protected":false},"excerpt":{"rendered":"<p>Comit\u00ea Gestor de Planejamento e Monitoramento O&nbsp;Comit\u00ea Gestor de Planejamento e Monitoramento, mais conhecido internamente como Comit\u00ea Gestor, desempenha um papel fundamental na governan\u00e7a da Previnorte. Nele \u00e9 feito o acompanhamento e monitoramento do Plano de A\u00e7\u00e3o derivado do Planejamento Estrat\u00e9gico, bem como das iniciativas e dos riscos associados. Composto pelos membros da Diretoria Executiva [&hellip;]<\/p>\n","protected":false},"author":6,"featured_media":0,"parent":0,"menu_order":0,"comment_status":"closed","ping_status":"closed","template":"","meta":{"_acf_changed":false,"om_disable_all_campaigns":false,"_monsterinsights_skip_tracking":false,"_monsterinsights_sitenote_active":false,"_monsterinsights_sitenote_note":"","_monsterinsights_sitenote_category":0,"_uf_show_specific_survey":0,"_uf_disable_surveys":false,"footnotes":""},"class_list":["post-11820","page","type-page","status-publish","hentry"],"acf":[],"aioseo_notices":[],"yoast_head":"<!-- This site is optimized with the Yoast SEO plugin v26.2 - https:\/\/yoast.com\/wordpress\/plugins\/seo\/ -->\r\n<title>Nossa Governan\u00e7a: Conhe\u00e7a o papel do Comit\u00ea Gestor - Previnorte<\/title>\r\n<meta name=\"robots\" content=\"index, follow, max-snippet:-1, max-image-preview:large, max-video-preview:-1\" \/>\r\n<link rel=\"canonical\" href=\"https:\/\/previnorte.com.br\/site2\/nossa-governanca-conheca-o-papel-do-comite-gestor\/\" \/>\r\n<meta property=\"og:locale\" content=\"pt_BR\" \/>\r\n<meta property=\"og:type\" content=\"article\" \/>\r\n<meta property=\"og:title\" content=\"Nossa Governan\u00e7a: Conhe\u00e7a o papel do Comit\u00ea Gestor - Previnorte\" \/>\r\n<meta property=\"og:description\" content=\"Comit\u00ea Gestor de Planejamento e Monitoramento O&nbsp;Comit\u00ea Gestor de Planejamento e Monitoramento, mais conhecido internamente como Comit\u00ea Gestor, desempenha um papel fundamental na governan\u00e7a da Previnorte. Nele \u00e9 feito o acompanhamento e monitoramento do Plano de A\u00e7\u00e3o derivado do Planejamento Estrat\u00e9gico, bem como das iniciativas e dos riscos associados. Composto pelos membros da Diretoria Executiva [&hellip;]\" \/>\r\n<meta property=\"og:url\" content=\"https:\/\/previnorte.com.br\/site2\/nossa-governanca-conheca-o-papel-do-comite-gestor\/\" \/>\r\n<meta property=\"og:site_name\" content=\"Previnorte\" \/>\r\n<meta property=\"article:modified_time\" content=\"2024-07-05T19:28:10+00:00\" \/>\r\n<meta property=\"og:image\" content=\"https:\/\/previnorte.com.br\/site2\/wp-content\/uploads\/2024\/07\/Engrenagemvf-1-1024x576.jpg\" \/>\r\n<meta name=\"twitter:card\" content=\"summary_large_image\" \/>\r\n<meta name=\"twitter:label1\" content=\"Est. tempo de leitura\" \/>\n\t<meta name=\"twitter:data1\" content=\"2 minutos\" \/>\r\n<script type=\"application\/ld+json\" class=\"yoast-schema-graph\">{\"@context\":\"https:\/\/schema.org\",\"@graph\":[{\"@type\":\"WebPage\",\"@id\":\"https:\/\/previnorte.com.br\/site2\/nossa-governanca-conheca-o-papel-do-comite-gestor\/\",\"url\":\"https:\/\/previnorte.com.br\/site2\/nossa-governanca-conheca-o-papel-do-comite-gestor\/\",\"name\":\"Nossa Governan\u00e7a: Conhe\u00e7a o papel do Comit\u00ea Gestor - Previnorte\",\"isPartOf\":{\"@id\":\"https:\/\/previnorte.com.br\/site2\/#website\"},\"primaryImageOfPage\":{\"@id\":\"https:\/\/previnorte.com.br\/site2\/nossa-governanca-conheca-o-papel-do-comite-gestor\/#primaryimage\"},\"image\":{\"@id\":\"https:\/\/previnorte.com.br\/site2\/nossa-governanca-conheca-o-papel-do-comite-gestor\/#primaryimage\"},\"thumbnailUrl\":\"https:\/\/previnorte.com.br\/site2\/wp-content\/uploads\/2024\/07\/Engrenagemvf-1-1024x576.jpg\",\"datePublished\":\"2024-06-11T19:12:35+00:00\",\"dateModified\":\"2024-07-05T19:28:10+00:00\",\"breadcrumb\":{\"@id\":\"https:\/\/previnorte.com.br\/site2\/nossa-governanca-conheca-o-papel-do-comite-gestor\/#breadcrumb\"},\"inLanguage\":\"pt-BR\",\"potentialAction\":[{\"@type\":\"ReadAction\",\"target\":[\"https:\/\/previnorte.com.br\/site2\/nossa-governanca-conheca-o-papel-do-comite-gestor\/\"]}]},{\"@type\":\"ImageObject\",\"inLanguage\":\"pt-BR\",\"@id\":\"https:\/\/previnorte.com.br\/site2\/nossa-governanca-conheca-o-papel-do-comite-gestor\/#primaryimage\",\"url\":\"https:\/\/previnorte.com.br\/site2\/wp-content\/uploads\/2024\/07\/Engrenagemvf-1.jpg\",\"contentUrl\":\"https:\/\/previnorte.com.br\/site2\/wp-content\/uploads\/2024\/07\/Engrenagemvf-1.jpg\",\"width\":1280,\"height\":720},{\"@type\":\"BreadcrumbList\",\"@id\":\"https:\/\/previnorte.com.br\/site2\/nossa-governanca-conheca-o-papel-do-comite-gestor\/#breadcrumb\",\"itemListElement\":[{\"@type\":\"ListItem\",\"position\":1,\"name\":\"In\u00edcio\",\"item\":\"https:\/\/previnorte.com.br\/site2\/\"},{\"@type\":\"ListItem\",\"position\":2,\"name\":\"Nossa Governan\u00e7a: Conhe\u00e7a o papel do Comit\u00ea Gestor\"}]},{\"@type\":\"WebSite\",\"@id\":\"https:\/\/previnorte.com.br\/site2\/#website\",\"url\":\"https:\/\/previnorte.com.br\/site2\/\",\"name\":\"Previnorte\",\"description\":\"Uma entidade fechada de previd\u00eancia complementar,  sem fins lucrativos.\",\"potentialAction\":[{\"@type\":\"SearchAction\",\"target\":{\"@type\":\"EntryPoint\",\"urlTemplate\":\"https:\/\/previnorte.com.br\/site2\/?s={search_term_string}\"},\"query-input\":{\"@type\":\"PropertyValueSpecification\",\"valueRequired\":true,\"valueName\":\"search_term_string\"}}],\"inLanguage\":\"pt-BR\"}]}<\/script>\r\n<!-- \/ Yoast SEO plugin. -->","yoast_head_json":{"title":"Nossa Governan\u00e7a: Conhe\u00e7a o papel do Comit\u00ea Gestor - Previnorte","robots":{"index":"index","follow":"follow","max-snippet":"max-snippet:-1","max-image-preview":"max-image-preview:large","max-video-preview":"max-video-preview:-1"},"canonical":"https:\/\/previnorte.com.br\/site2\/nossa-governanca-conheca-o-papel-do-comite-gestor\/","og_locale":"pt_BR","og_type":"article","og_title":"Nossa Governan\u00e7a: Conhe\u00e7a o papel do Comit\u00ea Gestor - Previnorte","og_description":"Comit\u00ea Gestor de Planejamento e Monitoramento O&nbsp;Comit\u00ea Gestor de Planejamento e Monitoramento, mais conhecido internamente como Comit\u00ea Gestor, desempenha um papel fundamental na governan\u00e7a da Previnorte. Nele \u00e9 feito o acompanhamento e monitoramento do Plano de A\u00e7\u00e3o derivado do Planejamento Estrat\u00e9gico, bem como das iniciativas e dos riscos associados. Composto pelos membros da Diretoria Executiva [&hellip;]","og_url":"https:\/\/previnorte.com.br\/site2\/nossa-governanca-conheca-o-papel-do-comite-gestor\/","og_site_name":"Previnorte","article_modified_time":"2024-07-05T19:28:10+00:00","og_image":[{"url":"https:\/\/previnorte.com.br\/site2\/wp-content\/uploads\/2024\/07\/Engrenagemvf-1-1024x576.jpg","type":"","width":"","height":""}],"twitter_card":"summary_large_image","twitter_misc":{"Est. tempo de leitura":"2 minutos"},"schema":{"@context":"https:\/\/schema.org","@graph":[{"@type":"WebPage","@id":"https:\/\/previnorte.com.br\/site2\/nossa-governanca-conheca-o-papel-do-comite-gestor\/","url":"https:\/\/previnorte.com.br\/site2\/nossa-governanca-conheca-o-papel-do-comite-gestor\/","name":"Nossa Governan\u00e7a: Conhe\u00e7a o papel do Comit\u00ea Gestor - Previnorte","isPartOf":{"@id":"https:\/\/previnorte.com.br\/site2\/#website"},"primaryImageOfPage":{"@id":"https:\/\/previnorte.com.br\/site2\/nossa-governanca-conheca-o-papel-do-comite-gestor\/#primaryimage"},"image":{"@id":"https:\/\/previnorte.com.br\/site2\/nossa-governanca-conheca-o-papel-do-comite-gestor\/#primaryimage"},"thumbnailUrl":"https:\/\/previnorte.com.br\/site2\/wp-content\/uploads\/2024\/07\/Engrenagemvf-1-1024x576.jpg","datePublished":"2024-06-11T19:12:35+00:00","dateModified":"2024-07-05T19:28:10+00:00","breadcrumb":{"@id":"https:\/\/previnorte.com.br\/site2\/nossa-governanca-conheca-o-papel-do-comite-gestor\/#breadcrumb"},"inLanguage":"pt-BR","potentialAction":[{"@type":"ReadAction","target":["https:\/\/previnorte.com.br\/site2\/nossa-governanca-conheca-o-papel-do-comite-gestor\/"]}]},{"@type":"ImageObject","inLanguage":"pt-BR","@id":"https:\/\/previnorte.com.br\/site2\/nossa-governanca-conheca-o-papel-do-comite-gestor\/#primaryimage","url":"https:\/\/previnorte.com.br\/site2\/wp-content\/uploads\/2024\/07\/Engrenagemvf-1.jpg","contentUrl":"https:\/\/previnorte.com.br\/site2\/wp-content\/uploads\/2024\/07\/Engrenagemvf-1.jpg","width":1280,"height":720},{"@type":"BreadcrumbList","@id":"https:\/\/previnorte.com.br\/site2\/nossa-governanca-conheca-o-papel-do-comite-gestor\/#breadcrumb","itemListElement":[{"@type":"ListItem","position":1,"name":"In\u00edcio","item":"https:\/\/previnorte.com.br\/site2\/"},{"@type":"ListItem","position":2,"name":"Nossa Governan\u00e7a: Conhe\u00e7a o papel do Comit\u00ea Gestor"}]},{"@type":"WebSite","@id":"https:\/\/previnorte.com.br\/site2\/#website","url":"https:\/\/previnorte.com.br\/site2\/","name":"Previnorte","description":"Uma entidade fechada de previd\u00eancia complementar,  sem fins lucrativos.","potentialAction":[{"@type":"SearchAction","target":{"@type":"EntryPoint","urlTemplate":"https:\/\/previnorte.com.br\/site2\/?s={search_term_string}"},"query-input":{"@type":"PropertyValueSpecification","valueRequired":true,"valueName":"search_term_string"}}],"inLanguage":"pt-BR"}]}},"_links":{"self":[{"href":"https:\/\/previnorte.com.br\/site2\/wp-json\/wp\/v2\/pages\/11820","targetHints":{"allow":["GET"]}}],"collection":[{"href":"https:\/\/previnorte.com.br\/site2\/wp-json\/wp\/v2\/pages"}],"about":[{"href":"https:\/\/previnorte.com.br\/site2\/wp-json\/wp\/v2\/types\/page"}],"author":[{"embeddable":true,"href":"https:\/\/previnorte.com.br\/site2\/wp-json\/wp\/v2\/users\/6"}],"replies":[{"embeddable":true,"href":"https:\/\/previnorte.com.br\/site2\/wp-json\/wp\/v2\/comments?post=11820"}],"version-history":[{"count":55,"href":"https:\/\/previnorte.com.br\/site2\/wp-json\/wp\/v2\/pages\/11820\/revisions"}],"predecessor-version":[{"id":12436,"href":"https:\/\/previnorte.com.br\/site2\/wp-json\/wp\/v2\/pages\/11820\/revisions\/12436"}],"wp:attachment":[{"href":"https:\/\/previnorte.com.br\/site2\/wp-json\/wp\/v2\/media?parent=11820"}],"curies":[{"name":"wp","href":"https:\/\/api.w.org\/{rel}","templated":true}]}}