{"id":12561,"date":"2024-07-25T08:56:07","date_gmt":"2024-07-25T11:56:07","guid":{"rendered":"https:\/\/previnorte.com.br\/site2\/?page_id=12561"},"modified":"2024-10-30T15:35:25","modified_gmt":"2024-10-30T18:35:25","slug":"voce-atento","status":"publish","type":"page","link":"https:\/\/previnorte.com.br\/site2\/voce-atento\/","title":{"rendered":"Na trilha da prote\u00e7\u00e3o"},"content":{"rendered":"\n<p class=\"has-medium-font-size\">A cada edi\u00e7\u00e3o, confira dicas valiosas para cuidar dos seus dados pessoais e navegar com prote\u00e7\u00e3o e privacidade.<\/p>\n\n\n\n<p class=\"has-medium-font-size\">\u2022 <strong><a href=\"https:\/\/previnorte.com.br\/site2\/wp-content\/uploads\/2024\/10\/Voce-atento-1.pdf\">Edi\u00e7\u00e3o 1<\/a><\/strong><br>\u2022 <strong><a href=\"https:\/\/previnorte.com.br\/site2\/wp-content\/uploads\/2024\/10\/Voce-atento-2.pdf\">Edi\u00e7\u00e3o 2<\/a><\/strong><br>\u2022 <strong><a href=\"https:\/\/previnorte.com.br\/site2\/wp-content\/uploads\/2024\/10\/Voce-atento-3.pdf\">Edi\u00e7\u00e3o 3<\/a><\/strong><br>\u2022 <strong><a href=\"https:\/\/previnorte.com.br\/site2\/wp-content\/uploads\/2024\/10\/Voce-atento-4.pdf\">Edi\u00e7\u00e3o 4<\/a><\/strong> <br>\u2022 <strong><a href=\"https:\/\/previnorte.com.br\/site2\/wp-content\/uploads\/2024\/10\/Voce-atento-5.pdf\">Edi\u00e7\u00e3o 5<\/a><\/strong> <\/p>\n\n\n\n<p><\/p>\n\n\n\n<p><\/p>\n\n\n\n<p><\/p>\n\n\n\n<p><\/p>\n\n\n\n<p><\/p>\n\n\n\n<p><\/p>\n\n\n\n<p><\/p>\n\n\n\n<p><\/p>\n\n\n\n<p><\/p>\n","protected":false},"excerpt":{"rendered":"<p>A cada edi\u00e7\u00e3o, confira dicas valiosas para cuidar dos seus dados pessoais e navegar com prote\u00e7\u00e3o e privacidade. \u2022 Edi\u00e7\u00e3o 1\u2022 Edi\u00e7\u00e3o 2\u2022 Edi\u00e7\u00e3o 3\u2022 Edi\u00e7\u00e3o 4 \u2022 Edi\u00e7\u00e3o 5<\/p>\n","protected":false},"author":7,"featured_media":12967,"parent":0,"menu_order":0,"comment_status":"closed","ping_status":"closed","template":"","meta":{"_acf_changed":false,"om_disable_all_campaigns":false,"_monsterinsights_skip_tracking":false,"_monsterinsights_sitenote_active":false,"_monsterinsights_sitenote_note":"","_monsterinsights_sitenote_category":0,"_uf_show_specific_survey":0,"_uf_disable_surveys":false,"footnotes":""},"class_list":["post-12561","page","type-page","status-publish","has-post-thumbnail","hentry"],"acf":[],"aioseo_notices":[],"yoast_head":"<!-- This site is optimized with the Yoast SEO plugin v26.2 - https:\/\/yoast.com\/wordpress\/plugins\/seo\/ -->\r\n<title>Na trilha da prote\u00e7\u00e3o - Previnorte<\/title>\r\n<meta name=\"robots\" content=\"index, follow, max-snippet:-1, max-image-preview:large, max-video-preview:-1\" \/>\r\n<link rel=\"canonical\" href=\"https:\/\/previnorte.com.br\/site2\/voce-atento\/\" \/>\r\n<meta property=\"og:locale\" content=\"pt_BR\" \/>\r\n<meta property=\"og:type\" content=\"article\" \/>\r\n<meta property=\"og:title\" content=\"Na trilha da prote\u00e7\u00e3o - Previnorte\" \/>\r\n<meta property=\"og:description\" content=\"A cada edi\u00e7\u00e3o, confira dicas valiosas para cuidar dos seus dados pessoais e navegar com prote\u00e7\u00e3o e privacidade. \u2022 Edi\u00e7\u00e3o 1\u2022 Edi\u00e7\u00e3o 2\u2022 Edi\u00e7\u00e3o 3\u2022 Edi\u00e7\u00e3o 4 \u2022 Edi\u00e7\u00e3o 5\" \/>\r\n<meta property=\"og:url\" content=\"https:\/\/previnorte.com.br\/site2\/voce-atento\/\" \/>\r\n<meta property=\"og:site_name\" content=\"Previnorte\" \/>\r\n<meta property=\"article:modified_time\" content=\"2024-10-30T18:35:25+00:00\" \/>\r\n<meta property=\"og:image\" content=\"https:\/\/previnorte.com.br\/site2\/wp-content\/uploads\/2024\/09\/Imoveis-previnorte.png\" \/>\r\n\t<meta property=\"og:image:width\" content=\"2000\" \/>\r\n\t<meta property=\"og:image:height\" content=\"500\" \/>\r\n\t<meta property=\"og:image:type\" content=\"image\/png\" \/>\r\n<meta name=\"twitter:card\" content=\"summary_large_image\" \/>\r\n<meta name=\"twitter:label1\" content=\"Est. tempo de leitura\" \/>\n\t<meta name=\"twitter:data1\" content=\"1 minuto\" \/>\r\n<script type=\"application\/ld+json\" class=\"yoast-schema-graph\">{\"@context\":\"https:\/\/schema.org\",\"@graph\":[{\"@type\":\"WebPage\",\"@id\":\"https:\/\/previnorte.com.br\/site2\/voce-atento\/\",\"url\":\"https:\/\/previnorte.com.br\/site2\/voce-atento\/\",\"name\":\"Na trilha da prote\u00e7\u00e3o - Previnorte\",\"isPartOf\":{\"@id\":\"https:\/\/previnorte.com.br\/site2\/#website\"},\"primaryImageOfPage\":{\"@id\":\"https:\/\/previnorte.com.br\/site2\/voce-atento\/#primaryimage\"},\"image\":{\"@id\":\"https:\/\/previnorte.com.br\/site2\/voce-atento\/#primaryimage\"},\"thumbnailUrl\":\"https:\/\/previnorte.com.br\/site2\/wp-content\/uploads\/2024\/09\/Imoveis-previnorte.png\",\"datePublished\":\"2024-07-25T11:56:07+00:00\",\"dateModified\":\"2024-10-30T18:35:25+00:00\",\"breadcrumb\":{\"@id\":\"https:\/\/previnorte.com.br\/site2\/voce-atento\/#breadcrumb\"},\"inLanguage\":\"pt-BR\",\"potentialAction\":[{\"@type\":\"ReadAction\",\"target\":[\"https:\/\/previnorte.com.br\/site2\/voce-atento\/\"]}]},{\"@type\":\"ImageObject\",\"inLanguage\":\"pt-BR\",\"@id\":\"https:\/\/previnorte.com.br\/site2\/voce-atento\/#primaryimage\",\"url\":\"https:\/\/previnorte.com.br\/site2\/wp-content\/uploads\/2024\/09\/Imoveis-previnorte.png\",\"contentUrl\":\"https:\/\/previnorte.com.br\/site2\/wp-content\/uploads\/2024\/09\/Imoveis-previnorte.png\",\"width\":2000,\"height\":500},{\"@type\":\"BreadcrumbList\",\"@id\":\"https:\/\/previnorte.com.br\/site2\/voce-atento\/#breadcrumb\",\"itemListElement\":[{\"@type\":\"ListItem\",\"position\":1,\"name\":\"In\u00edcio\",\"item\":\"https:\/\/previnorte.com.br\/site2\/\"},{\"@type\":\"ListItem\",\"position\":2,\"name\":\"Na trilha da prote\u00e7\u00e3o\"}]},{\"@type\":\"WebSite\",\"@id\":\"https:\/\/previnorte.com.br\/site2\/#website\",\"url\":\"https:\/\/previnorte.com.br\/site2\/\",\"name\":\"Previnorte\",\"description\":\"Uma entidade fechada de previd\u00eancia complementar,  sem fins lucrativos.\",\"potentialAction\":[{\"@type\":\"SearchAction\",\"target\":{\"@type\":\"EntryPoint\",\"urlTemplate\":\"https:\/\/previnorte.com.br\/site2\/?s={search_term_string}\"},\"query-input\":{\"@type\":\"PropertyValueSpecification\",\"valueRequired\":true,\"valueName\":\"search_term_string\"}}],\"inLanguage\":\"pt-BR\"}]}<\/script>\r\n<!-- \/ Yoast SEO plugin. -->","yoast_head_json":{"title":"Na trilha da prote\u00e7\u00e3o - Previnorte","robots":{"index":"index","follow":"follow","max-snippet":"max-snippet:-1","max-image-preview":"max-image-preview:large","max-video-preview":"max-video-preview:-1"},"canonical":"https:\/\/previnorte.com.br\/site2\/voce-atento\/","og_locale":"pt_BR","og_type":"article","og_title":"Na trilha da prote\u00e7\u00e3o - Previnorte","og_description":"A cada edi\u00e7\u00e3o, confira dicas valiosas para cuidar dos seus dados pessoais e navegar com prote\u00e7\u00e3o e privacidade. \u2022 Edi\u00e7\u00e3o 1\u2022 Edi\u00e7\u00e3o 2\u2022 Edi\u00e7\u00e3o 3\u2022 Edi\u00e7\u00e3o 4 \u2022 Edi\u00e7\u00e3o 5","og_url":"https:\/\/previnorte.com.br\/site2\/voce-atento\/","og_site_name":"Previnorte","article_modified_time":"2024-10-30T18:35:25+00:00","og_image":[{"width":2000,"height":500,"url":"https:\/\/previnorte.com.br\/site2\/wp-content\/uploads\/2024\/09\/Imoveis-previnorte.png","type":"image\/png"}],"twitter_card":"summary_large_image","twitter_misc":{"Est. tempo de leitura":"1 minuto"},"schema":{"@context":"https:\/\/schema.org","@graph":[{"@type":"WebPage","@id":"https:\/\/previnorte.com.br\/site2\/voce-atento\/","url":"https:\/\/previnorte.com.br\/site2\/voce-atento\/","name":"Na trilha da prote\u00e7\u00e3o - Previnorte","isPartOf":{"@id":"https:\/\/previnorte.com.br\/site2\/#website"},"primaryImageOfPage":{"@id":"https:\/\/previnorte.com.br\/site2\/voce-atento\/#primaryimage"},"image":{"@id":"https:\/\/previnorte.com.br\/site2\/voce-atento\/#primaryimage"},"thumbnailUrl":"https:\/\/previnorte.com.br\/site2\/wp-content\/uploads\/2024\/09\/Imoveis-previnorte.png","datePublished":"2024-07-25T11:56:07+00:00","dateModified":"2024-10-30T18:35:25+00:00","breadcrumb":{"@id":"https:\/\/previnorte.com.br\/site2\/voce-atento\/#breadcrumb"},"inLanguage":"pt-BR","potentialAction":[{"@type":"ReadAction","target":["https:\/\/previnorte.com.br\/site2\/voce-atento\/"]}]},{"@type":"ImageObject","inLanguage":"pt-BR","@id":"https:\/\/previnorte.com.br\/site2\/voce-atento\/#primaryimage","url":"https:\/\/previnorte.com.br\/site2\/wp-content\/uploads\/2024\/09\/Imoveis-previnorte.png","contentUrl":"https:\/\/previnorte.com.br\/site2\/wp-content\/uploads\/2024\/09\/Imoveis-previnorte.png","width":2000,"height":500},{"@type":"BreadcrumbList","@id":"https:\/\/previnorte.com.br\/site2\/voce-atento\/#breadcrumb","itemListElement":[{"@type":"ListItem","position":1,"name":"In\u00edcio","item":"https:\/\/previnorte.com.br\/site2\/"},{"@type":"ListItem","position":2,"name":"Na trilha da prote\u00e7\u00e3o"}]},{"@type":"WebSite","@id":"https:\/\/previnorte.com.br\/site2\/#website","url":"https:\/\/previnorte.com.br\/site2\/","name":"Previnorte","description":"Uma entidade fechada de previd\u00eancia complementar,  sem fins lucrativos.","potentialAction":[{"@type":"SearchAction","target":{"@type":"EntryPoint","urlTemplate":"https:\/\/previnorte.com.br\/site2\/?s={search_term_string}"},"query-input":{"@type":"PropertyValueSpecification","valueRequired":true,"valueName":"search_term_string"}}],"inLanguage":"pt-BR"}]}},"_links":{"self":[{"href":"https:\/\/previnorte.com.br\/site2\/wp-json\/wp\/v2\/pages\/12561","targetHints":{"allow":["GET"]}}],"collection":[{"href":"https:\/\/previnorte.com.br\/site2\/wp-json\/wp\/v2\/pages"}],"about":[{"href":"https:\/\/previnorte.com.br\/site2\/wp-json\/wp\/v2\/types\/page"}],"author":[{"embeddable":true,"href":"https:\/\/previnorte.com.br\/site2\/wp-json\/wp\/v2\/users\/7"}],"replies":[{"embeddable":true,"href":"https:\/\/previnorte.com.br\/site2\/wp-json\/wp\/v2\/comments?post=12561"}],"version-history":[{"count":22,"href":"https:\/\/previnorte.com.br\/site2\/wp-json\/wp\/v2\/pages\/12561\/revisions"}],"predecessor-version":[{"id":13965,"href":"https:\/\/previnorte.com.br\/site2\/wp-json\/wp\/v2\/pages\/12561\/revisions\/13965"}],"wp:featuredmedia":[{"embeddable":true,"href":"https:\/\/previnorte.com.br\/site2\/wp-json\/wp\/v2\/media\/12967"}],"wp:attachment":[{"href":"https:\/\/previnorte.com.br\/site2\/wp-json\/wp\/v2\/media?parent=12561"}],"curies":[{"name":"wp","href":"https:\/\/api.w.org\/{rel}","templated":true}]}}