{"id":12715,"date":"2024-08-06T17:11:30","date_gmt":"2024-08-06T20:11:30","guid":{"rendered":"https:\/\/previnorte.com.br\/site2\/?page_id=12715"},"modified":"2024-08-09T14:27:34","modified_gmt":"2024-08-09T17:27:34","slug":"conhece-o-autopatrocinio-leia-esta-materia-e-fique-por-dentro","status":"publish","type":"page","link":"https:\/\/previnorte.com.br\/site2\/conhece-o-autopatrocinio-leia-esta-materia-e-fique-por-dentro\/","title":{"rendered":"<strong>Conhe\u00e7a o Autopatroc\u00ednio, op\u00e7\u00e3o para manter sua previd\u00eancia complementar<\/strong>"},"content":{"rendered":"\n<p class=\"has-medium-font-size\">O autopatroc\u00ednio \u00e9 uma das op\u00e7\u00f5es que a Previnorte oferece aos seus participantes em caso de desligamento da empresa patrocinadora. \u00c9 a oportunidade para que o participante mantenha o seu plano de benef\u00edcios com todos os direitos previstos no regulamento, fazendo o pagamento das suas contribui\u00e7\u00f5es pessoais e aquelas de responsabilidade do patrocinador.<\/p>\n\n\n\n<p class=\"has-medium-font-size\">Para permitir uma melhor programa\u00e7\u00e3o financeira, os planos da Previnorte oferecem condi\u00e7\u00f5es especiais para facilitar a op\u00e7\u00e3o pelo autopatroc\u00ednio, sobretudo com a possibilidade de redu\u00e7\u00e3o dos percentuais de contribui\u00e7\u00e3o, de forma que os aportes mensais caibam no seu or\u00e7amento.<\/p>\n\n\n\n<p class=\"has-medium-font-size\">O participante autopatrocinado mant\u00e9m todas as condi\u00e7\u00f5es de cobertura do plano, sobretudo em rela\u00e7\u00e3o aos benef\u00edcios de aposentadorias e risco (morte e invalidez com saldo projetado at\u00e9 a aposentadoria), al\u00e9m da possibilidade de contrata\u00e7\u00e3o de empr\u00e9stimos para o planejamento financeiro de curto-prazo.<\/p>\n\n\n\n<p class=\"has-medium-font-size\">O pagamento das contribui\u00e7\u00f5es mensais dos autopatrocinados \u00e9 feito por boleto banc\u00e1rio, disponibilizado pela Funda\u00e7\u00e3o, com data de vencimento no \u00faltimo dia \u00fatil do m\u00eas. Al\u00e9m disso, a escolha pelo autopatroc\u00ednio, al\u00e9m de permitir a manuten\u00e7\u00e3o dos benef\u00edcios, n\u00e3o impede a futura op\u00e7\u00e3o pelos demais institutos, tais como Benef\u00edcio Proporcional Diferido, resgate e portabilidade.<\/p>\n\n\n\n<p class=\"has-medium-font-size\">Al\u00e9m de todas estas vantagens, as contribui\u00e7\u00f5es de autopatrocinado (tanto da parte do patrocinador quanto da parte do participante) s\u00e3o dedut\u00edveis na base de c\u00e1lculo do Imposto de Renda, no modelo completo da declara\u00e7\u00e3o anual de IR. Ou seja, voc\u00ea pode pagar menos imposto para investir mais no seu futuro.<\/p>\n\n\n\n<p class=\"has-small-font-size\">Compartilhe esta mat\u00e9ria:<\/p>\n","protected":false},"excerpt":{"rendered":"<p>O autopatroc\u00ednio \u00e9 uma das op\u00e7\u00f5es que a Previnorte oferece aos seus participantes em caso de desligamento da empresa patrocinadora. \u00c9 a oportunidade para que o participante mantenha o seu plano de benef\u00edcios com todos os direitos previstos no regulamento, fazendo o pagamento das suas contribui\u00e7\u00f5es pessoais e aquelas de responsabilidade do patrocinador. Para permitir [&hellip;]<\/p>\n","protected":false},"author":6,"featured_media":0,"parent":0,"menu_order":0,"comment_status":"closed","ping_status":"closed","template":"","meta":{"_acf_changed":false,"om_disable_all_campaigns":false,"_monsterinsights_skip_tracking":false,"_monsterinsights_sitenote_active":false,"_monsterinsights_sitenote_note":"","_monsterinsights_sitenote_category":0,"_uf_show_specific_survey":0,"_uf_disable_surveys":false,"footnotes":""},"class_list":["post-12715","page","type-page","status-publish","hentry"],"acf":[],"aioseo_notices":[],"yoast_head":"<!-- This site is optimized with the Yoast SEO plugin v26.2 - https:\/\/yoast.com\/wordpress\/plugins\/seo\/ -->\r\n<title>Conhe\u00e7a o Autopatroc\u00ednio, op\u00e7\u00e3o para manter sua previd\u00eancia complementar - Previnorte<\/title>\r\n<meta name=\"robots\" content=\"index, follow, max-snippet:-1, max-image-preview:large, max-video-preview:-1\" \/>\r\n<link rel=\"canonical\" href=\"https:\/\/previnorte.com.br\/site2\/conhece-o-autopatrocinio-leia-esta-materia-e-fique-por-dentro\/\" \/>\r\n<meta property=\"og:locale\" content=\"pt_BR\" \/>\r\n<meta property=\"og:type\" content=\"article\" \/>\r\n<meta property=\"og:title\" content=\"Conhe\u00e7a o Autopatroc\u00ednio, op\u00e7\u00e3o para manter sua previd\u00eancia complementar - Previnorte\" \/>\r\n<meta property=\"og:description\" content=\"O autopatroc\u00ednio \u00e9 uma das op\u00e7\u00f5es que a Previnorte oferece aos seus participantes em caso de desligamento da empresa patrocinadora. \u00c9 a oportunidade para que o participante mantenha o seu plano de benef\u00edcios com todos os direitos previstos no regulamento, fazendo o pagamento das suas contribui\u00e7\u00f5es pessoais e aquelas de responsabilidade do patrocinador. Para permitir [&hellip;]\" \/>\r\n<meta property=\"og:url\" content=\"https:\/\/previnorte.com.br\/site2\/conhece-o-autopatrocinio-leia-esta-materia-e-fique-por-dentro\/\" \/>\r\n<meta property=\"og:site_name\" content=\"Previnorte\" \/>\r\n<meta property=\"article:modified_time\" content=\"2024-08-09T17:27:34+00:00\" \/>\r\n<meta name=\"twitter:card\" content=\"summary_large_image\" \/>\r\n<meta name=\"twitter:label1\" content=\"Est. tempo de leitura\" \/>\n\t<meta name=\"twitter:data1\" content=\"1 minuto\" \/>\r\n<script type=\"application\/ld+json\" class=\"yoast-schema-graph\">{\"@context\":\"https:\/\/schema.org\",\"@graph\":[{\"@type\":\"WebPage\",\"@id\":\"https:\/\/previnorte.com.br\/site2\/conhece-o-autopatrocinio-leia-esta-materia-e-fique-por-dentro\/\",\"url\":\"https:\/\/previnorte.com.br\/site2\/conhece-o-autopatrocinio-leia-esta-materia-e-fique-por-dentro\/\",\"name\":\"Conhe\u00e7a o Autopatroc\u00ednio, op\u00e7\u00e3o para manter sua previd\u00eancia complementar - Previnorte\",\"isPartOf\":{\"@id\":\"https:\/\/previnorte.com.br\/site2\/#website\"},\"datePublished\":\"2024-08-06T20:11:30+00:00\",\"dateModified\":\"2024-08-09T17:27:34+00:00\",\"breadcrumb\":{\"@id\":\"https:\/\/previnorte.com.br\/site2\/conhece-o-autopatrocinio-leia-esta-materia-e-fique-por-dentro\/#breadcrumb\"},\"inLanguage\":\"pt-BR\",\"potentialAction\":[{\"@type\":\"ReadAction\",\"target\":[\"https:\/\/previnorte.com.br\/site2\/conhece-o-autopatrocinio-leia-esta-materia-e-fique-por-dentro\/\"]}]},{\"@type\":\"BreadcrumbList\",\"@id\":\"https:\/\/previnorte.com.br\/site2\/conhece-o-autopatrocinio-leia-esta-materia-e-fique-por-dentro\/#breadcrumb\",\"itemListElement\":[{\"@type\":\"ListItem\",\"position\":1,\"name\":\"In\u00edcio\",\"item\":\"https:\/\/previnorte.com.br\/site2\/\"},{\"@type\":\"ListItem\",\"position\":2,\"name\":\"Conhe\u00e7a o Autopatroc\u00ednio, op\u00e7\u00e3o para manter sua previd\u00eancia complementar\"}]},{\"@type\":\"WebSite\",\"@id\":\"https:\/\/previnorte.com.br\/site2\/#website\",\"url\":\"https:\/\/previnorte.com.br\/site2\/\",\"name\":\"Previnorte\",\"description\":\"Uma entidade fechada de previd\u00eancia complementar,  sem fins lucrativos.\",\"potentialAction\":[{\"@type\":\"SearchAction\",\"target\":{\"@type\":\"EntryPoint\",\"urlTemplate\":\"https:\/\/previnorte.com.br\/site2\/?s={search_term_string}\"},\"query-input\":{\"@type\":\"PropertyValueSpecification\",\"valueRequired\":true,\"valueName\":\"search_term_string\"}}],\"inLanguage\":\"pt-BR\"}]}<\/script>\r\n<!-- \/ Yoast SEO plugin. -->","yoast_head_json":{"title":"Conhe\u00e7a o Autopatroc\u00ednio, op\u00e7\u00e3o para manter sua previd\u00eancia complementar - Previnorte","robots":{"index":"index","follow":"follow","max-snippet":"max-snippet:-1","max-image-preview":"max-image-preview:large","max-video-preview":"max-video-preview:-1"},"canonical":"https:\/\/previnorte.com.br\/site2\/conhece-o-autopatrocinio-leia-esta-materia-e-fique-por-dentro\/","og_locale":"pt_BR","og_type":"article","og_title":"Conhe\u00e7a o Autopatroc\u00ednio, op\u00e7\u00e3o para manter sua previd\u00eancia complementar - Previnorte","og_description":"O autopatroc\u00ednio \u00e9 uma das op\u00e7\u00f5es que a Previnorte oferece aos seus participantes em caso de desligamento da empresa patrocinadora. \u00c9 a oportunidade para que o participante mantenha o seu plano de benef\u00edcios com todos os direitos previstos no regulamento, fazendo o pagamento das suas contribui\u00e7\u00f5es pessoais e aquelas de responsabilidade do patrocinador. Para permitir [&hellip;]","og_url":"https:\/\/previnorte.com.br\/site2\/conhece-o-autopatrocinio-leia-esta-materia-e-fique-por-dentro\/","og_site_name":"Previnorte","article_modified_time":"2024-08-09T17:27:34+00:00","twitter_card":"summary_large_image","twitter_misc":{"Est. tempo de leitura":"1 minuto"},"schema":{"@context":"https:\/\/schema.org","@graph":[{"@type":"WebPage","@id":"https:\/\/previnorte.com.br\/site2\/conhece-o-autopatrocinio-leia-esta-materia-e-fique-por-dentro\/","url":"https:\/\/previnorte.com.br\/site2\/conhece-o-autopatrocinio-leia-esta-materia-e-fique-por-dentro\/","name":"Conhe\u00e7a o Autopatroc\u00ednio, op\u00e7\u00e3o para manter sua previd\u00eancia complementar - Previnorte","isPartOf":{"@id":"https:\/\/previnorte.com.br\/site2\/#website"},"datePublished":"2024-08-06T20:11:30+00:00","dateModified":"2024-08-09T17:27:34+00:00","breadcrumb":{"@id":"https:\/\/previnorte.com.br\/site2\/conhece-o-autopatrocinio-leia-esta-materia-e-fique-por-dentro\/#breadcrumb"},"inLanguage":"pt-BR","potentialAction":[{"@type":"ReadAction","target":["https:\/\/previnorte.com.br\/site2\/conhece-o-autopatrocinio-leia-esta-materia-e-fique-por-dentro\/"]}]},{"@type":"BreadcrumbList","@id":"https:\/\/previnorte.com.br\/site2\/conhece-o-autopatrocinio-leia-esta-materia-e-fique-por-dentro\/#breadcrumb","itemListElement":[{"@type":"ListItem","position":1,"name":"In\u00edcio","item":"https:\/\/previnorte.com.br\/site2\/"},{"@type":"ListItem","position":2,"name":"Conhe\u00e7a o Autopatroc\u00ednio, op\u00e7\u00e3o para manter sua previd\u00eancia complementar"}]},{"@type":"WebSite","@id":"https:\/\/previnorte.com.br\/site2\/#website","url":"https:\/\/previnorte.com.br\/site2\/","name":"Previnorte","description":"Uma entidade fechada de previd\u00eancia complementar,  sem fins lucrativos.","potentialAction":[{"@type":"SearchAction","target":{"@type":"EntryPoint","urlTemplate":"https:\/\/previnorte.com.br\/site2\/?s={search_term_string}"},"query-input":{"@type":"PropertyValueSpecification","valueRequired":true,"valueName":"search_term_string"}}],"inLanguage":"pt-BR"}]}},"_links":{"self":[{"href":"https:\/\/previnorte.com.br\/site2\/wp-json\/wp\/v2\/pages\/12715","targetHints":{"allow":["GET"]}}],"collection":[{"href":"https:\/\/previnorte.com.br\/site2\/wp-json\/wp\/v2\/pages"}],"about":[{"href":"https:\/\/previnorte.com.br\/site2\/wp-json\/wp\/v2\/types\/page"}],"author":[{"embeddable":true,"href":"https:\/\/previnorte.com.br\/site2\/wp-json\/wp\/v2\/users\/6"}],"replies":[{"embeddable":true,"href":"https:\/\/previnorte.com.br\/site2\/wp-json\/wp\/v2\/comments?post=12715"}],"version-history":[{"count":21,"href":"https:\/\/previnorte.com.br\/site2\/wp-json\/wp\/v2\/pages\/12715\/revisions"}],"predecessor-version":[{"id":12757,"href":"https:\/\/previnorte.com.br\/site2\/wp-json\/wp\/v2\/pages\/12715\/revisions\/12757"}],"wp:attachment":[{"href":"https:\/\/previnorte.com.br\/site2\/wp-json\/wp\/v2\/media?parent=12715"}],"curies":[{"name":"wp","href":"https:\/\/api.w.org\/{rel}","templated":true}]}}