{"id":13050,"date":"2024-09-11T09:58:15","date_gmt":"2024-09-11T12:58:15","guid":{"rendered":"https:\/\/previnorte.com.br\/site2\/?page_id=13050"},"modified":"2024-09-12T11:56:19","modified_gmt":"2024-09-12T14:56:19","slug":"saiba-como-acompanhar-as-taxas-e-ver-o-extrato-do-seu-emprestimo","status":"publish","type":"page","link":"https:\/\/previnorte.com.br\/site2\/saiba-como-acompanhar-as-taxas-e-ver-o-extrato-do-seu-emprestimo\/","title":{"rendered":"Acompanhe seu empr\u00e9stimo na Previnorte com facilidade \u00a0"},"content":{"rendered":"\n<p class=\"has-medium-font-size\">A\u00a0Previnorte oferece empr\u00e9stimos aos seus participantes,\u00a0com base nos respectivos saldos de contas individuais\u00a0e com\u00a0condi\u00e7\u00f5es que s\u00e3o usualmente melhores\u00a0do que as praticadas pelo mercado em geral.\u00a0Todas as\u00a0condi\u00e7\u00f5es s\u00e3o estabelecidas\u00a0em regulamento pr\u00f3prio.<\/p>\n\n\n\n<p class=\"has-medium-font-size\">Os empr\u00e9stimos s\u00e3o oferecidos na modalidade p\u00f3s-fixada, de modo que o valor do saldo devedor \u00e9 atualizado mensalmente pelo \u00edndice previsto no contrato (IPCA ou INPC) gerando o valor da parcela mensal. Isto quer dizer que o \u00edndice apurado no m\u00eas anterior ir\u00e1 determinar se a parcela mensal ficar\u00e1 maior ou menor em rela\u00e7\u00e3o \u00e0 \u00faltima que foi paga. Basicamente, quando maior a infla\u00e7\u00e3o no m\u00eas anterior, maior ser\u00e1 o valor da parcela em uma determinada refer\u00eancia.<\/p>\n\n\n\n<p class=\"has-medium-font-size\">Se voc\u00ea possui empr\u00e9stimos contratados\u00a0com a Funda\u00e7\u00e3o, pode acompanhar mensalmente a evolu\u00e7\u00e3o de seu contrato no Portal do Participante ou no APP da Previnorte.\u00a0<\/p>\n\n\n\n<p class=\"has-medium-font-size\">Para acessar seu\u00a0Extrato de Empr\u00e9stimo no Portal do Participante, siga estes passos:<\/p>\n\n\n\n<ol class=\"wp-block-list\">\n<li>v\u00e1 ao Portal do Participante;<\/li>\n\n\n\n<li>fa\u00e7a login com seu CPF e senha individual;<\/li>\n\n\n\n<li>no menu \u00e0 direita, selecione \u201cEmpr\u00e9stimo\u201d e depois \u201cExtrato\u201d.<\/li>\n<\/ol>\n\n\n\n<p class=\"has-medium-font-size\">No extrato, voc\u00ea pode acompanhar:<\/p>\n\n\n\n<ul class=\"wp-block-list\">\n<li>o valor do empr\u00e9stimo;<\/li>\n\n\n\n<li>o valor l\u00edquido creditado;<\/li>\n\n\n\n<li>a data do cr\u00e9dito;<\/li>\n\n\n\n<li>o saldo devedor;<\/li>\n\n\n\n<li>as taxas incidentes; e,<\/li>\n\n\n\n<li>o n\u00famero de parcelas j\u00e1 pagas.<\/li>\n<\/ul>\n\n\n\n<p class=\"has-medium-font-size\">Al\u00e9m de consultar seu extrato, voc\u00ea pode acessar as taxas aplic\u00e1veis aos empr\u00e9stimos no site da Funda\u00e7\u00e3o, no menu Empr\u00e9stimos >> Taxas.<\/p>\n\n\n\n<p class=\"has-small-font-size\">Compartilhe esta mat\u00e9ria:<\/p>\n","protected":false},"excerpt":{"rendered":"<p>A\u00a0Previnorte oferece empr\u00e9stimos aos seus participantes,\u00a0com base nos respectivos saldos de contas individuais\u00a0e com\u00a0condi\u00e7\u00f5es que s\u00e3o usualmente melhores\u00a0do que as praticadas pelo mercado em geral.\u00a0Todas as\u00a0condi\u00e7\u00f5es s\u00e3o estabelecidas\u00a0em regulamento pr\u00f3prio. Os empr\u00e9stimos s\u00e3o oferecidos na modalidade p\u00f3s-fixada, de modo que o valor do saldo devedor \u00e9 atualizado mensalmente pelo \u00edndice previsto no contrato (IPCA ou [&hellip;]<\/p>\n","protected":false},"author":6,"featured_media":0,"parent":0,"menu_order":0,"comment_status":"closed","ping_status":"closed","template":"","meta":{"_acf_changed":false,"om_disable_all_campaigns":false,"_monsterinsights_skip_tracking":false,"_monsterinsights_sitenote_active":false,"_monsterinsights_sitenote_note":"","_monsterinsights_sitenote_category":0,"_uf_show_specific_survey":0,"_uf_disable_surveys":false,"footnotes":""},"class_list":["post-13050","page","type-page","status-publish","hentry"],"acf":[],"aioseo_notices":[],"yoast_head":"<!-- This site is optimized with the Yoast SEO plugin v26.2 - https:\/\/yoast.com\/wordpress\/plugins\/seo\/ -->\r\n<title>Acompanhe seu empr\u00e9stimo na Previnorte com facilidade \u00a0 - Previnorte<\/title>\r\n<meta name=\"robots\" content=\"index, follow, max-snippet:-1, max-image-preview:large, max-video-preview:-1\" \/>\r\n<link rel=\"canonical\" href=\"https:\/\/previnorte.com.br\/site2\/saiba-como-acompanhar-as-taxas-e-ver-o-extrato-do-seu-emprestimo\/\" \/>\r\n<meta property=\"og:locale\" content=\"pt_BR\" \/>\r\n<meta property=\"og:type\" content=\"article\" \/>\r\n<meta property=\"og:title\" content=\"Acompanhe seu empr\u00e9stimo na Previnorte com facilidade \u00a0 - Previnorte\" \/>\r\n<meta property=\"og:description\" content=\"A\u00a0Previnorte oferece empr\u00e9stimos aos seus participantes,\u00a0com base nos respectivos saldos de contas individuais\u00a0e com\u00a0condi\u00e7\u00f5es que s\u00e3o usualmente melhores\u00a0do que as praticadas pelo mercado em geral.\u00a0Todas as\u00a0condi\u00e7\u00f5es s\u00e3o estabelecidas\u00a0em regulamento pr\u00f3prio. Os empr\u00e9stimos s\u00e3o oferecidos na modalidade p\u00f3s-fixada, de modo que o valor do saldo devedor \u00e9 atualizado mensalmente pelo \u00edndice previsto no contrato (IPCA ou [&hellip;]\" \/>\r\n<meta property=\"og:url\" content=\"https:\/\/previnorte.com.br\/site2\/saiba-como-acompanhar-as-taxas-e-ver-o-extrato-do-seu-emprestimo\/\" \/>\r\n<meta property=\"og:site_name\" content=\"Previnorte\" \/>\r\n<meta property=\"article:modified_time\" content=\"2024-09-12T14:56:19+00:00\" \/>\r\n<meta name=\"twitter:card\" content=\"summary_large_image\" \/>\r\n<meta name=\"twitter:label1\" content=\"Est. tempo de leitura\" \/>\n\t<meta name=\"twitter:data1\" content=\"2 minutos\" \/>\r\n<script type=\"application\/ld+json\" class=\"yoast-schema-graph\">{\"@context\":\"https:\/\/schema.org\",\"@graph\":[{\"@type\":\"WebPage\",\"@id\":\"https:\/\/previnorte.com.br\/site2\/saiba-como-acompanhar-as-taxas-e-ver-o-extrato-do-seu-emprestimo\/\",\"url\":\"https:\/\/previnorte.com.br\/site2\/saiba-como-acompanhar-as-taxas-e-ver-o-extrato-do-seu-emprestimo\/\",\"name\":\"Acompanhe seu empr\u00e9stimo na Previnorte com facilidade \u00a0 - Previnorte\",\"isPartOf\":{\"@id\":\"https:\/\/previnorte.com.br\/site2\/#website\"},\"datePublished\":\"2024-09-11T12:58:15+00:00\",\"dateModified\":\"2024-09-12T14:56:19+00:00\",\"breadcrumb\":{\"@id\":\"https:\/\/previnorte.com.br\/site2\/saiba-como-acompanhar-as-taxas-e-ver-o-extrato-do-seu-emprestimo\/#breadcrumb\"},\"inLanguage\":\"pt-BR\",\"potentialAction\":[{\"@type\":\"ReadAction\",\"target\":[\"https:\/\/previnorte.com.br\/site2\/saiba-como-acompanhar-as-taxas-e-ver-o-extrato-do-seu-emprestimo\/\"]}]},{\"@type\":\"BreadcrumbList\",\"@id\":\"https:\/\/previnorte.com.br\/site2\/saiba-como-acompanhar-as-taxas-e-ver-o-extrato-do-seu-emprestimo\/#breadcrumb\",\"itemListElement\":[{\"@type\":\"ListItem\",\"position\":1,\"name\":\"In\u00edcio\",\"item\":\"https:\/\/previnorte.com.br\/site2\/\"},{\"@type\":\"ListItem\",\"position\":2,\"name\":\"Acompanhe seu empr\u00e9stimo na Previnorte com facilidade \u00a0\"}]},{\"@type\":\"WebSite\",\"@id\":\"https:\/\/previnorte.com.br\/site2\/#website\",\"url\":\"https:\/\/previnorte.com.br\/site2\/\",\"name\":\"Previnorte\",\"description\":\"Uma entidade fechada de previd\u00eancia complementar,  sem fins lucrativos.\",\"potentialAction\":[{\"@type\":\"SearchAction\",\"target\":{\"@type\":\"EntryPoint\",\"urlTemplate\":\"https:\/\/previnorte.com.br\/site2\/?s={search_term_string}\"},\"query-input\":{\"@type\":\"PropertyValueSpecification\",\"valueRequired\":true,\"valueName\":\"search_term_string\"}}],\"inLanguage\":\"pt-BR\"}]}<\/script>\r\n<!-- \/ Yoast SEO plugin. -->","yoast_head_json":{"title":"Acompanhe seu empr\u00e9stimo na Previnorte com facilidade \u00a0 - Previnorte","robots":{"index":"index","follow":"follow","max-snippet":"max-snippet:-1","max-image-preview":"max-image-preview:large","max-video-preview":"max-video-preview:-1"},"canonical":"https:\/\/previnorte.com.br\/site2\/saiba-como-acompanhar-as-taxas-e-ver-o-extrato-do-seu-emprestimo\/","og_locale":"pt_BR","og_type":"article","og_title":"Acompanhe seu empr\u00e9stimo na Previnorte com facilidade \u00a0 - Previnorte","og_description":"A\u00a0Previnorte oferece empr\u00e9stimos aos seus participantes,\u00a0com base nos respectivos saldos de contas individuais\u00a0e com\u00a0condi\u00e7\u00f5es que s\u00e3o usualmente melhores\u00a0do que as praticadas pelo mercado em geral.\u00a0Todas as\u00a0condi\u00e7\u00f5es s\u00e3o estabelecidas\u00a0em regulamento pr\u00f3prio. Os empr\u00e9stimos s\u00e3o oferecidos na modalidade p\u00f3s-fixada, de modo que o valor do saldo devedor \u00e9 atualizado mensalmente pelo \u00edndice previsto no contrato (IPCA ou [&hellip;]","og_url":"https:\/\/previnorte.com.br\/site2\/saiba-como-acompanhar-as-taxas-e-ver-o-extrato-do-seu-emprestimo\/","og_site_name":"Previnorte","article_modified_time":"2024-09-12T14:56:19+00:00","twitter_card":"summary_large_image","twitter_misc":{"Est. tempo de leitura":"2 minutos"},"schema":{"@context":"https:\/\/schema.org","@graph":[{"@type":"WebPage","@id":"https:\/\/previnorte.com.br\/site2\/saiba-como-acompanhar-as-taxas-e-ver-o-extrato-do-seu-emprestimo\/","url":"https:\/\/previnorte.com.br\/site2\/saiba-como-acompanhar-as-taxas-e-ver-o-extrato-do-seu-emprestimo\/","name":"Acompanhe seu empr\u00e9stimo na Previnorte com facilidade \u00a0 - Previnorte","isPartOf":{"@id":"https:\/\/previnorte.com.br\/site2\/#website"},"datePublished":"2024-09-11T12:58:15+00:00","dateModified":"2024-09-12T14:56:19+00:00","breadcrumb":{"@id":"https:\/\/previnorte.com.br\/site2\/saiba-como-acompanhar-as-taxas-e-ver-o-extrato-do-seu-emprestimo\/#breadcrumb"},"inLanguage":"pt-BR","potentialAction":[{"@type":"ReadAction","target":["https:\/\/previnorte.com.br\/site2\/saiba-como-acompanhar-as-taxas-e-ver-o-extrato-do-seu-emprestimo\/"]}]},{"@type":"BreadcrumbList","@id":"https:\/\/previnorte.com.br\/site2\/saiba-como-acompanhar-as-taxas-e-ver-o-extrato-do-seu-emprestimo\/#breadcrumb","itemListElement":[{"@type":"ListItem","position":1,"name":"In\u00edcio","item":"https:\/\/previnorte.com.br\/site2\/"},{"@type":"ListItem","position":2,"name":"Acompanhe seu empr\u00e9stimo na Previnorte com facilidade \u00a0"}]},{"@type":"WebSite","@id":"https:\/\/previnorte.com.br\/site2\/#website","url":"https:\/\/previnorte.com.br\/site2\/","name":"Previnorte","description":"Uma entidade fechada de previd\u00eancia complementar,  sem fins lucrativos.","potentialAction":[{"@type":"SearchAction","target":{"@type":"EntryPoint","urlTemplate":"https:\/\/previnorte.com.br\/site2\/?s={search_term_string}"},"query-input":{"@type":"PropertyValueSpecification","valueRequired":true,"valueName":"search_term_string"}}],"inLanguage":"pt-BR"}]}},"_links":{"self":[{"href":"https:\/\/previnorte.com.br\/site2\/wp-json\/wp\/v2\/pages\/13050","targetHints":{"allow":["GET"]}}],"collection":[{"href":"https:\/\/previnorte.com.br\/site2\/wp-json\/wp\/v2\/pages"}],"about":[{"href":"https:\/\/previnorte.com.br\/site2\/wp-json\/wp\/v2\/types\/page"}],"author":[{"embeddable":true,"href":"https:\/\/previnorte.com.br\/site2\/wp-json\/wp\/v2\/users\/6"}],"replies":[{"embeddable":true,"href":"https:\/\/previnorte.com.br\/site2\/wp-json\/wp\/v2\/comments?post=13050"}],"version-history":[{"count":17,"href":"https:\/\/previnorte.com.br\/site2\/wp-json\/wp\/v2\/pages\/13050\/revisions"}],"predecessor-version":[{"id":13087,"href":"https:\/\/previnorte.com.br\/site2\/wp-json\/wp\/v2\/pages\/13050\/revisions\/13087"}],"wp:attachment":[{"href":"https:\/\/previnorte.com.br\/site2\/wp-json\/wp\/v2\/media?parent=13050"}],"curies":[{"name":"wp","href":"https:\/\/api.w.org\/{rel}","templated":true}]}}