{"id":14580,"date":"2024-12-12T14:56:37","date_gmt":"2024-12-12T17:56:37","guid":{"rendered":"https:\/\/previnorte.com.br\/site2\/?page_id=14580"},"modified":"2024-12-12T17:00:43","modified_gmt":"2024-12-12T20:00:43","slug":"venda-do-belem-office-center-gera-resultados-positivos-para-a-previnorte","status":"publish","type":"page","link":"https:\/\/previnorte.com.br\/site2\/venda-do-belem-office-center-gera-resultados-positivos-para-a-previnorte\/","title":{"rendered":"<strong>Previnorte realiza venda do Bel\u00e9m Office Center<\/strong>"},"content":{"rendered":"\n<div class=\"wp-block-media-text alignwide is-stacked-on-mobile\" style=\"grid-template-columns:23% auto\"><figure class=\"wp-block-media-text__media\"><img loading=\"lazy\" decoding=\"async\" width=\"631\" height=\"1024\" src=\"https:\/\/previnorte.com.br\/site2\/wp-content\/uploads\/2024\/12\/Investimentos-2-631x1024.png\" alt=\"\" class=\"wp-image-14600 size-full\" srcset=\"https:\/\/previnorte.com.br\/site2\/wp-content\/uploads\/2024\/12\/Investimentos-2-631x1024.png 631w, https:\/\/previnorte.com.br\/site2\/wp-content\/uploads\/2024\/12\/Investimentos-2-308x500.png 308w, https:\/\/previnorte.com.br\/site2\/wp-content\/uploads\/2024\/12\/Investimentos-2-768x1247.png 768w, https:\/\/previnorte.com.br\/site2\/wp-content\/uploads\/2024\/12\/Investimentos-2-946x1536.png 946w, https:\/\/previnorte.com.br\/site2\/wp-content\/uploads\/2024\/12\/Investimentos-2.png 1080w\" sizes=\"auto, (max-width: 631px) 100vw, 631px\" \/><\/figure><div class=\"wp-block-media-text__content\">\n<p class=\"has-medium-font-size\">A Previnorte vendeu sua parte no Edif\u00edcio Bel\u00e9m Office Center. A concretiza\u00e7\u00e3o da venda do empreendimento segue estrat\u00e9gia aprovada pelo Conselho Deliberativo e refor\u00e7a o compromisso da Funda\u00e7\u00e3o em buscar as melhores oportunidades de investimento para seus participantes, abrindo caminho para novas oportunidades de aplica\u00e7\u00e3o com a otimiza\u00e7\u00e3o do portf\u00f3lio, o que fortalece as carteiras dos planos.<\/p>\n\n\n\n<p><\/p>\n\n\n\n<p class=\"has-medium-font-size\">A estrat\u00e9gia\u00a0de venda atende, tamb\u00e9m, \u00e0 legisla\u00e7\u00e3o vigente. Isso porque, como as demais Entidades Fechadas de Previd\u00eancia Complementar, a Funda\u00e7\u00e3o n\u00e3o poder\u00e1 ter im\u00f3veis diretos em suas carteiras a partir do ano de 2030, conforme previsto na Resolu\u00e7\u00e3o 4.994 do Conselho Monet\u00e1rio Nacional.<\/p>\n<\/div><\/div>\n\n\n\n<div style=\"height:52px\" aria-hidden=\"true\" class=\"wp-block-spacer\"><\/div>\n\n\n\n<p class=\"has-small-font-size\">Compartilhe esta mat\u00e9ria:<\/p>\n","protected":false},"excerpt":{"rendered":"<p>A Previnorte vendeu sua parte no Edif\u00edcio Bel\u00e9m Office Center. A concretiza\u00e7\u00e3o da venda do empreendimento segue estrat\u00e9gia aprovada pelo Conselho Deliberativo e refor\u00e7a o compromisso da Funda\u00e7\u00e3o em buscar as melhores oportunidades de investimento para seus participantes, abrindo caminho para novas oportunidades de aplica\u00e7\u00e3o com a otimiza\u00e7\u00e3o do portf\u00f3lio, o que fortalece as carteiras [&hellip;]<\/p>\n","protected":false},"author":6,"featured_media":0,"parent":0,"menu_order":0,"comment_status":"closed","ping_status":"closed","template":"","meta":{"_acf_changed":false,"om_disable_all_campaigns":false,"_monsterinsights_skip_tracking":false,"_monsterinsights_sitenote_active":false,"_monsterinsights_sitenote_note":"","_monsterinsights_sitenote_category":0,"_uf_show_specific_survey":0,"_uf_disable_surveys":false,"footnotes":""},"class_list":["post-14580","page","type-page","status-publish","hentry"],"acf":[],"aioseo_notices":[],"yoast_head":"<!-- This site is optimized with the Yoast SEO plugin v26.2 - https:\/\/yoast.com\/wordpress\/plugins\/seo\/ -->\r\n<title>Previnorte realiza venda do Bel\u00e9m Office Center - Previnorte<\/title>\r\n<meta name=\"robots\" content=\"index, follow, max-snippet:-1, max-image-preview:large, max-video-preview:-1\" \/>\r\n<link rel=\"canonical\" href=\"https:\/\/previnorte.com.br\/site2\/venda-do-belem-office-center-gera-resultados-positivos-para-a-previnorte\/\" \/>\r\n<meta property=\"og:locale\" content=\"pt_BR\" \/>\r\n<meta property=\"og:type\" content=\"article\" \/>\r\n<meta property=\"og:title\" content=\"Previnorte realiza venda do Bel\u00e9m Office Center - Previnorte\" \/>\r\n<meta property=\"og:description\" content=\"A Previnorte vendeu sua parte no Edif\u00edcio Bel\u00e9m Office Center. A concretiza\u00e7\u00e3o da venda do empreendimento segue estrat\u00e9gia aprovada pelo Conselho Deliberativo e refor\u00e7a o compromisso da Funda\u00e7\u00e3o em buscar as melhores oportunidades de investimento para seus participantes, abrindo caminho para novas oportunidades de aplica\u00e7\u00e3o com a otimiza\u00e7\u00e3o do portf\u00f3lio, o que fortalece as carteiras [&hellip;]\" \/>\r\n<meta property=\"og:url\" content=\"https:\/\/previnorte.com.br\/site2\/venda-do-belem-office-center-gera-resultados-positivos-para-a-previnorte\/\" \/>\r\n<meta property=\"og:site_name\" content=\"Previnorte\" \/>\r\n<meta property=\"article:modified_time\" content=\"2024-12-12T20:00:43+00:00\" \/>\r\n<meta property=\"og:image\" content=\"https:\/\/previnorte.com.br\/site2\/wp-content\/uploads\/2024\/12\/Investimentos-2-631x1024.png\" \/>\r\n<meta name=\"twitter:card\" content=\"summary_large_image\" \/>\r\n<meta name=\"twitter:label1\" content=\"Est. tempo de leitura\" \/>\n\t<meta name=\"twitter:data1\" content=\"1 minuto\" \/>\r\n<script type=\"application\/ld+json\" class=\"yoast-schema-graph\">{\"@context\":\"https:\/\/schema.org\",\"@graph\":[{\"@type\":\"WebPage\",\"@id\":\"https:\/\/previnorte.com.br\/site2\/venda-do-belem-office-center-gera-resultados-positivos-para-a-previnorte\/\",\"url\":\"https:\/\/previnorte.com.br\/site2\/venda-do-belem-office-center-gera-resultados-positivos-para-a-previnorte\/\",\"name\":\"Previnorte realiza venda do Bel\u00e9m Office Center - Previnorte\",\"isPartOf\":{\"@id\":\"https:\/\/previnorte.com.br\/site2\/#website\"},\"primaryImageOfPage\":{\"@id\":\"https:\/\/previnorte.com.br\/site2\/venda-do-belem-office-center-gera-resultados-positivos-para-a-previnorte\/#primaryimage\"},\"image\":{\"@id\":\"https:\/\/previnorte.com.br\/site2\/venda-do-belem-office-center-gera-resultados-positivos-para-a-previnorte\/#primaryimage\"},\"thumbnailUrl\":\"https:\/\/previnorte.com.br\/site2\/wp-content\/uploads\/2024\/12\/Investimentos-2-631x1024.png\",\"datePublished\":\"2024-12-12T17:56:37+00:00\",\"dateModified\":\"2024-12-12T20:00:43+00:00\",\"breadcrumb\":{\"@id\":\"https:\/\/previnorte.com.br\/site2\/venda-do-belem-office-center-gera-resultados-positivos-para-a-previnorte\/#breadcrumb\"},\"inLanguage\":\"pt-BR\",\"potentialAction\":[{\"@type\":\"ReadAction\",\"target\":[\"https:\/\/previnorte.com.br\/site2\/venda-do-belem-office-center-gera-resultados-positivos-para-a-previnorte\/\"]}]},{\"@type\":\"ImageObject\",\"inLanguage\":\"pt-BR\",\"@id\":\"https:\/\/previnorte.com.br\/site2\/venda-do-belem-office-center-gera-resultados-positivos-para-a-previnorte\/#primaryimage\",\"url\":\"https:\/\/previnorte.com.br\/site2\/wp-content\/uploads\/2024\/12\/Investimentos-2.png\",\"contentUrl\":\"https:\/\/previnorte.com.br\/site2\/wp-content\/uploads\/2024\/12\/Investimentos-2.png\",\"width\":1080,\"height\":1753},{\"@type\":\"BreadcrumbList\",\"@id\":\"https:\/\/previnorte.com.br\/site2\/venda-do-belem-office-center-gera-resultados-positivos-para-a-previnorte\/#breadcrumb\",\"itemListElement\":[{\"@type\":\"ListItem\",\"position\":1,\"name\":\"In\u00edcio\",\"item\":\"https:\/\/previnorte.com.br\/site2\/\"},{\"@type\":\"ListItem\",\"position\":2,\"name\":\"Previnorte realiza venda do Bel\u00e9m Office Center\"}]},{\"@type\":\"WebSite\",\"@id\":\"https:\/\/previnorte.com.br\/site2\/#website\",\"url\":\"https:\/\/previnorte.com.br\/site2\/\",\"name\":\"Previnorte\",\"description\":\"Uma entidade fechada de previd\u00eancia complementar,  sem fins lucrativos.\",\"potentialAction\":[{\"@type\":\"SearchAction\",\"target\":{\"@type\":\"EntryPoint\",\"urlTemplate\":\"https:\/\/previnorte.com.br\/site2\/?s={search_term_string}\"},\"query-input\":{\"@type\":\"PropertyValueSpecification\",\"valueRequired\":true,\"valueName\":\"search_term_string\"}}],\"inLanguage\":\"pt-BR\"}]}<\/script>\r\n<!-- \/ Yoast SEO plugin. -->","yoast_head_json":{"title":"Previnorte realiza venda do Bel\u00e9m Office Center - Previnorte","robots":{"index":"index","follow":"follow","max-snippet":"max-snippet:-1","max-image-preview":"max-image-preview:large","max-video-preview":"max-video-preview:-1"},"canonical":"https:\/\/previnorte.com.br\/site2\/venda-do-belem-office-center-gera-resultados-positivos-para-a-previnorte\/","og_locale":"pt_BR","og_type":"article","og_title":"Previnorte realiza venda do Bel\u00e9m Office Center - Previnorte","og_description":"A Previnorte vendeu sua parte no Edif\u00edcio Bel\u00e9m Office Center. A concretiza\u00e7\u00e3o da venda do empreendimento segue estrat\u00e9gia aprovada pelo Conselho Deliberativo e refor\u00e7a o compromisso da Funda\u00e7\u00e3o em buscar as melhores oportunidades de investimento para seus participantes, abrindo caminho para novas oportunidades de aplica\u00e7\u00e3o com a otimiza\u00e7\u00e3o do portf\u00f3lio, o que fortalece as carteiras [&hellip;]","og_url":"https:\/\/previnorte.com.br\/site2\/venda-do-belem-office-center-gera-resultados-positivos-para-a-previnorte\/","og_site_name":"Previnorte","article_modified_time":"2024-12-12T20:00:43+00:00","og_image":[{"url":"https:\/\/previnorte.com.br\/site2\/wp-content\/uploads\/2024\/12\/Investimentos-2-631x1024.png","type":"","width":"","height":""}],"twitter_card":"summary_large_image","twitter_misc":{"Est. tempo de leitura":"1 minuto"},"schema":{"@context":"https:\/\/schema.org","@graph":[{"@type":"WebPage","@id":"https:\/\/previnorte.com.br\/site2\/venda-do-belem-office-center-gera-resultados-positivos-para-a-previnorte\/","url":"https:\/\/previnorte.com.br\/site2\/venda-do-belem-office-center-gera-resultados-positivos-para-a-previnorte\/","name":"Previnorte realiza venda do Bel\u00e9m Office Center - Previnorte","isPartOf":{"@id":"https:\/\/previnorte.com.br\/site2\/#website"},"primaryImageOfPage":{"@id":"https:\/\/previnorte.com.br\/site2\/venda-do-belem-office-center-gera-resultados-positivos-para-a-previnorte\/#primaryimage"},"image":{"@id":"https:\/\/previnorte.com.br\/site2\/venda-do-belem-office-center-gera-resultados-positivos-para-a-previnorte\/#primaryimage"},"thumbnailUrl":"https:\/\/previnorte.com.br\/site2\/wp-content\/uploads\/2024\/12\/Investimentos-2-631x1024.png","datePublished":"2024-12-12T17:56:37+00:00","dateModified":"2024-12-12T20:00:43+00:00","breadcrumb":{"@id":"https:\/\/previnorte.com.br\/site2\/venda-do-belem-office-center-gera-resultados-positivos-para-a-previnorte\/#breadcrumb"},"inLanguage":"pt-BR","potentialAction":[{"@type":"ReadAction","target":["https:\/\/previnorte.com.br\/site2\/venda-do-belem-office-center-gera-resultados-positivos-para-a-previnorte\/"]}]},{"@type":"ImageObject","inLanguage":"pt-BR","@id":"https:\/\/previnorte.com.br\/site2\/venda-do-belem-office-center-gera-resultados-positivos-para-a-previnorte\/#primaryimage","url":"https:\/\/previnorte.com.br\/site2\/wp-content\/uploads\/2024\/12\/Investimentos-2.png","contentUrl":"https:\/\/previnorte.com.br\/site2\/wp-content\/uploads\/2024\/12\/Investimentos-2.png","width":1080,"height":1753},{"@type":"BreadcrumbList","@id":"https:\/\/previnorte.com.br\/site2\/venda-do-belem-office-center-gera-resultados-positivos-para-a-previnorte\/#breadcrumb","itemListElement":[{"@type":"ListItem","position":1,"name":"In\u00edcio","item":"https:\/\/previnorte.com.br\/site2\/"},{"@type":"ListItem","position":2,"name":"Previnorte realiza venda do Bel\u00e9m Office Center"}]},{"@type":"WebSite","@id":"https:\/\/previnorte.com.br\/site2\/#website","url":"https:\/\/previnorte.com.br\/site2\/","name":"Previnorte","description":"Uma entidade fechada de previd\u00eancia complementar,  sem fins lucrativos.","potentialAction":[{"@type":"SearchAction","target":{"@type":"EntryPoint","urlTemplate":"https:\/\/previnorte.com.br\/site2\/?s={search_term_string}"},"query-input":{"@type":"PropertyValueSpecification","valueRequired":true,"valueName":"search_term_string"}}],"inLanguage":"pt-BR"}]}},"_links":{"self":[{"href":"https:\/\/previnorte.com.br\/site2\/wp-json\/wp\/v2\/pages\/14580","targetHints":{"allow":["GET"]}}],"collection":[{"href":"https:\/\/previnorte.com.br\/site2\/wp-json\/wp\/v2\/pages"}],"about":[{"href":"https:\/\/previnorte.com.br\/site2\/wp-json\/wp\/v2\/types\/page"}],"author":[{"embeddable":true,"href":"https:\/\/previnorte.com.br\/site2\/wp-json\/wp\/v2\/users\/6"}],"replies":[{"embeddable":true,"href":"https:\/\/previnorte.com.br\/site2\/wp-json\/wp\/v2\/comments?post=14580"}],"version-history":[{"count":21,"href":"https:\/\/previnorte.com.br\/site2\/wp-json\/wp\/v2\/pages\/14580\/revisions"}],"predecessor-version":[{"id":14611,"href":"https:\/\/previnorte.com.br\/site2\/wp-json\/wp\/v2\/pages\/14580\/revisions\/14611"}],"wp:attachment":[{"href":"https:\/\/previnorte.com.br\/site2\/wp-json\/wp\/v2\/media?parent=14580"}],"curies":[{"name":"wp","href":"https:\/\/api.w.org\/{rel}","templated":true}]}}