{"id":14908,"date":"2025-01-07T15:47:44","date_gmt":"2025-01-07T18:47:44","guid":{"rendered":"https:\/\/previnorte.com.br\/site2\/?page_id=14908"},"modified":"2025-01-09T15:48:42","modified_gmt":"2025-01-09T18:48:42","slug":"seu-futuro-mais-seguro-conheca-os-ganhos-com-o-selo-de-autorregulacao-em-governanca-de-investimentos","status":"publish","type":"page","link":"https:\/\/previnorte.com.br\/site2\/seu-futuro-mais-seguro-conheca-os-ganhos-com-o-selo-de-autorregulacao-em-governanca-de-investimentos\/","title":{"rendered":"O que representa o Selo de Autorregula\u00e7\u00e3o em Governan\u00e7a de Investimentos"},"content":{"rendered":"<div class=\"wp-block-image\">\n<figure class=\"aligncenter size-large is-resized\"><img loading=\"lazy\" decoding=\"async\" src=\"https:\/\/previnorte.com.br\/site2\/wp-content\/uploads\/2025\/01\/selo_investimentos-1-1024x831.png\" alt=\"\" class=\"wp-image-14920\" width=\"277\" height=\"224\" srcset=\"https:\/\/previnorte.com.br\/site2\/wp-content\/uploads\/2025\/01\/selo_investimentos-1-1024x831.png 1024w, https:\/\/previnorte.com.br\/site2\/wp-content\/uploads\/2025\/01\/selo_investimentos-1-500x406.png 500w, https:\/\/previnorte.com.br\/site2\/wp-content\/uploads\/2025\/01\/selo_investimentos-1-768x623.png 768w, https:\/\/previnorte.com.br\/site2\/wp-content\/uploads\/2025\/01\/selo_investimentos-1-1536x1246.png 1536w, https:\/\/previnorte.com.br\/site2\/wp-content\/uploads\/2025\/01\/selo_investimentos-1-2048x1662.png 2048w\" sizes=\"auto, (max-width: 277px) 100vw, 277px\" \/><\/figure><\/div>\n\n\n<p class=\"has-medium-font-size\">O Selo de Autorregula\u00e7\u00e3o em Governan\u00e7a de Investimentos da Abrapp representa a evid\u00eancia de que seus recursos est\u00e3o sendo investidos de forma segura e transparente. \u00c9 uma garantia de que a Previnorte est\u00e1 comprometida com as melhores pr\u00e1ticas de gest\u00e3o, com mais seguran\u00e7a e tranquilidade para voc\u00ea.<\/p>\n\n\n\n<p class=\"has-pale-cyan-blue-background-color has-background has-medium-font-size\"><strong>Sobre o Selo<\/strong>:<\/p>\n\n\n\n<p class=\"has-medium-font-size\">O Selo da Abrapp \u00e9 uma certifica\u00e7\u00e3o concedida para as entidades de previd\u00eancia complementar que adotam as melhores pr\u00e1ticas de governan\u00e7a corporativa em seus processos de investimento. Essa certifica\u00e7\u00e3o \u00e9 um reconhecimento p\u00fablico do compromisso da entidade com a transpar\u00eancia, a efici\u00eancia e a seguran\u00e7a dos recursos dos participantes.<\/p>\n\n\n\n<p class=\"has-pale-cyan-blue-background-color has-background has-medium-font-size\"><strong>Os benef\u00edcios para voc\u00ea, participante:<\/strong><\/p>\n\n\n\n<ul class=\"wp-block-list\">\n<li><strong>Mais seguran\u00e7a:<\/strong> Com a conquista do Selo da Abrapp pela Previnorte, voc\u00ea tem a garantia de que seus recursos est\u00e3o sendo investidos de forma respons\u00e1vel, de acordo com as melhores pr\u00e1ticas de mercado.<\/li>\n\n\n\n<li><strong>Maior transpar\u00eancia:<\/strong> As entidades que possuem o selo s\u00e3o obrigadas a um maior n\u00edvel de transpar\u00eancia em rela\u00e7\u00e3o \u00e0 gest\u00e3o, o que permite que voc\u00ea acompanhe ainda mais\u00a0de perto a aplica\u00e7\u00e3o de seus recursos.<\/li>\n\n\n\n<li><strong>Melhores resultados:<\/strong> As entidades certificadas demonstram maior cuidado na gest\u00e3o dos recursos, buscando sempre as melhores alternativas de investimento e otimizando os resultados.<\/li>\n\n\n\n<li><strong>Planejamento financeiro mais seguro:<\/strong> Confian\u00e7a e seguran\u00e7a para voc\u00ea pode planejar seu futuro com mais tranquilidade, sabendo que seus recursos est\u00e3o sendo administrados de forma profissional e eficiente.<\/li>\n<\/ul>\n\n\n\n<p class=\"has-pale-cyan-blue-background-color has-background has-medium-font-size\"><strong>Como o Selo \u00e9 conquistado?<\/strong><\/p>\n\n\n\n<p class=\"has-medium-font-size\">Para obter o Selo da Abrapp, as entidades precisam passar por uma avalia\u00e7\u00e3o extremamente rigorosa que verifique a conformidade com os crit\u00e9rios estabelecidos no C\u00f3digo de Autorregula\u00e7\u00e3o em Governan\u00e7a de Investimentos. Esta avalia\u00e7\u00e3o abrange diversos aspectos, como a estrutura de governan\u00e7a, os processos de investimento, os controles internos e a divulga\u00e7\u00e3o das informa\u00e7\u00f5es.<\/p>\n\n\n\n<p class=\"has-text-align-center has-medium-font-size\"><strong>Previnorte: seu presente e seu futuro est\u00e3o em nossos planos!<\/strong><\/p>\n\n\n\n<div style=\"height:17px\" aria-hidden=\"true\" class=\"wp-block-spacer\"><\/div>\n\n\n\n<p class=\"has-small-font-size\">Compartilhe esta mat\u00e9ria:<\/p>\n","protected":false},"excerpt":{"rendered":"<p>O Selo de Autorregula\u00e7\u00e3o em Governan\u00e7a de Investimentos da Abrapp representa a evid\u00eancia de que seus recursos est\u00e3o sendo investidos de forma segura e transparente. \u00c9 uma garantia de que a Previnorte est\u00e1 comprometida com as melhores pr\u00e1ticas de gest\u00e3o, com mais seguran\u00e7a e tranquilidade para voc\u00ea. Sobre o Selo: O Selo da Abrapp \u00e9 [&hellip;]<\/p>\n","protected":false},"author":6,"featured_media":0,"parent":0,"menu_order":0,"comment_status":"closed","ping_status":"closed","template":"","meta":{"_acf_changed":false,"om_disable_all_campaigns":false,"_monsterinsights_skip_tracking":false,"_monsterinsights_sitenote_active":false,"_monsterinsights_sitenote_note":"","_monsterinsights_sitenote_category":0,"_uf_show_specific_survey":0,"_uf_disable_surveys":false,"footnotes":""},"class_list":["post-14908","page","type-page","status-publish","hentry"],"acf":[],"aioseo_notices":[],"yoast_head":"<!-- This site is optimized with the Yoast SEO plugin v26.2 - https:\/\/yoast.com\/wordpress\/plugins\/seo\/ -->\r\n<title>O que representa o Selo de Autorregula\u00e7\u00e3o em Governan\u00e7a de Investimentos - Previnorte<\/title>\r\n<meta name=\"robots\" content=\"index, follow, max-snippet:-1, max-image-preview:large, max-video-preview:-1\" \/>\r\n<link rel=\"canonical\" href=\"https:\/\/previnorte.com.br\/site2\/seu-futuro-mais-seguro-conheca-os-ganhos-com-o-selo-de-autorregulacao-em-governanca-de-investimentos\/\" \/>\r\n<meta property=\"og:locale\" content=\"pt_BR\" \/>\r\n<meta property=\"og:type\" content=\"article\" \/>\r\n<meta property=\"og:title\" content=\"O que representa o Selo de Autorregula\u00e7\u00e3o em Governan\u00e7a de Investimentos - Previnorte\" \/>\r\n<meta property=\"og:description\" content=\"O Selo de Autorregula\u00e7\u00e3o em Governan\u00e7a de Investimentos da Abrapp representa a evid\u00eancia de que seus recursos est\u00e3o sendo investidos de forma segura e transparente. \u00c9 uma garantia de que a Previnorte est\u00e1 comprometida com as melhores pr\u00e1ticas de gest\u00e3o, com mais seguran\u00e7a e tranquilidade para voc\u00ea. Sobre o Selo: O Selo da Abrapp \u00e9 [&hellip;]\" \/>\r\n<meta property=\"og:url\" content=\"https:\/\/previnorte.com.br\/site2\/seu-futuro-mais-seguro-conheca-os-ganhos-com-o-selo-de-autorregulacao-em-governanca-de-investimentos\/\" \/>\r\n<meta property=\"og:site_name\" content=\"Previnorte\" \/>\r\n<meta property=\"article:modified_time\" content=\"2025-01-09T18:48:42+00:00\" \/>\r\n<meta property=\"og:image\" content=\"https:\/\/previnorte.com.br\/site2\/wp-content\/uploads\/2025\/01\/selo_investimentos-1-1024x831.png\" \/>\r\n<meta name=\"twitter:card\" content=\"summary_large_image\" \/>\r\n<meta name=\"twitter:label1\" content=\"Est. tempo de leitura\" \/>\n\t<meta name=\"twitter:data1\" content=\"2 minutos\" \/>\r\n<script type=\"application\/ld+json\" class=\"yoast-schema-graph\">{\"@context\":\"https:\/\/schema.org\",\"@graph\":[{\"@type\":\"WebPage\",\"@id\":\"https:\/\/previnorte.com.br\/site2\/seu-futuro-mais-seguro-conheca-os-ganhos-com-o-selo-de-autorregulacao-em-governanca-de-investimentos\/\",\"url\":\"https:\/\/previnorte.com.br\/site2\/seu-futuro-mais-seguro-conheca-os-ganhos-com-o-selo-de-autorregulacao-em-governanca-de-investimentos\/\",\"name\":\"O que representa o Selo de Autorregula\u00e7\u00e3o em Governan\u00e7a de Investimentos - Previnorte\",\"isPartOf\":{\"@id\":\"https:\/\/previnorte.com.br\/site2\/#website\"},\"primaryImageOfPage\":{\"@id\":\"https:\/\/previnorte.com.br\/site2\/seu-futuro-mais-seguro-conheca-os-ganhos-com-o-selo-de-autorregulacao-em-governanca-de-investimentos\/#primaryimage\"},\"image\":{\"@id\":\"https:\/\/previnorte.com.br\/site2\/seu-futuro-mais-seguro-conheca-os-ganhos-com-o-selo-de-autorregulacao-em-governanca-de-investimentos\/#primaryimage\"},\"thumbnailUrl\":\"https:\/\/previnorte.com.br\/site2\/wp-content\/uploads\/2025\/01\/selo_investimentos-1-1024x831.png\",\"datePublished\":\"2025-01-07T18:47:44+00:00\",\"dateModified\":\"2025-01-09T18:48:42+00:00\",\"breadcrumb\":{\"@id\":\"https:\/\/previnorte.com.br\/site2\/seu-futuro-mais-seguro-conheca-os-ganhos-com-o-selo-de-autorregulacao-em-governanca-de-investimentos\/#breadcrumb\"},\"inLanguage\":\"pt-BR\",\"potentialAction\":[{\"@type\":\"ReadAction\",\"target\":[\"https:\/\/previnorte.com.br\/site2\/seu-futuro-mais-seguro-conheca-os-ganhos-com-o-selo-de-autorregulacao-em-governanca-de-investimentos\/\"]}]},{\"@type\":\"ImageObject\",\"inLanguage\":\"pt-BR\",\"@id\":\"https:\/\/previnorte.com.br\/site2\/seu-futuro-mais-seguro-conheca-os-ganhos-com-o-selo-de-autorregulacao-em-governanca-de-investimentos\/#primaryimage\",\"url\":\"https:\/\/previnorte.com.br\/site2\/wp-content\/uploads\/2025\/01\/selo_investimentos-1.png\",\"contentUrl\":\"https:\/\/previnorte.com.br\/site2\/wp-content\/uploads\/2025\/01\/selo_investimentos-1.png\",\"width\":2498,\"height\":2027},{\"@type\":\"BreadcrumbList\",\"@id\":\"https:\/\/previnorte.com.br\/site2\/seu-futuro-mais-seguro-conheca-os-ganhos-com-o-selo-de-autorregulacao-em-governanca-de-investimentos\/#breadcrumb\",\"itemListElement\":[{\"@type\":\"ListItem\",\"position\":1,\"name\":\"In\u00edcio\",\"item\":\"https:\/\/previnorte.com.br\/site2\/\"},{\"@type\":\"ListItem\",\"position\":2,\"name\":\"O que representa o Selo de Autorregula\u00e7\u00e3o em Governan\u00e7a de Investimentos\"}]},{\"@type\":\"WebSite\",\"@id\":\"https:\/\/previnorte.com.br\/site2\/#website\",\"url\":\"https:\/\/previnorte.com.br\/site2\/\",\"name\":\"Previnorte\",\"description\":\"Uma entidade fechada de previd\u00eancia complementar,  sem fins lucrativos.\",\"potentialAction\":[{\"@type\":\"SearchAction\",\"target\":{\"@type\":\"EntryPoint\",\"urlTemplate\":\"https:\/\/previnorte.com.br\/site2\/?s={search_term_string}\"},\"query-input\":{\"@type\":\"PropertyValueSpecification\",\"valueRequired\":true,\"valueName\":\"search_term_string\"}}],\"inLanguage\":\"pt-BR\"}]}<\/script>\r\n<!-- \/ Yoast SEO plugin. -->","yoast_head_json":{"title":"O que representa o Selo de Autorregula\u00e7\u00e3o em Governan\u00e7a de Investimentos - Previnorte","robots":{"index":"index","follow":"follow","max-snippet":"max-snippet:-1","max-image-preview":"max-image-preview:large","max-video-preview":"max-video-preview:-1"},"canonical":"https:\/\/previnorte.com.br\/site2\/seu-futuro-mais-seguro-conheca-os-ganhos-com-o-selo-de-autorregulacao-em-governanca-de-investimentos\/","og_locale":"pt_BR","og_type":"article","og_title":"O que representa o Selo de Autorregula\u00e7\u00e3o em Governan\u00e7a de Investimentos - Previnorte","og_description":"O Selo de Autorregula\u00e7\u00e3o em Governan\u00e7a de Investimentos da Abrapp representa a evid\u00eancia de que seus recursos est\u00e3o sendo investidos de forma segura e transparente. \u00c9 uma garantia de que a Previnorte est\u00e1 comprometida com as melhores pr\u00e1ticas de gest\u00e3o, com mais seguran\u00e7a e tranquilidade para voc\u00ea. Sobre o Selo: O Selo da Abrapp \u00e9 [&hellip;]","og_url":"https:\/\/previnorte.com.br\/site2\/seu-futuro-mais-seguro-conheca-os-ganhos-com-o-selo-de-autorregulacao-em-governanca-de-investimentos\/","og_site_name":"Previnorte","article_modified_time":"2025-01-09T18:48:42+00:00","og_image":[{"url":"https:\/\/previnorte.com.br\/site2\/wp-content\/uploads\/2025\/01\/selo_investimentos-1-1024x831.png","type":"","width":"","height":""}],"twitter_card":"summary_large_image","twitter_misc":{"Est. tempo de leitura":"2 minutos"},"schema":{"@context":"https:\/\/schema.org","@graph":[{"@type":"WebPage","@id":"https:\/\/previnorte.com.br\/site2\/seu-futuro-mais-seguro-conheca-os-ganhos-com-o-selo-de-autorregulacao-em-governanca-de-investimentos\/","url":"https:\/\/previnorte.com.br\/site2\/seu-futuro-mais-seguro-conheca-os-ganhos-com-o-selo-de-autorregulacao-em-governanca-de-investimentos\/","name":"O que representa o Selo de Autorregula\u00e7\u00e3o em Governan\u00e7a de Investimentos - Previnorte","isPartOf":{"@id":"https:\/\/previnorte.com.br\/site2\/#website"},"primaryImageOfPage":{"@id":"https:\/\/previnorte.com.br\/site2\/seu-futuro-mais-seguro-conheca-os-ganhos-com-o-selo-de-autorregulacao-em-governanca-de-investimentos\/#primaryimage"},"image":{"@id":"https:\/\/previnorte.com.br\/site2\/seu-futuro-mais-seguro-conheca-os-ganhos-com-o-selo-de-autorregulacao-em-governanca-de-investimentos\/#primaryimage"},"thumbnailUrl":"https:\/\/previnorte.com.br\/site2\/wp-content\/uploads\/2025\/01\/selo_investimentos-1-1024x831.png","datePublished":"2025-01-07T18:47:44+00:00","dateModified":"2025-01-09T18:48:42+00:00","breadcrumb":{"@id":"https:\/\/previnorte.com.br\/site2\/seu-futuro-mais-seguro-conheca-os-ganhos-com-o-selo-de-autorregulacao-em-governanca-de-investimentos\/#breadcrumb"},"inLanguage":"pt-BR","potentialAction":[{"@type":"ReadAction","target":["https:\/\/previnorte.com.br\/site2\/seu-futuro-mais-seguro-conheca-os-ganhos-com-o-selo-de-autorregulacao-em-governanca-de-investimentos\/"]}]},{"@type":"ImageObject","inLanguage":"pt-BR","@id":"https:\/\/previnorte.com.br\/site2\/seu-futuro-mais-seguro-conheca-os-ganhos-com-o-selo-de-autorregulacao-em-governanca-de-investimentos\/#primaryimage","url":"https:\/\/previnorte.com.br\/site2\/wp-content\/uploads\/2025\/01\/selo_investimentos-1.png","contentUrl":"https:\/\/previnorte.com.br\/site2\/wp-content\/uploads\/2025\/01\/selo_investimentos-1.png","width":2498,"height":2027},{"@type":"BreadcrumbList","@id":"https:\/\/previnorte.com.br\/site2\/seu-futuro-mais-seguro-conheca-os-ganhos-com-o-selo-de-autorregulacao-em-governanca-de-investimentos\/#breadcrumb","itemListElement":[{"@type":"ListItem","position":1,"name":"In\u00edcio","item":"https:\/\/previnorte.com.br\/site2\/"},{"@type":"ListItem","position":2,"name":"O que representa o Selo de Autorregula\u00e7\u00e3o em Governan\u00e7a de Investimentos"}]},{"@type":"WebSite","@id":"https:\/\/previnorte.com.br\/site2\/#website","url":"https:\/\/previnorte.com.br\/site2\/","name":"Previnorte","description":"Uma entidade fechada de previd\u00eancia complementar,  sem fins lucrativos.","potentialAction":[{"@type":"SearchAction","target":{"@type":"EntryPoint","urlTemplate":"https:\/\/previnorte.com.br\/site2\/?s={search_term_string}"},"query-input":{"@type":"PropertyValueSpecification","valueRequired":true,"valueName":"search_term_string"}}],"inLanguage":"pt-BR"}]}},"_links":{"self":[{"href":"https:\/\/previnorte.com.br\/site2\/wp-json\/wp\/v2\/pages\/14908","targetHints":{"allow":["GET"]}}],"collection":[{"href":"https:\/\/previnorte.com.br\/site2\/wp-json\/wp\/v2\/pages"}],"about":[{"href":"https:\/\/previnorte.com.br\/site2\/wp-json\/wp\/v2\/types\/page"}],"author":[{"embeddable":true,"href":"https:\/\/previnorte.com.br\/site2\/wp-json\/wp\/v2\/users\/6"}],"replies":[{"embeddable":true,"href":"https:\/\/previnorte.com.br\/site2\/wp-json\/wp\/v2\/comments?post=14908"}],"version-history":[{"count":22,"href":"https:\/\/previnorte.com.br\/site2\/wp-json\/wp\/v2\/pages\/14908\/revisions"}],"predecessor-version":[{"id":14941,"href":"https:\/\/previnorte.com.br\/site2\/wp-json\/wp\/v2\/pages\/14908\/revisions\/14941"}],"wp:attachment":[{"href":"https:\/\/previnorte.com.br\/site2\/wp-json\/wp\/v2\/media?parent=14908"}],"curies":[{"name":"wp","href":"https:\/\/api.w.org\/{rel}","templated":true}]}}