{"id":16146,"date":"2025-04-17T12:16:51","date_gmt":"2025-04-17T15:16:51","guid":{"rendered":"https:\/\/previnorte.com.br\/site2\/?page_id=16146"},"modified":"2025-04-17T16:36:25","modified_gmt":"2025-04-17T19:36:25","slug":"previnorte-marca-presenca-em-reuniao-sobre-a-estrutura-da-nova-entidade-da-eletrobras","status":"publish","type":"page","link":"https:\/\/previnorte.com.br\/site2\/previnorte-marca-presenca-em-reuniao-sobre-a-estrutura-da-nova-entidade-da-eletrobras\/","title":{"rendered":"Representantes da Previnorte participam de encontro promovido pela Eletrobras"},"content":{"rendered":"\n<p class=\"has-medium-font-size\">Em mais uma etapa do Projeto de Otimiza\u00e7\u00e3o da Previd\u00eancia das Empresas\u00a0Eletrobras, foi realizado um encontro presencial dos grupos de trabalho formados pelos representantes t\u00e9cnicos e conselheiros das cinco entidades do grupo Eletrobras (Eletros, Elos, Fachesf, Previnorte e Real Grandeza).<\/p>\n\n\n\n<p class=\"has-medium-font-size\">O encontro foi conduzido pela Plano Consultoria,\u00a0na sede da Eletrobras, no Rio de Janeiro, durante os dias 15 e 16 de abril, com intensa troca de conhecimentos e alinhamento das melhores pr\u00e1ticas de mercado. As equipes das cinco entidades se dividiram em grupos tem\u00e1ticos, visando construir possibilidades de estruturas e macroprocessos para a nova entidade de previd\u00eancia complementar, EletrobrasPrev<\/p>\n\n\n\n<p class=\"has-medium-font-size\">Em um dos v\u00e1rios momentos de constru\u00e7\u00e3o de conhecimentos promovido pelo evento, F\u00e1bio Coelho, presidente da Amec (Associa\u00e7\u00e3o de Investidores no Mercado de Capitais) e ex-diretor superintendente da Previc, realizou uma palestra sobre o futuro da previd\u00eancia no Brasil.<\/p>\n\n\n\n<p class=\"has-medium-font-size\">A Previnorte continuar\u00e1 presente nas reuni\u00f5es dos grupos de trabalho, seguindo os cronogramas definidos pelos grupos tem\u00e1ticos, mantendo seus participantes informados sobre os andamentos do Projeto.<\/p>\n\n\n\n<p class=\"has-medium-font-size\">A gest\u00e3o da Funda\u00e7\u00e3o continua com seu foco estrat\u00e9gico de excel\u00eancia e efici\u00eancia na gest\u00e3o de seus Planos,&nbsp;pactuado e estabelecido nos atuais Regulamentos dos Planos de Benef\u00edcios Previdenci\u00e1rios.<\/p>\n\n\n\n<p class=\"has-medium-font-size\">Veja tamb\u00e9m os comunicados anteriores sobre o tema:<\/p>\n\n\n\n<ul class=\"wp-block-list\">\n<li>Eventos do projeto de Otimiza\u00e7\u00e3o da Previd\u00eancia das Empresas Eletrobras&nbsp;\u2013&nbsp;<a href=\"https:\/\/previnorte.com.br\/site2\/wp-content\/uploads\/2025\/04\/Giro-Edicao-140.pdf\" rel=\"noreferrer noopener\" target=\"_blank\">Giro de Not\u00edcias 140 de 10\/4\/2025<\/a><\/li>\n\n\n\n<li>Definidos os representantes da Previnorte no Projeto de Otimiza\u00e7\u00e3o da Previd\u00eancia das Empresas Eletrobras \u2013&nbsp;<a href=\"https:\/\/previnorte.com.br\/site2\/wp-content\/uploads\/2025\/03\/Edicao-136-13-mar.pdf\" rel=\"noreferrer noopener\" target=\"_blank\">Giro de Not\u00edcias Edi\u00e7\u00e3o 136 de 13\/03\/2025<\/a><\/li>\n\n\n\n<li>Live:&nbsp;<a href=\"https:\/\/www.youtube.com\/watch?v=gMAtxhD1i-M\" rel=\"noreferrer noopener\" target=\"_blank\">Resultados 2024, Desafios 2025, de 19\/02\/2025<\/a><\/li>\n\n\n\n<li>Ades\u00e3o da Previnorte ao Projeto de Otimiza\u00e7\u00e3o da Previd\u00eancia das Empresas Eletrobras \u2013&nbsp;<a href=\"https:\/\/previnorte.com.br\/site2\/wp-content\/uploads\/2024\/11\/Edicao-121.pdf\" rel=\"noreferrer noopener\" target=\"_blank\">Giro de Not\u00edcias Edi\u00e7\u00e3o 121 de 29\/11\/2024<\/a><\/li>\n\n\n\n<li>Live:&nbsp;<a href=\"https:\/\/www.youtube.com\/watch?v=ZgAgMCdede4&amp;t=43s\" rel=\"noreferrer noopener\" target=\"_blank\">Gest\u00e3o, Resultados e Benef\u00edcios de 27\/11\/2024<\/a><\/li>\n\n\n\n<li>Previnorte avalia participa\u00e7\u00e3o no Projeto de Otimiza\u00e7\u00e3o da Previd\u00eancia das Empresas Eletrobras \u2013&nbsp;<a href=\"https:\/\/previnorte.com.br\/site2\/wp-content\/uploads\/2024\/11\/Giro-de-noticias-Edicao-120.pdf\" rel=\"noreferrer noopener\" target=\"_blank\">Giro de Not\u00edcias Edi\u00e7\u00e3o 120 de 21\/11\/2024<\/a><\/li>\n<\/ul>\n\n\n\n<div style=\"height:32px\" aria-hidden=\"true\" class=\"wp-block-spacer\"><\/div>\n\n\n\n<p class=\"has-small-font-size\">Compartilhe esta mat\u00e9ria:<\/p>\n","protected":false},"excerpt":{"rendered":"<p>Em mais uma etapa do Projeto de Otimiza\u00e7\u00e3o da Previd\u00eancia das Empresas\u00a0Eletrobras, foi realizado um encontro presencial dos grupos de trabalho formados pelos representantes t\u00e9cnicos e conselheiros das cinco entidades do grupo Eletrobras (Eletros, Elos, Fachesf, Previnorte e Real Grandeza). O encontro foi conduzido pela Plano Consultoria,\u00a0na sede da Eletrobras, no Rio de Janeiro, durante [&hellip;]<\/p>\n","protected":false},"author":6,"featured_media":0,"parent":0,"menu_order":0,"comment_status":"closed","ping_status":"closed","template":"","meta":{"_acf_changed":false,"om_disable_all_campaigns":false,"_monsterinsights_skip_tracking":false,"_monsterinsights_sitenote_active":false,"_monsterinsights_sitenote_note":"","_monsterinsights_sitenote_category":0,"_uf_show_specific_survey":0,"_uf_disable_surveys":false,"footnotes":""},"class_list":["post-16146","page","type-page","status-publish","hentry"],"acf":[],"aioseo_notices":[],"yoast_head":"<!-- This site is optimized with the Yoast SEO plugin v26.2 - https:\/\/yoast.com\/wordpress\/plugins\/seo\/ -->\r\n<title>Representantes da Previnorte participam de encontro promovido pela Eletrobras - Previnorte<\/title>\r\n<meta name=\"robots\" content=\"index, follow, max-snippet:-1, max-image-preview:large, max-video-preview:-1\" \/>\r\n<link rel=\"canonical\" href=\"https:\/\/previnorte.com.br\/site2\/previnorte-marca-presenca-em-reuniao-sobre-a-estrutura-da-nova-entidade-da-eletrobras\/\" \/>\r\n<meta property=\"og:locale\" content=\"pt_BR\" \/>\r\n<meta property=\"og:type\" content=\"article\" \/>\r\n<meta property=\"og:title\" content=\"Representantes da Previnorte participam de encontro promovido pela Eletrobras - Previnorte\" \/>\r\n<meta property=\"og:description\" content=\"Em mais uma etapa do Projeto de Otimiza\u00e7\u00e3o da Previd\u00eancia das Empresas\u00a0Eletrobras, foi realizado um encontro presencial dos grupos de trabalho formados pelos representantes t\u00e9cnicos e conselheiros das cinco entidades do grupo Eletrobras (Eletros, Elos, Fachesf, Previnorte e Real Grandeza). O encontro foi conduzido pela Plano Consultoria,\u00a0na sede da Eletrobras, no Rio de Janeiro, durante [&hellip;]\" \/>\r\n<meta property=\"og:url\" content=\"https:\/\/previnorte.com.br\/site2\/previnorte-marca-presenca-em-reuniao-sobre-a-estrutura-da-nova-entidade-da-eletrobras\/\" \/>\r\n<meta property=\"og:site_name\" content=\"Previnorte\" \/>\r\n<meta property=\"article:modified_time\" content=\"2025-04-17T19:36:25+00:00\" \/>\r\n<meta name=\"twitter:card\" content=\"summary_large_image\" \/>\r\n<meta name=\"twitter:label1\" content=\"Est. tempo de leitura\" \/>\n\t<meta name=\"twitter:data1\" content=\"2 minutos\" \/>\r\n<script type=\"application\/ld+json\" class=\"yoast-schema-graph\">{\"@context\":\"https:\/\/schema.org\",\"@graph\":[{\"@type\":\"WebPage\",\"@id\":\"https:\/\/previnorte.com.br\/site2\/previnorte-marca-presenca-em-reuniao-sobre-a-estrutura-da-nova-entidade-da-eletrobras\/\",\"url\":\"https:\/\/previnorte.com.br\/site2\/previnorte-marca-presenca-em-reuniao-sobre-a-estrutura-da-nova-entidade-da-eletrobras\/\",\"name\":\"Representantes da Previnorte participam de encontro promovido pela Eletrobras - Previnorte\",\"isPartOf\":{\"@id\":\"https:\/\/previnorte.com.br\/site2\/#website\"},\"datePublished\":\"2025-04-17T15:16:51+00:00\",\"dateModified\":\"2025-04-17T19:36:25+00:00\",\"breadcrumb\":{\"@id\":\"https:\/\/previnorte.com.br\/site2\/previnorte-marca-presenca-em-reuniao-sobre-a-estrutura-da-nova-entidade-da-eletrobras\/#breadcrumb\"},\"inLanguage\":\"pt-BR\",\"potentialAction\":[{\"@type\":\"ReadAction\",\"target\":[\"https:\/\/previnorte.com.br\/site2\/previnorte-marca-presenca-em-reuniao-sobre-a-estrutura-da-nova-entidade-da-eletrobras\/\"]}]},{\"@type\":\"BreadcrumbList\",\"@id\":\"https:\/\/previnorte.com.br\/site2\/previnorte-marca-presenca-em-reuniao-sobre-a-estrutura-da-nova-entidade-da-eletrobras\/#breadcrumb\",\"itemListElement\":[{\"@type\":\"ListItem\",\"position\":1,\"name\":\"In\u00edcio\",\"item\":\"https:\/\/previnorte.com.br\/site2\/\"},{\"@type\":\"ListItem\",\"position\":2,\"name\":\"Representantes da Previnorte participam de encontro promovido pela Eletrobras\"}]},{\"@type\":\"WebSite\",\"@id\":\"https:\/\/previnorte.com.br\/site2\/#website\",\"url\":\"https:\/\/previnorte.com.br\/site2\/\",\"name\":\"Previnorte\",\"description\":\"Uma entidade fechada de previd\u00eancia complementar,  sem fins lucrativos.\",\"potentialAction\":[{\"@type\":\"SearchAction\",\"target\":{\"@type\":\"EntryPoint\",\"urlTemplate\":\"https:\/\/previnorte.com.br\/site2\/?s={search_term_string}\"},\"query-input\":{\"@type\":\"PropertyValueSpecification\",\"valueRequired\":true,\"valueName\":\"search_term_string\"}}],\"inLanguage\":\"pt-BR\"}]}<\/script>\r\n<!-- \/ Yoast SEO plugin. -->","yoast_head_json":{"title":"Representantes da Previnorte participam de encontro promovido pela Eletrobras - Previnorte","robots":{"index":"index","follow":"follow","max-snippet":"max-snippet:-1","max-image-preview":"max-image-preview:large","max-video-preview":"max-video-preview:-1"},"canonical":"https:\/\/previnorte.com.br\/site2\/previnorte-marca-presenca-em-reuniao-sobre-a-estrutura-da-nova-entidade-da-eletrobras\/","og_locale":"pt_BR","og_type":"article","og_title":"Representantes da Previnorte participam de encontro promovido pela Eletrobras - Previnorte","og_description":"Em mais uma etapa do Projeto de Otimiza\u00e7\u00e3o da Previd\u00eancia das Empresas\u00a0Eletrobras, foi realizado um encontro presencial dos grupos de trabalho formados pelos representantes t\u00e9cnicos e conselheiros das cinco entidades do grupo Eletrobras (Eletros, Elos, Fachesf, Previnorte e Real Grandeza). O encontro foi conduzido pela Plano Consultoria,\u00a0na sede da Eletrobras, no Rio de Janeiro, durante [&hellip;]","og_url":"https:\/\/previnorte.com.br\/site2\/previnorte-marca-presenca-em-reuniao-sobre-a-estrutura-da-nova-entidade-da-eletrobras\/","og_site_name":"Previnorte","article_modified_time":"2025-04-17T19:36:25+00:00","twitter_card":"summary_large_image","twitter_misc":{"Est. tempo de leitura":"2 minutos"},"schema":{"@context":"https:\/\/schema.org","@graph":[{"@type":"WebPage","@id":"https:\/\/previnorte.com.br\/site2\/previnorte-marca-presenca-em-reuniao-sobre-a-estrutura-da-nova-entidade-da-eletrobras\/","url":"https:\/\/previnorte.com.br\/site2\/previnorte-marca-presenca-em-reuniao-sobre-a-estrutura-da-nova-entidade-da-eletrobras\/","name":"Representantes da Previnorte participam de encontro promovido pela Eletrobras - Previnorte","isPartOf":{"@id":"https:\/\/previnorte.com.br\/site2\/#website"},"datePublished":"2025-04-17T15:16:51+00:00","dateModified":"2025-04-17T19:36:25+00:00","breadcrumb":{"@id":"https:\/\/previnorte.com.br\/site2\/previnorte-marca-presenca-em-reuniao-sobre-a-estrutura-da-nova-entidade-da-eletrobras\/#breadcrumb"},"inLanguage":"pt-BR","potentialAction":[{"@type":"ReadAction","target":["https:\/\/previnorte.com.br\/site2\/previnorte-marca-presenca-em-reuniao-sobre-a-estrutura-da-nova-entidade-da-eletrobras\/"]}]},{"@type":"BreadcrumbList","@id":"https:\/\/previnorte.com.br\/site2\/previnorte-marca-presenca-em-reuniao-sobre-a-estrutura-da-nova-entidade-da-eletrobras\/#breadcrumb","itemListElement":[{"@type":"ListItem","position":1,"name":"In\u00edcio","item":"https:\/\/previnorte.com.br\/site2\/"},{"@type":"ListItem","position":2,"name":"Representantes da Previnorte participam de encontro promovido pela Eletrobras"}]},{"@type":"WebSite","@id":"https:\/\/previnorte.com.br\/site2\/#website","url":"https:\/\/previnorte.com.br\/site2\/","name":"Previnorte","description":"Uma entidade fechada de previd\u00eancia complementar,  sem fins lucrativos.","potentialAction":[{"@type":"SearchAction","target":{"@type":"EntryPoint","urlTemplate":"https:\/\/previnorte.com.br\/site2\/?s={search_term_string}"},"query-input":{"@type":"PropertyValueSpecification","valueRequired":true,"valueName":"search_term_string"}}],"inLanguage":"pt-BR"}]}},"_links":{"self":[{"href":"https:\/\/previnorte.com.br\/site2\/wp-json\/wp\/v2\/pages\/16146","targetHints":{"allow":["GET"]}}],"collection":[{"href":"https:\/\/previnorte.com.br\/site2\/wp-json\/wp\/v2\/pages"}],"about":[{"href":"https:\/\/previnorte.com.br\/site2\/wp-json\/wp\/v2\/types\/page"}],"author":[{"embeddable":true,"href":"https:\/\/previnorte.com.br\/site2\/wp-json\/wp\/v2\/users\/6"}],"replies":[{"embeddable":true,"href":"https:\/\/previnorte.com.br\/site2\/wp-json\/wp\/v2\/comments?post=16146"}],"version-history":[{"count":12,"href":"https:\/\/previnorte.com.br\/site2\/wp-json\/wp\/v2\/pages\/16146\/revisions"}],"predecessor-version":[{"id":16185,"href":"https:\/\/previnorte.com.br\/site2\/wp-json\/wp\/v2\/pages\/16146\/revisions\/16185"}],"wp:attachment":[{"href":"https:\/\/previnorte.com.br\/site2\/wp-json\/wp\/v2\/media?parent=16146"}],"curies":[{"name":"wp","href":"https:\/\/api.w.org\/{rel}","templated":true}]}}