{"id":17843,"date":"2025-08-29T17:02:16","date_gmt":"2025-08-29T20:02:16","guid":{"rendered":"https:\/\/previnorte.com.br\/site2\/?page_id=17843"},"modified":"2026-04-02T17:25:30","modified_gmt":"2026-04-02T20:25:30","slug":"atualizacoes-sobre-o-projeto-de-otimizacao-da-previdencia-da-eletrobras","status":"publish","type":"page","link":"https:\/\/previnorte.com.br\/site2\/atualizacoes-sobre-o-projeto-de-otimizacao-da-previdencia-da-eletrobras\/","title":{"rendered":"<strong>Atualiza\u00e7\u00f5es sobre o Projeto de Otimiza\u00e7\u00e3o das Previd\u00eancias da Axia Energia (antiga Eletrobras<\/strong>)"},"content":{"rendered":"\n<p class=\"has-medium-font-size\">A Axia Energia, antiga Eletrobras, criou uma p\u00e1gina dedicada a esclarecimentos e informa\u00e7\u00f5es sobre o Projeto de Otimiza\u00e7\u00e3o das Previd\u00eancias. Voc\u00ea pode consultar o portal <a href=\"https:\/\/eletrobras.com\/pt\/Paginas\/previdencia_unificada.aspx\"><strong>clicando aqui<\/strong><\/a>.<\/p>\n\n\n\n<p class=\"has-medium-font-size\">Outra fonte de informa\u00e7\u00e3o \u00e9 o site da EletrobrasPrev: <strong><a href=\"https:\/\/eletrobrasprev.com.br\/\">Eletrobrasprev<\/a> <\/strong><\/p>\n\n\n\n<p class=\"has-medium-font-size\">A Previnorte vem publicando regularmente informa\u00e7\u00f5es sobre o Projeto e, nos links abaixo, voc\u00ea consegue acompanhar todo o hist\u00f3rico das publica\u00e7\u00f5es relacionadas ao tema:<\/p>\n\n\n\n<ul class=\"wp-block-list\">\n<li><a href=\"https:\/\/previnorte.com.br\/site2\/wp-content\/uploads\/2026\/04\/Edicao-191-2-ABR.pdf\">Dirigentes com mandatos prorrogados tomam posse na Previnorte<\/a> &#8211; Giro de Not\u00edcias 191, de 2\/4\/2026.<\/li>\n\n\n\n<li><a href=\"https:\/\/previnorte.com.br\/site2\/estatuto-da-eletrobrasprev-passa-por-ajustes-em-atendimento-a-exigencias-da-previc\/\">Estatuto da EletrobrasPrev passa por altera\u00e7\u00e3o<\/a><\/li>\n\n\n\n<li><a href=\"https:\/\/previnorte.com.br\/site2\/previnorte-elos-e-eletros-firmaram-acordo-de-cooperacao-tecnica-com-a-eletrobrasprev\/\">Previnorte, Elos e Eletros firmaram acordo de coopera\u00e7\u00e3o t\u00e9cnica com a EletrobrasPrev<\/a> &#8211; Giro de Not\u00edcias 190, de 26\/3\/2026.<\/li>\n\n\n\n<li><a href=\"Live: Resultados 2025 e Desafios 2026\">Live: Resultados 2025 e Desafios 2026<\/a> &#8211; Giro de Not\u00edcias 186, de 26\/2\/2026.<\/li>\n\n\n\n<li><a href=\"https:\/\/previnorte.com.br\/site2\/wp-content\/uploads\/2026\/02\/Comunicado-111-Mandato-dos-Dirigentes-durante-o-processo-de-incorporacao.pdf\">Mandato dos Dirigentes durante o Processo de Incorpora\u00e7\u00e3o<\/a> &#8211; Comunicado 111, de 9\/2\/2026.<\/li>\n\n\n\n<li><a href=\"https:\/\/previnorte.com.br\/site2\/processo-de-incorporacao-da-previnorte-e-protocolado-na-previc\/\">Processo de incorpora\u00e7\u00e3o da Previnorte \u00e9 protocolado na Previc<\/a> &#8211; Giro de Not\u00edcias 179, de 08\/01\/2026.<\/li>\n\n\n\n<li><a href=\"https:\/\/www.youtube.com\/watch?v=yXMYvy4NQCQ\">Live da Previnorte sobre Incorpora\u00e7\u00e3o e os desafios da Gest\u00e3o de 12\/12\/2025<\/a>.<\/li>\n\n\n\n<li><a href=\"https:\/\/previnorte.com.br\/site2\/18606-2\/\">P\u00e1gina com documenta\u00e7\u00e3o relativa \u00e0 incorpora\u00e7\u00e3o&nbsp;<\/a>\u2013 disponibilizada no site da Previnorte em 05\/12\/2025<\/li>\n\n\n\n<li><a href=\"https:\/\/previnorte.com.br\/site2\/18606-2\/\">Conselho Deliberativo da Previnorte aprova incorpora\u00e7\u00e3o \u00e0 EletrobrasPrev<\/a> &#8211; 05\/12\/2025. <\/li>\n\n\n\n<li><a href=\"https:\/\/previnorte.com.br\/site2\/wp-content\/uploads\/2025\/12\/Comunicado-Participantes-aprovacao-pdf-D4Sign.pdf\">Comunicado do Conselho Deliberativo aos participantes da Previnorte<\/a>&nbsp;\u2013 05\/12\/2025.<\/li>\n\n\n\n<li><a href=\"https:\/\/previnorte.com.br\/site2\/wp-content\/uploads\/2025\/12\/Comunicado-108-Conselho-Deliberativo-aprova-incorporacao-da-Previnorte-pela-EletrobrasPrev-vf.pdf\">Comunicado 108 \u2013 Conselho Deliberativo aprova incorpora\u00e7\u00e3o da Previnorte pela EletrobrasPrev<\/a>&nbsp;\u2013 de 05\/12\/2025.<\/li>\n\n\n\n<li><a href=\"https:\/\/www.youtube.com\/watch?v=VUdErGflDqs\">Live: Apresenta\u00e7\u00e3o do Patrocinador Instituidor (holding) sobre o Projeto de Otimiza\u00e7\u00e3o das Previd\u00eancias das Empresas Eletrobras (Axia Energia)<\/a>&nbsp;\u2013 Giro de Not\u00edcias 170, de 06\/11\/2025.<\/li>\n\n\n\n<li><a href=\"https:\/\/elos.org.br\/noticia\/conselho-deliberativo-aprova-incorporacao-da-elos-pela-nova-entidade-do-grupo-eletrobras\/\">Conselho Deliberativo da Elos aprova a incorpora\u00e7\u00e3o \u00e0 nova previd\u00eancia da Eletrobras<\/a> &#8211; Giro de Not\u00edcias 164, de 25\/09\/2025; <\/li>\n\n\n\n<li><a href=\"https:\/\/previnorte.com.br\/site2\/wp-content\/uploads\/2025\/09\/Edicao-162-11-set.pdf\">Eletrobras disponibiliza portal para informa\u00e7\u00f5es sobre o Projeto de Otimiza\u00e7\u00e3o das Previd\u00eancias<\/a> &#8211; Giro de Not\u00edcias 162, de 11\/09\/2025;<\/li>\n\n\n\n<li><a href=\"https:\/\/youtu.be\/CWEN-cK_MRY\">Live: Gest\u00e3o, Resultados e Benef\u00edcios<\/a> &#8211; Trecho da live realizada 27\/08\/2025;<\/li>\n\n\n\n<li><a href=\"https:\/\/previnorte.com.br\/site2\/wp-content\/uploads\/2025\/07\/Edicao-153-10-jul.pdf\">Segunda reuni\u00e3o presencial do Grupo de Trabalho do Projeto de Otimiza\u00e7\u00e3o da Previd\u00eancia das Empresas Eletrobras<\/a> &#8211; Giro de Not\u00edcias 153, de 10\/7\/2025;<\/li>\n\n\n\n<li><a href=\"Live: Gest\u00e3o, Resultados e Benef\u00edcios\">Live: Gest\u00e3o, Resultados e Benef\u00edcios<\/a> &#8211; Live de 20\/5\/2025;<\/li>\n\n\n\n<li><a href=\"https:\/\/previnorte.com.br\/site2\/previnorte-marca-presenca-em-reuniao-sobre-a-estrutura-da-nova-entidade-da-eletrobras\/\">Representantes da Previnorte participam de encontro promovido pela Eletrobras<\/a>&nbsp;\u2013 Giro de Not\u00edcias 141, de 17\/04\/2025;<\/li>\n\n\n\n<li><a href=\"https:\/\/previnorte.com.br\/site2\/wp-content\/uploads\/2025\/04\/Giro-Edicao-140.pdf\">Eventos do projeto de Otimiza\u00e7\u00e3o da Previd\u00eancia das Empresas Eletrobras<\/a>&nbsp;\u2013&nbsp;Giro de Not\u00edcias 140 de 10\/4\/2025;<\/li>\n\n\n\n<li><a href=\"https:\/\/previnorte.com.br\/site2\/wp-content\/uploads\/2025\/03\/Edicao-136-13-mar.pdf\">Definidos os representantes da Previnorte no Projeto de Otimiza\u00e7\u00e3o da Previd\u00eancia das Empresas Eletrobras<\/a> \u2013&nbsp;Giro de Not\u00edcias 136, de 13\/03\/2025;<\/li>\n\n\n\n<li><a href=\"https:\/\/youtube.com\/live\/gMAtxhD1i-M\">Live: Gest\u00e3o, Resultados e Benef\u00edcios<\/a> &#8211; Live de 19\/02\/2025;<\/li>\n\n\n\n<li><a href=\"https:\/\/previnorte.com.br\/site2\/wp-content\/uploads\/2024\/11\/Edicao-121.pdf\">Ades\u00e3o da Previnorte ao Projeto de Otimiza\u00e7\u00e3o da Previd\u00eancia das Empresas Eletrobras<\/a> \u2013&nbsp;Giro de Not\u00edcias 121, de 29\/11\/2024;<\/li>\n\n\n\n<li><a href=\"Live:\">Live &#8211; <\/a><a href=\"https:\/\/www.youtube.com\/watch?v=ZgAgMCdede4&amp;t=43s\" target=\"_blank\" rel=\"noreferrer noopener\">Gest\u00e3o, Resultados e Benef\u00edcios<\/a> &#8211; Live de 27\/11\/2024;<\/li>\n\n\n\n<li><a href=\"https:\/\/previnorte.com.br\/site2\/wp-content\/uploads\/2024\/11\/Giro-de-noticias-Edicao-120.pdf\">Previnorte avalia participa\u00e7\u00e3o no Projeto de Otimiza\u00e7\u00e3o da Previd\u00eancia das Empresas Eletrobras<\/a> \u2013 Giro de Not\u00edcias &#8211; Edi\u00e7\u00e3o 120 de 21\/11\/2024.<\/li>\n<\/ul>\n\n\n\n<div style=\"height:34px\" aria-hidden=\"true\" class=\"wp-block-spacer\"><\/div>\n\n\n\n<p class=\"has-small-font-size\">Compartilhe:<\/p>\n","protected":false},"excerpt":{"rendered":"<p>A Axia Energia, antiga Eletrobras, criou uma p\u00e1gina dedicada a esclarecimentos e informa\u00e7\u00f5es sobre o Projeto de Otimiza\u00e7\u00e3o das Previd\u00eancias. Voc\u00ea pode consultar o portal clicando aqui. Outra fonte de informa\u00e7\u00e3o \u00e9 o site da EletrobrasPrev: Eletrobrasprev A Previnorte vem publicando regularmente informa\u00e7\u00f5es sobre o Projeto e, nos links abaixo, voc\u00ea consegue acompanhar todo o [&hellip;]<\/p>\n","protected":false},"author":6,"featured_media":0,"parent":0,"menu_order":0,"comment_status":"closed","ping_status":"closed","template":"","meta":{"_acf_changed":false,"om_disable_all_campaigns":false,"_monsterinsights_skip_tracking":false,"_monsterinsights_sitenote_active":false,"_monsterinsights_sitenote_note":"","_monsterinsights_sitenote_category":0,"_uf_show_specific_survey":0,"_uf_disable_surveys":false,"footnotes":""},"class_list":["post-17843","page","type-page","status-publish","hentry"],"acf":[],"aioseo_notices":[],"yoast_head":"<!-- This site is optimized with the Yoast SEO plugin v26.2 - https:\/\/yoast.com\/wordpress\/plugins\/seo\/ -->\r\n<title>Atualiza\u00e7\u00f5es sobre o Projeto de Otimiza\u00e7\u00e3o das Previd\u00eancias da Axia Energia (antiga Eletrobras) - Previnorte<\/title>\r\n<meta name=\"robots\" content=\"index, follow, max-snippet:-1, max-image-preview:large, max-video-preview:-1\" \/>\r\n<link rel=\"canonical\" href=\"https:\/\/previnorte.com.br\/site2\/atualizacoes-sobre-o-projeto-de-otimizacao-da-previdencia-da-eletrobras\/\" \/>\r\n<meta property=\"og:locale\" content=\"pt_BR\" \/>\r\n<meta property=\"og:type\" content=\"article\" \/>\r\n<meta property=\"og:title\" content=\"Atualiza\u00e7\u00f5es sobre o Projeto de Otimiza\u00e7\u00e3o das Previd\u00eancias da Axia Energia (antiga Eletrobras) - Previnorte\" \/>\r\n<meta property=\"og:description\" content=\"A Axia Energia, antiga Eletrobras, criou uma p\u00e1gina dedicada a esclarecimentos e informa\u00e7\u00f5es sobre o Projeto de Otimiza\u00e7\u00e3o das Previd\u00eancias. Voc\u00ea pode consultar o portal clicando aqui. Outra fonte de informa\u00e7\u00e3o \u00e9 o site da EletrobrasPrev: Eletrobrasprev A Previnorte vem publicando regularmente informa\u00e7\u00f5es sobre o Projeto e, nos links abaixo, voc\u00ea consegue acompanhar todo o [&hellip;]\" \/>\r\n<meta property=\"og:url\" content=\"https:\/\/previnorte.com.br\/site2\/atualizacoes-sobre-o-projeto-de-otimizacao-da-previdencia-da-eletrobras\/\" \/>\r\n<meta property=\"og:site_name\" content=\"Previnorte\" \/>\r\n<meta property=\"article:modified_time\" content=\"2026-04-02T20:25:30+00:00\" \/>\r\n<meta name=\"twitter:card\" content=\"summary_large_image\" \/>\r\n<meta name=\"twitter:label1\" content=\"Est. tempo de leitura\" \/>\n\t<meta name=\"twitter:data1\" content=\"3 minutos\" \/>\r\n<script type=\"application\/ld+json\" class=\"yoast-schema-graph\">{\"@context\":\"https:\/\/schema.org\",\"@graph\":[{\"@type\":\"WebPage\",\"@id\":\"https:\/\/previnorte.com.br\/site2\/atualizacoes-sobre-o-projeto-de-otimizacao-da-previdencia-da-eletrobras\/\",\"url\":\"https:\/\/previnorte.com.br\/site2\/atualizacoes-sobre-o-projeto-de-otimizacao-da-previdencia-da-eletrobras\/\",\"name\":\"Atualiza\u00e7\u00f5es sobre o Projeto de Otimiza\u00e7\u00e3o das Previd\u00eancias da Axia Energia (antiga Eletrobras) - Previnorte\",\"isPartOf\":{\"@id\":\"https:\/\/previnorte.com.br\/site2\/#website\"},\"datePublished\":\"2025-08-29T20:02:16+00:00\",\"dateModified\":\"2026-04-02T20:25:30+00:00\",\"breadcrumb\":{\"@id\":\"https:\/\/previnorte.com.br\/site2\/atualizacoes-sobre-o-projeto-de-otimizacao-da-previdencia-da-eletrobras\/#breadcrumb\"},\"inLanguage\":\"pt-BR\",\"potentialAction\":[{\"@type\":\"ReadAction\",\"target\":[\"https:\/\/previnorte.com.br\/site2\/atualizacoes-sobre-o-projeto-de-otimizacao-da-previdencia-da-eletrobras\/\"]}]},{\"@type\":\"BreadcrumbList\",\"@id\":\"https:\/\/previnorte.com.br\/site2\/atualizacoes-sobre-o-projeto-de-otimizacao-da-previdencia-da-eletrobras\/#breadcrumb\",\"itemListElement\":[{\"@type\":\"ListItem\",\"position\":1,\"name\":\"In\u00edcio\",\"item\":\"https:\/\/previnorte.com.br\/site2\/\"},{\"@type\":\"ListItem\",\"position\":2,\"name\":\"Atualiza\u00e7\u00f5es sobre o Projeto de Otimiza\u00e7\u00e3o das Previd\u00eancias da Axia Energia (antiga Eletrobras)\"}]},{\"@type\":\"WebSite\",\"@id\":\"https:\/\/previnorte.com.br\/site2\/#website\",\"url\":\"https:\/\/previnorte.com.br\/site2\/\",\"name\":\"Previnorte\",\"description\":\"Uma entidade fechada de previd\u00eancia complementar,  sem fins lucrativos.\",\"potentialAction\":[{\"@type\":\"SearchAction\",\"target\":{\"@type\":\"EntryPoint\",\"urlTemplate\":\"https:\/\/previnorte.com.br\/site2\/?s={search_term_string}\"},\"query-input\":{\"@type\":\"PropertyValueSpecification\",\"valueRequired\":true,\"valueName\":\"search_term_string\"}}],\"inLanguage\":\"pt-BR\"}]}<\/script>\r\n<!-- \/ Yoast SEO plugin. -->","yoast_head_json":{"title":"Atualiza\u00e7\u00f5es sobre o Projeto de Otimiza\u00e7\u00e3o das Previd\u00eancias da Axia Energia (antiga Eletrobras) - Previnorte","robots":{"index":"index","follow":"follow","max-snippet":"max-snippet:-1","max-image-preview":"max-image-preview:large","max-video-preview":"max-video-preview:-1"},"canonical":"https:\/\/previnorte.com.br\/site2\/atualizacoes-sobre-o-projeto-de-otimizacao-da-previdencia-da-eletrobras\/","og_locale":"pt_BR","og_type":"article","og_title":"Atualiza\u00e7\u00f5es sobre o Projeto de Otimiza\u00e7\u00e3o das Previd\u00eancias da Axia Energia (antiga Eletrobras) - Previnorte","og_description":"A Axia Energia, antiga Eletrobras, criou uma p\u00e1gina dedicada a esclarecimentos e informa\u00e7\u00f5es sobre o Projeto de Otimiza\u00e7\u00e3o das Previd\u00eancias. Voc\u00ea pode consultar o portal clicando aqui. Outra fonte de informa\u00e7\u00e3o \u00e9 o site da EletrobrasPrev: Eletrobrasprev A Previnorte vem publicando regularmente informa\u00e7\u00f5es sobre o Projeto e, nos links abaixo, voc\u00ea consegue acompanhar todo o [&hellip;]","og_url":"https:\/\/previnorte.com.br\/site2\/atualizacoes-sobre-o-projeto-de-otimizacao-da-previdencia-da-eletrobras\/","og_site_name":"Previnorte","article_modified_time":"2026-04-02T20:25:30+00:00","twitter_card":"summary_large_image","twitter_misc":{"Est. tempo de leitura":"3 minutos"},"schema":{"@context":"https:\/\/schema.org","@graph":[{"@type":"WebPage","@id":"https:\/\/previnorte.com.br\/site2\/atualizacoes-sobre-o-projeto-de-otimizacao-da-previdencia-da-eletrobras\/","url":"https:\/\/previnorte.com.br\/site2\/atualizacoes-sobre-o-projeto-de-otimizacao-da-previdencia-da-eletrobras\/","name":"Atualiza\u00e7\u00f5es sobre o Projeto de Otimiza\u00e7\u00e3o das Previd\u00eancias da Axia Energia (antiga Eletrobras) - Previnorte","isPartOf":{"@id":"https:\/\/previnorte.com.br\/site2\/#website"},"datePublished":"2025-08-29T20:02:16+00:00","dateModified":"2026-04-02T20:25:30+00:00","breadcrumb":{"@id":"https:\/\/previnorte.com.br\/site2\/atualizacoes-sobre-o-projeto-de-otimizacao-da-previdencia-da-eletrobras\/#breadcrumb"},"inLanguage":"pt-BR","potentialAction":[{"@type":"ReadAction","target":["https:\/\/previnorte.com.br\/site2\/atualizacoes-sobre-o-projeto-de-otimizacao-da-previdencia-da-eletrobras\/"]}]},{"@type":"BreadcrumbList","@id":"https:\/\/previnorte.com.br\/site2\/atualizacoes-sobre-o-projeto-de-otimizacao-da-previdencia-da-eletrobras\/#breadcrumb","itemListElement":[{"@type":"ListItem","position":1,"name":"In\u00edcio","item":"https:\/\/previnorte.com.br\/site2\/"},{"@type":"ListItem","position":2,"name":"Atualiza\u00e7\u00f5es sobre o Projeto de Otimiza\u00e7\u00e3o das Previd\u00eancias da Axia Energia (antiga Eletrobras)"}]},{"@type":"WebSite","@id":"https:\/\/previnorte.com.br\/site2\/#website","url":"https:\/\/previnorte.com.br\/site2\/","name":"Previnorte","description":"Uma entidade fechada de previd\u00eancia complementar,  sem fins lucrativos.","potentialAction":[{"@type":"SearchAction","target":{"@type":"EntryPoint","urlTemplate":"https:\/\/previnorte.com.br\/site2\/?s={search_term_string}"},"query-input":{"@type":"PropertyValueSpecification","valueRequired":true,"valueName":"search_term_string"}}],"inLanguage":"pt-BR"}]}},"_links":{"self":[{"href":"https:\/\/previnorte.com.br\/site2\/wp-json\/wp\/v2\/pages\/17843","targetHints":{"allow":["GET"]}}],"collection":[{"href":"https:\/\/previnorte.com.br\/site2\/wp-json\/wp\/v2\/pages"}],"about":[{"href":"https:\/\/previnorte.com.br\/site2\/wp-json\/wp\/v2\/types\/page"}],"author":[{"embeddable":true,"href":"https:\/\/previnorte.com.br\/site2\/wp-json\/wp\/v2\/users\/6"}],"replies":[{"embeddable":true,"href":"https:\/\/previnorte.com.br\/site2\/wp-json\/wp\/v2\/comments?post=17843"}],"version-history":[{"count":51,"href":"https:\/\/previnorte.com.br\/site2\/wp-json\/wp\/v2\/pages\/17843\/revisions"}],"predecessor-version":[{"id":20412,"href":"https:\/\/previnorte.com.br\/site2\/wp-json\/wp\/v2\/pages\/17843\/revisions\/20412"}],"wp:attachment":[{"href":"https:\/\/previnorte.com.br\/site2\/wp-json\/wp\/v2\/media?parent=17843"}],"curies":[{"name":"wp","href":"https:\/\/api.w.org\/{rel}","templated":true}]}}