{"id":18490,"date":"2025-10-28T15:20:53","date_gmt":"2025-10-28T18:20:53","guid":{"rendered":"https:\/\/previnorte.com.br\/site2\/?page_id=18490"},"modified":"2026-05-13T11:02:13","modified_gmt":"2026-05-13T14:02:13","slug":"contrato-de-emprestimo-pessoal-pos-fixado","status":"publish","type":"page","link":"https:\/\/previnorte.com.br\/site2\/contrato-de-emprestimo-pessoal-pos-fixado\/","title":{"rendered":"CONTRATO DE EMPR\u00c9STIMO PESSOAL P\u00d3S-FIXADO"},"content":{"rendered":"\n<p><strong>PREVINORTE &#8211; Funda\u00e7\u00e3o de Previd\u00eancia Complementar<\/strong>, entidade fechada de Previd\u00eancia Complementar, com sede em Bras\u00edlia (DF) no SCN, Quadra 01, Bloco C, Edif\u00edcio Bras\u00edlia Trade Center, 8\u00ba andar, inscrita no CNPJ\/MF sob o n\u00ba 03.637.154\/ 0001-87, neste ato representada por seus representantes legais e\/ou procuradores, ao final nomeados e assinados, doravante denominada <strong>PREVINORTE <\/strong>e o participante ou assistido abaixo descrito e qualificado, doravante denominado <strong>MUTU\u00c1RIO<\/strong>,<br>NOME: _________________________________________________________________ <br>MAT : _____________________SITUA\u00c7\u00c3O:___________________________________ <br>PATROCINADOR: _______________________________________________________<\/p>\n\n\n\n<p style=\"font-size:21px\"><strong>DADOS BANC\u00c1RIOS DO MUTU\u00c1RIO<\/strong><\/p>\n\n\n\n<p>BANCO N\u00ba: ______________ NOME DO BANCO:_________________________ <br>AG\u00caNCIA: ________________ N\u00ba CONTA N\u00ba \/ TIPO: ______________________<br>CIDADE: __________________ UF:__________________  <br>resolvem celebrar o presente contrato, mediante as seguintes cl\u00e1usulas e condi\u00e7\u00f5es: <\/p>\n\n\n\n<p style=\"font-size:21px\"><strong>CL\u00c1USULA PRIMEIRA \u2013 DO VALOR <\/strong><br><br><strong>1.1 <\/strong>&#8211; A <strong>PREVINORTE <\/strong>emprestar\u00e1 ao <strong>MUTU\u00c1RIO<\/strong> a import\u00e2ncia de R$ _______________ (___________________________________________), da qual ser\u00e3o deduzidos os valores dos Encargos Financeiros estabelecidos na Cl\u00e1usula Segunda \u2013 Item 2.3, Taxa de Administra\u00e7\u00e3o prevista na Cl\u00e1usula Terceira.<\/p>\n\n\n\n<p style=\"font-size:22px\"><strong>CL\u00c1USULA SEGUNDA \u2013 DOS ENCARGOS FINANCEIROS <\/strong><br><br><strong>2.1 <\/strong>\u2013 Mensalmente, sobre o valor das parcelas vencidas atualizadas com multa e juros referidas no item 5.1 e das parcelas vincendas , incidir\u00e3o corre\u00e7\u00e3o monet\u00e1ria equivalente \u00e0 varia\u00e7\u00e3o do IPCA\/IBGE ao m\u00eas, conforme divulgado na tabela \u201cEmpr\u00e9stimos &gt;&gt; Taxas\u201d no site da Previnorte;<br><br><strong>2.2 <\/strong>&#8211; Mensalmente, sobre o valor das parcelas vincendas referidas no item 2.1 , incidir\u00e3o juros de 0,37% (trinta e sete cent\u00e9simos por cento) ao m\u00eas, conforme divulgado na tabela \u201cEmpr\u00e9stimos &gt;&gt; Taxas\u201d no site da Previnorte;<\/p>\n\n\n\n<p style=\"font-size:22px\">2.3 &#8211; No ato da libera\u00e7\u00e3o do empr\u00e9stimo, ser\u00e1 deduzido o Imposto sobre Opera\u00e7\u00f5es Financeiras \u2013 IOF.<br><br><strong>CL\u00c1USULA<\/strong> <strong>TERCEIRA \u2013 DAS TAXAS DE ADMINISTRA\u00c7\u00c3O E COBERTURA DE RISCOS <\/strong><br><br><strong>3.1 &#8211;<\/strong> No ato da libera\u00e7\u00e3o do empr\u00e9stimo ser\u00e1 descontado do <strong>MUTU\u00c1RIO <\/strong>1,50% (um inteiro e cinquenta cent\u00e9simos por cento) a t\u00edtulo de Taxa de Administra\u00e7\u00e3o;<br><br><strong>3.2 \u2013<\/strong> Mensalmente, sobre o valor das parcelas vincendas atualizadas nos termos da CL\u00c1USULA SEGUNDA ser\u00e1 cobrado o pr\u00eamio do seguro prestamista, mediante aplica\u00e7\u00e3o da taxa em vigor no m\u00eas de cobran\u00e7a da presta\u00e7\u00e3o do empr\u00e9stimo, conforme divulgado na tabela \u201cEmpr\u00e9stimos&gt;&gt;Taxas\u201d no site da Previnorte, tendo em vista regra da SUSEP &#8211; Superintend\u00eancia de Seguros Privados. Esse seguro \u00e9 utilizado na quita\u00e7\u00e3o integral do empr\u00e9stimo em caso de \u00f3bito ou de invalidez permanente por acidente do MUTU\u00c1RIO.<br><br><strong>CL\u00c1USULA QUARTA \u2013 DO PAGAMENTO <\/strong><br><br><strong>4.1 &#8211; <\/strong>O empr\u00e9stimo ser\u00e1 pago em _______(__________________________) presta\u00e7\u00f5es mensais e sucessivas, acrescidas da corre\u00e7\u00e3o monet\u00e1ria e juros referidos na Cl\u00e1usula Segunda e parcela de seguro prestamista, pelo Sistema Franc\u00eas de Amortiza\u00e7\u00e3o &#8211; Tabela Price, a partir do m\u00eas subsequente ao da libera\u00e7\u00e3o<br><br><strong>4.2 &#8211; <\/strong>As presta\u00e7\u00f5es referidas nesta Cl\u00e1usula ser\u00e3o cobradas mediante desconto nas Folhas de Sal\u00e1rios dos patrocinadores, nas Folhas de Benef\u00edcios da <strong>PREVINORTE <\/strong>ou atrav\u00e9s de cobran\u00e7a banc\u00e1ria, disponibilizada no s\u00edtio eletr\u00f4nico da Previnorte, de acordo com o Regulamento de Empr\u00e9stimos, com vencimento no \u00faltimo dia de cada m\u00eas.<br><br><strong>4.3 &#8211; <\/strong>O n\u00e3o desconto da parcela na folha de pagamento ativos\/assistidos ou o n\u00e3o recebimento do boleto n\u00e3o desobriga o mutu\u00e1rio de efetuar o pagamento no vencimento acordado. <br><br><strong>CL\u00c1USULA QUINTA \u2013 DOS ENCARGOS MORAT\u00d3RIOS <\/strong><br><br><strong>5.1 &#8211;<\/strong> A presta\u00e7\u00e3o paga ap\u00f3s o seu vencimento ser\u00e1 atualizada pelo IPCA\/IBGE acumulado da data do vencimento \u00e0 do pagamento, acrescida de juros morat\u00f3rios de 1,00% (um por cento) ao m\u00eas &#8220;pro-rata-die&#8221; e multa de 2,00% (dois por cento) sobre o valor da presta\u00e7\u00e3o em atraso, inclusive na execu\u00e7\u00e3o da d\u00edvida quando o contrato entrar em inadimpl\u00eancia.<br><br><strong>CL\u00c1USULA SEXTA \u2013 DA INADIMPL\u00caNCIA <br><\/strong><br><strong>6.1 &#8211;<\/strong> Na hip\u00f3tese de n\u00e3o pagamento de quaisquer presta\u00e7\u00f5es, os encargos contratuais ser\u00e3o incorporados por parcela em aberto at\u00e9 a sua efetiva quita\u00e7\u00e3o.<br><br><strong>6.2 &#8211;<\/strong> Ocorrendo a hip\u00f3tese de n\u00e3o pagamento de 3 (tr\u00eas) presta\u00e7\u00f5es mensais consecutivas, o <strong>MUTU\u00c1RIO <\/strong>dar\u00e1 ensejo \u00e0 cobran\u00e7a da soma dos valores de todas as presta\u00e7\u00f5es vencidas, pelas vias administrativa ou judicial, com a consequente inclus\u00e3o do nome do devedor nos \u00f3rg\u00e3os de prote\u00e7\u00e3o ao cr\u00e9dito.<\/p>\n\n\n\n<p style=\"font-size:21px\"><strong>CL\u00c1USULA S\u00c9TIMA \u2013 DO VENCIMENTO ANTECIPADO <br><\/strong><br><strong>7.1 &#8211; <\/strong>Al\u00e9m da hip\u00f3tese descrita no item 6.2 , a d\u00edvida vencer\u00e1 antecipadamente com a consequente rescis\u00e3o contratual deste instrumento, independentemente de aviso, notifica\u00e7\u00e3o judicial, ou extrajudicial, nas seguintes hip\u00f3teses:<br><br><strong>a)<\/strong> rescis\u00e3o do contrato de trabalho do <strong>MUTU\u00c1RIO <\/strong>com o seu Patrocinador que cumulativamente, venha a se desligar da PREVINORTE optando pelo resgate das contribui\u00e7\u00f5es ou pela portabilidade;<br><strong>b) <\/strong>desligamento do <strong>MUTU\u00c1RIO <\/strong>de forma compuls\u00f3ria da PREVINORTE, conforme estabelecido no regulamento b\u00e1sico e no regulamento complementar do plano de benef\u00edcios a ele aplic\u00e1vel;<br><strong>c)<\/strong> descumprimento de qualquer cl\u00e1usula deste contrato ou norma regulamentar do empr\u00e9stimo. <br><br><strong>CL\u00c1USULA OITAVA \u2013 DA QUITA\u00c7\u00c3O <br><\/strong><br><strong>8.1 &#8211;<\/strong> Em caso de ocorr\u00eancia de \u00f3bito ou invalidez permanente por acidente do <strong>MUTU\u00c1RIO <\/strong>na vig\u00eancia do presente contrato, as parcelas vincendas ser\u00e3o quitadas pelo seguro prestamista previsto na Cl\u00e1usula Terceira;<br><br><strong>8.2 &#8211; <\/strong>Na hip\u00f3tese de morte do <strong>MUTU\u00c1RIO<\/strong>, eventual(is) presta\u00e7\u00e3o(\u00f5es) em atraso ser\u00e1(\u00e3o) cobrada(s), acrescida(s) de encargos contratuais, dos benefici\u00e1rios ou herdeiros do <strong>MUTU\u00c1RIO<\/strong>.<br><br><strong>CL\u00c1USULA NONA \u2013 DA GARANTIA <br><\/strong><br><strong>9.1 &#8211;<\/strong> O MUTU\u00c1RIO autoriza e d\u00e1 em garantia, para quita\u00e7\u00e3o do saldo devedor do contrato de m\u00fatuo composto pelas parcelas vencidas e vincendas, o cr\u00e9dito acumulado equivalente ao Saldo L\u00edquido de Resgate de Contribui\u00e7\u00e3o, at\u00e9 o limite do d\u00e9bito apurado a ser descontado.<br><strong>9.2 \u2013 <\/strong>Em havendo op\u00e7\u00e3o pela Portabilidade de Recursos, ser\u00e1 feito Resgate das Contribui\u00e7\u00f5es do valor suficiente \u00e0 quita\u00e7\u00e3o do presente contrato.<br><br><strong>CL\u00c1USULA D\u00c9CIMA \u2013 DA EXECU\u00c7\u00c3O DA GARANTIA <br><\/strong><br><strong>10.1<\/strong> &#8211; A d\u00edvida vencer\u00e1 antecipadamente, independentemente de aviso, notifica\u00e7\u00e3o judicial ou extrajudicial, nas seguintes hip\u00f3teses: <\/p>\n\n\n\n<p style=\"font-size:21px\">I \u2013 Rescis\u00e3o do contrato de trabalho do participante com o Patrocinador e, cumulativamente, desligamento da Previnorte, optando pelo Resgate de Contribui\u00e7\u00f5es ou pela Portabilidade;<\/p>\n\n\n\n<p style=\"font-size:21px\">II \u2013 Descumprimento de qualquer cl\u00e1usula do regulamento de empr\u00e9stimo; <br><br><strong>10.2<\/strong> &#8211; Nessas situa\u00e7\u00f5es, a garantia ser\u00e1 executada automaticamente, por meio de encontro de contas, at\u00e9 o limite do d\u00e9bito, pela op\u00e7\u00e3o de resgate\/portabilidade;<br><br><strong>10.3<\/strong> &#8211; A data a ser considerada para fins de c\u00e1lculo das parcelas vincendas e vencidas atualizadas com multa e juros e incid\u00eancia de imposto de renda, se houver, ser\u00e1 a do efetivo pagamento;<\/p>\n\n\n\n<p style=\"font-size:21px\"><strong>10.4<\/strong> &#8211; N\u00e3o se aplica o vencimento antecipado da d\u00edvida ao participante ativo que venha a se desligar voluntariamente da Previnorte e que mantenha sua condi\u00e7\u00e3o de empregado no Patrocinador, caso as presta\u00e7\u00f5es do contrato de m\u00fatuo continuem a ser descontadas na folha de pagamentos do patrocinador, at\u00e9 completa quita\u00e7\u00e3o.<br><br><strong>CL\u00c1USULA D\u00c9CIMA PRIMEIRA \u2013 DAS CONDI\u00c7\u00d5ES GERAIS <br><\/strong><br><strong>11.1 &#8211;<\/strong> O <strong>MUTU\u00c1RIO<\/strong>, neste ato, autoriza em car\u00e1ter irrevog\u00e1vel o Patrocinador ou a <strong>PREVINORTE<\/strong>, conforme o caso, a descontar mensalmente de sua remunera\u00e7\u00e3o ou da sua complementa\u00e7\u00e3o de benef\u00edcio, o valor das presta\u00e7\u00f5es objeto deste contrato;<br><br><strong>11.2 \u2013<\/strong> N\u00e3o obstante a autoriza\u00e7\u00e3o mencionada no item 11.1, o <strong>MUTU\u00c1RIO <\/strong>permanece como \u00fanico respons\u00e1vel pelo pagamento mensal do d\u00e9bito, mesmo na hip\u00f3tese do Patrocinador n\u00e3o efetuar os descontos mensais devidos, obrigando-se a efetuar o pagamento das presta\u00e7\u00f5es diretamente \u00e0 <strong>PREVINORTE<\/strong>;<br><br><strong>11.3 \u2013 <\/strong>Caso a <strong>PREVINORTE <\/strong>tenha que recorrer aos meios judiciais para cobran\u00e7a dos seus cr\u00e9ditos, ser\u00e3o cobrados do <strong>MUTU\u00c1RIO<\/strong>, al\u00e9m do principal e acess\u00f3rios, os honor\u00e1rios advocat\u00edcios devidos e as custas judiciais;<\/p>\n\n\n\n<p style=\"font-size:21px\"><br><strong>11.4 &#8211;<\/strong> O <strong>MUTU\u00c1RIO <\/strong>declara conhecer e estar de acordo com todos os termos do Regulamento de Empr\u00e9stimo, que est\u00e1 dispon\u00edvel no site da Previnorte <a href=\"http:\/\/www.previnorte.com.br\/\">www.previnorte.com.br<\/a>.<br><br><strong>CL\u00c1USULA D\u00c9CIMA SEGUNDA \u2013 LGPD <br><\/strong><br><strong>12.1 \u2013<\/strong> O mutu\u00e1rio autoriza a Previnorte a utilizar os seus dados pessoais para execu\u00e7\u00e3o do presente contrato de m\u00fatuo, bem como a transfer\u00eancia de dados para terceiros como o patrocinador, a companhia seguradora respons\u00e1vel pelo seguro prestamista, empresas de prote\u00e7\u00e3o de cr\u00e9dito e escrit\u00f3rios de advocacia, sendo que todas as Partes se comprometem a cumprir todas as leis, regras e regulamentos aplic\u00e1veis aos dados pessoais tratados em raz\u00e3o da execu\u00e7\u00e3o do objeto deste Contrato, incluindo, mas n\u00e3o se limitando, \u00e0 Lei 13. 709\/18 (Lei de Prote\u00e7\u00e3o de Dados Pessoais &#8211; LGPD).<br><br><strong>CL\u00c1USULA D\u00c9CIMA TERCEIRA \u2013 DO FORO <br><\/strong><br><strong>13.1 \u2013<\/strong> Fica eleito o foro da cidade de Bras\u00edlia (DF), como \u00fanico competente para conhecer e julgar qualquer demanda resultante deste contrato, podendo a <strong>PREVINORTE<\/strong>, entretanto, optar pelo foro do domic\u00edlio do <strong>MUTU\u00c1RIO<\/strong>. E por assim estarem justos e contratados, firmam o presente instrumento.<br><br>Data:  _____ \/ _____ \/ _____<\/p>\n\n\n\n<p>_________________________________      <br>DIRETOR-PRESIDENTE <\/p>\n\n\n\n<p>_________________________________<br>DIRETOR FINANCEIRO<\/p>\n\n\n\n<p>_________________________<br>MUTU\u00c1RIO<\/p>\n\n\n\n<p><\/p>\n","protected":false},"excerpt":{"rendered":"<p>PREVINORTE &#8211; Funda\u00e7\u00e3o de Previd\u00eancia Complementar, entidade fechada de Previd\u00eancia Complementar, com sede em Bras\u00edlia (DF) no SCN, Quadra 01, Bloco C, Edif\u00edcio Bras\u00edlia Trade Center, 8\u00ba andar, inscrita no CNPJ\/MF sob o n\u00ba 03.637.154\/ 0001-87, neste ato representada por seus representantes legais e\/ou procuradores, ao final nomeados e assinados, doravante denominada PREVINORTE e o [&hellip;]<\/p>\n","protected":false},"author":7,"featured_media":0,"parent":0,"menu_order":0,"comment_status":"closed","ping_status":"closed","template":"","meta":{"_acf_changed":false,"om_disable_all_campaigns":false,"_monsterinsights_skip_tracking":false,"_monsterinsights_sitenote_active":false,"_monsterinsights_sitenote_note":"","_monsterinsights_sitenote_category":0,"_uf_show_specific_survey":0,"_uf_disable_surveys":false,"footnotes":""},"class_list":["post-18490","page","type-page","status-publish","hentry"],"acf":[],"aioseo_notices":[],"yoast_head":"<!-- This site is optimized with the Yoast SEO plugin v26.2 - https:\/\/yoast.com\/wordpress\/plugins\/seo\/ -->\r\n<title>CONTRATO DE EMPR\u00c9STIMO PESSOAL P\u00d3S-FIXADO - Previnorte<\/title>\r\n<meta name=\"robots\" content=\"index, follow, max-snippet:-1, max-image-preview:large, max-video-preview:-1\" \/>\r\n<link rel=\"canonical\" href=\"https:\/\/previnorte.com.br\/site2\/contrato-de-emprestimo-pessoal-pos-fixado\/\" \/>\r\n<meta property=\"og:locale\" content=\"pt_BR\" \/>\r\n<meta property=\"og:type\" content=\"article\" \/>\r\n<meta property=\"og:title\" content=\"CONTRATO DE EMPR\u00c9STIMO PESSOAL P\u00d3S-FIXADO - Previnorte\" \/>\r\n<meta property=\"og:description\" content=\"PREVINORTE &#8211; Funda\u00e7\u00e3o de Previd\u00eancia Complementar, entidade fechada de Previd\u00eancia Complementar, com sede em Bras\u00edlia (DF) no SCN, Quadra 01, Bloco C, Edif\u00edcio Bras\u00edlia Trade Center, 8\u00ba andar, inscrita no CNPJ\/MF sob o n\u00ba 03.637.154\/ 0001-87, neste ato representada por seus representantes legais e\/ou procuradores, ao final nomeados e assinados, doravante denominada PREVINORTE e o [&hellip;]\" \/>\r\n<meta property=\"og:url\" content=\"https:\/\/previnorte.com.br\/site2\/contrato-de-emprestimo-pessoal-pos-fixado\/\" \/>\r\n<meta property=\"og:site_name\" content=\"Previnorte\" \/>\r\n<meta property=\"article:modified_time\" content=\"2026-05-13T14:02:13+00:00\" \/>\r\n<meta name=\"twitter:card\" content=\"summary_large_image\" \/>\r\n<meta name=\"twitter:label1\" content=\"Est. tempo de leitura\" \/>\n\t<meta name=\"twitter:data1\" content=\"7 minutos\" \/>\r\n<script type=\"application\/ld+json\" class=\"yoast-schema-graph\">{\"@context\":\"https:\/\/schema.org\",\"@graph\":[{\"@type\":\"WebPage\",\"@id\":\"https:\/\/previnorte.com.br\/site2\/contrato-de-emprestimo-pessoal-pos-fixado\/\",\"url\":\"https:\/\/previnorte.com.br\/site2\/contrato-de-emprestimo-pessoal-pos-fixado\/\",\"name\":\"CONTRATO DE EMPR\u00c9STIMO PESSOAL P\u00d3S-FIXADO - Previnorte\",\"isPartOf\":{\"@id\":\"https:\/\/previnorte.com.br\/site2\/#website\"},\"datePublished\":\"2025-10-28T18:20:53+00:00\",\"dateModified\":\"2026-05-13T14:02:13+00:00\",\"breadcrumb\":{\"@id\":\"https:\/\/previnorte.com.br\/site2\/contrato-de-emprestimo-pessoal-pos-fixado\/#breadcrumb\"},\"inLanguage\":\"pt-BR\",\"potentialAction\":[{\"@type\":\"ReadAction\",\"target\":[\"https:\/\/previnorte.com.br\/site2\/contrato-de-emprestimo-pessoal-pos-fixado\/\"]}]},{\"@type\":\"BreadcrumbList\",\"@id\":\"https:\/\/previnorte.com.br\/site2\/contrato-de-emprestimo-pessoal-pos-fixado\/#breadcrumb\",\"itemListElement\":[{\"@type\":\"ListItem\",\"position\":1,\"name\":\"In\u00edcio\",\"item\":\"https:\/\/previnorte.com.br\/site2\/\"},{\"@type\":\"ListItem\",\"position\":2,\"name\":\"CONTRATO DE EMPR\u00c9STIMO PESSOAL P\u00d3S-FIXADO\"}]},{\"@type\":\"WebSite\",\"@id\":\"https:\/\/previnorte.com.br\/site2\/#website\",\"url\":\"https:\/\/previnorte.com.br\/site2\/\",\"name\":\"Previnorte\",\"description\":\"Uma entidade fechada de previd\u00eancia complementar,  sem fins lucrativos.\",\"potentialAction\":[{\"@type\":\"SearchAction\",\"target\":{\"@type\":\"EntryPoint\",\"urlTemplate\":\"https:\/\/previnorte.com.br\/site2\/?s={search_term_string}\"},\"query-input\":{\"@type\":\"PropertyValueSpecification\",\"valueRequired\":true,\"valueName\":\"search_term_string\"}}],\"inLanguage\":\"pt-BR\"}]}<\/script>\r\n<!-- \/ Yoast SEO plugin. -->","yoast_head_json":{"title":"CONTRATO DE EMPR\u00c9STIMO PESSOAL P\u00d3S-FIXADO - Previnorte","robots":{"index":"index","follow":"follow","max-snippet":"max-snippet:-1","max-image-preview":"max-image-preview:large","max-video-preview":"max-video-preview:-1"},"canonical":"https:\/\/previnorte.com.br\/site2\/contrato-de-emprestimo-pessoal-pos-fixado\/","og_locale":"pt_BR","og_type":"article","og_title":"CONTRATO DE EMPR\u00c9STIMO PESSOAL P\u00d3S-FIXADO - Previnorte","og_description":"PREVINORTE &#8211; Funda\u00e7\u00e3o de Previd\u00eancia Complementar, entidade fechada de Previd\u00eancia Complementar, com sede em Bras\u00edlia (DF) no SCN, Quadra 01, Bloco C, Edif\u00edcio Bras\u00edlia Trade Center, 8\u00ba andar, inscrita no CNPJ\/MF sob o n\u00ba 03.637.154\/ 0001-87, neste ato representada por seus representantes legais e\/ou procuradores, ao final nomeados e assinados, doravante denominada PREVINORTE e o [&hellip;]","og_url":"https:\/\/previnorte.com.br\/site2\/contrato-de-emprestimo-pessoal-pos-fixado\/","og_site_name":"Previnorte","article_modified_time":"2026-05-13T14:02:13+00:00","twitter_card":"summary_large_image","twitter_misc":{"Est. tempo de leitura":"7 minutos"},"schema":{"@context":"https:\/\/schema.org","@graph":[{"@type":"WebPage","@id":"https:\/\/previnorte.com.br\/site2\/contrato-de-emprestimo-pessoal-pos-fixado\/","url":"https:\/\/previnorte.com.br\/site2\/contrato-de-emprestimo-pessoal-pos-fixado\/","name":"CONTRATO DE EMPR\u00c9STIMO PESSOAL P\u00d3S-FIXADO - Previnorte","isPartOf":{"@id":"https:\/\/previnorte.com.br\/site2\/#website"},"datePublished":"2025-10-28T18:20:53+00:00","dateModified":"2026-05-13T14:02:13+00:00","breadcrumb":{"@id":"https:\/\/previnorte.com.br\/site2\/contrato-de-emprestimo-pessoal-pos-fixado\/#breadcrumb"},"inLanguage":"pt-BR","potentialAction":[{"@type":"ReadAction","target":["https:\/\/previnorte.com.br\/site2\/contrato-de-emprestimo-pessoal-pos-fixado\/"]}]},{"@type":"BreadcrumbList","@id":"https:\/\/previnorte.com.br\/site2\/contrato-de-emprestimo-pessoal-pos-fixado\/#breadcrumb","itemListElement":[{"@type":"ListItem","position":1,"name":"In\u00edcio","item":"https:\/\/previnorte.com.br\/site2\/"},{"@type":"ListItem","position":2,"name":"CONTRATO DE EMPR\u00c9STIMO PESSOAL P\u00d3S-FIXADO"}]},{"@type":"WebSite","@id":"https:\/\/previnorte.com.br\/site2\/#website","url":"https:\/\/previnorte.com.br\/site2\/","name":"Previnorte","description":"Uma entidade fechada de previd\u00eancia complementar,  sem fins lucrativos.","potentialAction":[{"@type":"SearchAction","target":{"@type":"EntryPoint","urlTemplate":"https:\/\/previnorte.com.br\/site2\/?s={search_term_string}"},"query-input":{"@type":"PropertyValueSpecification","valueRequired":true,"valueName":"search_term_string"}}],"inLanguage":"pt-BR"}]}},"_links":{"self":[{"href":"https:\/\/previnorte.com.br\/site2\/wp-json\/wp\/v2\/pages\/18490","targetHints":{"allow":["GET"]}}],"collection":[{"href":"https:\/\/previnorte.com.br\/site2\/wp-json\/wp\/v2\/pages"}],"about":[{"href":"https:\/\/previnorte.com.br\/site2\/wp-json\/wp\/v2\/types\/page"}],"author":[{"embeddable":true,"href":"https:\/\/previnorte.com.br\/site2\/wp-json\/wp\/v2\/users\/7"}],"replies":[{"embeddable":true,"href":"https:\/\/previnorte.com.br\/site2\/wp-json\/wp\/v2\/comments?post=18490"}],"version-history":[{"count":19,"href":"https:\/\/previnorte.com.br\/site2\/wp-json\/wp\/v2\/pages\/18490\/revisions"}],"predecessor-version":[{"id":20703,"href":"https:\/\/previnorte.com.br\/site2\/wp-json\/wp\/v2\/pages\/18490\/revisions\/20703"}],"wp:attachment":[{"href":"https:\/\/previnorte.com.br\/site2\/wp-json\/wp\/v2\/media?parent=18490"}],"curies":[{"name":"wp","href":"https:\/\/api.w.org\/{rel}","templated":true}]}}