{"id":19064,"date":"2025-12-16T10:52:09","date_gmt":"2025-12-16T13:52:09","guid":{"rendered":"https:\/\/previnorte.com.br\/site2\/?page_id=19064"},"modified":"2025-12-18T11:05:16","modified_gmt":"2025-12-18T14:05:16","slug":"previnorte-conquista-selo-de-autorregulacao-em-governanca-corporativa","status":"publish","type":"page","link":"https:\/\/previnorte.com.br\/site2\/previnorte-conquista-selo-de-autorregulacao-em-governanca-corporativa\/","title":{"rendered":"Previnorte Conquista Selo de Autorregula\u00e7\u00e3o em Governan\u00e7a Corporativa"},"content":{"rendered":"\n<div class=\"wp-block-media-text has-media-on-the-right is-stacked-on-mobile\" style=\"grid-template-columns:auto 30%\"><div class=\"wp-block-media-text__content\">\n<p class=\"has-medium-font-size\">A seguran\u00e7a e a transpar\u00eancia na gest\u00e3o dos seus recursos s\u00e3o prioridade para a Previnorte. Por isso, temos o orgulho de anunciar uma conquista que refor\u00e7a esse compromisso: o Selo de Autorregula\u00e7\u00e3o em Governan\u00e7a Corporativa, concedido pela Associa\u00e7\u00e3o Brasileira das Entidades Fechadas de Previd\u00eancia Complementar &#8211; Abrapp.<\/p>\n\n\n\n<p class=\"has-medium-font-size\">Este Selo representa o reconhecimento de que a Previnorte opera com os mais rigorosos padr\u00f5es de \u00e9tica, transpar\u00eancia e controle, colocando o seu patrim\u00f4nio no n\u00edvel m\u00e1ximo de prote\u00e7\u00e3o do mercado.<\/p>\n<\/div><figure class=\"wp-block-media-text__media\"><img loading=\"lazy\" decoding=\"async\" width=\"500\" height=\"500\" src=\"https:\/\/previnorte.com.br\/site2\/wp-content\/uploads\/2025\/12\/Selo-Autorr.Gover_.Giro-VF.jpg\" alt=\"\" class=\"wp-image-19107 size-full\" srcset=\"https:\/\/previnorte.com.br\/site2\/wp-content\/uploads\/2025\/12\/Selo-Autorr.Gover_.Giro-VF.jpg 500w, https:\/\/previnorte.com.br\/site2\/wp-content\/uploads\/2025\/12\/Selo-Autorr.Gover_.Giro-VF-200x200.jpg 200w\" sizes=\"auto, (max-width: 500px) 100vw, 500px\" \/><\/figure><\/div>\n\n\n\n<p class=\"has-luminous-vivid-amber-background-color has-background has-medium-font-size\"><strong>O que \u00e9 o Selo de Autorregula\u00e7\u00e3o em Governan\u00e7a Corporativa?<\/strong><\/p>\n\n\n\n<p class=\"has-medium-font-size\">A Governan\u00e7a Corporativa \u00e9 o conjunto de mecanismos e princ\u00edpios que garantem a boa administra\u00e7\u00e3o de uma organiza\u00e7\u00e3o. No contexto de um Fundo de Pens\u00e3o como a Previnorte, ela garante que as decis\u00f5es sejam tomadas de forma justa, legal e no exclusivo interesse dos participantes.<\/p>\n\n\n\n<p class=\"has-medium-font-size\">O Selo da Abrapp \u00e9 a certifica\u00e7\u00e3o m\u00e1xima nesse campo. Para obt\u00ea-lo, a Previnorte foi submetida a uma avalia\u00e7\u00e3o minuciosa que comprovou o cumprimento de regras estritas em \u00e1reas como:<\/p>\n\n\n\n<ul class=\"wp-block-list\">\n<li class=\"has-medium-font-size\"><strong>Estrutura de Gest\u00e3o:<\/strong> A clareza nos pap\u00e9is e responsabilidades do Conselho Deliberativo, Conselho Fiscal e Diretoria Executiva.<\/li>\n\n\n\n<li class=\"has-medium-font-size\"><strong>Transpar\u00eancia:<\/strong> A forma como as informa\u00e7\u00f5es s\u00e3o divulgadas aos participantes e ao mercado.<\/li>\n\n\n\n<li class=\"has-medium-font-size\"><strong>\u00c9tica e Conduta:<\/strong> A exist\u00eancia de c\u00f3digos de \u00e9tica e regras claras para evitar conflitos de interesse.<\/li>\n\n\n\n<li class=\"has-medium-font-size\"><strong>Controles Internos:<\/strong> A efic\u00e1cia dos mecanismos que protegem o patrim\u00f4nio contra desvios e erros.<\/li>\n<\/ul>\n\n\n\n<p class=\"has-medium-font-size\">Em resumo, o Selo atesta que a gest\u00e3o da Previnorte \u00e9 s\u00f3lida, respons\u00e1vel e totalmente orientada para o bem-estar dos participantes.<\/p>\n\n\n\n<h3 class=\"wp-block-heading has-luminous-vivid-amber-background-color has-background\">O que esta conquista representa para voc\u00ea?<\/h3>\n\n\n\n<p class=\"has-medium-font-size\">A obten\u00e7\u00e3o do Selo de Governan\u00e7a Corporativa se traduz em benef\u00edcios diretos e concretos para o seu plano, tais como:<\/p>\n\n\n\n<p class=\"has-medium-font-size\"><strong>1.\u00a0Seguran\u00e7a das decis\u00f5es na gest\u00e3o dos recursos<\/strong><\/p>\n\n\n\n<p class=\"has-medium-font-size\">O Selo assegura que as decis\u00f5es administrativas, financeiras e operacionais s\u00e3o tomadas com base em regras claras e princ\u00edpios \u00e9ticos inegoci\u00e1veis. Isso significa que voc\u00ea tem a garantia de que a gest\u00e3o do seu plano\u00a0est\u00e1 protegido contra\u00a0interesses particulares ou\u00a0pr\u00e1ticas\u00a0que coloquem seu patrim\u00f4nio em jogo.<\/p>\n\n\n\n<p class=\"has-medium-font-size\"><strong>2. Atua\u00e7\u00e3o al\u00e9m dos padr\u00f5es m\u00ednimos legais<\/strong><\/p>\n\n\n\n<p class=\"has-medium-font-size\">O reconhecimento da Abrapp, a principal associa\u00e7\u00e3o do setor, eleva o patamar de confian\u00e7a na Funda\u00e7\u00e3o. Ao escolher um Selo de Autorregula\u00e7\u00e3o, a Previnorte se compromete voluntariamente a ir al\u00e9m da lei, adotando as melhores&nbsp;pr\u00e1ticas dos segmento em sua atua\u00e7\u00e3o.<\/p>\n\n\n\n<p class=\"has-medium-font-size\"><strong>3. Gest\u00e3o\u00a0mais\u00a0eficiente e\u00a0sustent\u00e1vel<\/strong><\/p>\n\n\n\n<p class=\"has-medium-font-size\">Com processos bem definidos e fiscalizados, a Previnorte garante uma opera\u00e7\u00e3o mais \u00e1gil, eficaz e de longo prazo. Isso ajuda a Funda\u00e7\u00e3o a focar no que realmente importa: preservar e aumentar o seu patrim\u00f4nio para garantir a sua aposentadoria.<\/p>\n\n\n\n<h3 class=\"wp-block-heading has-luminous-vivid-amber-background-color has-background\">O seu futuro em m\u00e3os certificadas<\/h3>\n\n\n\n<p class=\"has-medium-font-size\">A conquista deste Selo \u00e9 um atestado p\u00fablico do nosso compromisso com a <strong>excel\u00eancia e a responsabilidade<\/strong>. A Previnorte continuar\u00e1 a investir em Governan\u00e7a para manter a seguran\u00e7a e a confian\u00e7a que voc\u00ea deposita em n\u00f3s.<\/p>\n\n\n\n<div style=\"height:35px\" aria-hidden=\"true\" class=\"wp-block-spacer\"><\/div>\n\n\n\n<p class=\"has-small-font-size\">Compartilhe esta mat\u00e9ria:<\/p>\n","protected":false},"excerpt":{"rendered":"<p>A seguran\u00e7a e a transpar\u00eancia na gest\u00e3o dos seus recursos s\u00e3o prioridade para a Previnorte. Por isso, temos o orgulho de anunciar uma conquista que refor\u00e7a esse compromisso: o Selo de Autorregula\u00e7\u00e3o em Governan\u00e7a Corporativa, concedido pela Associa\u00e7\u00e3o Brasileira das Entidades Fechadas de Previd\u00eancia Complementar &#8211; Abrapp. Este Selo representa o reconhecimento de que a [&hellip;]<\/p>\n","protected":false},"author":6,"featured_media":0,"parent":0,"menu_order":0,"comment_status":"closed","ping_status":"closed","template":"","meta":{"_acf_changed":false,"om_disable_all_campaigns":false,"_monsterinsights_skip_tracking":false,"_monsterinsights_sitenote_active":false,"_monsterinsights_sitenote_note":"","_monsterinsights_sitenote_category":0,"_uf_show_specific_survey":0,"_uf_disable_surveys":false,"footnotes":""},"class_list":["post-19064","page","type-page","status-publish","hentry"],"acf":[],"aioseo_notices":[],"yoast_head":"<!-- This site is optimized with the Yoast SEO plugin v26.2 - https:\/\/yoast.com\/wordpress\/plugins\/seo\/ -->\r\n<title>Previnorte Conquista Selo de Autorregula\u00e7\u00e3o em Governan\u00e7a Corporativa - Previnorte<\/title>\r\n<meta name=\"robots\" content=\"index, follow, max-snippet:-1, max-image-preview:large, max-video-preview:-1\" \/>\r\n<link rel=\"canonical\" href=\"https:\/\/previnorte.com.br\/site2\/previnorte-conquista-selo-de-autorregulacao-em-governanca-corporativa\/\" \/>\r\n<meta property=\"og:locale\" content=\"pt_BR\" \/>\r\n<meta property=\"og:type\" content=\"article\" \/>\r\n<meta property=\"og:title\" content=\"Previnorte Conquista Selo de Autorregula\u00e7\u00e3o em Governan\u00e7a Corporativa - Previnorte\" \/>\r\n<meta property=\"og:description\" content=\"A seguran\u00e7a e a transpar\u00eancia na gest\u00e3o dos seus recursos s\u00e3o prioridade para a Previnorte. Por isso, temos o orgulho de anunciar uma conquista que refor\u00e7a esse compromisso: o Selo de Autorregula\u00e7\u00e3o em Governan\u00e7a Corporativa, concedido pela Associa\u00e7\u00e3o Brasileira das Entidades Fechadas de Previd\u00eancia Complementar &#8211; Abrapp. Este Selo representa o reconhecimento de que a [&hellip;]\" \/>\r\n<meta property=\"og:url\" content=\"https:\/\/previnorte.com.br\/site2\/previnorte-conquista-selo-de-autorregulacao-em-governanca-corporativa\/\" \/>\r\n<meta property=\"og:site_name\" content=\"Previnorte\" \/>\r\n<meta property=\"article:modified_time\" content=\"2025-12-18T14:05:16+00:00\" \/>\r\n<meta property=\"og:image\" content=\"https:\/\/previnorte.com.br\/site2\/wp-content\/uploads\/2025\/12\/Selo-Autorr.Gover_.Giro-VF.jpg\" \/>\r\n\t<meta property=\"og:image:width\" content=\"500\" \/>\r\n\t<meta property=\"og:image:height\" content=\"500\" \/>\r\n\t<meta property=\"og:image:type\" content=\"image\/jpeg\" \/>\r\n<meta name=\"twitter:card\" content=\"summary_large_image\" \/>\r\n<meta name=\"twitter:label1\" content=\"Est. tempo de leitura\" \/>\n\t<meta name=\"twitter:data1\" content=\"3 minutos\" \/>\r\n<script type=\"application\/ld+json\" class=\"yoast-schema-graph\">{\"@context\":\"https:\/\/schema.org\",\"@graph\":[{\"@type\":\"WebPage\",\"@id\":\"https:\/\/previnorte.com.br\/site2\/previnorte-conquista-selo-de-autorregulacao-em-governanca-corporativa\/\",\"url\":\"https:\/\/previnorte.com.br\/site2\/previnorte-conquista-selo-de-autorregulacao-em-governanca-corporativa\/\",\"name\":\"Previnorte Conquista Selo de Autorregula\u00e7\u00e3o em Governan\u00e7a Corporativa - Previnorte\",\"isPartOf\":{\"@id\":\"https:\/\/previnorte.com.br\/site2\/#website\"},\"primaryImageOfPage\":{\"@id\":\"https:\/\/previnorte.com.br\/site2\/previnorte-conquista-selo-de-autorregulacao-em-governanca-corporativa\/#primaryimage\"},\"image\":{\"@id\":\"https:\/\/previnorte.com.br\/site2\/previnorte-conquista-selo-de-autorregulacao-em-governanca-corporativa\/#primaryimage\"},\"thumbnailUrl\":\"https:\/\/previnorte.com.br\/site2\/wp-content\/uploads\/2025\/12\/Selo-Autorr.Gover_.Giro-VF.jpg\",\"datePublished\":\"2025-12-16T13:52:09+00:00\",\"dateModified\":\"2025-12-18T14:05:16+00:00\",\"breadcrumb\":{\"@id\":\"https:\/\/previnorte.com.br\/site2\/previnorte-conquista-selo-de-autorregulacao-em-governanca-corporativa\/#breadcrumb\"},\"inLanguage\":\"pt-BR\",\"potentialAction\":[{\"@type\":\"ReadAction\",\"target\":[\"https:\/\/previnorte.com.br\/site2\/previnorte-conquista-selo-de-autorregulacao-em-governanca-corporativa\/\"]}]},{\"@type\":\"ImageObject\",\"inLanguage\":\"pt-BR\",\"@id\":\"https:\/\/previnorte.com.br\/site2\/previnorte-conquista-selo-de-autorregulacao-em-governanca-corporativa\/#primaryimage\",\"url\":\"https:\/\/previnorte.com.br\/site2\/wp-content\/uploads\/2025\/12\/Selo-Autorr.Gover_.Giro-VF.jpg\",\"contentUrl\":\"https:\/\/previnorte.com.br\/site2\/wp-content\/uploads\/2025\/12\/Selo-Autorr.Gover_.Giro-VF.jpg\",\"width\":500,\"height\":500},{\"@type\":\"BreadcrumbList\",\"@id\":\"https:\/\/previnorte.com.br\/site2\/previnorte-conquista-selo-de-autorregulacao-em-governanca-corporativa\/#breadcrumb\",\"itemListElement\":[{\"@type\":\"ListItem\",\"position\":1,\"name\":\"In\u00edcio\",\"item\":\"https:\/\/previnorte.com.br\/site2\/\"},{\"@type\":\"ListItem\",\"position\":2,\"name\":\"Previnorte Conquista Selo de Autorregula\u00e7\u00e3o em Governan\u00e7a Corporativa\"}]},{\"@type\":\"WebSite\",\"@id\":\"https:\/\/previnorte.com.br\/site2\/#website\",\"url\":\"https:\/\/previnorte.com.br\/site2\/\",\"name\":\"Previnorte\",\"description\":\"Uma entidade fechada de previd\u00eancia complementar,  sem fins lucrativos.\",\"potentialAction\":[{\"@type\":\"SearchAction\",\"target\":{\"@type\":\"EntryPoint\",\"urlTemplate\":\"https:\/\/previnorte.com.br\/site2\/?s={search_term_string}\"},\"query-input\":{\"@type\":\"PropertyValueSpecification\",\"valueRequired\":true,\"valueName\":\"search_term_string\"}}],\"inLanguage\":\"pt-BR\"}]}<\/script>\r\n<!-- \/ Yoast SEO plugin. -->","yoast_head_json":{"title":"Previnorte Conquista Selo de Autorregula\u00e7\u00e3o em Governan\u00e7a Corporativa - Previnorte","robots":{"index":"index","follow":"follow","max-snippet":"max-snippet:-1","max-image-preview":"max-image-preview:large","max-video-preview":"max-video-preview:-1"},"canonical":"https:\/\/previnorte.com.br\/site2\/previnorte-conquista-selo-de-autorregulacao-em-governanca-corporativa\/","og_locale":"pt_BR","og_type":"article","og_title":"Previnorte Conquista Selo de Autorregula\u00e7\u00e3o em Governan\u00e7a Corporativa - Previnorte","og_description":"A seguran\u00e7a e a transpar\u00eancia na gest\u00e3o dos seus recursos s\u00e3o prioridade para a Previnorte. Por isso, temos o orgulho de anunciar uma conquista que refor\u00e7a esse compromisso: o Selo de Autorregula\u00e7\u00e3o em Governan\u00e7a Corporativa, concedido pela Associa\u00e7\u00e3o Brasileira das Entidades Fechadas de Previd\u00eancia Complementar &#8211; Abrapp. Este Selo representa o reconhecimento de que a [&hellip;]","og_url":"https:\/\/previnorte.com.br\/site2\/previnorte-conquista-selo-de-autorregulacao-em-governanca-corporativa\/","og_site_name":"Previnorte","article_modified_time":"2025-12-18T14:05:16+00:00","og_image":[{"width":500,"height":500,"url":"https:\/\/previnorte.com.br\/site2\/wp-content\/uploads\/2025\/12\/Selo-Autorr.Gover_.Giro-VF.jpg","type":"image\/jpeg"}],"twitter_card":"summary_large_image","twitter_misc":{"Est. tempo de leitura":"3 minutos"},"schema":{"@context":"https:\/\/schema.org","@graph":[{"@type":"WebPage","@id":"https:\/\/previnorte.com.br\/site2\/previnorte-conquista-selo-de-autorregulacao-em-governanca-corporativa\/","url":"https:\/\/previnorte.com.br\/site2\/previnorte-conquista-selo-de-autorregulacao-em-governanca-corporativa\/","name":"Previnorte Conquista Selo de Autorregula\u00e7\u00e3o em Governan\u00e7a Corporativa - Previnorte","isPartOf":{"@id":"https:\/\/previnorte.com.br\/site2\/#website"},"primaryImageOfPage":{"@id":"https:\/\/previnorte.com.br\/site2\/previnorte-conquista-selo-de-autorregulacao-em-governanca-corporativa\/#primaryimage"},"image":{"@id":"https:\/\/previnorte.com.br\/site2\/previnorte-conquista-selo-de-autorregulacao-em-governanca-corporativa\/#primaryimage"},"thumbnailUrl":"https:\/\/previnorte.com.br\/site2\/wp-content\/uploads\/2025\/12\/Selo-Autorr.Gover_.Giro-VF.jpg","datePublished":"2025-12-16T13:52:09+00:00","dateModified":"2025-12-18T14:05:16+00:00","breadcrumb":{"@id":"https:\/\/previnorte.com.br\/site2\/previnorte-conquista-selo-de-autorregulacao-em-governanca-corporativa\/#breadcrumb"},"inLanguage":"pt-BR","potentialAction":[{"@type":"ReadAction","target":["https:\/\/previnorte.com.br\/site2\/previnorte-conquista-selo-de-autorregulacao-em-governanca-corporativa\/"]}]},{"@type":"ImageObject","inLanguage":"pt-BR","@id":"https:\/\/previnorte.com.br\/site2\/previnorte-conquista-selo-de-autorregulacao-em-governanca-corporativa\/#primaryimage","url":"https:\/\/previnorte.com.br\/site2\/wp-content\/uploads\/2025\/12\/Selo-Autorr.Gover_.Giro-VF.jpg","contentUrl":"https:\/\/previnorte.com.br\/site2\/wp-content\/uploads\/2025\/12\/Selo-Autorr.Gover_.Giro-VF.jpg","width":500,"height":500},{"@type":"BreadcrumbList","@id":"https:\/\/previnorte.com.br\/site2\/previnorte-conquista-selo-de-autorregulacao-em-governanca-corporativa\/#breadcrumb","itemListElement":[{"@type":"ListItem","position":1,"name":"In\u00edcio","item":"https:\/\/previnorte.com.br\/site2\/"},{"@type":"ListItem","position":2,"name":"Previnorte Conquista Selo de Autorregula\u00e7\u00e3o em Governan\u00e7a Corporativa"}]},{"@type":"WebSite","@id":"https:\/\/previnorte.com.br\/site2\/#website","url":"https:\/\/previnorte.com.br\/site2\/","name":"Previnorte","description":"Uma entidade fechada de previd\u00eancia complementar,  sem fins lucrativos.","potentialAction":[{"@type":"SearchAction","target":{"@type":"EntryPoint","urlTemplate":"https:\/\/previnorte.com.br\/site2\/?s={search_term_string}"},"query-input":{"@type":"PropertyValueSpecification","valueRequired":true,"valueName":"search_term_string"}}],"inLanguage":"pt-BR"}]}},"_links":{"self":[{"href":"https:\/\/previnorte.com.br\/site2\/wp-json\/wp\/v2\/pages\/19064","targetHints":{"allow":["GET"]}}],"collection":[{"href":"https:\/\/previnorte.com.br\/site2\/wp-json\/wp\/v2\/pages"}],"about":[{"href":"https:\/\/previnorte.com.br\/site2\/wp-json\/wp\/v2\/types\/page"}],"author":[{"embeddable":true,"href":"https:\/\/previnorte.com.br\/site2\/wp-json\/wp\/v2\/users\/6"}],"replies":[{"embeddable":true,"href":"https:\/\/previnorte.com.br\/site2\/wp-json\/wp\/v2\/comments?post=19064"}],"version-history":[{"count":11,"href":"https:\/\/previnorte.com.br\/site2\/wp-json\/wp\/v2\/pages\/19064\/revisions"}],"predecessor-version":[{"id":19134,"href":"https:\/\/previnorte.com.br\/site2\/wp-json\/wp\/v2\/pages\/19064\/revisions\/19134"}],"wp:attachment":[{"href":"https:\/\/previnorte.com.br\/site2\/wp-json\/wp\/v2\/media?parent=19064"}],"curies":[{"name":"wp","href":"https:\/\/api.w.org\/{rel}","templated":true}]}}