{"id":19441,"date":"2025-12-26T10:52:40","date_gmt":"2025-12-26T13:52:40","guid":{"rendered":"https:\/\/previnorte.com.br\/site2\/?page_id=19441"},"modified":"2026-02-26T14:37:44","modified_gmt":"2026-02-26T17:37:44","slug":"selos-e-certificacoes","status":"publish","type":"page","link":"https:\/\/previnorte.com.br\/site2\/selos-e-certificacoes\/","title":{"rendered":"Selos e Certifica\u00e7\u00f5es"},"content":{"rendered":"\n<p class=\"has-medium-font-size\">A <strong>excel\u00eancia<\/strong> da Previnorte na administra\u00e7\u00e3o de planos de benef\u00edcios previdenci\u00e1rios \u00e9 <strong>atestada por certifica\u00e7\u00f5es rigorosas<\/strong>, que indicam que adotamos a melhor pr\u00e1tica de mercado em cada um dos nossos processos internos.<\/p>\n\n\n\n<p class=\"has-medium-font-size\">Conhe\u00e7a, abaixo, as certifica\u00e7\u00f5es que evidenciam que o <strong>seu patrim\u00f4nio \u00e9 administrado com o que h\u00e1 de melhor em governan\u00e7a e gest\u00e3o no mercado<\/strong>.<\/p>\n\n\n\n<div style=\"height:40px\" aria-hidden=\"true\" class=\"wp-block-spacer\"><\/div>\n\n\n\n<div class=\"wp-block-media-text has-media-on-the-right is-stacked-on-mobile\" style=\"grid-template-columns:auto 29%\"><div class=\"wp-block-media-text__content\">\n<p class=\"has-medium-font-size\"><strong>Certifica\u00e7\u00e3o ISO 9001<\/strong><\/p>\n\n\n\n<p class=\"has-medium-font-size\">Desde 2002, a Previnorte \u00e9 certificada pela ISO 9001: um padr\u00e3o internacional que atesta a excel\u00eancia e a transpar\u00eancia dos processos internos. Essa certifica\u00e7\u00e3o, mais do que um selo, representa uma cultura rigorosa de gest\u00e3o de riscos e melhoria cont\u00ednua. Para o participante, isso significa que cada processo \u2014 do atendimento \u00e0 gest\u00e3o de pessoas \u2014 \u00e9 mapeado, controlado e aprimorado continuamente. <\/p>\n<\/div><figure class=\"wp-block-media-text__media\"><img loading=\"lazy\" decoding=\"async\" width=\"612\" height=\"408\" src=\"https:\/\/previnorte.com.br\/site2\/wp-content\/uploads\/2025\/12\/BSI-logo-iso-pb-removebg-preview.png\" alt=\"\" class=\"wp-image-19428 size-full\" srcset=\"https:\/\/previnorte.com.br\/site2\/wp-content\/uploads\/2025\/12\/BSI-logo-iso-pb-removebg-preview.png 612w, https:\/\/previnorte.com.br\/site2\/wp-content\/uploads\/2025\/12\/BSI-logo-iso-pb-removebg-preview-500x333.png 500w\" sizes=\"auto, (max-width: 612px) 100vw, 612px\" \/><\/figure><\/div>\n\n\n\n<div style=\"height:40px\" aria-hidden=\"true\" class=\"wp-block-spacer\"><\/div>\n\n\n\n<div class=\"wp-block-media-text is-stacked-on-mobile\" style=\"grid-template-columns:26% auto\"><figure class=\"wp-block-media-text__media\"><img loading=\"lazy\" decoding=\"async\" width=\"1024\" height=\"831\" src=\"https:\/\/previnorte.com.br\/site2\/wp-content\/uploads\/2025\/01\/selo_investimentos-1-1024x831.png\" alt=\"\" class=\"wp-image-14920 size-full\" srcset=\"https:\/\/previnorte.com.br\/site2\/wp-content\/uploads\/2025\/01\/selo_investimentos-1-1024x831.png 1024w, https:\/\/previnorte.com.br\/site2\/wp-content\/uploads\/2025\/01\/selo_investimentos-1-500x406.png 500w, https:\/\/previnorte.com.br\/site2\/wp-content\/uploads\/2025\/01\/selo_investimentos-1-768x623.png 768w, https:\/\/previnorte.com.br\/site2\/wp-content\/uploads\/2025\/01\/selo_investimentos-1-1536x1246.png 1536w, https:\/\/previnorte.com.br\/site2\/wp-content\/uploads\/2025\/01\/selo_investimentos-1-2048x1662.png 2048w\" sizes=\"auto, (max-width: 1024px) 100vw, 1024px\" \/><\/figure><div class=\"wp-block-media-text__content\">\n<p class=\"has-medium-font-size\"><strong>Selo de Autorregula\u00e7\u00e3o em Governan\u00e7a de Investimentos<\/strong><\/p>\n\n\n\n<p class=\"has-medium-font-size\">Desde 2019, a Previnorte mant\u00e9m o Selo de Autorregula\u00e7\u00e3o em Governan\u00e7a de Investimentos, atestando que o seu dinheiro \u00e9 gerido por uma equipe que lidera o mercado em termos de transpar\u00eancia, integridade e busca constante por seguran\u00e7a. A certifica\u00e7\u00e3o \u00e9 uma garantia de que a Funda\u00e7\u00e3o segue os padr\u00f5es mais altos de gest\u00e3o de investimentos e ajuda a ditar o n\u00edvel de excel\u00eancia do setor. <\/p>\n<\/div><\/div>\n\n\n\n<div style=\"height:40px\" aria-hidden=\"true\" class=\"wp-block-spacer\"><\/div>\n\n\n\n<div class=\"wp-block-media-text has-media-on-the-right is-stacked-on-mobile\" style=\"grid-template-columns:auto 25%\"><div class=\"wp-block-media-text__content\">\n<p class=\"has-medium-font-size\"><strong>Selo A+ da Receita Federal<\/strong><\/p>\n\n\n\n<p class=\"has-medium-font-size\">Em mar\u00e7o de 2025, a Previnorte recebeu a classifica\u00e7\u00e3o<strong> &#8220;A+&#8221;<\/strong> no Programa Sintonia da Receita Federal. Esse reconhecimento coloca nossa Funda\u00e7\u00e3o em um grupo seleto de institui\u00e7\u00f5es que se destacam pela integridade e pelo cumprimento rigoroso de todas as obriga\u00e7\u00f5es tribut\u00e1rias. Na pr\u00e1tica, esse selo garante \u00e0 Previnorte benef\u00edcios como prioridade na restitui\u00e7\u00e3o de tributos e um canal direto com o Fisco, o que se traduz em processos mais \u00e1geis e eficientes na gest\u00e3o do seu patrim\u00f4nio. <\/p>\n\n\n\n<div class=\"wp-block-buttons is-layout-flex wp-block-buttons-is-layout-flex\"><\/div>\n<\/div><figure class=\"wp-block-media-text__media\"><img loading=\"lazy\" decoding=\"async\" width=\"258\" height=\"248\" src=\"https:\/\/previnorte.com.br\/site2\/wp-content\/uploads\/2025\/04\/Selo-A.jpg\" alt=\"\" class=\"wp-image-16036 size-full\"\/><\/figure><\/div>\n\n\n\n<div style=\"height:40px\" aria-hidden=\"true\" class=\"wp-block-spacer\"><\/div>\n\n\n\n<div class=\"wp-block-media-text is-stacked-on-mobile\" style=\"grid-template-columns:32% auto\"><figure class=\"wp-block-media-text__media\"><img loading=\"lazy\" decoding=\"async\" width=\"1024\" height=\"722\" src=\"https:\/\/previnorte.com.br\/site2\/wp-content\/uploads\/2026\/02\/Selo-Engajamento-Abrapp-2025-1024x722.png\" alt=\"\" class=\"wp-image-19970 size-full\" srcset=\"https:\/\/previnorte.com.br\/site2\/wp-content\/uploads\/2026\/02\/Selo-Engajamento-Abrapp-2025-1024x722.png 1024w, https:\/\/previnorte.com.br\/site2\/wp-content\/uploads\/2026\/02\/Selo-Engajamento-Abrapp-2025-500x352.png 500w, https:\/\/previnorte.com.br\/site2\/wp-content\/uploads\/2026\/02\/Selo-Engajamento-Abrapp-2025-768x541.png 768w, https:\/\/previnorte.com.br\/site2\/wp-content\/uploads\/2026\/02\/Selo-Engajamento-Abrapp-2025.png 1287w\" sizes=\"auto, (max-width: 1024px) 100vw, 1024px\" \/><\/figure><div class=\"wp-block-media-text__content\">\n<p><strong>Selo de Engajamento da Abrapp<\/strong><\/p>\n\n\n\n<p class=\"has-medium-font-size\">Em novembro de 2025, a Previnorte conquistou o Selo de Engajamento, reafirmando o compromisso com uma cultura organizacional mais forte, transparente e voltada para o desenvolvimento das pessoas. A iniciativa integra a estrat\u00e9gia de valoriza\u00e7\u00e3o da gest\u00e3o de pessoas oferecendo, al\u00e9m de uma certifica\u00e7\u00e3o, um diagn\u00f3stico real sobre o ambiente de trabalho e a qualidade do v\u00ednculo entre os colaboradores e a organiza\u00e7\u00e3o. <\/p>\n\n\n\n<div class=\"wp-block-buttons is-layout-flex wp-block-buttons-is-layout-flex\"><\/div>\n\n\n\n<p><\/p>\n<\/div><\/div>\n\n\n\n<div style=\"height:64px\" aria-hidden=\"true\" class=\"wp-block-spacer\"><\/div>\n\n\n\n<div class=\"wp-block-media-text has-media-on-the-right is-stacked-on-mobile\" style=\"grid-template-columns:auto 25%\"><div class=\"wp-block-media-text__content\">\n<p class=\"has-medium-font-size\"><strong>Selo de Autorregula\u00e7\u00e3o em Governan\u00e7a Corporativa<\/strong><\/p>\n\n\n\n<p class=\"has-medium-font-size\">Em dezembro de 2025, a Previnorte conquistou o Selo de Autorregula\u00e7\u00e3o em Governan\u00e7a Corporativa, a maior certifica\u00e7\u00e3o de integridade e boa administra\u00e7\u00e3o do setor. Mais do que um reconhecimento t\u00e9cnico, esse selo atesta que as decis\u00f5es de gest\u00e3o do seu plano s\u00e3o tomadas com total \u00e9tica e transpar\u00eancia. \u00c9 o &#8220;padr\u00e3o ouro&#8221; que indica que seu patrim\u00f4nio est\u00e1 no n\u00edvel mais alto de prote\u00e7\u00e3o que um fundo de pens\u00e3o pode oferecer. <\/p>\n\n\n\n<div class=\"wp-block-buttons is-layout-flex wp-block-buttons-is-layout-flex\"><\/div>\n<\/div><figure class=\"wp-block-media-text__media\"><img loading=\"lazy\" decoding=\"async\" width=\"1024\" height=\"831\" src=\"https:\/\/previnorte.com.br\/site2\/wp-content\/uploads\/2025\/12\/selo_autorregulacaocorp-1-1024x831.png\" alt=\"\" class=\"wp-image-19049 size-full\" srcset=\"https:\/\/previnorte.com.br\/site2\/wp-content\/uploads\/2025\/12\/selo_autorregulacaocorp-1-1024x831.png 1024w, https:\/\/previnorte.com.br\/site2\/wp-content\/uploads\/2025\/12\/selo_autorregulacaocorp-1-500x406.png 500w, https:\/\/previnorte.com.br\/site2\/wp-content\/uploads\/2025\/12\/selo_autorregulacaocorp-1-768x623.png 768w, https:\/\/previnorte.com.br\/site2\/wp-content\/uploads\/2025\/12\/selo_autorregulacaocorp-1-1536x1246.png 1536w, https:\/\/previnorte.com.br\/site2\/wp-content\/uploads\/2025\/12\/selo_autorregulacaocorp-1-2048x1662.png 2048w\" sizes=\"auto, (max-width: 1024px) 100vw, 1024px\" \/><\/figure><\/div>\n\n\n\n<div style=\"height:40px\" aria-hidden=\"true\" class=\"wp-block-spacer\"><\/div>\n\n\n\n<p class=\"has-medium-font-size\">Com todas essas certifica\u00e7\u00f5es, a Previnorte<strong> reafirma seu compromisso com a evolu\u00e7\u00e3o cont\u00ednua e refor\u00e7a o seu papel de lideran\u00e7a e inova\u00e7\u00e3o no setor de previd\u00eancia complementar<\/strong>. Cada selo mantido e cada nova certifica\u00e7\u00e3o alcan\u00e7ada s\u00e3o provas concretas de uma <strong>gest\u00e3o s\u00f3lida, t\u00e9cnica e, acima de tudo, transparente.<\/strong> Seguimos em frente, evoluindo constantemente para oferecer a voc\u00ea a tranquilidade de saber que <strong>sua aposentadoria est\u00e1 protegida pelas melhores pr\u00e1ticas de governan\u00e7a do Brasil.<\/strong><\/p>\n\n\n\n<div style=\"height:30px\" aria-hidden=\"true\" class=\"wp-block-spacer\"><\/div>\n\n\n\n<p class=\"has-small-font-size\">Compartilhe esta mat\u00e9ria:<\/p>\n","protected":false},"excerpt":{"rendered":"<p>A excel\u00eancia da Previnorte na administra\u00e7\u00e3o de planos de benef\u00edcios previdenci\u00e1rios \u00e9 atestada por certifica\u00e7\u00f5es rigorosas, que indicam que adotamos a melhor pr\u00e1tica de mercado em cada um dos nossos processos internos. Conhe\u00e7a, abaixo, as certifica\u00e7\u00f5es que evidenciam que o seu patrim\u00f4nio \u00e9 administrado com o que h\u00e1 de melhor em governan\u00e7a e gest\u00e3o no [&hellip;]<\/p>\n","protected":false},"author":6,"featured_media":0,"parent":0,"menu_order":0,"comment_status":"closed","ping_status":"closed","template":"","meta":{"_acf_changed":false,"om_disable_all_campaigns":false,"_monsterinsights_skip_tracking":false,"_monsterinsights_sitenote_active":false,"_monsterinsights_sitenote_note":"","_monsterinsights_sitenote_category":0,"_uf_show_specific_survey":0,"_uf_disable_surveys":false,"footnotes":""},"class_list":["post-19441","page","type-page","status-publish","hentry"],"acf":[],"aioseo_notices":[],"yoast_head":"<!-- This site is optimized with the Yoast SEO plugin v26.2 - https:\/\/yoast.com\/wordpress\/plugins\/seo\/ -->\r\n<title>Selos e Certifica\u00e7\u00f5es - Previnorte<\/title>\r\n<meta name=\"robots\" content=\"index, follow, max-snippet:-1, max-image-preview:large, max-video-preview:-1\" \/>\r\n<link rel=\"canonical\" href=\"https:\/\/previnorte.com.br\/site2\/selos-e-certificacoes\/\" \/>\r\n<meta property=\"og:locale\" content=\"pt_BR\" \/>\r\n<meta property=\"og:type\" content=\"article\" \/>\r\n<meta property=\"og:title\" content=\"Selos e Certifica\u00e7\u00f5es - Previnorte\" \/>\r\n<meta property=\"og:description\" content=\"A excel\u00eancia da Previnorte na administra\u00e7\u00e3o de planos de benef\u00edcios previdenci\u00e1rios \u00e9 atestada por certifica\u00e7\u00f5es rigorosas, que indicam que adotamos a melhor pr\u00e1tica de mercado em cada um dos nossos processos internos. Conhe\u00e7a, abaixo, as certifica\u00e7\u00f5es que evidenciam que o seu patrim\u00f4nio \u00e9 administrado com o que h\u00e1 de melhor em governan\u00e7a e gest\u00e3o no [&hellip;]\" \/>\r\n<meta property=\"og:url\" content=\"https:\/\/previnorte.com.br\/site2\/selos-e-certificacoes\/\" \/>\r\n<meta property=\"og:site_name\" content=\"Previnorte\" \/>\r\n<meta property=\"article:modified_time\" content=\"2026-02-26T17:37:44+00:00\" \/>\r\n<meta property=\"og:image\" content=\"https:\/\/previnorte.com.br\/site2\/wp-content\/uploads\/2025\/12\/BSI-logo-iso-pb-removebg-preview.png\" \/>\r\n\t<meta property=\"og:image:width\" content=\"612\" \/>\r\n\t<meta property=\"og:image:height\" content=\"408\" \/>\r\n\t<meta property=\"og:image:type\" content=\"image\/png\" \/>\r\n<meta name=\"twitter:card\" content=\"summary_large_image\" \/>\r\n<meta name=\"twitter:label1\" content=\"Est. tempo de leitura\" \/>\n\t<meta name=\"twitter:data1\" content=\"4 minutos\" \/>\r\n<script type=\"application\/ld+json\" class=\"yoast-schema-graph\">{\"@context\":\"https:\/\/schema.org\",\"@graph\":[{\"@type\":\"WebPage\",\"@id\":\"https:\/\/previnorte.com.br\/site2\/selos-e-certificacoes\/\",\"url\":\"https:\/\/previnorte.com.br\/site2\/selos-e-certificacoes\/\",\"name\":\"Selos e Certifica\u00e7\u00f5es - Previnorte\",\"isPartOf\":{\"@id\":\"https:\/\/previnorte.com.br\/site2\/#website\"},\"primaryImageOfPage\":{\"@id\":\"https:\/\/previnorte.com.br\/site2\/selos-e-certificacoes\/#primaryimage\"},\"image\":{\"@id\":\"https:\/\/previnorte.com.br\/site2\/selos-e-certificacoes\/#primaryimage\"},\"thumbnailUrl\":\"https:\/\/previnorte.com.br\/site2\/wp-content\/uploads\/2025\/12\/BSI-logo-iso-pb-removebg-preview.png\",\"datePublished\":\"2025-12-26T13:52:40+00:00\",\"dateModified\":\"2026-02-26T17:37:44+00:00\",\"breadcrumb\":{\"@id\":\"https:\/\/previnorte.com.br\/site2\/selos-e-certificacoes\/#breadcrumb\"},\"inLanguage\":\"pt-BR\",\"potentialAction\":[{\"@type\":\"ReadAction\",\"target\":[\"https:\/\/previnorte.com.br\/site2\/selos-e-certificacoes\/\"]}]},{\"@type\":\"ImageObject\",\"inLanguage\":\"pt-BR\",\"@id\":\"https:\/\/previnorte.com.br\/site2\/selos-e-certificacoes\/#primaryimage\",\"url\":\"https:\/\/previnorte.com.br\/site2\/wp-content\/uploads\/2025\/12\/BSI-logo-iso-pb-removebg-preview.png\",\"contentUrl\":\"https:\/\/previnorte.com.br\/site2\/wp-content\/uploads\/2025\/12\/BSI-logo-iso-pb-removebg-preview.png\",\"width\":612,\"height\":408},{\"@type\":\"BreadcrumbList\",\"@id\":\"https:\/\/previnorte.com.br\/site2\/selos-e-certificacoes\/#breadcrumb\",\"itemListElement\":[{\"@type\":\"ListItem\",\"position\":1,\"name\":\"In\u00edcio\",\"item\":\"https:\/\/previnorte.com.br\/site2\/\"},{\"@type\":\"ListItem\",\"position\":2,\"name\":\"Selos e Certifica\u00e7\u00f5es\"}]},{\"@type\":\"WebSite\",\"@id\":\"https:\/\/previnorte.com.br\/site2\/#website\",\"url\":\"https:\/\/previnorte.com.br\/site2\/\",\"name\":\"Previnorte\",\"description\":\"Uma entidade fechada de previd\u00eancia complementar,  sem fins lucrativos.\",\"potentialAction\":[{\"@type\":\"SearchAction\",\"target\":{\"@type\":\"EntryPoint\",\"urlTemplate\":\"https:\/\/previnorte.com.br\/site2\/?s={search_term_string}\"},\"query-input\":{\"@type\":\"PropertyValueSpecification\",\"valueRequired\":true,\"valueName\":\"search_term_string\"}}],\"inLanguage\":\"pt-BR\"}]}<\/script>\r\n<!-- \/ Yoast SEO plugin. -->","yoast_head_json":{"title":"Selos e Certifica\u00e7\u00f5es - Previnorte","robots":{"index":"index","follow":"follow","max-snippet":"max-snippet:-1","max-image-preview":"max-image-preview:large","max-video-preview":"max-video-preview:-1"},"canonical":"https:\/\/previnorte.com.br\/site2\/selos-e-certificacoes\/","og_locale":"pt_BR","og_type":"article","og_title":"Selos e Certifica\u00e7\u00f5es - Previnorte","og_description":"A excel\u00eancia da Previnorte na administra\u00e7\u00e3o de planos de benef\u00edcios previdenci\u00e1rios \u00e9 atestada por certifica\u00e7\u00f5es rigorosas, que indicam que adotamos a melhor pr\u00e1tica de mercado em cada um dos nossos processos internos. Conhe\u00e7a, abaixo, as certifica\u00e7\u00f5es que evidenciam que o seu patrim\u00f4nio \u00e9 administrado com o que h\u00e1 de melhor em governan\u00e7a e gest\u00e3o no [&hellip;]","og_url":"https:\/\/previnorte.com.br\/site2\/selos-e-certificacoes\/","og_site_name":"Previnorte","article_modified_time":"2026-02-26T17:37:44+00:00","og_image":[{"width":612,"height":408,"url":"https:\/\/previnorte.com.br\/site2\/wp-content\/uploads\/2025\/12\/BSI-logo-iso-pb-removebg-preview.png","type":"image\/png"}],"twitter_card":"summary_large_image","twitter_misc":{"Est. tempo de leitura":"4 minutos"},"schema":{"@context":"https:\/\/schema.org","@graph":[{"@type":"WebPage","@id":"https:\/\/previnorte.com.br\/site2\/selos-e-certificacoes\/","url":"https:\/\/previnorte.com.br\/site2\/selos-e-certificacoes\/","name":"Selos e Certifica\u00e7\u00f5es - Previnorte","isPartOf":{"@id":"https:\/\/previnorte.com.br\/site2\/#website"},"primaryImageOfPage":{"@id":"https:\/\/previnorte.com.br\/site2\/selos-e-certificacoes\/#primaryimage"},"image":{"@id":"https:\/\/previnorte.com.br\/site2\/selos-e-certificacoes\/#primaryimage"},"thumbnailUrl":"https:\/\/previnorte.com.br\/site2\/wp-content\/uploads\/2025\/12\/BSI-logo-iso-pb-removebg-preview.png","datePublished":"2025-12-26T13:52:40+00:00","dateModified":"2026-02-26T17:37:44+00:00","breadcrumb":{"@id":"https:\/\/previnorte.com.br\/site2\/selos-e-certificacoes\/#breadcrumb"},"inLanguage":"pt-BR","potentialAction":[{"@type":"ReadAction","target":["https:\/\/previnorte.com.br\/site2\/selos-e-certificacoes\/"]}]},{"@type":"ImageObject","inLanguage":"pt-BR","@id":"https:\/\/previnorte.com.br\/site2\/selos-e-certificacoes\/#primaryimage","url":"https:\/\/previnorte.com.br\/site2\/wp-content\/uploads\/2025\/12\/BSI-logo-iso-pb-removebg-preview.png","contentUrl":"https:\/\/previnorte.com.br\/site2\/wp-content\/uploads\/2025\/12\/BSI-logo-iso-pb-removebg-preview.png","width":612,"height":408},{"@type":"BreadcrumbList","@id":"https:\/\/previnorte.com.br\/site2\/selos-e-certificacoes\/#breadcrumb","itemListElement":[{"@type":"ListItem","position":1,"name":"In\u00edcio","item":"https:\/\/previnorte.com.br\/site2\/"},{"@type":"ListItem","position":2,"name":"Selos e Certifica\u00e7\u00f5es"}]},{"@type":"WebSite","@id":"https:\/\/previnorte.com.br\/site2\/#website","url":"https:\/\/previnorte.com.br\/site2\/","name":"Previnorte","description":"Uma entidade fechada de previd\u00eancia complementar,  sem fins lucrativos.","potentialAction":[{"@type":"SearchAction","target":{"@type":"EntryPoint","urlTemplate":"https:\/\/previnorte.com.br\/site2\/?s={search_term_string}"},"query-input":{"@type":"PropertyValueSpecification","valueRequired":true,"valueName":"search_term_string"}}],"inLanguage":"pt-BR"}]}},"_links":{"self":[{"href":"https:\/\/previnorte.com.br\/site2\/wp-json\/wp\/v2\/pages\/19441","targetHints":{"allow":["GET"]}}],"collection":[{"href":"https:\/\/previnorte.com.br\/site2\/wp-json\/wp\/v2\/pages"}],"about":[{"href":"https:\/\/previnorte.com.br\/site2\/wp-json\/wp\/v2\/types\/page"}],"author":[{"embeddable":true,"href":"https:\/\/previnorte.com.br\/site2\/wp-json\/wp\/v2\/users\/6"}],"replies":[{"embeddable":true,"href":"https:\/\/previnorte.com.br\/site2\/wp-json\/wp\/v2\/comments?post=19441"}],"version-history":[{"count":31,"href":"https:\/\/previnorte.com.br\/site2\/wp-json\/wp\/v2\/pages\/19441\/revisions"}],"predecessor-version":[{"id":19980,"href":"https:\/\/previnorte.com.br\/site2\/wp-json\/wp\/v2\/pages\/19441\/revisions\/19980"}],"wp:attachment":[{"href":"https:\/\/previnorte.com.br\/site2\/wp-json\/wp\/v2\/media?parent=19441"}],"curies":[{"name":"wp","href":"https:\/\/api.w.org\/{rel}","templated":true}]}}