{"id":19666,"date":"2026-01-13T12:24:40","date_gmt":"2026-01-13T15:24:40","guid":{"rendered":"https:\/\/previnorte.com.br\/site2\/?page_id=19666"},"modified":"2026-01-13T12:29:22","modified_gmt":"2026-01-13T15:29:22","slug":"giro-de-noticias-2025","status":"publish","type":"page","link":"https:\/\/previnorte.com.br\/site2\/giro-de-noticias-2025\/","title":{"rendered":"Giro de Not\u00edcias 2025"},"content":{"rendered":"\n<p class=\"has-medium-font-size\"><a href=\"https:\/\/previnorte.com.br\/site2\/wp-content\/uploads\/2025\/12\/Edicao-178-Giro-de-Noticias-.pdf\">Giro de Not\u00edcias &#8211; 178 | 2025 &#8211; 30 de dez<\/a> &#8211; At\u00e9 hoje (30\/12) voc\u00ea pode fazer contribui\u00e7\u00e3o adicional e receber as vantagens no IR de 2025<\/p>\n\n\n\n<p class=\"has-medium-font-size\"><a href=\"https:\/\/previnorte.com.br\/site2\/wp-content\/uploads\/2025\/12\/Edicao-177-24-DEZ.pdf\">Giro de Not\u00edcias &#8211; 177 | 2025 &#8211; 24 de dez<\/a> &#8211; Conhe\u00e7a os selos e certifica\u00e7\u00f5es conquistados e mantidos pela Previnorte em 2025<\/p>\n\n\n\n<p class=\"has-medium-font-size\"><a href=\"https:\/\/previnorte.com.br\/site2\/wp-content\/uploads\/2025\/12\/Edicao-176-18-DEZ.pdf\">Giro de Not\u00edcias &#8211; 176 | 2025 &#8211; 18 de dez<\/a> &#8211; Conselho Deliberativo aprova nova distribui\u00e7\u00e3o volunt\u00e1ria de super\u00e1vit do Plano 01-A!<\/p>\n\n\n\n<p class=\"has-medium-font-size\"><a href=\"https:\/\/previnorte.com.br\/site2\/wp-content\/uploads\/2025\/12\/Edicao-175-11-DEZ.pdf\">Giro de Not\u00edcias &#8211; 175 | 2025 &#8211; 11 de dez<\/a> &#8211; Amanh\u00e3, \u00e0s 10h, assista a live da Previnorte sobre Incorpora\u00e7\u00e3o e desafios da Gest\u00e3o!<\/p>\n\n\n\n<p class=\"has-medium-font-size\"><a href=\"https:\/\/previnorte.com.br\/site2\/wp-content\/uploads\/2025\/12\/Edicao-174-4-DEZ.pdf\">Giro de Not\u00edcias &#8211; 174 | 2025 &#8211; 4 de dez<\/a> &#8211; Dica de ouro: evite programar suas contas para o mesmo dia de seu pagamento<\/p>\n\n\n\n<p class=\"has-medium-font-size\"><a href=\"https:\/\/previnorte.com.br\/site2\/wp-content\/uploads\/2025\/11\/Edicao-173-27-nov.pdf\">Giro de Not\u00edcias &#8211; 173 | 2025 &#8211; 27 de nov<\/a> &#8211; 1\u00ba Pagamento de benef\u00edcios de novembro\/2025 realizado por meio do novo sistema integrado (ERP)<\/p>\n\n\n\n<p class=\"has-medium-font-size\"><a href=\"https:\/\/previnorte.com.br\/site2\/wp-content\/uploads\/2025\/11\/Edicao-172.pdf\">Giro de Not\u00edcias &#8211; 172 | 2025 &#8211; 19 de nov<\/a> &#8211; A visualiza\u00e7\u00e3o dos descontos de empr\u00e9stimos no contracheque mudou<\/p>\n\n\n\n<p class=\"has-medium-font-size\"><a href=\"https:\/\/previnorte.com.br\/site2\/wp-content\/uploads\/2025\/11\/Edicao-171.pdf\">Giro de Not\u00edcias &#8211; 171 | 2025 &#8211; 13 de nov<\/a> &#8211; O novo autoatendimento j\u00e1 est\u00e1 dispon\u00edvel<\/p>\n\n\n\n<p class=\"has-medium-font-size\"><a href=\"https:\/\/previnorte.com.br\/site2\/wp-content\/uploads\/2025\/11\/Edicao-170-.pdf\">Giro de Not\u00edcias &#8211; 170 | 2025 &#8211; 06 de nov<\/a> &#8211; Apresenta\u00e7\u00e3o do Patrocinador-Instituidor (holding) sobre o Projeto de Otimiza\u00e7\u00e3o da Previd\u00eancia das Empresas Eletrobras<\/p>\n\n\n\n<p class=\"has-medium-font-size\"><a href=\"https:\/\/previnorte.com.br\/site2\/wp-content\/uploads\/2025\/11\/Edicao-169-30-out.pdf\">Giro de Not\u00edcias &#8211; 169 | 2025 &#8211; 30 de out<\/a> &#8211; Previnorte \u00e9 recertificada na ISO 9001 com 100% de conformidade<\/p>\n\n\n\n<p class=\"has-medium-font-size\"><a href=\"https:\/\/previnorte.com.br\/site2\/wp-content\/uploads\/2025\/10\/Edicao-168-23-out.pdf\">Giro de Not\u00edcias &#8211; 168 | 2025 &#8211; 23 de out<\/a> &#8211; Suspens\u00e3o tempor\u00e1ria de Empr\u00e9stimos<\/p>\n\n\n\n<p class=\"has-medium-font-size\"><a href=\"https:\/\/previnorte.com.br\/site2\/wp-content\/uploads\/2025\/10\/Edicao-167-Giro-de-Noticias-1.pdf\">Giro de Not\u00edcias &#8211; 167 | 2025 &#8211; 16 de out<\/a> &#8211; Altera\u00e7\u00e3o de Estatuto aprovada pela Previc&nbsp;<\/p>\n\n\n\n<p class=\"has-medium-font-size\"><a href=\"https:\/\/previnorte.com.br\/site2\/wp-content\/uploads\/2025\/10\/Edicao-166-9-out.pdf\">Giro de Not\u00edcias &#8211; 166 | 2025 &#8211; 9 de out<\/a> &#8211; Luminar Sa\u00fade ir\u00e1 ofertar planos para empregados da Previnorte<\/p>\n\n\n\n<p class=\"has-medium-font-size\"><a href=\"https:\/\/previnorte.com.br\/site2\/wp-content\/uploads\/2025\/10\/Edicao-165-2-out.pdf\">Giro de Not\u00edcias &#8211; 165 | 2025 &#8211; 2 de out<\/a> &#8211; Conselho Deliberativo aprova taxas de juros dos planos de benef\u00edcios para 2026<\/p>\n\n\n\n<p class=\"has-medium-font-size\"><a href=\"https:\/\/previnorte.com.br\/site2\/wp-content\/uploads\/2025\/09\/Edicao-164.pdf\">Giro de Not\u00edcias &#8211; 164 | 2025 &#8211; 25 de set<\/a> &#8211; Conselho Deliberativo da Elos aprova a incorpora\u00e7\u00e3o \u00e0 nova previd\u00eancia da Eletrobras<\/p>\n\n\n\n<p class=\"has-medium-font-size\"><a href=\"https:\/\/previnorte.com.br\/site2\/wp-content\/uploads\/2025\/09\/Edicao-163-18-set.pdf\">Giro de Not\u00edcias &#8211; 163 | 2025 &#8211; 18 de set<\/a> &#8211; Conselho Deliberativo aprova premissas para a gest\u00e3o or\u00e7ament\u00e1ria de 2026<\/p>\n\n\n\n<p class=\"has-medium-font-size\"><a href=\"https:\/\/previnorte.com.br\/site2\/wp-content\/uploads\/2025\/09\/Edicao-162-11-set.pdf\">Giro de Not\u00edcias &#8211; 162 | 2025 &#8211; 11 de set<\/a> &#8211; Eletrobras disponibiliza portal para informa\u00e7\u00f5es sobre o Projeto de Otimiza\u00e7\u00e3o das Previd\u00eancias<\/p>\n\n\n\n<p class=\"has-medium-font-size\"><a href=\"https:\/\/previnorte.com.br\/site2\/wp-content\/uploads\/2025\/09\/Edicao-161-4-set.pdf\">Giro de Not\u00edcias &#8211; 161 | 2025 &#8211; 4 de set<\/a> &#8211; Seguran\u00e7a da Informa\u00e7\u00e3o: como a Previnorte protege voc\u00ea e seus dados<\/p>\n\n\n\n<p class=\"has-medium-font-size\"><a href=\"https:\/\/previnorte.com.br\/site2\/wp-content\/uploads\/2025\/08\/Edicao-160-28-ago.pdf\">Giro de Not\u00edcias &#8211; 160 | 2025 &#8211; 28 de ago<\/a> &#8211; Perdeu a <em>live <\/em>de ontem? Assista agora mesmo no canal do Youtube da Previnorte!<\/p>\n\n\n\n<p class=\"has-medium-font-size\"><a href=\"https:\/\/previnorte.com.br\/site2\/wp-content\/uploads\/2025\/08\/Edicao-159-21-8-25.pdf\">Giro de Not\u00edcias &#8211; 159 | 2025 &#8211; 21 de ago<\/a> &#8211; Novo hor\u00e1rio de atendimento da Previnorte \u2013 Funda\u00e7\u00e3o passa a atender no hor\u00e1rio de almo\u00e7o<\/p>\n\n\n\n<p class=\"has-medium-font-size\"><a href=\"https:\/\/previnorte.com.br\/site2\/wp-content\/uploads\/2025\/08\/Edicao-158-14-ago.pdf\">Giro de Not\u00edcias &#8211; 158 | 2025 &#8211; 14 de ago<\/a> &#8211;  R$ 77 milh\u00f5es distribu\u00eddos como super\u00e1vit entre 2020 e 2025&nbsp;<\/p>\n\n\n\n<p class=\"has-medium-font-size\"><a href=\"https:\/\/previnorte.com.br\/site2\/wp-content\/uploads\/2025\/08\/Edicao-157-7-AGO.pdf\">Giro de Not\u00edcias &#8211; 157 | 2025 &#8211; 7 de ago<\/a> &#8211; Planejamento Estrat\u00e9gico 2026 &#8211; 2029: Estudos das Taxas de Juros s\u00e3o apresentados<\/p>\n\n\n\n<p class=\"has-medium-font-size\"><a href=\"https:\/\/previnorte.com.br\/site2\/wp-content\/uploads\/2025\/07\/Edicao-156-Giro-de-Noticias.pdf\">Giro de Not\u00edcias &#8211; 156 | 2025 &#8211; 31 de Jul<\/a> &#8211; Excel\u00eancia na gest\u00e3o: 100% dos nossos conselheiros certificados<\/p>\n\n\n\n<p class=\"has-medium-font-size\"><a href=\"https:\/\/previnorte.com.br\/site2\/wp-content\/uploads\/2025\/07\/Giro-de-Noticias-155-Resultado-positivo-em-todos-os-planos-no-primeiro-semestre.pdf\">Giro de Not\u00edcias &#8211; 155 | 2025 &#8211; 24 de jul<\/a> &#8211; Resultado positivo em todos os planos no primeiro semestre<\/p>\n\n\n\n<p class=\"has-medium-font-size\"><a href=\"https:\/\/previnorte.com.br\/site2\/wp-content\/uploads\/2025\/07\/Edicao-154-17-jul.pdf\">Giro de Not\u00edcias &#8211; 154 | 2025 &#8211; 17 de jul<\/a> &#8211; Seu presente e seu futuro est\u00e3o em nossos planos! Veja como \u00e9 f\u00e1cil solicitar o seu benef\u00edcio<\/p>\n\n\n\n<p class=\"has-medium-font-size\"><a href=\"https:\/\/previnorte.com.br\/site2\/wp-content\/uploads\/2025\/07\/Edicao-153-10-jul.pdf\">Giro de Not\u00edcias &#8211; 153 | 2025 &#8211; 10 de jul<\/a> &#8211; Segunda reuni\u00e3o presencial do Projeto de Otimiza\u00e7\u00e3o da Previd\u00eancia das Empresas Eletrobras<\/p>\n\n\n\n<p class=\"has-medium-font-size\"><a href=\"https:\/\/previnorte.com.br\/site2\/wp-content\/uploads\/2025\/07\/Edicao-152-3-jul.pdf\">Giro de Not\u00edcias &#8211; 152 | 2025 &#8211; 3 de jul<\/a> &#8211; Diretoria participa de bate-papo no Centro de Conviv\u00eancia da Luminar Sa\u00fade<\/p>\n\n\n\n<p class=\"has-medium-font-size\"><a href=\"https:\/\/previnorte.com.br\/site2\/wp-content\/uploads\/2025\/06\/Edicao-151-26-jun.pdf\">Giro de Not\u00edcias &#8211; 151 | 2025 &#8211; 26 de jun<\/a> &#8211; Previnorte publica Relat\u00f3rio de Melhores Pr\u00e1ticas de Governan\u00e7a e Gest\u00e3o<\/p>\n\n\n\n<p class=\"has-medium-font-size\"><a href=\"https:\/\/previnorte.com.br\/site2\/wp-content\/uploads\/2025\/06\/Edicao-150-20-jun.pdf\">Giro de Not\u00edcias &#8211; 150 | 2025 &#8211; 20 de jun<\/a> &#8211; Assista nossa <em>live <\/em>de anivers\u00e1rio e a palestra sobre qualidade de vida e sa\u00fade<\/p>\n\n\n\n<p class=\"has-medium-font-size\"><a href=\"https:\/\/previnorte.com.br\/site2\/wp-content\/uploads\/2025\/06\/Edicao-149-12-jun.pdf\">Giro de Not\u00edcias &#8211; 149 | 2025 &#8211; 12 de jun<\/a> &#8211; Diretor Financeiro \u00e9 reconduzido ao cargo pelo Conselho Deliberativo<\/p>\n\n\n\n<p class=\"has-medium-font-size\"><a href=\"https:\/\/previnorte.com.br\/site2\/wp-content\/uploads\/2025\/06\/Edicao-148-5-jun.pdf\">Giro de Not\u00edcias &#8211; 148 | 2025 &#8211; 5 de jun<\/a> &#8211; Relembre os 10 primeiros anos da Previnorte! (edi\u00e7\u00e3o comemorativa)<\/p>\n\n\n\n<p class=\"has-medium-font-size\"><a href=\"https:\/\/previnorte.com.br\/site2\/wp-content\/uploads\/2025\/05\/Giro-Edicao-147.pdf\">Giro de Not\u00edcias &#8211; 147 | 2025 &#8211; 29 de mai<\/a> &#8211; Em breve, voc\u00ea experimentar\u00e1 um novo Portal do Participante!<\/p>\n\n\n\n<p class=\"has-medium-font-size\"><a href=\"https:\/\/previnorte.com.br\/site2\/wp-content\/uploads\/2025\/05\/Edicao-146-22-mai.pdf\">Giro de Not\u00edcias &#8211; 146 | 2025 &#8211; 22 de mai<\/a>&#8211; Assista agora nossa live pelo canal da Previnorte no Youtube!<\/p>\n\n\n\n<p class=\"has-medium-font-size\"><a href=\"https:\/\/previnorte.com.br\/site2\/wp-content\/uploads\/2025\/05\/Edicao-145-15-mai-1.pdf\">Giro de Not\u00edcias &#8211; 145 | 2025 &#8211; 15 de mai<\/a> &#8211; Nossa pr\u00f3xima live ser\u00e1 dia 20\/5\/2025, \u00e0s 10h<\/p>\n\n\n\n<p class=\"has-medium-font-size\"><a href=\"https:\/\/previnorte.com.br\/site2\/wp-content\/uploads\/2025\/05\/Edicao-144x.pdf\">Giro de Not\u00edcias &#8211; 144 | 2025 &#8211; 8 de mai<\/a> &#8211; Maximize o seu benef\u00edcio escolhendo o prazo ideal<\/p>\n\n\n\n<p class=\"has-medium-font-size\"><a href=\"https:\/\/previnorte.com.br\/site2\/wp-content\/uploads\/2025\/05\/Edicao-143-2-mai.pdf\">Giro de Not\u00edcias &#8211; 143 | 2025 &#8211; 2 de mai<\/a> &#8211; Previnorte promove atualiza\u00e7\u00e3o dos Cen\u00e1rios de Riscos, da Matriz SWOT e da Matriz de Prioriza\u00e7\u00e3o dos Riscos Estrat\u00e9gicos<\/p>\n\n\n\n<p class=\"has-medium-font-size\"><a href=\"https:\/\/previnorte.com.br\/site2\/wp-content\/uploads\/2025\/04\/Edicao-142-24-abr.pdf\">Giro de Not\u00edcias &#8211; 142 | 2025 &#8211; 24 de abr<\/a> &#8211; Previnorte recebe representantes da Aposen para apresentar a terceira Distribui\u00e7\u00e3o de Super\u00e1vit do Plano 01-A<\/p>\n\n\n\n<p class=\"has-medium-font-size\"><a href=\"https:\/\/previnorte.com.br\/site2\/wp-content\/uploads\/2025\/04\/Edicao-141-17-abr.pdf\">Giro de Not\u00edcias &#8211; 141 | 2025 &#8211; 17 de abr<\/a> &#8211; Representantes da Previnorte participam de encontro promovido pela Eletrobras&nbsp;<\/p>\n\n\n\n<p class=\"has-medium-font-size\"><a href=\"https:\/\/previnorte.com.br\/site2\/wp-content\/uploads\/2025\/04\/Giro-Edicao-140.pdf\">Giro de Not\u00edcias &#8211; 140 | 2025 &#8211; 10 de abr<\/a> &#8211; Eventos do projeto de Otimiza\u00e7\u00e3o da Previd\u00eancia das Empresas Eletrobras<\/p>\n\n\n\n<p class=\"has-medium-font-size\"><a href=\"https:\/\/previnorte.com.br\/site2\/wp-content\/uploads\/2025\/04\/Edicao-139-Giro-de-Noticias-Nova-Distribuicao-de-Superavit-no-Plano-01-A.pdf\">Giro de Not\u00edcias &#8211; 139 | 2025 &#8211; 03 de abr<\/a> &#8211; Nova Distribui\u00e7\u00e3o de Super\u00e1vit no Plano 01-A<\/p>\n\n\n\n<p class=\"has-medium-font-size\"><a href=\"https:\/\/previnorte.com.br\/site2\/wp-content\/uploads\/2025\/03\/Edicao-138-27-mar.pdf\">Giro de Not\u00edcias &#8211; 138 | 2025 &#8211; 27 de mar<\/a> &#8211; Previc aprovou as altera\u00e7\u00f5es propostas para os regulamentos dos Planos 02-B e 03-B<\/p>\n\n\n\n<p class=\"has-medium-font-size\"><a href=\"https:\/\/previnorte.com.br\/site2\/wp-content\/uploads\/2025\/03\/Edicao-137-20-mar.pdf\">Giro de Not\u00edcias &#8211; 137 | 2025 &#8211; 20 de mar<\/a> &#8211; Infla\u00e7\u00e3o em alta: como isso impacta seu empr\u00e9stimo<\/p>\n\n\n\n<p class=\"has-medium-font-size\"><a href=\"https:\/\/previnorte.com.br\/site2\/wp-content\/uploads\/2025\/03\/Edicao-136-13-mar.pdf\">Giro de Not\u00edcias &#8211; 136 | 2025 &#8211; 13 de mar<\/a> &#8211; Definidos os representantes da Previnorte no Projeto de otimiza\u00e7\u00e3o da Previd\u00eancia das Empresas Eletrobras<\/p>\n\n\n\n<p class=\"has-medium-font-size\"><a href=\"https:\/\/previnorte.com.br\/site2\/wp-content\/uploads\/2025\/03\/Giro-de-Noticias-Edicao-135.pdf\">Giro de Not\u00edcias &#8211; 135 | 2025 &#8211; 6 de mar<\/a> &#8211; Destaques da gest\u00e3o de benef\u00edcios: pagamos mais de R$ 2,3 bilh\u00f5es nos \u00faltimos 15 anos<\/p>\n\n\n\n<p class=\"has-medium-font-size\"><a href=\"https:\/\/previnorte.com.br\/site2\/wp-content\/uploads\/2025\/02\/Giro-Edicao-134.pdf\">Giro de Not\u00edcias &#8211; 134 | 2025 &#8211; 27 de fev<\/a> &#8211; Informe de Rendimentos 2024 dispon\u00edvel a partir de amanh\u00e3, 28\/2.<\/p>\n\n\n\n<p class=\"has-medium-font-size\"><a href=\"https:\/\/previnorte.com.br\/site2\/wp-content\/uploads\/2025\/02\/Edicao-133-20-fev.pdf\">Giro de Not\u00edcias &#8211; 133 | 2025 &#8211; 20 de fev<\/a> &#8211; Perdeu a nossa live? Ent\u00e3o, assista a grava\u00e7\u00e3o e saiba tudo o que rolou<\/p>\n\n\n\n<p class=\"has-medium-font-size\"><a href=\"https:\/\/previnorte.com.br\/site2\/wp-content\/uploads\/2025\/02\/Edicao-132-13-fev.pdf\">Giro de Not\u00edcias &#8211; 132 | 2025 &#8211; 13 de fev<\/a> &#8211; Parceria: Previnorte e Luminar Sa\u00fade assinam Protocolo de Inten\u00e7\u00f5es<\/p>\n\n\n\n<p class=\"has-medium-font-size\"><a href=\"https:\/\/previnorte.com.br\/site2\/wp-content\/uploads\/2025\/02\/Edicao-131-6-fev.pdf\">Giro de Not\u00edcias &#8211; 131 | 2025 &#8211; 6 de fev<\/a> &#8211; Plano 01-B da Previnorte est\u00e1 entre os 15 maiores do Pa\u00eds<\/p>\n\n\n\n<p class=\"has-medium-font-size\"><a href=\"https:\/\/previnorte.com.br\/site2\/wp-content\/uploads\/2025\/01\/Edicao-130-30-jan.pdf\">Giro de Not\u00edcias &#8211; 130 | 2025 &#8211; 30 de jan<\/a> &#8211; Processo de Supervis\u00e3o da Previc<\/p>\n\n\n\n<p class=\"has-medium-font-size\"><a href=\"https:\/\/previnorte.com.br\/site2\/wp-content\/uploads\/2025\/01\/Giro-Edicao-129.pdf\">Giro de Not\u00edcias &#8211; 129 | 2025 &#8211; 23 de jan<\/a> &#8211; Conhe\u00e7a a proposta de mudan\u00e7a no Estatuto da Previnorte<\/p>\n\n\n\n<p class=\"has-medium-font-size\"><a href=\"https:\/\/previnorte.com.br\/site2\/wp-content\/uploads\/2025\/01\/Edicao-128.pdf\">Giro de Not\u00edcias &#8211; 128 | 2025 &#8211; 16 de jan<\/a> &#8211; Conselho Deliberativo aprova compra de t\u00edtulos p\u00fablicos marcados na curva para os planos B (CD)<\/p>\n\n\n\n<p class=\"has-medium-font-size\"><a href=\"https:\/\/previnorte.com.br\/site2\/wp-content\/uploads\/2025\/01\/Edicao-127-9-jan.docx.pdf\">Giro de Not\u00edcias &#8211; 127 | 2025 &#8211; 9 de jan<\/a> &#8211; O que representa o Selo de Autorregula\u00e7\u00e3o em Governan\u00e7a de Investimentos?<\/p>\n\n\n\n<p class=\"has-medium-font-size\"><a href=\"https:\/\/previnorte.com.br\/site2\/wp-content\/uploads\/2025\/01\/Edicao-126.pdf\">Giro de Not\u00edcias &#8211; 126 | 2025 &#8211; 2 de jan<\/a> &#8211; Pol\u00edticas de Investimento 2025-2029 est\u00e3o dispon\u00edveis para acesso<\/p>\n","protected":false},"excerpt":{"rendered":"<p>Giro de Not\u00edcias &#8211; 178 | 2025 &#8211; 30 de dez &#8211; At\u00e9 hoje (30\/12) voc\u00ea pode fazer contribui\u00e7\u00e3o adicional e receber as vantagens no IR de 2025 Giro de Not\u00edcias &#8211; 177 | 2025 &#8211; 24 de dez &#8211; Conhe\u00e7a os selos e certifica\u00e7\u00f5es conquistados e mantidos pela Previnorte em 2025 Giro de Not\u00edcias [&hellip;]<\/p>\n","protected":false},"author":6,"featured_media":0,"parent":0,"menu_order":0,"comment_status":"closed","ping_status":"closed","template":"","meta":{"_acf_changed":false,"om_disable_all_campaigns":false,"_monsterinsights_skip_tracking":false,"_monsterinsights_sitenote_active":false,"_monsterinsights_sitenote_note":"","_monsterinsights_sitenote_category":0,"_uf_show_specific_survey":0,"_uf_disable_surveys":false,"footnotes":""},"class_list":["post-19666","page","type-page","status-publish","hentry"],"acf":[],"aioseo_notices":[],"yoast_head":"<!-- This site is optimized with the Yoast SEO plugin v26.2 - https:\/\/yoast.com\/wordpress\/plugins\/seo\/ -->\r\n<title>Giro de Not\u00edcias 2025 - Previnorte<\/title>\r\n<meta name=\"robots\" content=\"index, follow, max-snippet:-1, max-image-preview:large, max-video-preview:-1\" \/>\r\n<link rel=\"canonical\" href=\"https:\/\/previnorte.com.br\/site2\/giro-de-noticias-2025\/\" \/>\r\n<meta property=\"og:locale\" content=\"pt_BR\" \/>\r\n<meta property=\"og:type\" content=\"article\" \/>\r\n<meta property=\"og:title\" content=\"Giro de Not\u00edcias 2025 - Previnorte\" \/>\r\n<meta property=\"og:description\" content=\"Giro de Not\u00edcias &#8211; 178 | 2025 &#8211; 30 de dez &#8211; At\u00e9 hoje (30\/12) voc\u00ea pode fazer contribui\u00e7\u00e3o adicional e receber as vantagens no IR de 2025 Giro de Not\u00edcias &#8211; 177 | 2025 &#8211; 24 de dez &#8211; Conhe\u00e7a os selos e certifica\u00e7\u00f5es conquistados e mantidos pela Previnorte em 2025 Giro de Not\u00edcias [&hellip;]\" \/>\r\n<meta property=\"og:url\" content=\"https:\/\/previnorte.com.br\/site2\/giro-de-noticias-2025\/\" \/>\r\n<meta property=\"og:site_name\" content=\"Previnorte\" \/>\r\n<meta property=\"article:modified_time\" content=\"2026-01-13T15:29:22+00:00\" \/>\r\n<meta name=\"twitter:card\" content=\"summary_large_image\" \/>\r\n<meta name=\"twitter:label1\" content=\"Est. tempo de leitura\" \/>\n\t<meta name=\"twitter:data1\" content=\"6 minutos\" \/>\r\n<script type=\"application\/ld+json\" class=\"yoast-schema-graph\">{\"@context\":\"https:\/\/schema.org\",\"@graph\":[{\"@type\":\"WebPage\",\"@id\":\"https:\/\/previnorte.com.br\/site2\/giro-de-noticias-2025\/\",\"url\":\"https:\/\/previnorte.com.br\/site2\/giro-de-noticias-2025\/\",\"name\":\"Giro de Not\u00edcias 2025 - Previnorte\",\"isPartOf\":{\"@id\":\"https:\/\/previnorte.com.br\/site2\/#website\"},\"datePublished\":\"2026-01-13T15:24:40+00:00\",\"dateModified\":\"2026-01-13T15:29:22+00:00\",\"breadcrumb\":{\"@id\":\"https:\/\/previnorte.com.br\/site2\/giro-de-noticias-2025\/#breadcrumb\"},\"inLanguage\":\"pt-BR\",\"potentialAction\":[{\"@type\":\"ReadAction\",\"target\":[\"https:\/\/previnorte.com.br\/site2\/giro-de-noticias-2025\/\"]}]},{\"@type\":\"BreadcrumbList\",\"@id\":\"https:\/\/previnorte.com.br\/site2\/giro-de-noticias-2025\/#breadcrumb\",\"itemListElement\":[{\"@type\":\"ListItem\",\"position\":1,\"name\":\"In\u00edcio\",\"item\":\"https:\/\/previnorte.com.br\/site2\/\"},{\"@type\":\"ListItem\",\"position\":2,\"name\":\"Giro de Not\u00edcias 2025\"}]},{\"@type\":\"WebSite\",\"@id\":\"https:\/\/previnorte.com.br\/site2\/#website\",\"url\":\"https:\/\/previnorte.com.br\/site2\/\",\"name\":\"Previnorte\",\"description\":\"Uma entidade fechada de previd\u00eancia complementar,  sem fins lucrativos.\",\"potentialAction\":[{\"@type\":\"SearchAction\",\"target\":{\"@type\":\"EntryPoint\",\"urlTemplate\":\"https:\/\/previnorte.com.br\/site2\/?s={search_term_string}\"},\"query-input\":{\"@type\":\"PropertyValueSpecification\",\"valueRequired\":true,\"valueName\":\"search_term_string\"}}],\"inLanguage\":\"pt-BR\"}]}<\/script>\r\n<!-- \/ Yoast SEO plugin. -->","yoast_head_json":{"title":"Giro de Not\u00edcias 2025 - Previnorte","robots":{"index":"index","follow":"follow","max-snippet":"max-snippet:-1","max-image-preview":"max-image-preview:large","max-video-preview":"max-video-preview:-1"},"canonical":"https:\/\/previnorte.com.br\/site2\/giro-de-noticias-2025\/","og_locale":"pt_BR","og_type":"article","og_title":"Giro de Not\u00edcias 2025 - Previnorte","og_description":"Giro de Not\u00edcias &#8211; 178 | 2025 &#8211; 30 de dez &#8211; At\u00e9 hoje (30\/12) voc\u00ea pode fazer contribui\u00e7\u00e3o adicional e receber as vantagens no IR de 2025 Giro de Not\u00edcias &#8211; 177 | 2025 &#8211; 24 de dez &#8211; Conhe\u00e7a os selos e certifica\u00e7\u00f5es conquistados e mantidos pela Previnorte em 2025 Giro de Not\u00edcias [&hellip;]","og_url":"https:\/\/previnorte.com.br\/site2\/giro-de-noticias-2025\/","og_site_name":"Previnorte","article_modified_time":"2026-01-13T15:29:22+00:00","twitter_card":"summary_large_image","twitter_misc":{"Est. tempo de leitura":"6 minutos"},"schema":{"@context":"https:\/\/schema.org","@graph":[{"@type":"WebPage","@id":"https:\/\/previnorte.com.br\/site2\/giro-de-noticias-2025\/","url":"https:\/\/previnorte.com.br\/site2\/giro-de-noticias-2025\/","name":"Giro de Not\u00edcias 2025 - Previnorte","isPartOf":{"@id":"https:\/\/previnorte.com.br\/site2\/#website"},"datePublished":"2026-01-13T15:24:40+00:00","dateModified":"2026-01-13T15:29:22+00:00","breadcrumb":{"@id":"https:\/\/previnorte.com.br\/site2\/giro-de-noticias-2025\/#breadcrumb"},"inLanguage":"pt-BR","potentialAction":[{"@type":"ReadAction","target":["https:\/\/previnorte.com.br\/site2\/giro-de-noticias-2025\/"]}]},{"@type":"BreadcrumbList","@id":"https:\/\/previnorte.com.br\/site2\/giro-de-noticias-2025\/#breadcrumb","itemListElement":[{"@type":"ListItem","position":1,"name":"In\u00edcio","item":"https:\/\/previnorte.com.br\/site2\/"},{"@type":"ListItem","position":2,"name":"Giro de Not\u00edcias 2025"}]},{"@type":"WebSite","@id":"https:\/\/previnorte.com.br\/site2\/#website","url":"https:\/\/previnorte.com.br\/site2\/","name":"Previnorte","description":"Uma entidade fechada de previd\u00eancia complementar,  sem fins lucrativos.","potentialAction":[{"@type":"SearchAction","target":{"@type":"EntryPoint","urlTemplate":"https:\/\/previnorte.com.br\/site2\/?s={search_term_string}"},"query-input":{"@type":"PropertyValueSpecification","valueRequired":true,"valueName":"search_term_string"}}],"inLanguage":"pt-BR"}]}},"_links":{"self":[{"href":"https:\/\/previnorte.com.br\/site2\/wp-json\/wp\/v2\/pages\/19666","targetHints":{"allow":["GET"]}}],"collection":[{"href":"https:\/\/previnorte.com.br\/site2\/wp-json\/wp\/v2\/pages"}],"about":[{"href":"https:\/\/previnorte.com.br\/site2\/wp-json\/wp\/v2\/types\/page"}],"author":[{"embeddable":true,"href":"https:\/\/previnorte.com.br\/site2\/wp-json\/wp\/v2\/users\/6"}],"replies":[{"embeddable":true,"href":"https:\/\/previnorte.com.br\/site2\/wp-json\/wp\/v2\/comments?post=19666"}],"version-history":[{"count":2,"href":"https:\/\/previnorte.com.br\/site2\/wp-json\/wp\/v2\/pages\/19666\/revisions"}],"predecessor-version":[{"id":19669,"href":"https:\/\/previnorte.com.br\/site2\/wp-json\/wp\/v2\/pages\/19666\/revisions\/19669"}],"wp:attachment":[{"href":"https:\/\/previnorte.com.br\/site2\/wp-json\/wp\/v2\/media?parent=19666"}],"curies":[{"name":"wp","href":"https:\/\/api.w.org\/{rel}","templated":true}]}}