{"id":2007,"date":"2021-07-22T17:15:35","date_gmt":"2021-07-22T20:15:35","guid":{"rendered":"https:\/\/previnorte.com.br\/site2\/?page_id=2007"},"modified":"2026-04-06T11:12:47","modified_gmt":"2026-04-06T14:12:47","slug":"dirigentes","status":"publish","type":"page","link":"https:\/\/previnorte.com.br\/site2\/dirigentes\/","title":{"rendered":"Quadro de Dirigentes"},"content":{"rendered":"\n<p class=\"has-text-align-left has-text-color has-medium-font-size\" style=\"color:#143991\"><strong>GOVERNAN\u00c7A PREVINORTE<\/strong><\/p>\n\n\n\n<p style=\"font-size:15px\"><strong>Diretoria Executiva<\/strong><\/p>\n\n\n\n<figure class=\"wp-block-table is-style-stripes\" style=\"font-size:15px\"><table><tbody><tr><td><strong>Nome<\/strong><\/td><td><strong>Cargo<\/strong><\/td><td><strong>In\u00edcio <\/strong><br><strong>Mandato<\/strong><\/td><td><strong>Final <\/strong><br><strong>Mandato<\/strong><\/td><td><strong>Indica\u00e7\u00e3o<\/strong><\/td><\/tr><tr><td>Jos\u00e9 Antonio Corr\u00eaa Coimbra<\/td><td>Presidente<\/td><td>04\/07\/2024<\/td><td>03\/04\/2028<\/td><td>Axia Energia<\/td><\/tr><tr><td>Jos\u00e9 Henrique Pereira Beltr\u00e3o<\/td><td>Diretor de Benef\u00edcios<\/td><td>04\/04\/2022<\/td><td>03\/04\/2027<\/td><td>Eleito Participantes<\/td><\/tr><tr><td>Marcus Andr\u00e9 Silveira de Cerqueira<\/td><td>Diretor Financeiro<\/td><td>04\/07\/2025<\/td><td>03\/04\/2029<\/td><td><br>Axia Energia<\/td><\/tr><\/tbody><\/table><\/figure>\n\n\n\n<div style=\"height:60px\" aria-hidden=\"true\" class=\"wp-block-spacer\"><\/div>\n\n\n\n<p style=\"font-size:15px\"><strong>Conselho Deliberativo<\/strong><\/p>\n\n\n\n<figure class=\"wp-block-table is-style-stripes\" style=\"font-size:15px\"><table class=\"has-white-background-color has-background\"><tbody><tr><td class=\"has-text-align-left\" data-align=\"left\"><strong>Nome<\/strong><\/td><td class=\"has-text-align-left\" data-align=\"left\"><strong>Cargo<\/strong><\/td><td class=\"has-text-align-left\" data-align=\"left\"><strong>In\u00edcio <\/strong><br><strong>Mandato<\/strong><\/td><td class=\"has-text-align-left\" data-align=\"left\"><strong>Final <\/strong><br><strong>Mandato<\/strong><\/td><td class=\"has-text-align-left\" data-align=\"left\"><strong>Indica\u00e7\u00e3o<\/strong><\/td><\/tr><tr><td class=\"has-text-align-left\" data-align=\"left\">Jorge Eduardo Braga Neto<br><\/td><td class=\"has-text-align-left\" data-align=\"left\">Conselheiro Deliberativo <br>(Presidente)<\/td><td class=\"has-text-align-left\" data-align=\"left\">15\/05\/2024<\/td><td class=\"has-text-align-left\" data-align=\"left\">03\/04\/2028<\/td><td class=\"has-text-align-left\" data-align=\"left\"><br>Axia Energia<\/td><\/tr><tr><td class=\"has-text-align-left\" data-align=\"left\">Jorge Carlos Silva Lustosa<\/td><td class=\"has-text-align-left\" data-align=\"left\">Conselheiro Deliberativo<br>(Vice-Presidente)<\/td><td class=\"has-text-align-left\" data-align=\"left\">15\/05\/2024<\/td><td class=\"has-text-align-left\" data-align=\"left\">03\/04\/2028<\/td><td class=\"has-text-align-left\" data-align=\"left\"><br>Axia Energia<\/td><\/tr><tr><td class=\"has-text-align-left\" data-align=\"left\">Angelo do Carmo<br><\/td><td class=\"has-text-align-left\" data-align=\"left\">Conselheiro Deliberativo<\/td><td class=\"has-text-align-left\" data-align=\"left\">04\/04\/2024<\/td><td class=\"has-text-align-left\" data-align=\"left\">03\/04\/2027<\/td><td class=\"has-text-align-left\" data-align=\"left\">Eleito Participantes<\/td><\/tr><tr><td class=\"has-text-align-left\" data-align=\"left\">Edney da Silva Martins<br><\/td><td class=\"has-text-align-left\" data-align=\"left\">Conselheiro Deliberativo<\/td><td class=\"has-text-align-left\" data-align=\"left\">04\/04\/2022<\/td><td class=\"has-text-align-left\" data-align=\"left\">03\/04\/2027<\/td><td class=\"has-text-align-left\" data-align=\"left\">Eleito Participantes<\/td><\/tr><tr><td class=\"has-text-align-left\" data-align=\"left\">Raphael Martins Arruda Bomfim<br><\/td><td class=\"has-text-align-left\" data-align=\"left\">Conselheiro Deliberativo<\/td><td class=\"has-text-align-left\" data-align=\"left\">15\/05\/2024<\/td><td class=\"has-text-align-left\" data-align=\"left\">03\/04\/2028<\/td><td class=\"has-text-align-left\" data-align=\"left\"><br>Axia Energia<\/td><\/tr><tr><td class=\"has-text-align-left\" data-align=\"left\">Ricardo Pereira da Silva<br><\/td><td class=\"has-text-align-left\" data-align=\"left\">Conselheiro Deliberativo<\/td><td class=\"has-text-align-left\" data-align=\"left\">04\/04\/2022<\/td><td class=\"has-text-align-left\" data-align=\"left\">03\/04\/2027<\/td><td class=\"has-text-align-left\" data-align=\"left\">Eleito Participantes<\/td><\/tr><tr><td class=\"has-text-align-left\" data-align=\"left\">Jos\u00e9 Ricardo Pinheiro de Abreu<br><\/td><td class=\"has-text-align-left\" data-align=\"left\">Conselheiro Deliberativo (Suplente)<\/td><td class=\"has-text-align-left\" data-align=\"left\">04\/04\/2022<\/td><td class=\"has-text-align-left\" data-align=\"left\">03\/04\/2027<\/td><td class=\"has-text-align-left\" data-align=\"left\">Eleito Participantes<\/td><\/tr><tr><td class=\"has-text-align-left\" data-align=\"left\">Marcos Ant\u00f4nio Papa<br><\/td><td class=\"has-text-align-left\" data-align=\"left\">Conselheiro Deliberativo (Suplente)<\/td><td class=\"has-text-align-left\" data-align=\"left\">04\/04\/2022<\/td><td class=\"has-text-align-left\" data-align=\"left\">03\/04\/2027<\/td><td class=\"has-text-align-left\" data-align=\"left\">Eleito Participantes<\/td><\/tr><tr><td class=\"has-text-align-left\" data-align=\"left\"><br><\/td><td class=\"has-text-align-left\" data-align=\"left\"><\/td><td class=\"has-text-align-left\" data-align=\"left\"><\/td><td class=\"has-text-align-left\" data-align=\"left\"><\/td><td class=\"has-text-align-left\" data-align=\"left\"><\/td><\/tr><tr><td class=\"has-text-align-left\" data-align=\"left\"><br><br><strong>Conselho Fiscal<\/strong><\/td><td class=\"has-text-align-left\" data-align=\"left\"><\/td><td class=\"has-text-align-left\" data-align=\"left\"><\/td><td class=\"has-text-align-left\" data-align=\"left\"><\/td><td class=\"has-text-align-left\" data-align=\"left\"><\/td><\/tr><tr><td class=\"has-text-align-left\" data-align=\"left\"><strong>Nome<\/strong><\/td><td class=\"has-text-align-left\" data-align=\"left\"><strong>Cargo<\/strong><\/td><td class=\"has-text-align-left\" data-align=\"left\"><strong>In\u00edcio Mandato<\/strong><\/td><td class=\"has-text-align-left\" data-align=\"left\"><strong>Final Mandato<\/strong><\/td><td class=\"has-text-align-left\" data-align=\"left\"><strong>Indica\u00e7\u00e3o<\/strong><\/td><\/tr><tr><td class=\"has-text-align-left\" data-align=\"left\">Il\u00edrio Jos\u00e9 Rech<\/td><td class=\"has-text-align-left\" data-align=\"left\">Conselheiro Fiscal<br>(Presidente)<\/td><td class=\"has-text-align-left\" data-align=\"left\">04\/04\/2022<\/td><td class=\"has-text-align-left\" data-align=\"left\">03\/04\/2027<\/td><td class=\"has-text-align-left\" data-align=\"left\">Eleito Participantes<\/td><\/tr><tr><td class=\"has-text-align-left\" data-align=\"left\">Massashi Tegoshi<\/td><td class=\"has-text-align-left\" data-align=\"left\">Conselheiro Fiscal<\/td><td class=\"has-text-align-left\" data-align=\"left\">04\/04\/2022<\/td><td class=\"has-text-align-left\" data-align=\"left\">03\/04\/2027<\/td><td class=\"has-text-align-left\" data-align=\"left\">Eleito Participantes<\/td><\/tr><tr><td class=\"has-text-align-left\" data-align=\"left\">Ticiane Ushicawa Fukushima<\/td><td class=\"has-text-align-left\" data-align=\"left\">Conselheiro Fiscal<\/td><td class=\"has-text-align-left\" data-align=\"left\">15\/05\/2024<\/td><td class=\"has-text-align-left\" data-align=\"left\">03\/04\/2028<\/td><td class=\"has-text-align-left\" data-align=\"left\"><br>Axia Energia<\/td><\/tr><tr><td class=\"has-text-align-left\" data-align=\"left\">Viviane Brand\u00e3o de Souza Martins<\/td><td class=\"has-text-align-left\" data-align=\"left\">Conselheiro Fiscal<\/td><td class=\"has-text-align-left\" data-align=\"left\">15\/05\/2024<\/td><td class=\"has-text-align-left\" data-align=\"left\">03\/04\/2028<\/td><td class=\"has-text-align-left\" data-align=\"left\">Amazonas Energia<\/td><\/tr><tr><td class=\"has-text-align-left\" data-align=\"left\">Marcio Rezende da Silva<\/td><td class=\"has-text-align-left\" data-align=\"left\">Conselheiro Fiscal (Suplente)<\/td><td class=\"has-text-align-left\" data-align=\"left\">15\/05\/2024<\/td><td class=\"has-text-align-left\" data-align=\"left\">03\/04\/2028<\/td><td class=\"has-text-align-left\" data-align=\"left\"><br>Axia Energia<\/td><\/tr><tr><td class=\"has-text-align-left\" data-align=\"left\">Maria da F\u00e9 Bezerra da Costa<\/td><td class=\"has-text-align-left\" data-align=\"left\">Conselheiro Fiscal (Suplente)<\/td><td class=\"has-text-align-left\" data-align=\"left\">15\/05\/2024<\/td><td class=\"has-text-align-left\" data-align=\"left\">03\/04\/2028<\/td><td class=\"has-text-align-left\" data-align=\"left\">Amazonas Energia<\/td><\/tr><\/tbody><\/table><\/figure>\n\n\n\n<p><\/p>\n","protected":false},"excerpt":{"rendered":"<p>GOVERNAN\u00c7A PREVINORTE Diretoria Executiva Nome Cargo In\u00edcio Mandato Final Mandato Indica\u00e7\u00e3o Jos\u00e9 Antonio Corr\u00eaa Coimbra Presidente 04\/07\/2024 03\/04\/2028 Axia Energia Jos\u00e9 Henrique Pereira Beltr\u00e3o Diretor de Benef\u00edcios 04\/04\/2022 03\/04\/2027 Eleito Participantes Marcus Andr\u00e9 Silveira de Cerqueira Diretor Financeiro 04\/07\/2025 03\/04\/2029 Axia Energia Conselho Deliberativo Nome Cargo In\u00edcio Mandato Final Mandato Indica\u00e7\u00e3o Jorge Eduardo Braga Neto [&hellip;]<\/p>\n","protected":false},"author":6,"featured_media":0,"parent":0,"menu_order":0,"comment_status":"closed","ping_status":"closed","template":"","meta":{"_acf_changed":false,"om_disable_all_campaigns":false,"_monsterinsights_skip_tracking":false,"_monsterinsights_sitenote_active":false,"_monsterinsights_sitenote_note":"","_monsterinsights_sitenote_category":0,"_uf_show_specific_survey":0,"_uf_disable_surveys":false,"footnotes":""},"class_list":["post-2007","page","type-page","status-publish","hentry"],"acf":[],"aioseo_notices":[],"yoast_head":"<!-- This site is optimized with the Yoast SEO plugin v26.2 - https:\/\/yoast.com\/wordpress\/plugins\/seo\/ -->\r\n<title>Quadro de Dirigentes - Previnorte<\/title>\r\n<meta name=\"robots\" content=\"index, follow, max-snippet:-1, max-image-preview:large, max-video-preview:-1\" \/>\r\n<link rel=\"canonical\" href=\"https:\/\/previnorte.com.br\/site2\/dirigentes\/\" \/>\r\n<meta property=\"og:locale\" content=\"pt_BR\" \/>\r\n<meta property=\"og:type\" content=\"article\" \/>\r\n<meta property=\"og:title\" content=\"Quadro de Dirigentes - Previnorte\" \/>\r\n<meta property=\"og:description\" content=\"GOVERNAN\u00c7A PREVINORTE Diretoria Executiva Nome Cargo In\u00edcio Mandato Final Mandato Indica\u00e7\u00e3o Jos\u00e9 Antonio Corr\u00eaa Coimbra Presidente 04\/07\/2024 03\/04\/2028 Axia Energia Jos\u00e9 Henrique Pereira Beltr\u00e3o Diretor de Benef\u00edcios 04\/04\/2022 03\/04\/2027 Eleito Participantes Marcus Andr\u00e9 Silveira de Cerqueira Diretor Financeiro 04\/07\/2025 03\/04\/2029 Axia Energia Conselho Deliberativo Nome Cargo In\u00edcio Mandato Final Mandato Indica\u00e7\u00e3o Jorge Eduardo Braga Neto [&hellip;]\" \/>\r\n<meta property=\"og:url\" content=\"https:\/\/previnorte.com.br\/site2\/dirigentes\/\" \/>\r\n<meta property=\"og:site_name\" content=\"Previnorte\" \/>\r\n<meta property=\"article:modified_time\" content=\"2026-04-06T14:12:47+00:00\" \/>\r\n<meta name=\"twitter:card\" content=\"summary_large_image\" \/>\r\n<meta name=\"twitter:label1\" content=\"Est. tempo de leitura\" \/>\n\t<meta name=\"twitter:data1\" content=\"2 minutos\" \/>\r\n<script type=\"application\/ld+json\" class=\"yoast-schema-graph\">{\"@context\":\"https:\/\/schema.org\",\"@graph\":[{\"@type\":\"WebPage\",\"@id\":\"https:\/\/previnorte.com.br\/site2\/dirigentes\/\",\"url\":\"https:\/\/previnorte.com.br\/site2\/dirigentes\/\",\"name\":\"Quadro de Dirigentes - Previnorte\",\"isPartOf\":{\"@id\":\"https:\/\/previnorte.com.br\/site2\/#website\"},\"datePublished\":\"2021-07-22T20:15:35+00:00\",\"dateModified\":\"2026-04-06T14:12:47+00:00\",\"breadcrumb\":{\"@id\":\"https:\/\/previnorte.com.br\/site2\/dirigentes\/#breadcrumb\"},\"inLanguage\":\"pt-BR\",\"potentialAction\":[{\"@type\":\"ReadAction\",\"target\":[\"https:\/\/previnorte.com.br\/site2\/dirigentes\/\"]}]},{\"@type\":\"BreadcrumbList\",\"@id\":\"https:\/\/previnorte.com.br\/site2\/dirigentes\/#breadcrumb\",\"itemListElement\":[{\"@type\":\"ListItem\",\"position\":1,\"name\":\"In\u00edcio\",\"item\":\"https:\/\/previnorte.com.br\/site2\/\"},{\"@type\":\"ListItem\",\"position\":2,\"name\":\"Quadro de Dirigentes\"}]},{\"@type\":\"WebSite\",\"@id\":\"https:\/\/previnorte.com.br\/site2\/#website\",\"url\":\"https:\/\/previnorte.com.br\/site2\/\",\"name\":\"Previnorte\",\"description\":\"Uma entidade fechada de previd\u00eancia complementar,  sem fins lucrativos.\",\"potentialAction\":[{\"@type\":\"SearchAction\",\"target\":{\"@type\":\"EntryPoint\",\"urlTemplate\":\"https:\/\/previnorte.com.br\/site2\/?s={search_term_string}\"},\"query-input\":{\"@type\":\"PropertyValueSpecification\",\"valueRequired\":true,\"valueName\":\"search_term_string\"}}],\"inLanguage\":\"pt-BR\"}]}<\/script>\r\n<!-- \/ Yoast SEO plugin. -->","yoast_head_json":{"title":"Quadro de Dirigentes - Previnorte","robots":{"index":"index","follow":"follow","max-snippet":"max-snippet:-1","max-image-preview":"max-image-preview:large","max-video-preview":"max-video-preview:-1"},"canonical":"https:\/\/previnorte.com.br\/site2\/dirigentes\/","og_locale":"pt_BR","og_type":"article","og_title":"Quadro de Dirigentes - Previnorte","og_description":"GOVERNAN\u00c7A PREVINORTE Diretoria Executiva Nome Cargo In\u00edcio Mandato Final Mandato Indica\u00e7\u00e3o Jos\u00e9 Antonio Corr\u00eaa Coimbra Presidente 04\/07\/2024 03\/04\/2028 Axia Energia Jos\u00e9 Henrique Pereira Beltr\u00e3o Diretor de Benef\u00edcios 04\/04\/2022 03\/04\/2027 Eleito Participantes Marcus Andr\u00e9 Silveira de Cerqueira Diretor Financeiro 04\/07\/2025 03\/04\/2029 Axia Energia Conselho Deliberativo Nome Cargo In\u00edcio Mandato Final Mandato Indica\u00e7\u00e3o Jorge Eduardo Braga Neto [&hellip;]","og_url":"https:\/\/previnorte.com.br\/site2\/dirigentes\/","og_site_name":"Previnorte","article_modified_time":"2026-04-06T14:12:47+00:00","twitter_card":"summary_large_image","twitter_misc":{"Est. tempo de leitura":"2 minutos"},"schema":{"@context":"https:\/\/schema.org","@graph":[{"@type":"WebPage","@id":"https:\/\/previnorte.com.br\/site2\/dirigentes\/","url":"https:\/\/previnorte.com.br\/site2\/dirigentes\/","name":"Quadro de Dirigentes - Previnorte","isPartOf":{"@id":"https:\/\/previnorte.com.br\/site2\/#website"},"datePublished":"2021-07-22T20:15:35+00:00","dateModified":"2026-04-06T14:12:47+00:00","breadcrumb":{"@id":"https:\/\/previnorte.com.br\/site2\/dirigentes\/#breadcrumb"},"inLanguage":"pt-BR","potentialAction":[{"@type":"ReadAction","target":["https:\/\/previnorte.com.br\/site2\/dirigentes\/"]}]},{"@type":"BreadcrumbList","@id":"https:\/\/previnorte.com.br\/site2\/dirigentes\/#breadcrumb","itemListElement":[{"@type":"ListItem","position":1,"name":"In\u00edcio","item":"https:\/\/previnorte.com.br\/site2\/"},{"@type":"ListItem","position":2,"name":"Quadro de Dirigentes"}]},{"@type":"WebSite","@id":"https:\/\/previnorte.com.br\/site2\/#website","url":"https:\/\/previnorte.com.br\/site2\/","name":"Previnorte","description":"Uma entidade fechada de previd\u00eancia complementar,  sem fins lucrativos.","potentialAction":[{"@type":"SearchAction","target":{"@type":"EntryPoint","urlTemplate":"https:\/\/previnorte.com.br\/site2\/?s={search_term_string}"},"query-input":{"@type":"PropertyValueSpecification","valueRequired":true,"valueName":"search_term_string"}}],"inLanguage":"pt-BR"}]}},"_links":{"self":[{"href":"https:\/\/previnorte.com.br\/site2\/wp-json\/wp\/v2\/pages\/2007","targetHints":{"allow":["GET"]}}],"collection":[{"href":"https:\/\/previnorte.com.br\/site2\/wp-json\/wp\/v2\/pages"}],"about":[{"href":"https:\/\/previnorte.com.br\/site2\/wp-json\/wp\/v2\/types\/page"}],"author":[{"embeddable":true,"href":"https:\/\/previnorte.com.br\/site2\/wp-json\/wp\/v2\/users\/6"}],"replies":[{"embeddable":true,"href":"https:\/\/previnorte.com.br\/site2\/wp-json\/wp\/v2\/comments?post=2007"}],"version-history":[{"count":73,"href":"https:\/\/previnorte.com.br\/site2\/wp-json\/wp\/v2\/pages\/2007\/revisions"}],"predecessor-version":[{"id":20413,"href":"https:\/\/previnorte.com.br\/site2\/wp-json\/wp\/v2\/pages\/2007\/revisions\/20413"}],"wp:attachment":[{"href":"https:\/\/previnorte.com.br\/site2\/wp-json\/wp\/v2\/media?parent=2007"}],"curies":[{"name":"wp","href":"https:\/\/api.w.org\/{rel}","templated":true}]}}