{"id":20380,"date":"2026-04-02T15:32:26","date_gmt":"2026-04-02T18:32:26","guid":{"rendered":"https:\/\/previnorte.com.br\/site2\/?page_id=20380"},"modified":"2026-04-02T15:36:32","modified_gmt":"2026-04-02T18:36:32","slug":"estatuto-da-eletrobrasprev-passa-por-ajustes-em-atendimento-a-exigencias-da-previc","status":"publish","type":"page","link":"https:\/\/previnorte.com.br\/site2\/estatuto-da-eletrobrasprev-passa-por-ajustes-em-atendimento-a-exigencias-da-previc\/","title":{"rendered":"Estatuto da EletrobrasPrev passa por ajustes em atendimento \u00e0s exig\u00eancias da Previc"},"content":{"rendered":"\n<p class=\"has-medium-font-size\">A Eletrobrasprev protocolou, em 19 de mar\u00e7o de 2026, os ajustes na proposta de altera\u00e7\u00e3o de seu Estatuto Social para atender aos crit\u00e9rios regulat\u00f3rios da Superintend\u00eancia Nacional de Previd\u00eancia Complementar &#8211; Previc. A principal mudan\u00e7a, detalhada na Nota T\u00e9cnica sobre o tema consiste na exclus\u00e3o de regras operacionais do corpo do Estatuto, as quais dever\u00e3o ser tratadas apenas em normativos internos da entidade. Vale destacar que essas altera\u00e7\u00f5es possuem car\u00e1ter t\u00e9cnico e n\u00e3o modificam os compromissos institucionais do Projeto de Otimiza\u00e7\u00e3o da Previd\u00eancia Privada da Axia Energia, mantendo o foco na transpar\u00eancia e na adequa\u00e7\u00e3o \u00e0s normas que regem o setor de previd\u00eancia complementar.<\/p>\n\n\n\n<div class=\"wp-block-buttons is-layout-flex wp-block-buttons-is-layout-flex\">\n<div class=\"wp-block-button\"><a class=\"wp-block-button__link has-black-color has-luminous-vivid-amber-background-color has-text-color has-background has-link-color wp-element-button\" href=\"https:\/\/eletrobrasprev.com.br\/proposta-de-alteracao-do-estatuto-social-passa-por-ajustes-em-atendimento-a-exigencias-da-previc\/\"><strong>Ver no site da EletrobrasPrev<\/strong><\/a><\/div>\n<\/div>\n\n\n\n<div style=\"height:45px\" aria-hidden=\"true\" class=\"wp-block-spacer\"><\/div>\n\n\n\n<p class=\"has-small-font-size\">Compartilhe esta mat\u00e9ria:<\/p>\n","protected":false},"excerpt":{"rendered":"<p>A Eletrobrasprev protocolou, em 19 de mar\u00e7o de 2026, os ajustes na proposta de altera\u00e7\u00e3o de seu Estatuto Social para atender aos crit\u00e9rios regulat\u00f3rios da Superintend\u00eancia Nacional de Previd\u00eancia Complementar &#8211; Previc. A principal mudan\u00e7a, detalhada na Nota T\u00e9cnica sobre o tema consiste na exclus\u00e3o de regras operacionais do corpo do Estatuto, as quais dever\u00e3o [&hellip;]<\/p>\n","protected":false},"author":6,"featured_media":0,"parent":0,"menu_order":0,"comment_status":"closed","ping_status":"closed","template":"","meta":{"_acf_changed":false,"om_disable_all_campaigns":false,"_monsterinsights_skip_tracking":false,"_monsterinsights_sitenote_active":false,"_monsterinsights_sitenote_note":"","_monsterinsights_sitenote_category":0,"_uf_show_specific_survey":0,"_uf_disable_surveys":false,"footnotes":""},"class_list":["post-20380","page","type-page","status-publish","hentry"],"acf":[],"aioseo_notices":[],"yoast_head":"<!-- This site is optimized with the Yoast SEO plugin v26.2 - https:\/\/yoast.com\/wordpress\/plugins\/seo\/ -->\r\n<title>Estatuto da EletrobrasPrev passa por ajustes em atendimento \u00e0s exig\u00eancias da Previc - Previnorte<\/title>\r\n<meta name=\"robots\" content=\"index, follow, max-snippet:-1, max-image-preview:large, max-video-preview:-1\" \/>\r\n<link rel=\"canonical\" href=\"https:\/\/previnorte.com.br\/site2\/estatuto-da-eletrobrasprev-passa-por-ajustes-em-atendimento-a-exigencias-da-previc\/\" \/>\r\n<meta property=\"og:locale\" content=\"pt_BR\" \/>\r\n<meta property=\"og:type\" content=\"article\" \/>\r\n<meta property=\"og:title\" content=\"Estatuto da EletrobrasPrev passa por ajustes em atendimento \u00e0s exig\u00eancias da Previc - Previnorte\" \/>\r\n<meta property=\"og:description\" content=\"A Eletrobrasprev protocolou, em 19 de mar\u00e7o de 2026, os ajustes na proposta de altera\u00e7\u00e3o de seu Estatuto Social para atender aos crit\u00e9rios regulat\u00f3rios da Superintend\u00eancia Nacional de Previd\u00eancia Complementar &#8211; Previc. A principal mudan\u00e7a, detalhada na Nota T\u00e9cnica sobre o tema consiste na exclus\u00e3o de regras operacionais do corpo do Estatuto, as quais dever\u00e3o [&hellip;]\" \/>\r\n<meta property=\"og:url\" content=\"https:\/\/previnorte.com.br\/site2\/estatuto-da-eletrobrasprev-passa-por-ajustes-em-atendimento-a-exigencias-da-previc\/\" \/>\r\n<meta property=\"og:site_name\" content=\"Previnorte\" \/>\r\n<meta property=\"article:modified_time\" content=\"2026-04-02T18:36:32+00:00\" \/>\r\n<meta name=\"twitter:card\" content=\"summary_large_image\" \/>\r\n<meta name=\"twitter:label1\" content=\"Est. tempo de leitura\" \/>\n\t<meta name=\"twitter:data1\" content=\"1 minuto\" \/>\r\n<script type=\"application\/ld+json\" class=\"yoast-schema-graph\">{\"@context\":\"https:\/\/schema.org\",\"@graph\":[{\"@type\":\"WebPage\",\"@id\":\"https:\/\/previnorte.com.br\/site2\/estatuto-da-eletrobrasprev-passa-por-ajustes-em-atendimento-a-exigencias-da-previc\/\",\"url\":\"https:\/\/previnorte.com.br\/site2\/estatuto-da-eletrobrasprev-passa-por-ajustes-em-atendimento-a-exigencias-da-previc\/\",\"name\":\"Estatuto da EletrobrasPrev passa por ajustes em atendimento \u00e0s exig\u00eancias da Previc - Previnorte\",\"isPartOf\":{\"@id\":\"https:\/\/previnorte.com.br\/site2\/#website\"},\"datePublished\":\"2026-04-02T18:32:26+00:00\",\"dateModified\":\"2026-04-02T18:36:32+00:00\",\"breadcrumb\":{\"@id\":\"https:\/\/previnorte.com.br\/site2\/estatuto-da-eletrobrasprev-passa-por-ajustes-em-atendimento-a-exigencias-da-previc\/#breadcrumb\"},\"inLanguage\":\"pt-BR\",\"potentialAction\":[{\"@type\":\"ReadAction\",\"target\":[\"https:\/\/previnorte.com.br\/site2\/estatuto-da-eletrobrasprev-passa-por-ajustes-em-atendimento-a-exigencias-da-previc\/\"]}]},{\"@type\":\"BreadcrumbList\",\"@id\":\"https:\/\/previnorte.com.br\/site2\/estatuto-da-eletrobrasprev-passa-por-ajustes-em-atendimento-a-exigencias-da-previc\/#breadcrumb\",\"itemListElement\":[{\"@type\":\"ListItem\",\"position\":1,\"name\":\"In\u00edcio\",\"item\":\"https:\/\/previnorte.com.br\/site2\/\"},{\"@type\":\"ListItem\",\"position\":2,\"name\":\"Estatuto da EletrobrasPrev passa por ajustes em atendimento \u00e0s exig\u00eancias da Previc\"}]},{\"@type\":\"WebSite\",\"@id\":\"https:\/\/previnorte.com.br\/site2\/#website\",\"url\":\"https:\/\/previnorte.com.br\/site2\/\",\"name\":\"Previnorte\",\"description\":\"Uma entidade fechada de previd\u00eancia complementar,  sem fins lucrativos.\",\"potentialAction\":[{\"@type\":\"SearchAction\",\"target\":{\"@type\":\"EntryPoint\",\"urlTemplate\":\"https:\/\/previnorte.com.br\/site2\/?s={search_term_string}\"},\"query-input\":{\"@type\":\"PropertyValueSpecification\",\"valueRequired\":true,\"valueName\":\"search_term_string\"}}],\"inLanguage\":\"pt-BR\"}]}<\/script>\r\n<!-- \/ Yoast SEO plugin. -->","yoast_head_json":{"title":"Estatuto da EletrobrasPrev passa por ajustes em atendimento \u00e0s exig\u00eancias da Previc - Previnorte","robots":{"index":"index","follow":"follow","max-snippet":"max-snippet:-1","max-image-preview":"max-image-preview:large","max-video-preview":"max-video-preview:-1"},"canonical":"https:\/\/previnorte.com.br\/site2\/estatuto-da-eletrobrasprev-passa-por-ajustes-em-atendimento-a-exigencias-da-previc\/","og_locale":"pt_BR","og_type":"article","og_title":"Estatuto da EletrobrasPrev passa por ajustes em atendimento \u00e0s exig\u00eancias da Previc - Previnorte","og_description":"A Eletrobrasprev protocolou, em 19 de mar\u00e7o de 2026, os ajustes na proposta de altera\u00e7\u00e3o de seu Estatuto Social para atender aos crit\u00e9rios regulat\u00f3rios da Superintend\u00eancia Nacional de Previd\u00eancia Complementar &#8211; Previc. A principal mudan\u00e7a, detalhada na Nota T\u00e9cnica sobre o tema consiste na exclus\u00e3o de regras operacionais do corpo do Estatuto, as quais dever\u00e3o [&hellip;]","og_url":"https:\/\/previnorte.com.br\/site2\/estatuto-da-eletrobrasprev-passa-por-ajustes-em-atendimento-a-exigencias-da-previc\/","og_site_name":"Previnorte","article_modified_time":"2026-04-02T18:36:32+00:00","twitter_card":"summary_large_image","twitter_misc":{"Est. tempo de leitura":"1 minuto"},"schema":{"@context":"https:\/\/schema.org","@graph":[{"@type":"WebPage","@id":"https:\/\/previnorte.com.br\/site2\/estatuto-da-eletrobrasprev-passa-por-ajustes-em-atendimento-a-exigencias-da-previc\/","url":"https:\/\/previnorte.com.br\/site2\/estatuto-da-eletrobrasprev-passa-por-ajustes-em-atendimento-a-exigencias-da-previc\/","name":"Estatuto da EletrobrasPrev passa por ajustes em atendimento \u00e0s exig\u00eancias da Previc - Previnorte","isPartOf":{"@id":"https:\/\/previnorte.com.br\/site2\/#website"},"datePublished":"2026-04-02T18:32:26+00:00","dateModified":"2026-04-02T18:36:32+00:00","breadcrumb":{"@id":"https:\/\/previnorte.com.br\/site2\/estatuto-da-eletrobrasprev-passa-por-ajustes-em-atendimento-a-exigencias-da-previc\/#breadcrumb"},"inLanguage":"pt-BR","potentialAction":[{"@type":"ReadAction","target":["https:\/\/previnorte.com.br\/site2\/estatuto-da-eletrobrasprev-passa-por-ajustes-em-atendimento-a-exigencias-da-previc\/"]}]},{"@type":"BreadcrumbList","@id":"https:\/\/previnorte.com.br\/site2\/estatuto-da-eletrobrasprev-passa-por-ajustes-em-atendimento-a-exigencias-da-previc\/#breadcrumb","itemListElement":[{"@type":"ListItem","position":1,"name":"In\u00edcio","item":"https:\/\/previnorte.com.br\/site2\/"},{"@type":"ListItem","position":2,"name":"Estatuto da EletrobrasPrev passa por ajustes em atendimento \u00e0s exig\u00eancias da Previc"}]},{"@type":"WebSite","@id":"https:\/\/previnorte.com.br\/site2\/#website","url":"https:\/\/previnorte.com.br\/site2\/","name":"Previnorte","description":"Uma entidade fechada de previd\u00eancia complementar,  sem fins lucrativos.","potentialAction":[{"@type":"SearchAction","target":{"@type":"EntryPoint","urlTemplate":"https:\/\/previnorte.com.br\/site2\/?s={search_term_string}"},"query-input":{"@type":"PropertyValueSpecification","valueRequired":true,"valueName":"search_term_string"}}],"inLanguage":"pt-BR"}]}},"_links":{"self":[{"href":"https:\/\/previnorte.com.br\/site2\/wp-json\/wp\/v2\/pages\/20380","targetHints":{"allow":["GET"]}}],"collection":[{"href":"https:\/\/previnorte.com.br\/site2\/wp-json\/wp\/v2\/pages"}],"about":[{"href":"https:\/\/previnorte.com.br\/site2\/wp-json\/wp\/v2\/types\/page"}],"author":[{"embeddable":true,"href":"https:\/\/previnorte.com.br\/site2\/wp-json\/wp\/v2\/users\/6"}],"replies":[{"embeddable":true,"href":"https:\/\/previnorte.com.br\/site2\/wp-json\/wp\/v2\/comments?post=20380"}],"version-history":[{"count":4,"href":"https:\/\/previnorte.com.br\/site2\/wp-json\/wp\/v2\/pages\/20380\/revisions"}],"predecessor-version":[{"id":20385,"href":"https:\/\/previnorte.com.br\/site2\/wp-json\/wp\/v2\/pages\/20380\/revisions\/20385"}],"wp:attachment":[{"href":"https:\/\/previnorte.com.br\/site2\/wp-json\/wp\/v2\/media?parent=20380"}],"curies":[{"name":"wp","href":"https:\/\/api.w.org\/{rel}","templated":true}]}}