{"id":24,"date":"2020-12-29T18:36:02","date_gmt":"2020-12-29T21:36:02","guid":{"rendered":"http:\/\/previnorte.local\/?page_id=24"},"modified":"2026-03-17T10:36:27","modified_gmt":"2026-03-17T13:36:27","slug":"a-previnorte","status":"publish","type":"page","link":"https:\/\/previnorte.com.br\/site2\/a-previnorte\/","title":{"rendered":"A Previnorte"},"content":{"rendered":"\n<p>A <strong>Previnorte<\/strong> \u00e9 uma entidade fechada de previd\u00eancia complementar, sem fins lucrativos, dedicada \u00e0 administra\u00e7\u00e3o de planos de benef\u00edcios previdenci\u00e1rios para os empregados da <strong>Axia Energia<\/strong>, <strong>Amazonas Energia<\/strong>, <strong>Roraima Energia<\/strong>, bem como para seus pr\u00f3prios colaboradores.<\/p>\n\n\n\n<p>Institu\u00edda em <strong>1988<\/strong>, a Funda\u00e7\u00e3o nasceu com a miss\u00e3o de proporcionar aos seus participantes a <strong>complementa\u00e7\u00e3o de aposentadorias e pens\u00f5es<\/strong> concedidas pela previd\u00eancia social, contribuindo para a seguran\u00e7a financeira e a qualidade de vida. Hoje, a Funda\u00e7\u00e3o mant\u00e9m este mesmo prop\u00f3sito e busca continuamente <strong>solu\u00e7\u00f5es inovadoras<\/strong> <strong>para apoiar seus participantes no per\u00edodo p\u00f3s-laboral<\/strong>, sobretudo diante das mudan\u00e7as nos mercados de trabalho.<\/p>\n\n\n\n<p>Os benef\u00edcios oferecidos pela Funda\u00e7\u00e3o s\u00e3o assegurados por uma <strong>gest\u00e3o profissional, respons\u00e1vel e transparente<\/strong> dos recursos aportados pelos participantes e por seus patrocinadores, observando rigorosamente os princ\u00edpios da boa governan\u00e7a e da sustentabilidade dos planos.<\/p>\n\n\n\n<p>Desde <strong>2002<\/strong>, a Previnorte mant\u00e9m seus processos certificados pela <strong>ISO 9001<\/strong>, destacando-se entre as poucas entidades do segmento que possuem essa certifica\u00e7\u00e3o, a qual atesta a <strong>qualidade, a padroniza\u00e7\u00e3o e a efici\u00eancia<\/strong> dos processos de gest\u00e3o dos planos de benef\u00edcios previdenci\u00e1rios oferecidos aos empregados das patrocinadoras.<\/p>\n\n\n\n<p>A Previnorte \u00e9 hoje uma entidade de refer\u00eancia em seu segmento de atua\u00e7\u00e3o e conta com reconhecimento formal do mercado na ado\u00e7\u00e3o das melhores pr\u00e1ticas, que est\u00e3o certificadas pelo <strong>Selo de Autorregula\u00e7\u00e3o em Governan\u00e7a de Investimentos<\/strong> e pelo <strong>Selo de Autorregula\u00e7\u00e3o em Governan\u00e7a Corporativa<\/strong>, ambos concedidos pela Associa\u00e7\u00e3o Brasileira das Entidades Fechadas de Previd\u00eancia Compleementar &#8211; Abrapp.<\/p>\n\n\n\n<p><\/p>\n","protected":false},"excerpt":{"rendered":"<p>A Previnorte \u00e9 uma entidade fechada de previd\u00eancia complementar, sem fins lucrativos, dedicada \u00e0 administra\u00e7\u00e3o de planos de benef\u00edcios previdenci\u00e1rios para os empregados da Axia Energia, Amazonas Energia, Roraima Energia, bem como para seus pr\u00f3prios colaboradores. Institu\u00edda em 1988, a Funda\u00e7\u00e3o nasceu com a miss\u00e3o de proporcionar aos seus participantes a complementa\u00e7\u00e3o de aposentadorias e [&hellip;]<\/p>\n","protected":false},"author":2,"featured_media":0,"parent":0,"menu_order":0,"comment_status":"closed","ping_status":"closed","template":"page-about.php","meta":{"_acf_changed":false,"om_disable_all_campaigns":false,"_monsterinsights_skip_tracking":false,"_monsterinsights_sitenote_active":false,"_monsterinsights_sitenote_note":"","_monsterinsights_sitenote_category":0,"_uf_show_specific_survey":0,"_uf_disable_surveys":false,"footnotes":""},"class_list":["post-24","page","type-page","status-publish","hentry"],"acf":[],"aioseo_notices":[],"yoast_head":"<!-- This site is optimized with the Yoast SEO plugin v26.2 - https:\/\/yoast.com\/wordpress\/plugins\/seo\/ -->\r\n<title>A Previnorte - Previnorte<\/title>\r\n<meta name=\"robots\" content=\"index, follow, max-snippet:-1, max-image-preview:large, max-video-preview:-1\" \/>\r\n<link rel=\"canonical\" href=\"https:\/\/previnorte.com.br\/site2\/a-previnorte\/\" \/>\r\n<meta property=\"og:locale\" content=\"pt_BR\" \/>\r\n<meta property=\"og:type\" content=\"article\" \/>\r\n<meta property=\"og:title\" content=\"A Previnorte - Previnorte\" \/>\r\n<meta property=\"og:description\" content=\"A Previnorte \u00e9 uma entidade fechada de previd\u00eancia complementar, sem fins lucrativos, dedicada \u00e0 administra\u00e7\u00e3o de planos de benef\u00edcios previdenci\u00e1rios para os empregados da Axia Energia, Amazonas Energia, Roraima Energia, bem como para seus pr\u00f3prios colaboradores. Institu\u00edda em 1988, a Funda\u00e7\u00e3o nasceu com a miss\u00e3o de proporcionar aos seus participantes a complementa\u00e7\u00e3o de aposentadorias e [&hellip;]\" \/>\r\n<meta property=\"og:url\" content=\"https:\/\/previnorte.com.br\/site2\/a-previnorte\/\" \/>\r\n<meta property=\"og:site_name\" content=\"Previnorte\" \/>\r\n<meta property=\"article:modified_time\" content=\"2026-03-17T13:36:27+00:00\" \/>\r\n<meta name=\"twitter:card\" content=\"summary_large_image\" \/>\r\n<meta name=\"twitter:label1\" content=\"Est. tempo de leitura\" \/>\n\t<meta name=\"twitter:data1\" content=\"2 minutos\" \/>\r\n<script type=\"application\/ld+json\" class=\"yoast-schema-graph\">{\"@context\":\"https:\/\/schema.org\",\"@graph\":[{\"@type\":\"WebPage\",\"@id\":\"https:\/\/previnorte.com.br\/site2\/a-previnorte\/\",\"url\":\"https:\/\/previnorte.com.br\/site2\/a-previnorte\/\",\"name\":\"A Previnorte - Previnorte\",\"isPartOf\":{\"@id\":\"https:\/\/previnorte.com.br\/site2\/#website\"},\"datePublished\":\"2020-12-29T21:36:02+00:00\",\"dateModified\":\"2026-03-17T13:36:27+00:00\",\"breadcrumb\":{\"@id\":\"https:\/\/previnorte.com.br\/site2\/a-previnorte\/#breadcrumb\"},\"inLanguage\":\"pt-BR\",\"potentialAction\":[{\"@type\":\"ReadAction\",\"target\":[\"https:\/\/previnorte.com.br\/site2\/a-previnorte\/\"]}]},{\"@type\":\"BreadcrumbList\",\"@id\":\"https:\/\/previnorte.com.br\/site2\/a-previnorte\/#breadcrumb\",\"itemListElement\":[{\"@type\":\"ListItem\",\"position\":1,\"name\":\"In\u00edcio\",\"item\":\"https:\/\/previnorte.com.br\/site2\/\"},{\"@type\":\"ListItem\",\"position\":2,\"name\":\"A Previnorte\"}]},{\"@type\":\"WebSite\",\"@id\":\"https:\/\/previnorte.com.br\/site2\/#website\",\"url\":\"https:\/\/previnorte.com.br\/site2\/\",\"name\":\"Previnorte\",\"description\":\"Uma entidade fechada de previd\u00eancia complementar,  sem fins lucrativos.\",\"potentialAction\":[{\"@type\":\"SearchAction\",\"target\":{\"@type\":\"EntryPoint\",\"urlTemplate\":\"https:\/\/previnorte.com.br\/site2\/?s={search_term_string}\"},\"query-input\":{\"@type\":\"PropertyValueSpecification\",\"valueRequired\":true,\"valueName\":\"search_term_string\"}}],\"inLanguage\":\"pt-BR\"}]}<\/script>\r\n<!-- \/ Yoast SEO plugin. -->","yoast_head_json":{"title":"A Previnorte - Previnorte","robots":{"index":"index","follow":"follow","max-snippet":"max-snippet:-1","max-image-preview":"max-image-preview:large","max-video-preview":"max-video-preview:-1"},"canonical":"https:\/\/previnorte.com.br\/site2\/a-previnorte\/","og_locale":"pt_BR","og_type":"article","og_title":"A Previnorte - Previnorte","og_description":"A Previnorte \u00e9 uma entidade fechada de previd\u00eancia complementar, sem fins lucrativos, dedicada \u00e0 administra\u00e7\u00e3o de planos de benef\u00edcios previdenci\u00e1rios para os empregados da Axia Energia, Amazonas Energia, Roraima Energia, bem como para seus pr\u00f3prios colaboradores. Institu\u00edda em 1988, a Funda\u00e7\u00e3o nasceu com a miss\u00e3o de proporcionar aos seus participantes a complementa\u00e7\u00e3o de aposentadorias e [&hellip;]","og_url":"https:\/\/previnorte.com.br\/site2\/a-previnorte\/","og_site_name":"Previnorte","article_modified_time":"2026-03-17T13:36:27+00:00","twitter_card":"summary_large_image","twitter_misc":{"Est. tempo de leitura":"2 minutos"},"schema":{"@context":"https:\/\/schema.org","@graph":[{"@type":"WebPage","@id":"https:\/\/previnorte.com.br\/site2\/a-previnorte\/","url":"https:\/\/previnorte.com.br\/site2\/a-previnorte\/","name":"A Previnorte - Previnorte","isPartOf":{"@id":"https:\/\/previnorte.com.br\/site2\/#website"},"datePublished":"2020-12-29T21:36:02+00:00","dateModified":"2026-03-17T13:36:27+00:00","breadcrumb":{"@id":"https:\/\/previnorte.com.br\/site2\/a-previnorte\/#breadcrumb"},"inLanguage":"pt-BR","potentialAction":[{"@type":"ReadAction","target":["https:\/\/previnorte.com.br\/site2\/a-previnorte\/"]}]},{"@type":"BreadcrumbList","@id":"https:\/\/previnorte.com.br\/site2\/a-previnorte\/#breadcrumb","itemListElement":[{"@type":"ListItem","position":1,"name":"In\u00edcio","item":"https:\/\/previnorte.com.br\/site2\/"},{"@type":"ListItem","position":2,"name":"A Previnorte"}]},{"@type":"WebSite","@id":"https:\/\/previnorte.com.br\/site2\/#website","url":"https:\/\/previnorte.com.br\/site2\/","name":"Previnorte","description":"Uma entidade fechada de previd\u00eancia complementar,  sem fins lucrativos.","potentialAction":[{"@type":"SearchAction","target":{"@type":"EntryPoint","urlTemplate":"https:\/\/previnorte.com.br\/site2\/?s={search_term_string}"},"query-input":{"@type":"PropertyValueSpecification","valueRequired":true,"valueName":"search_term_string"}}],"inLanguage":"pt-BR"}]}},"_links":{"self":[{"href":"https:\/\/previnorte.com.br\/site2\/wp-json\/wp\/v2\/pages\/24","targetHints":{"allow":["GET"]}}],"collection":[{"href":"https:\/\/previnorte.com.br\/site2\/wp-json\/wp\/v2\/pages"}],"about":[{"href":"https:\/\/previnorte.com.br\/site2\/wp-json\/wp\/v2\/types\/page"}],"author":[{"embeddable":true,"href":"https:\/\/previnorte.com.br\/site2\/wp-json\/wp\/v2\/users\/2"}],"replies":[{"embeddable":true,"href":"https:\/\/previnorte.com.br\/site2\/wp-json\/wp\/v2\/comments?post=24"}],"version-history":[{"count":77,"href":"https:\/\/previnorte.com.br\/site2\/wp-json\/wp\/v2\/pages\/24\/revisions"}],"predecessor-version":[{"id":20128,"href":"https:\/\/previnorte.com.br\/site2\/wp-json\/wp\/v2\/pages\/24\/revisions\/20128"}],"wp:attachment":[{"href":"https:\/\/previnorte.com.br\/site2\/wp-json\/wp\/v2\/media?parent=24"}],"curies":[{"name":"wp","href":"https:\/\/api.w.org\/{rel}","templated":true}]}}