{"id":34,"date":"2020-12-30T10:52:12","date_gmt":"2020-12-30T13:52:12","guid":{"rendered":"http:\/\/previnorte.local\/?page_id=34"},"modified":"2026-03-18T11:22:22","modified_gmt":"2026-03-18T14:22:22","slug":"politicas-e-programas","status":"publish","type":"page","link":"https:\/\/previnorte.com.br\/site2\/politicas-e-programas\/","title":{"rendered":"Pol\u00edticas da Previnorte"},"content":{"rendered":"\n<p>Comprometida com a \u00e9tica e transpar\u00eancia de suas opera\u00e7\u00f5es, bem como com a legisla\u00e7\u00e3o vigente, <strong>a Previnorte disponibiliza todas as suas pol\u00edticas para conhecimento de participantes, assistidos e demais interessados<\/strong>. Aqui, voc\u00ea acessa os documentos que regulamentam nossas diretrizes de comunica\u00e7\u00e3o, gest\u00e3o de riscos, investimentos e muitas outras frentes de atua\u00e7\u00e3o.<\/p>\n\n\n\n<p><\/p>\n","protected":false},"excerpt":{"rendered":"<p>Comprometida com a \u00e9tica e transpar\u00eancia de suas opera\u00e7\u00f5es, bem como com a legisla\u00e7\u00e3o vigente, a Previnorte disponibiliza todas as suas pol\u00edticas para conhecimento de participantes, assistidos e demais interessados. Aqui, voc\u00ea acessa os documentos que regulamentam nossas diretrizes de comunica\u00e7\u00e3o, gest\u00e3o de riscos, investimentos e muitas outras frentes de atua\u00e7\u00e3o.<\/p>\n","protected":false},"author":2,"featured_media":0,"parent":0,"menu_order":0,"comment_status":"closed","ping_status":"closed","template":"page-policy-program.php","meta":{"_acf_changed":false,"om_disable_all_campaigns":false,"_monsterinsights_skip_tracking":false,"_monsterinsights_sitenote_active":false,"_monsterinsights_sitenote_note":"","_monsterinsights_sitenote_category":0,"_uf_show_specific_survey":0,"_uf_disable_surveys":false,"footnotes":""},"class_list":["post-34","page","type-page","status-publish","hentry"],"acf":[],"aioseo_notices":[],"yoast_head":"<!-- This site is optimized with the Yoast SEO plugin v26.2 - https:\/\/yoast.com\/wordpress\/plugins\/seo\/ -->\r\n<title>Pol\u00edticas da Previnorte - Previnorte<\/title>\r\n<meta name=\"robots\" content=\"index, follow, max-snippet:-1, max-image-preview:large, max-video-preview:-1\" \/>\r\n<link rel=\"canonical\" href=\"https:\/\/previnorte.com.br\/site2\/politicas-e-programas\/\" \/>\r\n<meta property=\"og:locale\" content=\"pt_BR\" \/>\r\n<meta property=\"og:type\" content=\"article\" \/>\r\n<meta property=\"og:title\" content=\"Pol\u00edticas da Previnorte - Previnorte\" \/>\r\n<meta property=\"og:description\" content=\"Comprometida com a \u00e9tica e transpar\u00eancia de suas opera\u00e7\u00f5es, bem como com a legisla\u00e7\u00e3o vigente, a Previnorte disponibiliza todas as suas pol\u00edticas para conhecimento de participantes, assistidos e demais interessados. Aqui, voc\u00ea acessa os documentos que regulamentam nossas diretrizes de comunica\u00e7\u00e3o, gest\u00e3o de riscos, investimentos e muitas outras frentes de atua\u00e7\u00e3o.\" \/>\r\n<meta property=\"og:url\" content=\"https:\/\/previnorte.com.br\/site2\/politicas-e-programas\/\" \/>\r\n<meta property=\"og:site_name\" content=\"Previnorte\" \/>\r\n<meta property=\"article:modified_time\" content=\"2026-03-18T14:22:22+00:00\" \/>\r\n<meta name=\"twitter:card\" content=\"summary_large_image\" \/>\r\n<meta name=\"twitter:label1\" content=\"Est. tempo de leitura\" \/>\n\t<meta name=\"twitter:data1\" content=\"1 minuto\" \/>\r\n<script type=\"application\/ld+json\" class=\"yoast-schema-graph\">{\"@context\":\"https:\/\/schema.org\",\"@graph\":[{\"@type\":\"WebPage\",\"@id\":\"https:\/\/previnorte.com.br\/site2\/politicas-e-programas\/\",\"url\":\"https:\/\/previnorte.com.br\/site2\/politicas-e-programas\/\",\"name\":\"Pol\u00edticas da Previnorte - Previnorte\",\"isPartOf\":{\"@id\":\"https:\/\/previnorte.com.br\/site2\/#website\"},\"datePublished\":\"2020-12-30T13:52:12+00:00\",\"dateModified\":\"2026-03-18T14:22:22+00:00\",\"breadcrumb\":{\"@id\":\"https:\/\/previnorte.com.br\/site2\/politicas-e-programas\/#breadcrumb\"},\"inLanguage\":\"pt-BR\",\"potentialAction\":[{\"@type\":\"ReadAction\",\"target\":[\"https:\/\/previnorte.com.br\/site2\/politicas-e-programas\/\"]}]},{\"@type\":\"BreadcrumbList\",\"@id\":\"https:\/\/previnorte.com.br\/site2\/politicas-e-programas\/#breadcrumb\",\"itemListElement\":[{\"@type\":\"ListItem\",\"position\":1,\"name\":\"In\u00edcio\",\"item\":\"https:\/\/previnorte.com.br\/site2\/\"},{\"@type\":\"ListItem\",\"position\":2,\"name\":\"Pol\u00edticas da Previnorte\"}]},{\"@type\":\"WebSite\",\"@id\":\"https:\/\/previnorte.com.br\/site2\/#website\",\"url\":\"https:\/\/previnorte.com.br\/site2\/\",\"name\":\"Previnorte\",\"description\":\"Uma entidade fechada de previd\u00eancia complementar,  sem fins lucrativos.\",\"potentialAction\":[{\"@type\":\"SearchAction\",\"target\":{\"@type\":\"EntryPoint\",\"urlTemplate\":\"https:\/\/previnorte.com.br\/site2\/?s={search_term_string}\"},\"query-input\":{\"@type\":\"PropertyValueSpecification\",\"valueRequired\":true,\"valueName\":\"search_term_string\"}}],\"inLanguage\":\"pt-BR\"}]}<\/script>\r\n<!-- \/ Yoast SEO plugin. -->","yoast_head_json":{"title":"Pol\u00edticas da Previnorte - Previnorte","robots":{"index":"index","follow":"follow","max-snippet":"max-snippet:-1","max-image-preview":"max-image-preview:large","max-video-preview":"max-video-preview:-1"},"canonical":"https:\/\/previnorte.com.br\/site2\/politicas-e-programas\/","og_locale":"pt_BR","og_type":"article","og_title":"Pol\u00edticas da Previnorte - Previnorte","og_description":"Comprometida com a \u00e9tica e transpar\u00eancia de suas opera\u00e7\u00f5es, bem como com a legisla\u00e7\u00e3o vigente, a Previnorte disponibiliza todas as suas pol\u00edticas para conhecimento de participantes, assistidos e demais interessados. Aqui, voc\u00ea acessa os documentos que regulamentam nossas diretrizes de comunica\u00e7\u00e3o, gest\u00e3o de riscos, investimentos e muitas outras frentes de atua\u00e7\u00e3o.","og_url":"https:\/\/previnorte.com.br\/site2\/politicas-e-programas\/","og_site_name":"Previnorte","article_modified_time":"2026-03-18T14:22:22+00:00","twitter_card":"summary_large_image","twitter_misc":{"Est. tempo de leitura":"1 minuto"},"schema":{"@context":"https:\/\/schema.org","@graph":[{"@type":"WebPage","@id":"https:\/\/previnorte.com.br\/site2\/politicas-e-programas\/","url":"https:\/\/previnorte.com.br\/site2\/politicas-e-programas\/","name":"Pol\u00edticas da Previnorte - Previnorte","isPartOf":{"@id":"https:\/\/previnorte.com.br\/site2\/#website"},"datePublished":"2020-12-30T13:52:12+00:00","dateModified":"2026-03-18T14:22:22+00:00","breadcrumb":{"@id":"https:\/\/previnorte.com.br\/site2\/politicas-e-programas\/#breadcrumb"},"inLanguage":"pt-BR","potentialAction":[{"@type":"ReadAction","target":["https:\/\/previnorte.com.br\/site2\/politicas-e-programas\/"]}]},{"@type":"BreadcrumbList","@id":"https:\/\/previnorte.com.br\/site2\/politicas-e-programas\/#breadcrumb","itemListElement":[{"@type":"ListItem","position":1,"name":"In\u00edcio","item":"https:\/\/previnorte.com.br\/site2\/"},{"@type":"ListItem","position":2,"name":"Pol\u00edticas da Previnorte"}]},{"@type":"WebSite","@id":"https:\/\/previnorte.com.br\/site2\/#website","url":"https:\/\/previnorte.com.br\/site2\/","name":"Previnorte","description":"Uma entidade fechada de previd\u00eancia complementar,  sem fins lucrativos.","potentialAction":[{"@type":"SearchAction","target":{"@type":"EntryPoint","urlTemplate":"https:\/\/previnorte.com.br\/site2\/?s={search_term_string}"},"query-input":{"@type":"PropertyValueSpecification","valueRequired":true,"valueName":"search_term_string"}}],"inLanguage":"pt-BR"}]}},"_links":{"self":[{"href":"https:\/\/previnorte.com.br\/site2\/wp-json\/wp\/v2\/pages\/34","targetHints":{"allow":["GET"]}}],"collection":[{"href":"https:\/\/previnorte.com.br\/site2\/wp-json\/wp\/v2\/pages"}],"about":[{"href":"https:\/\/previnorte.com.br\/site2\/wp-json\/wp\/v2\/types\/page"}],"author":[{"embeddable":true,"href":"https:\/\/previnorte.com.br\/site2\/wp-json\/wp\/v2\/users\/2"}],"replies":[{"embeddable":true,"href":"https:\/\/previnorte.com.br\/site2\/wp-json\/wp\/v2\/comments?post=34"}],"version-history":[{"count":41,"href":"https:\/\/previnorte.com.br\/site2\/wp-json\/wp\/v2\/pages\/34\/revisions"}],"predecessor-version":[{"id":20160,"href":"https:\/\/previnorte.com.br\/site2\/wp-json\/wp\/v2\/pages\/34\/revisions\/20160"}],"wp:attachment":[{"href":"https:\/\/previnorte.com.br\/site2\/wp-json\/wp\/v2\/media?parent=34"}],"curies":[{"name":"wp","href":"https:\/\/api.w.org\/{rel}","templated":true}]}}