{"id":343,"date":"2020-12-31T17:53:55","date_gmt":"2020-12-31T20:53:55","guid":{"rendered":"https:\/\/previnorte.com.br\/site2\/?page_id=343"},"modified":"2026-03-27T12:31:31","modified_gmt":"2026-03-27T15:31:31","slug":"taxas","status":"publish","type":"page","link":"https:\/\/previnorte.com.br\/site2\/taxas\/","title":{"rendered":"Taxas"},"content":{"rendered":"\n<p>Voc\u00ea pode consultar abaixo o hist\u00f3rico de taxas cobradas pela Previnorte sobre os empr\u00e9stimos pessoais. <\/p>\n\n\n\n<p>Acessando o <a href=\"https:\/\/www.bcb.gov.br\/estatisticas\/reporttxjuros?codigoSegmento=1&amp;codigoModalidade=218101&amp;historicotaxajurosdiario_atual_page=1&amp;tipoModalidade=D&amp;InicioPeriodo=2024-11-11\">Relat\u00f3rio de Juros do Banco Central do Brasil<\/a> voc\u00ea poder\u00e1 conhecer as taxas m\u00e9dias cobradas pelos bancos e compar\u00e1-las com aquelas aplicadas pela Funda\u00e7\u00e3o.<\/p>\n\n\n\n<p><strong>Lembre-se: os juros cobrados pela Previnorte s\u00e3o pagos em favor dos pr\u00f3prios planos de benef\u00edcios.<\/strong><\/p>\n","protected":false},"excerpt":{"rendered":"<p>Voc\u00ea pode consultar abaixo o hist\u00f3rico de taxas cobradas pela Previnorte sobre os empr\u00e9stimos pessoais. Acessando o Relat\u00f3rio de Juros do Banco Central do Brasil voc\u00ea poder\u00e1 conhecer as taxas m\u00e9dias cobradas pelos bancos e compar\u00e1-las com aquelas aplicadas pela Funda\u00e7\u00e3o. Lembre-se: os juros cobrados pela Previnorte s\u00e3o pagos em favor dos pr\u00f3prios planos de [&hellip;]<\/p>\n","protected":false},"author":2,"featured_media":0,"parent":0,"menu_order":0,"comment_status":"closed","ping_status":"closed","template":"page-taxes.php","meta":{"_acf_changed":false,"om_disable_all_campaigns":false,"_monsterinsights_skip_tracking":false,"_monsterinsights_sitenote_active":false,"_monsterinsights_sitenote_note":"","_monsterinsights_sitenote_category":0,"_uf_show_specific_survey":0,"_uf_disable_surveys":false,"footnotes":""},"class_list":["post-343","page","type-page","status-publish","hentry"],"acf":[],"aioseo_notices":[],"yoast_head":"<!-- This site is optimized with the Yoast SEO plugin v26.2 - https:\/\/yoast.com\/wordpress\/plugins\/seo\/ -->\r\n<title>Taxas - Previnorte<\/title>\r\n<meta name=\"robots\" content=\"index, follow, max-snippet:-1, max-image-preview:large, max-video-preview:-1\" \/>\r\n<link rel=\"canonical\" href=\"https:\/\/previnorte.com.br\/site2\/taxas\/\" \/>\r\n<meta property=\"og:locale\" content=\"pt_BR\" \/>\r\n<meta property=\"og:type\" content=\"article\" \/>\r\n<meta property=\"og:title\" content=\"Taxas - Previnorte\" \/>\r\n<meta property=\"og:description\" content=\"Voc\u00ea pode consultar abaixo o hist\u00f3rico de taxas cobradas pela Previnorte sobre os empr\u00e9stimos pessoais. Acessando o Relat\u00f3rio de Juros do Banco Central do Brasil voc\u00ea poder\u00e1 conhecer as taxas m\u00e9dias cobradas pelos bancos e compar\u00e1-las com aquelas aplicadas pela Funda\u00e7\u00e3o. Lembre-se: os juros cobrados pela Previnorte s\u00e3o pagos em favor dos pr\u00f3prios planos de [&hellip;]\" \/>\r\n<meta property=\"og:url\" content=\"https:\/\/previnorte.com.br\/site2\/taxas\/\" \/>\r\n<meta property=\"og:site_name\" content=\"Previnorte\" \/>\r\n<meta property=\"article:modified_time\" content=\"2026-03-27T15:31:31+00:00\" \/>\r\n<meta name=\"twitter:card\" content=\"summary_large_image\" \/>\r\n<meta name=\"twitter:label1\" content=\"Est. tempo de leitura\" \/>\n\t<meta name=\"twitter:data1\" content=\"1 minuto\" \/>\r\n<script type=\"application\/ld+json\" class=\"yoast-schema-graph\">{\"@context\":\"https:\/\/schema.org\",\"@graph\":[{\"@type\":\"WebPage\",\"@id\":\"https:\/\/previnorte.com.br\/site2\/taxas\/\",\"url\":\"https:\/\/previnorte.com.br\/site2\/taxas\/\",\"name\":\"Taxas - Previnorte\",\"isPartOf\":{\"@id\":\"https:\/\/previnorte.com.br\/site2\/#website\"},\"datePublished\":\"2020-12-31T20:53:55+00:00\",\"dateModified\":\"2026-03-27T15:31:31+00:00\",\"breadcrumb\":{\"@id\":\"https:\/\/previnorte.com.br\/site2\/taxas\/#breadcrumb\"},\"inLanguage\":\"pt-BR\",\"potentialAction\":[{\"@type\":\"ReadAction\",\"target\":[\"https:\/\/previnorte.com.br\/site2\/taxas\/\"]}]},{\"@type\":\"BreadcrumbList\",\"@id\":\"https:\/\/previnorte.com.br\/site2\/taxas\/#breadcrumb\",\"itemListElement\":[{\"@type\":\"ListItem\",\"position\":1,\"name\":\"In\u00edcio\",\"item\":\"https:\/\/previnorte.com.br\/site2\/\"},{\"@type\":\"ListItem\",\"position\":2,\"name\":\"Taxas\"}]},{\"@type\":\"WebSite\",\"@id\":\"https:\/\/previnorte.com.br\/site2\/#website\",\"url\":\"https:\/\/previnorte.com.br\/site2\/\",\"name\":\"Previnorte\",\"description\":\"Uma entidade fechada de previd\u00eancia complementar,  sem fins lucrativos.\",\"potentialAction\":[{\"@type\":\"SearchAction\",\"target\":{\"@type\":\"EntryPoint\",\"urlTemplate\":\"https:\/\/previnorte.com.br\/site2\/?s={search_term_string}\"},\"query-input\":{\"@type\":\"PropertyValueSpecification\",\"valueRequired\":true,\"valueName\":\"search_term_string\"}}],\"inLanguage\":\"pt-BR\"}]}<\/script>\r\n<!-- \/ Yoast SEO plugin. -->","yoast_head_json":{"title":"Taxas - Previnorte","robots":{"index":"index","follow":"follow","max-snippet":"max-snippet:-1","max-image-preview":"max-image-preview:large","max-video-preview":"max-video-preview:-1"},"canonical":"https:\/\/previnorte.com.br\/site2\/taxas\/","og_locale":"pt_BR","og_type":"article","og_title":"Taxas - Previnorte","og_description":"Voc\u00ea pode consultar abaixo o hist\u00f3rico de taxas cobradas pela Previnorte sobre os empr\u00e9stimos pessoais. Acessando o Relat\u00f3rio de Juros do Banco Central do Brasil voc\u00ea poder\u00e1 conhecer as taxas m\u00e9dias cobradas pelos bancos e compar\u00e1-las com aquelas aplicadas pela Funda\u00e7\u00e3o. Lembre-se: os juros cobrados pela Previnorte s\u00e3o pagos em favor dos pr\u00f3prios planos de [&hellip;]","og_url":"https:\/\/previnorte.com.br\/site2\/taxas\/","og_site_name":"Previnorte","article_modified_time":"2026-03-27T15:31:31+00:00","twitter_card":"summary_large_image","twitter_misc":{"Est. tempo de leitura":"1 minuto"},"schema":{"@context":"https:\/\/schema.org","@graph":[{"@type":"WebPage","@id":"https:\/\/previnorte.com.br\/site2\/taxas\/","url":"https:\/\/previnorte.com.br\/site2\/taxas\/","name":"Taxas - Previnorte","isPartOf":{"@id":"https:\/\/previnorte.com.br\/site2\/#website"},"datePublished":"2020-12-31T20:53:55+00:00","dateModified":"2026-03-27T15:31:31+00:00","breadcrumb":{"@id":"https:\/\/previnorte.com.br\/site2\/taxas\/#breadcrumb"},"inLanguage":"pt-BR","potentialAction":[{"@type":"ReadAction","target":["https:\/\/previnorte.com.br\/site2\/taxas\/"]}]},{"@type":"BreadcrumbList","@id":"https:\/\/previnorte.com.br\/site2\/taxas\/#breadcrumb","itemListElement":[{"@type":"ListItem","position":1,"name":"In\u00edcio","item":"https:\/\/previnorte.com.br\/site2\/"},{"@type":"ListItem","position":2,"name":"Taxas"}]},{"@type":"WebSite","@id":"https:\/\/previnorte.com.br\/site2\/#website","url":"https:\/\/previnorte.com.br\/site2\/","name":"Previnorte","description":"Uma entidade fechada de previd\u00eancia complementar,  sem fins lucrativos.","potentialAction":[{"@type":"SearchAction","target":{"@type":"EntryPoint","urlTemplate":"https:\/\/previnorte.com.br\/site2\/?s={search_term_string}"},"query-input":{"@type":"PropertyValueSpecification","valueRequired":true,"valueName":"search_term_string"}}],"inLanguage":"pt-BR"}]}},"_links":{"self":[{"href":"https:\/\/previnorte.com.br\/site2\/wp-json\/wp\/v2\/pages\/343","targetHints":{"allow":["GET"]}}],"collection":[{"href":"https:\/\/previnorte.com.br\/site2\/wp-json\/wp\/v2\/pages"}],"about":[{"href":"https:\/\/previnorte.com.br\/site2\/wp-json\/wp\/v2\/types\/page"}],"author":[{"embeddable":true,"href":"https:\/\/previnorte.com.br\/site2\/wp-json\/wp\/v2\/users\/2"}],"replies":[{"embeddable":true,"href":"https:\/\/previnorte.com.br\/site2\/wp-json\/wp\/v2\/comments?post=343"}],"version-history":[{"count":131,"href":"https:\/\/previnorte.com.br\/site2\/wp-json\/wp\/v2\/pages\/343\/revisions"}],"predecessor-version":[{"id":20282,"href":"https:\/\/previnorte.com.br\/site2\/wp-json\/wp\/v2\/pages\/343\/revisions\/20282"}],"wp:attachment":[{"href":"https:\/\/previnorte.com.br\/site2\/wp-json\/wp\/v2\/media?parent=343"}],"curies":[{"name":"wp","href":"https:\/\/api.w.org\/{rel}","templated":true}]}}