{"id":4057,"date":"2022-05-19T11:21:40","date_gmt":"2022-05-19T14:21:40","guid":{"rendered":"https:\/\/previnorte.com.br\/site2\/?page_id=4057"},"modified":"2025-12-26T09:43:11","modified_gmt":"2025-12-26T12:43:11","slug":"solicitar-beneficio","status":"publish","type":"page","link":"https:\/\/previnorte.com.br\/site2\/solicitar-beneficio\/","title":{"rendered":"Solicitar Benef\u00edcio"},"content":{"rendered":"\n<p>Saiba como requerer seu benef\u00edcio, de acordo com a sua situa\u00e7\u00e3o e com as regras de cada plano:<\/p>\n","protected":false},"excerpt":{"rendered":"<p>Saiba como requerer seu benef\u00edcio, de acordo com a sua situa\u00e7\u00e3o e com as regras de cada plano:<\/p>\n","protected":false},"author":1,"featured_media":0,"parent":0,"menu_order":0,"comment_status":"closed","ping_status":"closed","template":"page-faq.php","meta":{"_acf_changed":false,"om_disable_all_campaigns":false,"_monsterinsights_skip_tracking":false,"_monsterinsights_sitenote_active":false,"_monsterinsights_sitenote_note":"","_monsterinsights_sitenote_category":0,"_uf_show_specific_survey":0,"_uf_disable_surveys":false,"footnotes":""},"class_list":["post-4057","page","type-page","status-publish","hentry"],"acf":[],"aioseo_notices":[],"yoast_head":"<!-- This site is optimized with the Yoast SEO plugin v26.2 - https:\/\/yoast.com\/wordpress\/plugins\/seo\/ -->\r\n<title>Solicitar Benef\u00edcio - Previnorte<\/title>\r\n<meta name=\"robots\" content=\"index, follow, max-snippet:-1, max-image-preview:large, max-video-preview:-1\" \/>\r\n<link rel=\"canonical\" href=\"https:\/\/previnorte.com.br\/site2\/solicitar-beneficio\/\" \/>\r\n<meta property=\"og:locale\" content=\"pt_BR\" \/>\r\n<meta property=\"og:type\" content=\"article\" \/>\r\n<meta property=\"og:title\" content=\"Solicitar Benef\u00edcio - Previnorte\" \/>\r\n<meta property=\"og:description\" content=\"Saiba como requerer seu benef\u00edcio, de acordo com a sua situa\u00e7\u00e3o e com as regras de cada plano:\" \/>\r\n<meta property=\"og:url\" content=\"https:\/\/previnorte.com.br\/site2\/solicitar-beneficio\/\" \/>\r\n<meta property=\"og:site_name\" content=\"Previnorte\" \/>\r\n<meta property=\"article:modified_time\" content=\"2025-12-26T12:43:11+00:00\" \/>\r\n<meta name=\"twitter:card\" content=\"summary_large_image\" \/>\r\n<meta name=\"twitter:label1\" content=\"Est. tempo de leitura\" \/>\n\t<meta name=\"twitter:data1\" content=\"1 minuto\" \/>\r\n<script type=\"application\/ld+json\" class=\"yoast-schema-graph\">{\"@context\":\"https:\/\/schema.org\",\"@graph\":[{\"@type\":\"WebPage\",\"@id\":\"https:\/\/previnorte.com.br\/site2\/solicitar-beneficio\/\",\"url\":\"https:\/\/previnorte.com.br\/site2\/solicitar-beneficio\/\",\"name\":\"Solicitar Benef\u00edcio - Previnorte\",\"isPartOf\":{\"@id\":\"https:\/\/previnorte.com.br\/site2\/#website\"},\"datePublished\":\"2022-05-19T14:21:40+00:00\",\"dateModified\":\"2025-12-26T12:43:11+00:00\",\"breadcrumb\":{\"@id\":\"https:\/\/previnorte.com.br\/site2\/solicitar-beneficio\/#breadcrumb\"},\"inLanguage\":\"pt-BR\",\"potentialAction\":[{\"@type\":\"ReadAction\",\"target\":[\"https:\/\/previnorte.com.br\/site2\/solicitar-beneficio\/\"]}]},{\"@type\":\"BreadcrumbList\",\"@id\":\"https:\/\/previnorte.com.br\/site2\/solicitar-beneficio\/#breadcrumb\",\"itemListElement\":[{\"@type\":\"ListItem\",\"position\":1,\"name\":\"In\u00edcio\",\"item\":\"https:\/\/previnorte.com.br\/site2\/\"},{\"@type\":\"ListItem\",\"position\":2,\"name\":\"Solicitar Benef\u00edcio\"}]},{\"@type\":\"WebSite\",\"@id\":\"https:\/\/previnorte.com.br\/site2\/#website\",\"url\":\"https:\/\/previnorte.com.br\/site2\/\",\"name\":\"Previnorte\",\"description\":\"Uma entidade fechada de previd\u00eancia complementar,  sem fins lucrativos.\",\"potentialAction\":[{\"@type\":\"SearchAction\",\"target\":{\"@type\":\"EntryPoint\",\"urlTemplate\":\"https:\/\/previnorte.com.br\/site2\/?s={search_term_string}\"},\"query-input\":{\"@type\":\"PropertyValueSpecification\",\"valueRequired\":true,\"valueName\":\"search_term_string\"}}],\"inLanguage\":\"pt-BR\"}]}<\/script>\r\n<!-- \/ Yoast SEO plugin. -->","yoast_head_json":{"title":"Solicitar Benef\u00edcio - Previnorte","robots":{"index":"index","follow":"follow","max-snippet":"max-snippet:-1","max-image-preview":"max-image-preview:large","max-video-preview":"max-video-preview:-1"},"canonical":"https:\/\/previnorte.com.br\/site2\/solicitar-beneficio\/","og_locale":"pt_BR","og_type":"article","og_title":"Solicitar Benef\u00edcio - Previnorte","og_description":"Saiba como requerer seu benef\u00edcio, de acordo com a sua situa\u00e7\u00e3o e com as regras de cada plano:","og_url":"https:\/\/previnorte.com.br\/site2\/solicitar-beneficio\/","og_site_name":"Previnorte","article_modified_time":"2025-12-26T12:43:11+00:00","twitter_card":"summary_large_image","twitter_misc":{"Est. tempo de leitura":"1 minuto"},"schema":{"@context":"https:\/\/schema.org","@graph":[{"@type":"WebPage","@id":"https:\/\/previnorte.com.br\/site2\/solicitar-beneficio\/","url":"https:\/\/previnorte.com.br\/site2\/solicitar-beneficio\/","name":"Solicitar Benef\u00edcio - Previnorte","isPartOf":{"@id":"https:\/\/previnorte.com.br\/site2\/#website"},"datePublished":"2022-05-19T14:21:40+00:00","dateModified":"2025-12-26T12:43:11+00:00","breadcrumb":{"@id":"https:\/\/previnorte.com.br\/site2\/solicitar-beneficio\/#breadcrumb"},"inLanguage":"pt-BR","potentialAction":[{"@type":"ReadAction","target":["https:\/\/previnorte.com.br\/site2\/solicitar-beneficio\/"]}]},{"@type":"BreadcrumbList","@id":"https:\/\/previnorte.com.br\/site2\/solicitar-beneficio\/#breadcrumb","itemListElement":[{"@type":"ListItem","position":1,"name":"In\u00edcio","item":"https:\/\/previnorte.com.br\/site2\/"},{"@type":"ListItem","position":2,"name":"Solicitar Benef\u00edcio"}]},{"@type":"WebSite","@id":"https:\/\/previnorte.com.br\/site2\/#website","url":"https:\/\/previnorte.com.br\/site2\/","name":"Previnorte","description":"Uma entidade fechada de previd\u00eancia complementar,  sem fins lucrativos.","potentialAction":[{"@type":"SearchAction","target":{"@type":"EntryPoint","urlTemplate":"https:\/\/previnorte.com.br\/site2\/?s={search_term_string}"},"query-input":{"@type":"PropertyValueSpecification","valueRequired":true,"valueName":"search_term_string"}}],"inLanguage":"pt-BR"}]}},"_links":{"self":[{"href":"https:\/\/previnorte.com.br\/site2\/wp-json\/wp\/v2\/pages\/4057","targetHints":{"allow":["GET"]}}],"collection":[{"href":"https:\/\/previnorte.com.br\/site2\/wp-json\/wp\/v2\/pages"}],"about":[{"href":"https:\/\/previnorte.com.br\/site2\/wp-json\/wp\/v2\/types\/page"}],"author":[{"embeddable":true,"href":"https:\/\/previnorte.com.br\/site2\/wp-json\/wp\/v2\/users\/1"}],"replies":[{"embeddable":true,"href":"https:\/\/previnorte.com.br\/site2\/wp-json\/wp\/v2\/comments?post=4057"}],"version-history":[{"count":83,"href":"https:\/\/previnorte.com.br\/site2\/wp-json\/wp\/v2\/pages\/4057\/revisions"}],"predecessor-version":[{"id":17452,"href":"https:\/\/previnorte.com.br\/site2\/wp-json\/wp\/v2\/pages\/4057\/revisions\/17452"}],"wp:attachment":[{"href":"https:\/\/previnorte.com.br\/site2\/wp-json\/wp\/v2\/media?parent=4057"}],"curies":[{"name":"wp","href":"https:\/\/api.w.org\/{rel}","templated":true}]}}