{"id":416,"date":"2021-01-01T00:43:00","date_gmt":"2021-01-01T03:43:00","guid":{"rendered":"http:\/\/benetton\/site_hom\/?page_id=416"},"modified":"2025-12-23T11:44:50","modified_gmt":"2025-12-23T14:44:50","slug":"procedimento-para-solicitacao-de-informacao","status":"publish","type":"page","link":"https:\/\/previnorte.com.br\/site2\/procedimento-para-solicitacao-de-informacao\/","title":{"rendered":"Procedimento para solicita\u00e7\u00e3o de informa\u00e7\u00f5es"},"content":{"rendered":"\n<p>Al\u00e9m das informa\u00e7\u00f5es dispon\u00edveis no nosso site e dos servi\u00e7os oferecidos no nosso autoatendimento, a Previnorte possui uma equipe de relacionamento\u00a0que est\u00e1 pronta para atender \u00e0s diversas demandas dos participantes ativos, aposentados e pensionistas.<\/p>\n\n\n\n<p>Voc\u00ea pode acessar nossa equipe de especialistas pelos seguintes canais:<\/p>\n\n\n\n<p><strong>E-mail<\/strong>:<br><a href=\"relacionamento@previnorte.com.br\">relacionamento@previnorte.com.br<\/a><\/p>\n\n\n\n<p><strong>Telefone \/ Whatsapp: <\/strong><br>0800 941 8966<\/p>\n\n\n\n<figure class=\"wp-block-table\"><table><tbody><tr><td><strong>Atendimento Presencial Bras\u00edlia\/DF<br><\/strong>Das 8h30 \u00e0s 17h30, em dias \u00fateis.<\/td><td><strong>Atendimento Presencial Manaus\/AM<br><\/strong>Das 8h \u00e0s 12h, em dias \u00fateis.<\/td><\/tr><tr><td>SCN Quadra 01 Bloco &#8220;C&#8221; 8\u00ba andar <br>Edificio Bras\u00edlia Trade Center &#8211; Asa Norte<br>Cep: 70.711-902   Bras\u00edlia\/DF<\/td><td>Av. Djalma Batista, n\u00ba 4.400 &#8211; Flores<br>(ap\u00f3s o Carrefour de Flores, ao lado do posto Shell) <br>Manaus\/AM <\/td><\/tr><\/tbody><\/table><\/figure>\n\n\n\n<p>Casos de reconsidera\u00e7\u00e3o poder\u00e3o ser enviados aos mesmos canais para avalia\u00e7\u00e3o, se necess\u00e1rio, pela Diretoria Executiva. Alertamos que, nos termos da Resolu\u00e7\u00e3o CNPC n\u00ba 32\/2019, o participante poder\u00e1, em caso de negativa de acesso \u00e0 informa\u00e7\u00e3o pela entidade, apresentar demanda \u00e0 Superintend\u00eancia Nacional de Previd\u00eancia Complementar &#8211; Previc, caso julgue necess\u00e1rio.<\/p>\n\n\n\n<p>A Previc \u00e9 uma autarquia de natureza especial, dotada de autonomia administrativa e financeira e patrim\u00f4nio pr\u00f3prio, vinculada ao Minist\u00e9rio da Previd\u00eancia Social, com sede e foro no Distrito Federal, tendo atua\u00e7\u00e3o em todo o territ\u00f3rio nacional como entidade de fiscaliza\u00e7\u00e3o e supervis\u00e3o das atividades das entidades fechadas de previd\u00eancia complementar e de execu\u00e7\u00e3o das pol\u00edticas para o regime de previd\u00eancia complementar operado pelas referidas entidades.<\/p>\n\n\n\n<p><strong>Site Previc<br><\/strong><a href=\"https:\/\/www.gov.br\/previc\/pt-br\">www.previc.gov.br<\/a><\/p>\n\n\n\n<p><strong>Endere\u00e7o e Telefone Previc<\/strong><br>As den\u00fancias contra as atividades das EFPC ou da Previc, devem ser formalizadas e enviadas, devidamente identificadas e assinadas, via Correios, com Aviso de Recebimento (AR) para o endere\u00e7o da Previc: <\/p>\n\n\n\n<p>Ed. Ven\u00e2ncio 3000 &#8211; Asa Norte SCN Quadra 06 &#8211; Conjunto A, 7\u00ba andar \u2013 Diretoria de Fiscaliza\u00e7\u00e3o, Bras\u00edlia\/DF, CEP 70.716-900<br>Telefone: (61) 2021- 2000<\/p>\n\n\n\n<p><\/p>\n","protected":false},"excerpt":{"rendered":"<p>Al\u00e9m das informa\u00e7\u00f5es dispon\u00edveis no nosso site e dos servi\u00e7os oferecidos no nosso autoatendimento, a Previnorte possui uma equipe de relacionamento\u00a0que est\u00e1 pronta para atender \u00e0s diversas demandas dos participantes ativos, aposentados e pensionistas. Voc\u00ea pode acessar nossa equipe de especialistas pelos seguintes canais: E-mail:relacionamento@previnorte.com.br Telefone \/ Whatsapp: 0800 941 8966 Atendimento Presencial Bras\u00edlia\/DFDas 8h30 [&hellip;]<\/p>\n","protected":false},"author":1,"featured_media":0,"parent":0,"menu_order":0,"comment_status":"closed","ping_status":"closed","template":"","meta":{"_acf_changed":false,"om_disable_all_campaigns":false,"_monsterinsights_skip_tracking":false,"_monsterinsights_sitenote_active":false,"_monsterinsights_sitenote_note":"","_monsterinsights_sitenote_category":0,"_uf_show_specific_survey":0,"_uf_disable_surveys":false,"footnotes":""},"class_list":["post-416","page","type-page","status-publish","hentry"],"acf":[],"aioseo_notices":[],"yoast_head":"<!-- This site is optimized with the Yoast SEO plugin v26.2 - https:\/\/yoast.com\/wordpress\/plugins\/seo\/ -->\r\n<title>Procedimento para solicita\u00e7\u00e3o de informa\u00e7\u00f5es - Previnorte<\/title>\r\n<meta name=\"robots\" content=\"index, follow, max-snippet:-1, max-image-preview:large, max-video-preview:-1\" \/>\r\n<link rel=\"canonical\" href=\"https:\/\/previnorte.com.br\/site2\/procedimento-para-solicitacao-de-informacao\/\" \/>\r\n<meta property=\"og:locale\" content=\"pt_BR\" \/>\r\n<meta property=\"og:type\" content=\"article\" \/>\r\n<meta property=\"og:title\" content=\"Procedimento para solicita\u00e7\u00e3o de informa\u00e7\u00f5es - Previnorte\" \/>\r\n<meta property=\"og:description\" content=\"Al\u00e9m das informa\u00e7\u00f5es dispon\u00edveis no nosso site e dos servi\u00e7os oferecidos no nosso autoatendimento, a Previnorte possui uma equipe de relacionamento\u00a0que est\u00e1 pronta para atender \u00e0s diversas demandas dos participantes ativos, aposentados e pensionistas. Voc\u00ea pode acessar nossa equipe de especialistas pelos seguintes canais: E-mail:relacionamento@previnorte.com.br Telefone \/ Whatsapp: 0800 941 8966 Atendimento Presencial Bras\u00edlia\/DFDas 8h30 [&hellip;]\" \/>\r\n<meta property=\"og:url\" content=\"https:\/\/previnorte.com.br\/site2\/procedimento-para-solicitacao-de-informacao\/\" \/>\r\n<meta property=\"og:site_name\" content=\"Previnorte\" \/>\r\n<meta property=\"article:modified_time\" content=\"2025-12-23T14:44:50+00:00\" \/>\r\n<meta name=\"twitter:card\" content=\"summary_large_image\" \/>\r\n<meta name=\"twitter:label1\" content=\"Est. tempo de leitura\" \/>\n\t<meta name=\"twitter:data1\" content=\"2 minutos\" \/>\r\n<script type=\"application\/ld+json\" class=\"yoast-schema-graph\">{\"@context\":\"https:\/\/schema.org\",\"@graph\":[{\"@type\":\"WebPage\",\"@id\":\"https:\/\/previnorte.com.br\/site2\/procedimento-para-solicitacao-de-informacao\/\",\"url\":\"https:\/\/previnorte.com.br\/site2\/procedimento-para-solicitacao-de-informacao\/\",\"name\":\"Procedimento para solicita\u00e7\u00e3o de informa\u00e7\u00f5es - Previnorte\",\"isPartOf\":{\"@id\":\"https:\/\/previnorte.com.br\/site2\/#website\"},\"datePublished\":\"2021-01-01T03:43:00+00:00\",\"dateModified\":\"2025-12-23T14:44:50+00:00\",\"breadcrumb\":{\"@id\":\"https:\/\/previnorte.com.br\/site2\/procedimento-para-solicitacao-de-informacao\/#breadcrumb\"},\"inLanguage\":\"pt-BR\",\"potentialAction\":[{\"@type\":\"ReadAction\",\"target\":[\"https:\/\/previnorte.com.br\/site2\/procedimento-para-solicitacao-de-informacao\/\"]}]},{\"@type\":\"BreadcrumbList\",\"@id\":\"https:\/\/previnorte.com.br\/site2\/procedimento-para-solicitacao-de-informacao\/#breadcrumb\",\"itemListElement\":[{\"@type\":\"ListItem\",\"position\":1,\"name\":\"In\u00edcio\",\"item\":\"https:\/\/previnorte.com.br\/site2\/\"},{\"@type\":\"ListItem\",\"position\":2,\"name\":\"Procedimento para solicita\u00e7\u00e3o de informa\u00e7\u00f5es\"}]},{\"@type\":\"WebSite\",\"@id\":\"https:\/\/previnorte.com.br\/site2\/#website\",\"url\":\"https:\/\/previnorte.com.br\/site2\/\",\"name\":\"Previnorte\",\"description\":\"Uma entidade fechada de previd\u00eancia complementar,  sem fins lucrativos.\",\"potentialAction\":[{\"@type\":\"SearchAction\",\"target\":{\"@type\":\"EntryPoint\",\"urlTemplate\":\"https:\/\/previnorte.com.br\/site2\/?s={search_term_string}\"},\"query-input\":{\"@type\":\"PropertyValueSpecification\",\"valueRequired\":true,\"valueName\":\"search_term_string\"}}],\"inLanguage\":\"pt-BR\"}]}<\/script>\r\n<!-- \/ Yoast SEO plugin. -->","yoast_head_json":{"title":"Procedimento para solicita\u00e7\u00e3o de informa\u00e7\u00f5es - Previnorte","robots":{"index":"index","follow":"follow","max-snippet":"max-snippet:-1","max-image-preview":"max-image-preview:large","max-video-preview":"max-video-preview:-1"},"canonical":"https:\/\/previnorte.com.br\/site2\/procedimento-para-solicitacao-de-informacao\/","og_locale":"pt_BR","og_type":"article","og_title":"Procedimento para solicita\u00e7\u00e3o de informa\u00e7\u00f5es - Previnorte","og_description":"Al\u00e9m das informa\u00e7\u00f5es dispon\u00edveis no nosso site e dos servi\u00e7os oferecidos no nosso autoatendimento, a Previnorte possui uma equipe de relacionamento\u00a0que est\u00e1 pronta para atender \u00e0s diversas demandas dos participantes ativos, aposentados e pensionistas. Voc\u00ea pode acessar nossa equipe de especialistas pelos seguintes canais: E-mail:relacionamento@previnorte.com.br Telefone \/ Whatsapp: 0800 941 8966 Atendimento Presencial Bras\u00edlia\/DFDas 8h30 [&hellip;]","og_url":"https:\/\/previnorte.com.br\/site2\/procedimento-para-solicitacao-de-informacao\/","og_site_name":"Previnorte","article_modified_time":"2025-12-23T14:44:50+00:00","twitter_card":"summary_large_image","twitter_misc":{"Est. tempo de leitura":"2 minutos"},"schema":{"@context":"https:\/\/schema.org","@graph":[{"@type":"WebPage","@id":"https:\/\/previnorte.com.br\/site2\/procedimento-para-solicitacao-de-informacao\/","url":"https:\/\/previnorte.com.br\/site2\/procedimento-para-solicitacao-de-informacao\/","name":"Procedimento para solicita\u00e7\u00e3o de informa\u00e7\u00f5es - Previnorte","isPartOf":{"@id":"https:\/\/previnorte.com.br\/site2\/#website"},"datePublished":"2021-01-01T03:43:00+00:00","dateModified":"2025-12-23T14:44:50+00:00","breadcrumb":{"@id":"https:\/\/previnorte.com.br\/site2\/procedimento-para-solicitacao-de-informacao\/#breadcrumb"},"inLanguage":"pt-BR","potentialAction":[{"@type":"ReadAction","target":["https:\/\/previnorte.com.br\/site2\/procedimento-para-solicitacao-de-informacao\/"]}]},{"@type":"BreadcrumbList","@id":"https:\/\/previnorte.com.br\/site2\/procedimento-para-solicitacao-de-informacao\/#breadcrumb","itemListElement":[{"@type":"ListItem","position":1,"name":"In\u00edcio","item":"https:\/\/previnorte.com.br\/site2\/"},{"@type":"ListItem","position":2,"name":"Procedimento para solicita\u00e7\u00e3o de informa\u00e7\u00f5es"}]},{"@type":"WebSite","@id":"https:\/\/previnorte.com.br\/site2\/#website","url":"https:\/\/previnorte.com.br\/site2\/","name":"Previnorte","description":"Uma entidade fechada de previd\u00eancia complementar,  sem fins lucrativos.","potentialAction":[{"@type":"SearchAction","target":{"@type":"EntryPoint","urlTemplate":"https:\/\/previnorte.com.br\/site2\/?s={search_term_string}"},"query-input":{"@type":"PropertyValueSpecification","valueRequired":true,"valueName":"search_term_string"}}],"inLanguage":"pt-BR"}]}},"_links":{"self":[{"href":"https:\/\/previnorte.com.br\/site2\/wp-json\/wp\/v2\/pages\/416","targetHints":{"allow":["GET"]}}],"collection":[{"href":"https:\/\/previnorte.com.br\/site2\/wp-json\/wp\/v2\/pages"}],"about":[{"href":"https:\/\/previnorte.com.br\/site2\/wp-json\/wp\/v2\/types\/page"}],"author":[{"embeddable":true,"href":"https:\/\/previnorte.com.br\/site2\/wp-json\/wp\/v2\/users\/1"}],"replies":[{"embeddable":true,"href":"https:\/\/previnorte.com.br\/site2\/wp-json\/wp\/v2\/comments?post=416"}],"version-history":[{"count":20,"href":"https:\/\/previnorte.com.br\/site2\/wp-json\/wp\/v2\/pages\/416\/revisions"}],"predecessor-version":[{"id":19287,"href":"https:\/\/previnorte.com.br\/site2\/wp-json\/wp\/v2\/pages\/416\/revisions\/19287"}],"wp:attachment":[{"href":"https:\/\/previnorte.com.br\/site2\/wp-json\/wp\/v2\/media?parent=416"}],"curies":[{"name":"wp","href":"https:\/\/api.w.org\/{rel}","templated":true}]}}