{"id":43,"date":"2020-12-30T11:14:08","date_gmt":"2020-12-30T14:14:08","guid":{"rendered":"http:\/\/previnorte.local\/?page_id=43"},"modified":"2025-12-26T09:55:26","modified_gmt":"2025-12-26T12:55:26","slug":"lgpd","status":"publish","type":"page","link":"https:\/\/previnorte.com.br\/site2\/lgpd\/","title":{"rendered":"LGPD"},"content":{"rendered":"\n<p>A Lei Geral de Prote\u00e7\u00e3o de Dados Pessoais (LGPD), Lei n.\u00ba 13.709\/2018, disp\u00f5e sobre o tratamento de dados pessoais, inclusive nos meios digitais, e para tanto define conceitos, princ\u00edpios e&nbsp;par\u00e2metros com rela\u00e7\u00e3o ao tratamento de dados e informa\u00e7\u00f5es de pessoas naturais.<\/p>\n\n\n\n<p><strong>A Previnorte ajustou seus processos para o integral cumprimento dessa legisla\u00e7\u00e3o<\/strong> e para conhecer como realizamos o tratamento de dados, acesse o\u00a0Aviso de Privacidade,\u00a0que esclarece de forma simples todas as informa\u00e7\u00f5es relacionadas aos dados pessoais de nossos participantes.<\/p>\n\n\n\n<p>A Previnorte \u00e9 <strong>comprometida com a transpar\u00eancia e seriedade no trato dos dados de todos os participantes<\/strong> e em cumprimento \u00e0 LGPD, disp\u00f5e em seu quadro da figura do \u201cData Protection Officer\u201d (DPO).\u00a0DPO ou Encarregado de Dados \u00e9 um canal de comunica\u00e7\u00e3o entre a Previnorte (controlador), os titulares de dados (participantes e benefici\u00e1rios, empregados e outros) e a Autoridade Nacional de Prote\u00e7\u00e3o de Dados\u00a0(ANPD).<\/p>\n\n\n\n<p><strong>Fale com o DPO&nbsp;(Roberto Jorge Pereira da Silva)&nbsp;pelo e-mail :<\/strong><\/p>\n\n\n\n<p><a href=\"mailto:dpo@previnorte.com.br\"><strong>dpo@previnorte.com.br<\/strong><\/a><\/p>\n\n\n\n<p><\/p>\n","protected":false},"excerpt":{"rendered":"<p>A Lei Geral de Prote\u00e7\u00e3o de Dados Pessoais (LGPD), Lei n.\u00ba 13.709\/2018, disp\u00f5e sobre o tratamento de dados pessoais, inclusive nos meios digitais, e para tanto define conceitos, princ\u00edpios e&nbsp;par\u00e2metros com rela\u00e7\u00e3o ao tratamento de dados e informa\u00e7\u00f5es de pessoas naturais. A Previnorte ajustou seus processos para o integral cumprimento dessa legisla\u00e7\u00e3o e para conhecer [&hellip;]<\/p>\n","protected":false},"author":2,"featured_media":0,"parent":0,"menu_order":0,"comment_status":"closed","ping_status":"closed","template":"page-lgpd.php","meta":{"_acf_changed":false,"om_disable_all_campaigns":false,"_monsterinsights_skip_tracking":false,"_monsterinsights_sitenote_active":false,"_monsterinsights_sitenote_note":"","_monsterinsights_sitenote_category":0,"_uf_show_specific_survey":0,"_uf_disable_surveys":false,"footnotes":""},"class_list":["post-43","page","type-page","status-publish","hentry"],"acf":[],"aioseo_notices":[],"yoast_head":"<!-- This site is optimized with the Yoast SEO plugin v26.2 - https:\/\/yoast.com\/wordpress\/plugins\/seo\/ -->\r\n<title>LGPD - Previnorte<\/title>\r\n<meta name=\"robots\" content=\"index, follow, max-snippet:-1, max-image-preview:large, max-video-preview:-1\" \/>\r\n<link rel=\"canonical\" href=\"https:\/\/previnorte.com.br\/site2\/lgpd\/\" \/>\r\n<meta property=\"og:locale\" content=\"pt_BR\" \/>\r\n<meta property=\"og:type\" content=\"article\" \/>\r\n<meta property=\"og:title\" content=\"LGPD - Previnorte\" \/>\r\n<meta property=\"og:description\" content=\"A Lei Geral de Prote\u00e7\u00e3o de Dados Pessoais (LGPD), Lei n.\u00ba 13.709\/2018, disp\u00f5e sobre o tratamento de dados pessoais, inclusive nos meios digitais, e para tanto define conceitos, princ\u00edpios e&nbsp;par\u00e2metros com rela\u00e7\u00e3o ao tratamento de dados e informa\u00e7\u00f5es de pessoas naturais. A Previnorte ajustou seus processos para o integral cumprimento dessa legisla\u00e7\u00e3o e para conhecer [&hellip;]\" \/>\r\n<meta property=\"og:url\" content=\"https:\/\/previnorte.com.br\/site2\/lgpd\/\" \/>\r\n<meta property=\"og:site_name\" content=\"Previnorte\" \/>\r\n<meta property=\"article:modified_time\" content=\"2025-12-26T12:55:26+00:00\" \/>\r\n<meta name=\"twitter:card\" content=\"summary_large_image\" \/>\r\n<meta name=\"twitter:label1\" content=\"Est. tempo de leitura\" \/>\n\t<meta name=\"twitter:data1\" content=\"2 minutos\" \/>\r\n<script type=\"application\/ld+json\" class=\"yoast-schema-graph\">{\"@context\":\"https:\/\/schema.org\",\"@graph\":[{\"@type\":\"WebPage\",\"@id\":\"https:\/\/previnorte.com.br\/site2\/lgpd\/\",\"url\":\"https:\/\/previnorte.com.br\/site2\/lgpd\/\",\"name\":\"LGPD - Previnorte\",\"isPartOf\":{\"@id\":\"https:\/\/previnorte.com.br\/site2\/#website\"},\"datePublished\":\"2020-12-30T14:14:08+00:00\",\"dateModified\":\"2025-12-26T12:55:26+00:00\",\"breadcrumb\":{\"@id\":\"https:\/\/previnorte.com.br\/site2\/lgpd\/#breadcrumb\"},\"inLanguage\":\"pt-BR\",\"potentialAction\":[{\"@type\":\"ReadAction\",\"target\":[\"https:\/\/previnorte.com.br\/site2\/lgpd\/\"]}]},{\"@type\":\"BreadcrumbList\",\"@id\":\"https:\/\/previnorte.com.br\/site2\/lgpd\/#breadcrumb\",\"itemListElement\":[{\"@type\":\"ListItem\",\"position\":1,\"name\":\"In\u00edcio\",\"item\":\"https:\/\/previnorte.com.br\/site2\/\"},{\"@type\":\"ListItem\",\"position\":2,\"name\":\"LGPD\"}]},{\"@type\":\"WebSite\",\"@id\":\"https:\/\/previnorte.com.br\/site2\/#website\",\"url\":\"https:\/\/previnorte.com.br\/site2\/\",\"name\":\"Previnorte\",\"description\":\"Uma entidade fechada de previd\u00eancia complementar,  sem fins lucrativos.\",\"potentialAction\":[{\"@type\":\"SearchAction\",\"target\":{\"@type\":\"EntryPoint\",\"urlTemplate\":\"https:\/\/previnorte.com.br\/site2\/?s={search_term_string}\"},\"query-input\":{\"@type\":\"PropertyValueSpecification\",\"valueRequired\":true,\"valueName\":\"search_term_string\"}}],\"inLanguage\":\"pt-BR\"}]}<\/script>\r\n<!-- \/ Yoast SEO plugin. -->","yoast_head_json":{"title":"LGPD - Previnorte","robots":{"index":"index","follow":"follow","max-snippet":"max-snippet:-1","max-image-preview":"max-image-preview:large","max-video-preview":"max-video-preview:-1"},"canonical":"https:\/\/previnorte.com.br\/site2\/lgpd\/","og_locale":"pt_BR","og_type":"article","og_title":"LGPD - Previnorte","og_description":"A Lei Geral de Prote\u00e7\u00e3o de Dados Pessoais (LGPD), Lei n.\u00ba 13.709\/2018, disp\u00f5e sobre o tratamento de dados pessoais, inclusive nos meios digitais, e para tanto define conceitos, princ\u00edpios e&nbsp;par\u00e2metros com rela\u00e7\u00e3o ao tratamento de dados e informa\u00e7\u00f5es de pessoas naturais. A Previnorte ajustou seus processos para o integral cumprimento dessa legisla\u00e7\u00e3o e para conhecer [&hellip;]","og_url":"https:\/\/previnorte.com.br\/site2\/lgpd\/","og_site_name":"Previnorte","article_modified_time":"2025-12-26T12:55:26+00:00","twitter_card":"summary_large_image","twitter_misc":{"Est. tempo de leitura":"2 minutos"},"schema":{"@context":"https:\/\/schema.org","@graph":[{"@type":"WebPage","@id":"https:\/\/previnorte.com.br\/site2\/lgpd\/","url":"https:\/\/previnorte.com.br\/site2\/lgpd\/","name":"LGPD - Previnorte","isPartOf":{"@id":"https:\/\/previnorte.com.br\/site2\/#website"},"datePublished":"2020-12-30T14:14:08+00:00","dateModified":"2025-12-26T12:55:26+00:00","breadcrumb":{"@id":"https:\/\/previnorte.com.br\/site2\/lgpd\/#breadcrumb"},"inLanguage":"pt-BR","potentialAction":[{"@type":"ReadAction","target":["https:\/\/previnorte.com.br\/site2\/lgpd\/"]}]},{"@type":"BreadcrumbList","@id":"https:\/\/previnorte.com.br\/site2\/lgpd\/#breadcrumb","itemListElement":[{"@type":"ListItem","position":1,"name":"In\u00edcio","item":"https:\/\/previnorte.com.br\/site2\/"},{"@type":"ListItem","position":2,"name":"LGPD"}]},{"@type":"WebSite","@id":"https:\/\/previnorte.com.br\/site2\/#website","url":"https:\/\/previnorte.com.br\/site2\/","name":"Previnorte","description":"Uma entidade fechada de previd\u00eancia complementar,  sem fins lucrativos.","potentialAction":[{"@type":"SearchAction","target":{"@type":"EntryPoint","urlTemplate":"https:\/\/previnorte.com.br\/site2\/?s={search_term_string}"},"query-input":{"@type":"PropertyValueSpecification","valueRequired":true,"valueName":"search_term_string"}}],"inLanguage":"pt-BR"}]}},"_links":{"self":[{"href":"https:\/\/previnorte.com.br\/site2\/wp-json\/wp\/v2\/pages\/43","targetHints":{"allow":["GET"]}}],"collection":[{"href":"https:\/\/previnorte.com.br\/site2\/wp-json\/wp\/v2\/pages"}],"about":[{"href":"https:\/\/previnorte.com.br\/site2\/wp-json\/wp\/v2\/types\/page"}],"author":[{"embeddable":true,"href":"https:\/\/previnorte.com.br\/site2\/wp-json\/wp\/v2\/users\/2"}],"replies":[{"embeddable":true,"href":"https:\/\/previnorte.com.br\/site2\/wp-json\/wp\/v2\/comments?post=43"}],"version-history":[{"count":33,"href":"https:\/\/previnorte.com.br\/site2\/wp-json\/wp\/v2\/pages\/43\/revisions"}],"predecessor-version":[{"id":19415,"href":"https:\/\/previnorte.com.br\/site2\/wp-json\/wp\/v2\/pages\/43\/revisions\/19415"}],"wp:attachment":[{"href":"https:\/\/previnorte.com.br\/site2\/wp-json\/wp\/v2\/media?parent=43"}],"curies":[{"name":"wp","href":"https:\/\/api.w.org\/{rel}","templated":true}]}}