{"id":5361,"date":"2022-10-10T16:43:42","date_gmt":"2022-10-10T19:43:42","guid":{"rendered":"https:\/\/previnorte.com.br\/site2\/?page_id=5361"},"modified":"2026-03-16T11:24:45","modified_gmt":"2026-03-16T14:24:45","slug":"regimentos-da-previnorte","status":"publish","type":"page","link":"https:\/\/previnorte.com.br\/site2\/programa-de-integridade\/regimentos-da-previnorte\/","title":{"rendered":"Regimentos Internos"},"content":{"rendered":"\n<p>Conhe\u00e7a os Regimentos Internos dos \u00f3rg\u00e3os estatut\u00e1rios e dos colegiados de assessoramento da Previnorte.<\/p>\n","protected":false},"excerpt":{"rendered":"<p>Conhe\u00e7a os Regimentos Internos dos \u00f3rg\u00e3os estatut\u00e1rios e dos colegiados de assessoramento da Previnorte.<\/p>\n","protected":false},"author":6,"featured_media":5381,"parent":37,"menu_order":0,"comment_status":"closed","ping_status":"closed","template":"page-integrity.php","meta":{"_acf_changed":false,"om_disable_all_campaigns":false,"_monsterinsights_skip_tracking":false,"_monsterinsights_sitenote_active":false,"_monsterinsights_sitenote_note":"","_monsterinsights_sitenote_category":0,"_uf_show_specific_survey":0,"_uf_disable_surveys":false,"footnotes":""},"class_list":["post-5361","page","type-page","status-publish","has-post-thumbnail","hentry"],"acf":[],"aioseo_notices":[],"yoast_head":"<!-- This site is optimized with the Yoast SEO plugin v26.2 - https:\/\/yoast.com\/wordpress\/plugins\/seo\/ -->\r\n<title>Regimentos Internos - Previnorte<\/title>\r\n<meta name=\"robots\" content=\"index, follow, max-snippet:-1, max-image-preview:large, max-video-preview:-1\" \/>\r\n<link rel=\"canonical\" href=\"https:\/\/previnorte.com.br\/site2\/programa-de-integridade\/regimentos-da-previnorte\/\" \/>\r\n<meta property=\"og:locale\" content=\"pt_BR\" \/>\r\n<meta property=\"og:type\" content=\"article\" \/>\r\n<meta property=\"og:title\" content=\"Regimentos Internos - Previnorte\" \/>\r\n<meta property=\"og:description\" content=\"Conhe\u00e7a os Regimentos Internos dos \u00f3rg\u00e3os estatut\u00e1rios e dos colegiados de assessoramento da Previnorte.\" \/>\r\n<meta property=\"og:url\" content=\"https:\/\/previnorte.com.br\/site2\/programa-de-integridade\/regimentos-da-previnorte\/\" \/>\r\n<meta property=\"og:site_name\" content=\"Previnorte\" \/>\r\n<meta property=\"article:modified_time\" content=\"2026-03-16T14:24:45+00:00\" \/>\r\n<meta property=\"og:image\" content=\"https:\/\/previnorte.com.br\/site2\/wp-content\/uploads\/2022\/10\/regimento-interno-1110x640-2.png\" \/>\r\n\t<meta property=\"og:image:width\" content=\"1110\" \/>\r\n\t<meta property=\"og:image:height\" content=\"640\" \/>\r\n\t<meta property=\"og:image:type\" content=\"image\/png\" \/>\r\n<meta name=\"twitter:card\" content=\"summary_large_image\" \/>\r\n<meta name=\"twitter:label1\" content=\"Est. tempo de leitura\" \/>\n\t<meta name=\"twitter:data1\" content=\"1 minuto\" \/>\r\n<script type=\"application\/ld+json\" class=\"yoast-schema-graph\">{\"@context\":\"https:\/\/schema.org\",\"@graph\":[{\"@type\":\"WebPage\",\"@id\":\"https:\/\/previnorte.com.br\/site2\/programa-de-integridade\/regimentos-da-previnorte\/\",\"url\":\"https:\/\/previnorte.com.br\/site2\/programa-de-integridade\/regimentos-da-previnorte\/\",\"name\":\"Regimentos Internos - Previnorte\",\"isPartOf\":{\"@id\":\"https:\/\/previnorte.com.br\/site2\/#website\"},\"primaryImageOfPage\":{\"@id\":\"https:\/\/previnorte.com.br\/site2\/programa-de-integridade\/regimentos-da-previnorte\/#primaryimage\"},\"image\":{\"@id\":\"https:\/\/previnorte.com.br\/site2\/programa-de-integridade\/regimentos-da-previnorte\/#primaryimage\"},\"thumbnailUrl\":\"https:\/\/previnorte.com.br\/site2\/wp-content\/uploads\/2022\/10\/regimento-interno-1110x640-2.png\",\"datePublished\":\"2022-10-10T19:43:42+00:00\",\"dateModified\":\"2026-03-16T14:24:45+00:00\",\"breadcrumb\":{\"@id\":\"https:\/\/previnorte.com.br\/site2\/programa-de-integridade\/regimentos-da-previnorte\/#breadcrumb\"},\"inLanguage\":\"pt-BR\",\"potentialAction\":[{\"@type\":\"ReadAction\",\"target\":[\"https:\/\/previnorte.com.br\/site2\/programa-de-integridade\/regimentos-da-previnorte\/\"]}]},{\"@type\":\"ImageObject\",\"inLanguage\":\"pt-BR\",\"@id\":\"https:\/\/previnorte.com.br\/site2\/programa-de-integridade\/regimentos-da-previnorte\/#primaryimage\",\"url\":\"https:\/\/previnorte.com.br\/site2\/wp-content\/uploads\/2022\/10\/regimento-interno-1110x640-2.png\",\"contentUrl\":\"https:\/\/previnorte.com.br\/site2\/wp-content\/uploads\/2022\/10\/regimento-interno-1110x640-2.png\",\"width\":1110,\"height\":640},{\"@type\":\"BreadcrumbList\",\"@id\":\"https:\/\/previnorte.com.br\/site2\/programa-de-integridade\/regimentos-da-previnorte\/#breadcrumb\",\"itemListElement\":[{\"@type\":\"ListItem\",\"position\":1,\"name\":\"In\u00edcio\",\"item\":\"https:\/\/previnorte.com.br\/site2\/\"},{\"@type\":\"ListItem\",\"position\":2,\"name\":\"Programa de Integridade\",\"item\":\"https:\/\/previnorte.com.br\/site2\/programa-de-integridade\/\"},{\"@type\":\"ListItem\",\"position\":3,\"name\":\"Regimentos Internos\"}]},{\"@type\":\"WebSite\",\"@id\":\"https:\/\/previnorte.com.br\/site2\/#website\",\"url\":\"https:\/\/previnorte.com.br\/site2\/\",\"name\":\"Previnorte\",\"description\":\"Uma entidade fechada de previd\u00eancia complementar,  sem fins lucrativos.\",\"potentialAction\":[{\"@type\":\"SearchAction\",\"target\":{\"@type\":\"EntryPoint\",\"urlTemplate\":\"https:\/\/previnorte.com.br\/site2\/?s={search_term_string}\"},\"query-input\":{\"@type\":\"PropertyValueSpecification\",\"valueRequired\":true,\"valueName\":\"search_term_string\"}}],\"inLanguage\":\"pt-BR\"}]}<\/script>\r\n<!-- \/ Yoast SEO plugin. -->","yoast_head_json":{"title":"Regimentos Internos - Previnorte","robots":{"index":"index","follow":"follow","max-snippet":"max-snippet:-1","max-image-preview":"max-image-preview:large","max-video-preview":"max-video-preview:-1"},"canonical":"https:\/\/previnorte.com.br\/site2\/programa-de-integridade\/regimentos-da-previnorte\/","og_locale":"pt_BR","og_type":"article","og_title":"Regimentos Internos - Previnorte","og_description":"Conhe\u00e7a os Regimentos Internos dos \u00f3rg\u00e3os estatut\u00e1rios e dos colegiados de assessoramento da Previnorte.","og_url":"https:\/\/previnorte.com.br\/site2\/programa-de-integridade\/regimentos-da-previnorte\/","og_site_name":"Previnorte","article_modified_time":"2026-03-16T14:24:45+00:00","og_image":[{"width":1110,"height":640,"url":"https:\/\/previnorte.com.br\/site2\/wp-content\/uploads\/2022\/10\/regimento-interno-1110x640-2.png","type":"image\/png"}],"twitter_card":"summary_large_image","twitter_misc":{"Est. tempo de leitura":"1 minuto"},"schema":{"@context":"https:\/\/schema.org","@graph":[{"@type":"WebPage","@id":"https:\/\/previnorte.com.br\/site2\/programa-de-integridade\/regimentos-da-previnorte\/","url":"https:\/\/previnorte.com.br\/site2\/programa-de-integridade\/regimentos-da-previnorte\/","name":"Regimentos Internos - Previnorte","isPartOf":{"@id":"https:\/\/previnorte.com.br\/site2\/#website"},"primaryImageOfPage":{"@id":"https:\/\/previnorte.com.br\/site2\/programa-de-integridade\/regimentos-da-previnorte\/#primaryimage"},"image":{"@id":"https:\/\/previnorte.com.br\/site2\/programa-de-integridade\/regimentos-da-previnorte\/#primaryimage"},"thumbnailUrl":"https:\/\/previnorte.com.br\/site2\/wp-content\/uploads\/2022\/10\/regimento-interno-1110x640-2.png","datePublished":"2022-10-10T19:43:42+00:00","dateModified":"2026-03-16T14:24:45+00:00","breadcrumb":{"@id":"https:\/\/previnorte.com.br\/site2\/programa-de-integridade\/regimentos-da-previnorte\/#breadcrumb"},"inLanguage":"pt-BR","potentialAction":[{"@type":"ReadAction","target":["https:\/\/previnorte.com.br\/site2\/programa-de-integridade\/regimentos-da-previnorte\/"]}]},{"@type":"ImageObject","inLanguage":"pt-BR","@id":"https:\/\/previnorte.com.br\/site2\/programa-de-integridade\/regimentos-da-previnorte\/#primaryimage","url":"https:\/\/previnorte.com.br\/site2\/wp-content\/uploads\/2022\/10\/regimento-interno-1110x640-2.png","contentUrl":"https:\/\/previnorte.com.br\/site2\/wp-content\/uploads\/2022\/10\/regimento-interno-1110x640-2.png","width":1110,"height":640},{"@type":"BreadcrumbList","@id":"https:\/\/previnorte.com.br\/site2\/programa-de-integridade\/regimentos-da-previnorte\/#breadcrumb","itemListElement":[{"@type":"ListItem","position":1,"name":"In\u00edcio","item":"https:\/\/previnorte.com.br\/site2\/"},{"@type":"ListItem","position":2,"name":"Programa de Integridade","item":"https:\/\/previnorte.com.br\/site2\/programa-de-integridade\/"},{"@type":"ListItem","position":3,"name":"Regimentos Internos"}]},{"@type":"WebSite","@id":"https:\/\/previnorte.com.br\/site2\/#website","url":"https:\/\/previnorte.com.br\/site2\/","name":"Previnorte","description":"Uma entidade fechada de previd\u00eancia complementar,  sem fins lucrativos.","potentialAction":[{"@type":"SearchAction","target":{"@type":"EntryPoint","urlTemplate":"https:\/\/previnorte.com.br\/site2\/?s={search_term_string}"},"query-input":{"@type":"PropertyValueSpecification","valueRequired":true,"valueName":"search_term_string"}}],"inLanguage":"pt-BR"}]}},"_links":{"self":[{"href":"https:\/\/previnorte.com.br\/site2\/wp-json\/wp\/v2\/pages\/5361","targetHints":{"allow":["GET"]}}],"collection":[{"href":"https:\/\/previnorte.com.br\/site2\/wp-json\/wp\/v2\/pages"}],"about":[{"href":"https:\/\/previnorte.com.br\/site2\/wp-json\/wp\/v2\/types\/page"}],"author":[{"embeddable":true,"href":"https:\/\/previnorte.com.br\/site2\/wp-json\/wp\/v2\/users\/6"}],"replies":[{"embeddable":true,"href":"https:\/\/previnorte.com.br\/site2\/wp-json\/wp\/v2\/comments?post=5361"}],"version-history":[{"count":20,"href":"https:\/\/previnorte.com.br\/site2\/wp-json\/wp\/v2\/pages\/5361\/revisions"}],"predecessor-version":[{"id":20125,"href":"https:\/\/previnorte.com.br\/site2\/wp-json\/wp\/v2\/pages\/5361\/revisions\/20125"}],"up":[{"embeddable":true,"href":"https:\/\/previnorte.com.br\/site2\/wp-json\/wp\/v2\/pages\/37"}],"wp:featuredmedia":[{"embeddable":true,"href":"https:\/\/previnorte.com.br\/site2\/wp-json\/wp\/v2\/media\/5381"}],"wp:attachment":[{"href":"https:\/\/previnorte.com.br\/site2\/wp-json\/wp\/v2\/media?parent=5361"}],"curies":[{"name":"wp","href":"https:\/\/api.w.org\/{rel}","templated":true}]}}