{"id":5997,"date":"2023-01-05T12:06:49","date_gmt":"2023-01-05T15:06:49","guid":{"rendered":"https:\/\/previnorte.com.br\/site2\/?page_id=5997"},"modified":"2024-06-10T17:11:59","modified_gmt":"2024-06-10T20:11:59","slug":"giro-de-noticias-2022","status":"publish","type":"page","link":"https:\/\/previnorte.com.br\/site2\/giro-de-noticias-2022\/","title":{"rendered":"Giro de Not\u00edcias 2022"},"content":{"rendered":"\n<p><a href=\"https:\/\/previnorte.com.br\/site2\/wp-content\/uploads\/2022\/12\/Giro-de-Noticias-22-2022-1.pdf\">Giro de Not\u00edcias 22|2022 &#8211; 28 de dezembro<\/a><\/p>\n\n\n\n<p><a href=\"https:\/\/previnorte.com.br\/site2\/wp-content\/uploads\/2022\/12\/Giro-de-Noticias-21-2022.pdf\">Giro de Not\u00edcias 21|2022 &#8211; 23 de dezembro<\/a><\/p>\n\n\n\n<p><a href=\"https:\/\/previnorte.com.br\/site2\/wp-content\/uploads\/2022\/12\/Giro-de-Noticias-20-2022.pdf\">Giro de Not\u00edcias 20|2022 &#8211; 13 de dezembro<\/a><\/p>\n\n\n\n<p><a href=\"https:\/\/previnorte.com.br\/site2\/wp-content\/uploads\/2022\/12\/Giro-de-Noticias-19-2022.pdf\">Giro de Not\u00edcias 19|2022 &#8211; 6 de dezembro<\/a><\/p>\n\n\n\n<p><a href=\"https:\/\/previnorte.com.br\/site2\/wp-content\/uploads\/2022\/12\/Giro-de-Noticias-18-2022.pdf\">Giro de Not\u00edcias 18|2022 &#8211; 1\u00ba de dezembro<\/a><\/p>\n\n\n\n<p><a href=\"https:\/\/previnorte.com.br\/site2\/wp-content\/uploads\/2022\/12\/Giro-de-Noticias-17-2022.pdf\">Giro de Not\u00edcias 17|2022 &#8211; 22 de novembro<\/a><\/p>\n\n\n\n<p><a href=\"https:\/\/previnorte.com.br\/site2\/wp-content\/uploads\/2022\/11\/Giro-de-Noticias-16-2022.pdf\">Giro de Not\u00edcias 16|2022 &#8211; 16 de novembro<\/a><\/p>\n\n\n\n<p><a href=\"https:\/\/previnorte.com.br\/site2\/wp-content\/uploads\/2022\/11\/Giro-de-Noticias-15-2022.pdf\">Giro de Not\u00edcias 15|2022 &#8211; 9 de novembro<\/a><\/p>\n\n\n\n<p><a href=\"https:\/\/previnorte.com.br\/site2\/wp-content\/uploads\/2022\/11\/Giro-de-Noticias-14-2022-1.pdf\">Giro de Not\u00edcias 14|2022 &#8211; 1\u00ba de novembro<\/a><\/p>\n\n\n\n<p><a href=\"https:\/\/previnorte.com.br\/site2\/wp-content\/uploads\/2022\/10\/Giro-de-Noticias-13x.pdf\">Giro de Not\u00edcias 13|2022 &#8211; 25 de outubro<\/a><\/p>\n\n\n\n<p><a href=\"https:\/\/previnorte.com.br\/site2\/wp-content\/uploads\/2022\/10\/Giro-de-Noticias-12.pdf\">Giro de Not\u00edcias 12|2022 &#8211; 18 de outubro<\/a><\/p>\n\n\n\n<p><a href=\"https:\/\/previnorte.com.br\/site2\/wp-content\/uploads\/2022\/10\/Giro-de-Noticias-11.pdf\">Giro de Not\u00edcias 11|2022 &#8211; 11 de outubro<\/a><\/p>\n\n\n\n<p>G<a href=\"https:\/\/previnorte.com.br\/site2\/wp-content\/uploads\/2022\/10\/Giro-de-Noticias-10.pdf\">iro de Not\u00edcias 10|2022 &#8211; 4 de outubro<\/a><\/p>\n\n\n\n<p><a href=\"https:\/\/previnorte.com.br\/site2\/wp-content\/uploads\/2022\/09\/Giro-de-Noticias-9-2022.pdf\">Giro de Not\u00edcias 9|2022 &#8211; 27 de Setembro<\/a><\/p>\n\n\n\n<p><a href=\"https:\/\/previnorte.com.br\/site2\/wp-content\/uploads\/2022\/09\/Giro-de-Noticias-8-2022.pdf\">Giro de Not\u00edcias 8|2022 &#8211; 20 de Setembro<\/a><\/p>\n\n\n\n<p><a href=\"https:\/\/previnorte.com.br\/site2\/wp-content\/uploads\/2022\/09\/Giro-de-Noticias-7-2022.pdf\">Giro de Not\u00edcias 7|2022 &#8211; 13 de Setembro<\/a><\/p>\n\n\n\n<p><a href=\"https:\/\/previnorte.com.br\/site2\/wp-content\/uploads\/2022\/09\/Giro-de-Noticias-6-2022.pdf\">Giro de Not\u00edcias 6|2022 &#8211; 6 de Setembro<\/a><\/p>\n\n\n\n<p><a href=\"https:\/\/previnorte.com.br\/site2\/wp-content\/uploads\/2022\/09\/Giro-de-Noticias-5-2022.pdf\">Giro de Not\u00edcias 5|2022 &#8211; 30 de Agosto<\/a><\/p>\n\n\n\n<p><a href=\"https:\/\/previnorte.com.br\/site2\/wp-content\/uploads\/2022\/09\/Giro-de-Noticias-4-2022.pdf\">Giro de Not\u00edcias 4|2022 &#8211; 23 de Agosto<\/a><\/p>\n\n\n\n<p><a href=\"https:\/\/previnorte.com.br\/site2\/wp-content\/uploads\/2022\/08\/Giro-de-Noticias-3-2022.pdf\">Giro de Not\u00edcias 3|2022 &#8211; 17 de Agosto<\/a><\/p>\n\n\n\n<p><a href=\"https:\/\/previnorte.com.br\/site2\/wp-content\/uploads\/2022\/08\/Giro-de-Noticias-2-2022.pdf\">Giro de Not\u00edcias 2|2022 &#8211; 10 de Agosto<\/a><\/p>\n\n\n\n<p><a href=\"https:\/\/previnorte.com.br\/site2\/wp-content\/uploads\/2022\/08\/Giro-de-Noticias-1-2022.pdf\">Giro de Not\u00edcias 1|2022 &#8211; 2 de Agosto<\/a><\/p>\n","protected":false},"excerpt":{"rendered":"<p>Giro de Not\u00edcias 22|2022 &#8211; 28 de dezembro Giro de Not\u00edcias 21|2022 &#8211; 23 de dezembro Giro de Not\u00edcias 20|2022 &#8211; 13 de dezembro Giro de Not\u00edcias 19|2022 &#8211; 6 de dezembro Giro de Not\u00edcias 18|2022 &#8211; 1\u00ba de dezembro Giro de Not\u00edcias 17|2022 &#8211; 22 de novembro Giro de Not\u00edcias 16|2022 &#8211; 16 de [&hellip;]<\/p>\n","protected":false},"author":6,"featured_media":0,"parent":0,"menu_order":0,"comment_status":"closed","ping_status":"closed","template":"","meta":{"_acf_changed":false,"om_disable_all_campaigns":false,"_monsterinsights_skip_tracking":false,"_monsterinsights_sitenote_active":false,"_monsterinsights_sitenote_note":"","_monsterinsights_sitenote_category":0,"_uf_show_specific_survey":0,"_uf_disable_surveys":false,"footnotes":""},"class_list":["post-5997","page","type-page","status-publish","hentry"],"acf":[],"aioseo_notices":[],"yoast_head":"<!-- This site is optimized with the Yoast SEO plugin v26.2 - https:\/\/yoast.com\/wordpress\/plugins\/seo\/ -->\r\n<title>Giro de Not\u00edcias 2022 - Previnorte<\/title>\r\n<meta name=\"robots\" content=\"index, follow, max-snippet:-1, max-image-preview:large, max-video-preview:-1\" \/>\r\n<link rel=\"canonical\" href=\"https:\/\/previnorte.com.br\/site2\/giro-de-noticias-2022\/\" \/>\r\n<meta property=\"og:locale\" content=\"pt_BR\" \/>\r\n<meta property=\"og:type\" content=\"article\" \/>\r\n<meta property=\"og:title\" content=\"Giro de Not\u00edcias 2022 - Previnorte\" \/>\r\n<meta property=\"og:description\" content=\"Giro de Not\u00edcias 22|2022 &#8211; 28 de dezembro Giro de Not\u00edcias 21|2022 &#8211; 23 de dezembro Giro de Not\u00edcias 20|2022 &#8211; 13 de dezembro Giro de Not\u00edcias 19|2022 &#8211; 6 de dezembro Giro de Not\u00edcias 18|2022 &#8211; 1\u00ba de dezembro Giro de Not\u00edcias 17|2022 &#8211; 22 de novembro Giro de Not\u00edcias 16|2022 &#8211; 16 de [&hellip;]\" \/>\r\n<meta property=\"og:url\" content=\"https:\/\/previnorte.com.br\/site2\/giro-de-noticias-2022\/\" \/>\r\n<meta property=\"og:site_name\" content=\"Previnorte\" \/>\r\n<meta property=\"article:modified_time\" content=\"2024-06-10T20:11:59+00:00\" \/>\r\n<meta name=\"twitter:card\" content=\"summary_large_image\" \/>\r\n<meta name=\"twitter:label1\" content=\"Est. tempo de leitura\" \/>\n\t<meta name=\"twitter:data1\" content=\"1 minuto\" \/>\r\n<script type=\"application\/ld+json\" class=\"yoast-schema-graph\">{\"@context\":\"https:\/\/schema.org\",\"@graph\":[{\"@type\":\"WebPage\",\"@id\":\"https:\/\/previnorte.com.br\/site2\/giro-de-noticias-2022\/\",\"url\":\"https:\/\/previnorte.com.br\/site2\/giro-de-noticias-2022\/\",\"name\":\"Giro de Not\u00edcias 2022 - Previnorte\",\"isPartOf\":{\"@id\":\"https:\/\/previnorte.com.br\/site2\/#website\"},\"datePublished\":\"2023-01-05T15:06:49+00:00\",\"dateModified\":\"2024-06-10T20:11:59+00:00\",\"breadcrumb\":{\"@id\":\"https:\/\/previnorte.com.br\/site2\/giro-de-noticias-2022\/#breadcrumb\"},\"inLanguage\":\"pt-BR\",\"potentialAction\":[{\"@type\":\"ReadAction\",\"target\":[\"https:\/\/previnorte.com.br\/site2\/giro-de-noticias-2022\/\"]}]},{\"@type\":\"BreadcrumbList\",\"@id\":\"https:\/\/previnorte.com.br\/site2\/giro-de-noticias-2022\/#breadcrumb\",\"itemListElement\":[{\"@type\":\"ListItem\",\"position\":1,\"name\":\"In\u00edcio\",\"item\":\"https:\/\/previnorte.com.br\/site2\/\"},{\"@type\":\"ListItem\",\"position\":2,\"name\":\"Giro de Not\u00edcias 2022\"}]},{\"@type\":\"WebSite\",\"@id\":\"https:\/\/previnorte.com.br\/site2\/#website\",\"url\":\"https:\/\/previnorte.com.br\/site2\/\",\"name\":\"Previnorte\",\"description\":\"Uma entidade fechada de previd\u00eancia complementar,  sem fins lucrativos.\",\"potentialAction\":[{\"@type\":\"SearchAction\",\"target\":{\"@type\":\"EntryPoint\",\"urlTemplate\":\"https:\/\/previnorte.com.br\/site2\/?s={search_term_string}\"},\"query-input\":{\"@type\":\"PropertyValueSpecification\",\"valueRequired\":true,\"valueName\":\"search_term_string\"}}],\"inLanguage\":\"pt-BR\"}]}<\/script>\r\n<!-- \/ Yoast SEO plugin. -->","yoast_head_json":{"title":"Giro de Not\u00edcias 2022 - Previnorte","robots":{"index":"index","follow":"follow","max-snippet":"max-snippet:-1","max-image-preview":"max-image-preview:large","max-video-preview":"max-video-preview:-1"},"canonical":"https:\/\/previnorte.com.br\/site2\/giro-de-noticias-2022\/","og_locale":"pt_BR","og_type":"article","og_title":"Giro de Not\u00edcias 2022 - Previnorte","og_description":"Giro de Not\u00edcias 22|2022 &#8211; 28 de dezembro Giro de Not\u00edcias 21|2022 &#8211; 23 de dezembro Giro de Not\u00edcias 20|2022 &#8211; 13 de dezembro Giro de Not\u00edcias 19|2022 &#8211; 6 de dezembro Giro de Not\u00edcias 18|2022 &#8211; 1\u00ba de dezembro Giro de Not\u00edcias 17|2022 &#8211; 22 de novembro Giro de Not\u00edcias 16|2022 &#8211; 16 de [&hellip;]","og_url":"https:\/\/previnorte.com.br\/site2\/giro-de-noticias-2022\/","og_site_name":"Previnorte","article_modified_time":"2024-06-10T20:11:59+00:00","twitter_card":"summary_large_image","twitter_misc":{"Est. tempo de leitura":"1 minuto"},"schema":{"@context":"https:\/\/schema.org","@graph":[{"@type":"WebPage","@id":"https:\/\/previnorte.com.br\/site2\/giro-de-noticias-2022\/","url":"https:\/\/previnorte.com.br\/site2\/giro-de-noticias-2022\/","name":"Giro de Not\u00edcias 2022 - Previnorte","isPartOf":{"@id":"https:\/\/previnorte.com.br\/site2\/#website"},"datePublished":"2023-01-05T15:06:49+00:00","dateModified":"2024-06-10T20:11:59+00:00","breadcrumb":{"@id":"https:\/\/previnorte.com.br\/site2\/giro-de-noticias-2022\/#breadcrumb"},"inLanguage":"pt-BR","potentialAction":[{"@type":"ReadAction","target":["https:\/\/previnorte.com.br\/site2\/giro-de-noticias-2022\/"]}]},{"@type":"BreadcrumbList","@id":"https:\/\/previnorte.com.br\/site2\/giro-de-noticias-2022\/#breadcrumb","itemListElement":[{"@type":"ListItem","position":1,"name":"In\u00edcio","item":"https:\/\/previnorte.com.br\/site2\/"},{"@type":"ListItem","position":2,"name":"Giro de Not\u00edcias 2022"}]},{"@type":"WebSite","@id":"https:\/\/previnorte.com.br\/site2\/#website","url":"https:\/\/previnorte.com.br\/site2\/","name":"Previnorte","description":"Uma entidade fechada de previd\u00eancia complementar,  sem fins lucrativos.","potentialAction":[{"@type":"SearchAction","target":{"@type":"EntryPoint","urlTemplate":"https:\/\/previnorte.com.br\/site2\/?s={search_term_string}"},"query-input":{"@type":"PropertyValueSpecification","valueRequired":true,"valueName":"search_term_string"}}],"inLanguage":"pt-BR"}]}},"_links":{"self":[{"href":"https:\/\/previnorte.com.br\/site2\/wp-json\/wp\/v2\/pages\/5997","targetHints":{"allow":["GET"]}}],"collection":[{"href":"https:\/\/previnorte.com.br\/site2\/wp-json\/wp\/v2\/pages"}],"about":[{"href":"https:\/\/previnorte.com.br\/site2\/wp-json\/wp\/v2\/types\/page"}],"author":[{"embeddable":true,"href":"https:\/\/previnorte.com.br\/site2\/wp-json\/wp\/v2\/users\/6"}],"replies":[{"embeddable":true,"href":"https:\/\/previnorte.com.br\/site2\/wp-json\/wp\/v2\/comments?post=5997"}],"version-history":[{"count":1,"href":"https:\/\/previnorte.com.br\/site2\/wp-json\/wp\/v2\/pages\/5997\/revisions"}],"predecessor-version":[{"id":5998,"href":"https:\/\/previnorte.com.br\/site2\/wp-json\/wp\/v2\/pages\/5997\/revisions\/5998"}],"wp:attachment":[{"href":"https:\/\/previnorte.com.br\/site2\/wp-json\/wp\/v2\/media?parent=5997"}],"curies":[{"name":"wp","href":"https:\/\/api.w.org\/{rel}","templated":true}]}}