{"id":8693,"date":"2023-09-26T17:04:23","date_gmt":"2023-09-26T20:04:23","guid":{"rendered":"https:\/\/previnorte.com.br\/site2\/?page_id=8693"},"modified":"2024-06-10T17:05:31","modified_gmt":"2024-06-10T20:05:31","slug":"estrutura-de-governanca-corporativa-da-previnorte","status":"publish","type":"page","link":"https:\/\/previnorte.com.br\/site2\/estrutura-de-governanca-corporativa-da-previnorte\/","title":{"rendered":"Estrutura de Governan\u00e7a Corporativa da Previnorte"},"content":{"rendered":"\n<p>Partindo do conceito de Governan\u00e7a Corporativa como um sistema pelo qual as empresas e demais organiza\u00e7\u00f5es s\u00e3o dirigidas, monitoradas e incentivadas, envolvendo os relacionamentos entre s\u00f3cios, conselho de administra\u00e7\u00e3o, diretoria, \u00f3rg\u00e3os de fiscaliza\u00e7\u00e3o e controle e demais partes interessadas, tendo como princ\u00edpios b\u00e1sicos a transpar\u00eancia, a equidade, a presta\u00e7\u00e3o de contas (accountability) e a responsabilidade corporativa.<\/p>\n\n\n\n<p>A Previnorte tem o seguinte organograma:<\/p>\n\n\n<div class=\"wp-block-image\">\n<figure class=\"aligncenter size-full\"><img loading=\"lazy\" decoding=\"async\" width=\"646\" height=\"849\" src=\"https:\/\/previnorte.com.br\/site2\/wp-content\/uploads\/2023\/09\/Organograma-26-6-23.jpg\" alt=\"\" class=\"wp-image-8694\" srcset=\"https:\/\/previnorte.com.br\/site2\/wp-content\/uploads\/2023\/09\/Organograma-26-6-23.jpg 646w, https:\/\/previnorte.com.br\/site2\/wp-content\/uploads\/2023\/09\/Organograma-26-6-23-380x500.jpg 380w\" sizes=\"auto, (max-width: 646px) 100vw, 646px\" \/><\/figure><\/div>\n\n\n<div class=\"wp-block-media-text alignwide has-media-on-the-right is-stacked-on-mobile\" style=\"grid-template-columns:auto 15%\"><div class=\"wp-block-media-text__content\">\n<p><strong>Programa de Integridade<\/strong><\/p>\n\n\n\n<p>O <a href=\"https:\/\/previnorte.com.br\/site2\/programa-de-integridade\/\"><strong>Programa de Integridade<\/strong><\/a> da Previnorte consiste em um conjunto de pol\u00edticas e medidas e est\u00e1 consolidado em princ\u00edpios e instrumentos que envolvem comportamento \u00e9tico, governan\u00e7a e controle de riscos, com o objetivo de evitar pr\u00e1ticas il\u00edcitas e irregulares que possam expor ao risco o patrim\u00f4nio dos participantes e a imagem da entidade. O <a href=\"https:\/\/www.canalintegro.com.br\/previnorte\">Portal da \u00c9tica<\/a> da Previnorte e o <a href=\"https:\/\/previnorte.com.br\/site2\/wp-content\/uploads\/2021\/03\/Previnorte-Co%CC%81digo-de-E%CC%81tica-da-Previnorte.pdf\">C\u00f3digo de \u00c9tica<\/a> ficam dispon\u00edveis no site e tamb\u00e9m fazem parte do Programa. <\/p>\n<\/div><figure class=\"wp-block-media-text__media\"><img loading=\"lazy\" decoding=\"async\" width=\"632\" height=\"897\" src=\"https:\/\/previnorte.com.br\/site2\/wp-content\/uploads\/2023\/09\/Programa-de-Integridade.jpg\" alt=\"\" class=\"wp-image-8695 size-full\" srcset=\"https:\/\/previnorte.com.br\/site2\/wp-content\/uploads\/2023\/09\/Programa-de-Integridade.jpg 632w, https:\/\/previnorte.com.br\/site2\/wp-content\/uploads\/2023\/09\/Programa-de-Integridade-352x500.jpg 352w\" sizes=\"auto, (max-width: 632px) 100vw, 632px\" \/><\/figure><\/div>\n\n\n\n<p>Os conselhos Deliberativo e Fiscal, com suas atribui\u00e7\u00f5es espec\u00edficas, contam tamb\u00e9m com \u00f3rg\u00e3os de assessoramento:<\/p>\n\n\n\n<div class=\"wp-block-columns is-layout-flex wp-container-core-columns-is-layout-9d6595d7 wp-block-columns-is-layout-flex\">\n<div class=\"wp-block-column is-layout-flow wp-block-column-is-layout-flow\">\n<ul class=\"wp-block-list\">\n<li>Comit\u00ea de Investimentos<\/li>\n\n\n\n<li>Comiss\u00e3o de \u00c9tica<\/li>\n<\/ul>\n<\/div>\n\n\n\n<div class=\"wp-block-column is-layout-flow wp-block-column-is-layout-flow\">\n<ul class=\"wp-block-list\">\n<li>Comit\u00ea de Estrat\u00e9gia e Riscos<\/li>\n\n\n\n<li>Comit\u00ea Gestor de Planejamento e Monitoramento<\/li>\n<\/ul>\n<\/div>\n<\/div>\n\n\n\n<p>A Funda\u00e7\u00e3o tamb\u00e9m disponibiliza todas as suas <a href=\"https:\/\/previnorte.com.br\/site2\/politicas-e-programas\/\">Pol\u00edticas<\/a> no site, como uma de suas boas pr\u00e1ticas de transpar\u00eancia e, al\u00e9m do Organograma e do C\u00f3digo de \u00c9tica j\u00e1 mencionados, os principais documentos norteadores de sua atua\u00e7\u00e3o s\u00e3o:<\/p>\n\n\n\n<div class=\"wp-block-columns is-layout-flex wp-container-core-columns-is-layout-9d6595d7 wp-block-columns-is-layout-flex\">\n<div class=\"wp-block-column is-layout-flow wp-block-column-is-layout-flow\">\n<ul class=\"wp-block-list\">\n<li><a href=\"https:\/\/previnorte.com.br\/site2\/wp-content\/uploads\/2020\/12\/Estatuto-Previnorte-Aprovacao-Previc-Portaria-827-18-09-2019.pdf\">Estatuto<\/a><\/li>\n\n\n\n<li><a href=\"https:\/\/previnorte.com.br\/site2\/dirigentes\/\">Quadro de Dirigentes<\/a><\/li>\n\n\n\n<li>Organograma<\/li>\n<\/ul>\n<\/div>\n\n\n\n<div class=\"wp-block-column is-layout-flow wp-block-column-is-layout-flow\">\n<ul class=\"wp-block-list\">\n<li><a href=\"https:\/\/previnorte.com.br\/site2\/programa-de-integridade\/regimentos-da-previnorte\/\">Regimentos Internos<\/a><\/li>\n\n\n\n<li><a href=\"https:\/\/previnorte.com.br\/site2\/wp-content\/uploads\/2022\/01\/Manual-de-Governanca-Corporativa.pdf\">Manual de Governan\u00e7a Corporativa<\/a><\/li>\n\n\n\n<li>C\u00f3digo de \u00c9tica<\/li>\n<\/ul>\n<\/div>\n<\/div>\n","protected":false},"excerpt":{"rendered":"<p>Partindo do conceito de Governan\u00e7a Corporativa como um sistema pelo qual as empresas e demais organiza\u00e7\u00f5es s\u00e3o dirigidas, monitoradas e incentivadas, envolvendo os relacionamentos entre s\u00f3cios, conselho de administra\u00e7\u00e3o, diretoria, \u00f3rg\u00e3os de fiscaliza\u00e7\u00e3o e controle e demais partes interessadas, tendo como princ\u00edpios b\u00e1sicos a transpar\u00eancia, a equidade, a presta\u00e7\u00e3o de contas (accountability) e a responsabilidade [&hellip;]<\/p>\n","protected":false},"author":6,"featured_media":0,"parent":0,"menu_order":0,"comment_status":"closed","ping_status":"closed","template":"","meta":{"_acf_changed":false,"om_disable_all_campaigns":false,"_monsterinsights_skip_tracking":false,"_monsterinsights_sitenote_active":false,"_monsterinsights_sitenote_note":"","_monsterinsights_sitenote_category":0,"_uf_show_specific_survey":0,"_uf_disable_surveys":false,"footnotes":""},"class_list":["post-8693","page","type-page","status-publish","hentry"],"acf":[],"aioseo_notices":[],"yoast_head":"<!-- This site is optimized with the Yoast SEO plugin v26.2 - https:\/\/yoast.com\/wordpress\/plugins\/seo\/ -->\r\n<title>Estrutura de Governan\u00e7a Corporativa da Previnorte - Previnorte<\/title>\r\n<meta name=\"robots\" content=\"index, follow, max-snippet:-1, max-image-preview:large, max-video-preview:-1\" \/>\r\n<link rel=\"canonical\" href=\"https:\/\/previnorte.com.br\/site2\/estrutura-de-governanca-corporativa-da-previnorte\/\" \/>\r\n<meta property=\"og:locale\" content=\"pt_BR\" \/>\r\n<meta property=\"og:type\" content=\"article\" \/>\r\n<meta property=\"og:title\" content=\"Estrutura de Governan\u00e7a Corporativa da Previnorte - Previnorte\" \/>\r\n<meta property=\"og:description\" content=\"Partindo do conceito de Governan\u00e7a Corporativa como um sistema pelo qual as empresas e demais organiza\u00e7\u00f5es s\u00e3o dirigidas, monitoradas e incentivadas, envolvendo os relacionamentos entre s\u00f3cios, conselho de administra\u00e7\u00e3o, diretoria, \u00f3rg\u00e3os de fiscaliza\u00e7\u00e3o e controle e demais partes interessadas, tendo como princ\u00edpios b\u00e1sicos a transpar\u00eancia, a equidade, a presta\u00e7\u00e3o de contas (accountability) e a responsabilidade [&hellip;]\" \/>\r\n<meta property=\"og:url\" content=\"https:\/\/previnorte.com.br\/site2\/estrutura-de-governanca-corporativa-da-previnorte\/\" \/>\r\n<meta property=\"og:site_name\" content=\"Previnorte\" \/>\r\n<meta property=\"article:modified_time\" content=\"2024-06-10T20:05:31+00:00\" \/>\r\n<meta property=\"og:image\" content=\"https:\/\/previnorte.com.br\/site2\/wp-content\/uploads\/2023\/09\/Organograma-26-6-23.jpg\" \/>\r\n<meta name=\"twitter:card\" content=\"summary_large_image\" \/>\r\n<meta name=\"twitter:label1\" content=\"Est. tempo de leitura\" \/>\n\t<meta name=\"twitter:data1\" content=\"2 minutos\" \/>\r\n<script type=\"application\/ld+json\" class=\"yoast-schema-graph\">{\"@context\":\"https:\/\/schema.org\",\"@graph\":[{\"@type\":\"WebPage\",\"@id\":\"https:\/\/previnorte.com.br\/site2\/estrutura-de-governanca-corporativa-da-previnorte\/\",\"url\":\"https:\/\/previnorte.com.br\/site2\/estrutura-de-governanca-corporativa-da-previnorte\/\",\"name\":\"Estrutura de Governan\u00e7a Corporativa da Previnorte - Previnorte\",\"isPartOf\":{\"@id\":\"https:\/\/previnorte.com.br\/site2\/#website\"},\"primaryImageOfPage\":{\"@id\":\"https:\/\/previnorte.com.br\/site2\/estrutura-de-governanca-corporativa-da-previnorte\/#primaryimage\"},\"image\":{\"@id\":\"https:\/\/previnorte.com.br\/site2\/estrutura-de-governanca-corporativa-da-previnorte\/#primaryimage\"},\"thumbnailUrl\":\"https:\/\/previnorte.com.br\/site2\/wp-content\/uploads\/2023\/09\/Organograma-26-6-23.jpg\",\"datePublished\":\"2023-09-26T20:04:23+00:00\",\"dateModified\":\"2024-06-10T20:05:31+00:00\",\"breadcrumb\":{\"@id\":\"https:\/\/previnorte.com.br\/site2\/estrutura-de-governanca-corporativa-da-previnorte\/#breadcrumb\"},\"inLanguage\":\"pt-BR\",\"potentialAction\":[{\"@type\":\"ReadAction\",\"target\":[\"https:\/\/previnorte.com.br\/site2\/estrutura-de-governanca-corporativa-da-previnorte\/\"]}]},{\"@type\":\"ImageObject\",\"inLanguage\":\"pt-BR\",\"@id\":\"https:\/\/previnorte.com.br\/site2\/estrutura-de-governanca-corporativa-da-previnorte\/#primaryimage\",\"url\":\"https:\/\/previnorte.com.br\/site2\/wp-content\/uploads\/2023\/09\/Organograma-26-6-23.jpg\",\"contentUrl\":\"https:\/\/previnorte.com.br\/site2\/wp-content\/uploads\/2023\/09\/Organograma-26-6-23.jpg\",\"width\":646,\"height\":849},{\"@type\":\"BreadcrumbList\",\"@id\":\"https:\/\/previnorte.com.br\/site2\/estrutura-de-governanca-corporativa-da-previnorte\/#breadcrumb\",\"itemListElement\":[{\"@type\":\"ListItem\",\"position\":1,\"name\":\"In\u00edcio\",\"item\":\"https:\/\/previnorte.com.br\/site2\/\"},{\"@type\":\"ListItem\",\"position\":2,\"name\":\"Estrutura de Governan\u00e7a Corporativa da Previnorte\"}]},{\"@type\":\"WebSite\",\"@id\":\"https:\/\/previnorte.com.br\/site2\/#website\",\"url\":\"https:\/\/previnorte.com.br\/site2\/\",\"name\":\"Previnorte\",\"description\":\"Uma entidade fechada de previd\u00eancia complementar,  sem fins lucrativos.\",\"potentialAction\":[{\"@type\":\"SearchAction\",\"target\":{\"@type\":\"EntryPoint\",\"urlTemplate\":\"https:\/\/previnorte.com.br\/site2\/?s={search_term_string}\"},\"query-input\":{\"@type\":\"PropertyValueSpecification\",\"valueRequired\":true,\"valueName\":\"search_term_string\"}}],\"inLanguage\":\"pt-BR\"}]}<\/script>\r\n<!-- \/ Yoast SEO plugin. -->","yoast_head_json":{"title":"Estrutura de Governan\u00e7a Corporativa da Previnorte - Previnorte","robots":{"index":"index","follow":"follow","max-snippet":"max-snippet:-1","max-image-preview":"max-image-preview:large","max-video-preview":"max-video-preview:-1"},"canonical":"https:\/\/previnorte.com.br\/site2\/estrutura-de-governanca-corporativa-da-previnorte\/","og_locale":"pt_BR","og_type":"article","og_title":"Estrutura de Governan\u00e7a Corporativa da Previnorte - Previnorte","og_description":"Partindo do conceito de Governan\u00e7a Corporativa como um sistema pelo qual as empresas e demais organiza\u00e7\u00f5es s\u00e3o dirigidas, monitoradas e incentivadas, envolvendo os relacionamentos entre s\u00f3cios, conselho de administra\u00e7\u00e3o, diretoria, \u00f3rg\u00e3os de fiscaliza\u00e7\u00e3o e controle e demais partes interessadas, tendo como princ\u00edpios b\u00e1sicos a transpar\u00eancia, a equidade, a presta\u00e7\u00e3o de contas (accountability) e a responsabilidade [&hellip;]","og_url":"https:\/\/previnorte.com.br\/site2\/estrutura-de-governanca-corporativa-da-previnorte\/","og_site_name":"Previnorte","article_modified_time":"2024-06-10T20:05:31+00:00","og_image":[{"url":"https:\/\/previnorte.com.br\/site2\/wp-content\/uploads\/2023\/09\/Organograma-26-6-23.jpg","type":"","width":"","height":""}],"twitter_card":"summary_large_image","twitter_misc":{"Est. tempo de leitura":"2 minutos"},"schema":{"@context":"https:\/\/schema.org","@graph":[{"@type":"WebPage","@id":"https:\/\/previnorte.com.br\/site2\/estrutura-de-governanca-corporativa-da-previnorte\/","url":"https:\/\/previnorte.com.br\/site2\/estrutura-de-governanca-corporativa-da-previnorte\/","name":"Estrutura de Governan\u00e7a Corporativa da Previnorte - Previnorte","isPartOf":{"@id":"https:\/\/previnorte.com.br\/site2\/#website"},"primaryImageOfPage":{"@id":"https:\/\/previnorte.com.br\/site2\/estrutura-de-governanca-corporativa-da-previnorte\/#primaryimage"},"image":{"@id":"https:\/\/previnorte.com.br\/site2\/estrutura-de-governanca-corporativa-da-previnorte\/#primaryimage"},"thumbnailUrl":"https:\/\/previnorte.com.br\/site2\/wp-content\/uploads\/2023\/09\/Organograma-26-6-23.jpg","datePublished":"2023-09-26T20:04:23+00:00","dateModified":"2024-06-10T20:05:31+00:00","breadcrumb":{"@id":"https:\/\/previnorte.com.br\/site2\/estrutura-de-governanca-corporativa-da-previnorte\/#breadcrumb"},"inLanguage":"pt-BR","potentialAction":[{"@type":"ReadAction","target":["https:\/\/previnorte.com.br\/site2\/estrutura-de-governanca-corporativa-da-previnorte\/"]}]},{"@type":"ImageObject","inLanguage":"pt-BR","@id":"https:\/\/previnorte.com.br\/site2\/estrutura-de-governanca-corporativa-da-previnorte\/#primaryimage","url":"https:\/\/previnorte.com.br\/site2\/wp-content\/uploads\/2023\/09\/Organograma-26-6-23.jpg","contentUrl":"https:\/\/previnorte.com.br\/site2\/wp-content\/uploads\/2023\/09\/Organograma-26-6-23.jpg","width":646,"height":849},{"@type":"BreadcrumbList","@id":"https:\/\/previnorte.com.br\/site2\/estrutura-de-governanca-corporativa-da-previnorte\/#breadcrumb","itemListElement":[{"@type":"ListItem","position":1,"name":"In\u00edcio","item":"https:\/\/previnorte.com.br\/site2\/"},{"@type":"ListItem","position":2,"name":"Estrutura de Governan\u00e7a Corporativa da Previnorte"}]},{"@type":"WebSite","@id":"https:\/\/previnorte.com.br\/site2\/#website","url":"https:\/\/previnorte.com.br\/site2\/","name":"Previnorte","description":"Uma entidade fechada de previd\u00eancia complementar,  sem fins lucrativos.","potentialAction":[{"@type":"SearchAction","target":{"@type":"EntryPoint","urlTemplate":"https:\/\/previnorte.com.br\/site2\/?s={search_term_string}"},"query-input":{"@type":"PropertyValueSpecification","valueRequired":true,"valueName":"search_term_string"}}],"inLanguage":"pt-BR"}]}},"_links":{"self":[{"href":"https:\/\/previnorte.com.br\/site2\/wp-json\/wp\/v2\/pages\/8693","targetHints":{"allow":["GET"]}}],"collection":[{"href":"https:\/\/previnorte.com.br\/site2\/wp-json\/wp\/v2\/pages"}],"about":[{"href":"https:\/\/previnorte.com.br\/site2\/wp-json\/wp\/v2\/types\/page"}],"author":[{"embeddable":true,"href":"https:\/\/previnorte.com.br\/site2\/wp-json\/wp\/v2\/users\/6"}],"replies":[{"embeddable":true,"href":"https:\/\/previnorte.com.br\/site2\/wp-json\/wp\/v2\/comments?post=8693"}],"version-history":[{"count":9,"href":"https:\/\/previnorte.com.br\/site2\/wp-json\/wp\/v2\/pages\/8693\/revisions"}],"predecessor-version":[{"id":8753,"href":"https:\/\/previnorte.com.br\/site2\/wp-json\/wp\/v2\/pages\/8693\/revisions\/8753"}],"wp:attachment":[{"href":"https:\/\/previnorte.com.br\/site2\/wp-json\/wp\/v2\/media?parent=8693"}],"curies":[{"name":"wp","href":"https:\/\/api.w.org\/{rel}","templated":true}]}}