{"id":9001,"date":"2023-11-07T11:18:07","date_gmt":"2023-11-07T14:18:07","guid":{"rendered":"https:\/\/previnorte.com.br\/site2\/?page_id=9001"},"modified":"2024-06-10T17:22:44","modified_gmt":"2024-06-10T20:22:44","slug":"previc-adota-novos-criterios-para-segmentacao-das-efpc","status":"publish","type":"page","link":"https:\/\/previnorte.com.br\/site2\/previc-adota-novos-criterios-para-segmentacao-das-efpc\/","title":{"rendered":"Previc adota novos crit\u00e9rios para segmenta\u00e7\u00e3o das EFPCs"},"content":{"rendered":"\n<p>A Superintend\u00eancia Nacional de Previd\u00eancia Complementar (Previc) publicou a Portaria Previc n\u00ba 960, de 25\/10\/2023, que trata dos crit\u00e9rios de segmenta\u00e7\u00e3o das Entidades Fechadas de Previd\u00eancia Complementar (EFPCs). Seguindo a Resolu\u00e7\u00e3o PREVIC 23\/2023, as entidades foram segmentadas em quatro classes, quais sejam: S1, S2, S3 e S4. Os crit\u00e9rios de segmenta\u00e7\u00e3o tem como base o porte e, tamb\u00e9m, a complexidade, conforme descrito na portaria&nbsp;assinada pelo diretor de Normas da Previc.<\/p>\n\n\n\n<p>O enquadramento ocorrer\u00e1 anualmente, com base nas informa\u00e7\u00f5es consolidadas pelas EFPCs, relativas ao m\u00eas de dezembro do ano anterior e, at\u00e9 o dia 30 de junho de cada ano, a autarquia publicar\u00e1 a f\u00f3rmula de c\u00e1lculo para definir porte e complexidade, al\u00e9m da rela\u00e7\u00e3o das entidades enquadradas em cada segmento. \u00c9 importante ressaltar que a segmenta\u00e7\u00e3o por porte e complexidade \u00e9 uma necessidade prevista desde as resolu\u00e7\u00f5es CGPC (13\/2004 e 2\/2009) e que o conceito foi aprofundado a partir da publica\u00e7\u00e3o da resolu\u00e7\u00e3o Previc n\u00ba 23, com o objetivo de aprimorar a qualidade das fiscaliza\u00e7\u00f5es do \u00f3rg\u00e3o de forma mais adequada, considerando que entidades possuem diferentes caracter\u00edsticas de estrutura, controle e funcionamento.<\/p>\n\n\n\n<p>Para Alcinei Rodrigues, diretor de Normas da Previc, \u201cEsse trabalho n\u00e3o se esgota agora. \u00c9 o in\u00edcio de um processo de aperfei\u00e7oamento; vamos continuar ouvindo as entidades e vendo o que pode ser melhorado.\u201d<\/p>\n\n\n\n<p>Na Matriz de Porte e Complexidade foram considerados os seguintes crit\u00e9rios: 1) n\u00famero de participantes e assistidos; 2) n\u00famero e modalidade de planos de benef\u00edcios; 3) fluxo previdenci\u00e1rio; 4) exig\u00edvel contingencial versos ativo; e 5) n\u00famero de patrocinadores\/instituidores. Conforme os crit\u00e9rios, a segmenta\u00e7\u00e3o ficou com 10 entidades (S1), 71 entidades (S2), 104 entidades (S3) e 77 entidades (S4).&nbsp;<\/p>\n\n\n\n<p>A Previnorte est\u00e1 classificada na categoria S2, cuja rela\u00e7\u00e3o pode ser vista no documento anexo.&nbsp;Esta posi\u00e7\u00e3o reafirma a relev\u00e2ncia da Funda\u00e7\u00e3o no segmento de previd\u00eancia complementar brasileiro.<\/p>\n\n\n<div class=\"wp-block-image\">\n<figure class=\"aligncenter size-full is-resized\"><a href=\"https:\/\/previnorte.com.br\/site2\/wp-content\/uploads\/2023\/11\/Lista-das-EFPC.pdf\"><img loading=\"lazy\" decoding=\"async\" src=\"https:\/\/previnorte.com.br\/site2\/wp-content\/uploads\/2023\/11\/previc_logo.jpg\" alt=\"\" class=\"wp-image-9021\" width=\"266\" height=\"266\"\/><\/a><figcaption class=\"wp-element-caption\">Clique na Imagem para ver a segmenta\u00e7\u00e3o completa<\/figcaption><\/figure><\/div>","protected":false},"excerpt":{"rendered":"<p>A Superintend\u00eancia Nacional de Previd\u00eancia Complementar (Previc) publicou a Portaria Previc n\u00ba 960, de 25\/10\/2023, que trata dos crit\u00e9rios de segmenta\u00e7\u00e3o das Entidades Fechadas de Previd\u00eancia Complementar (EFPCs). Seguindo a Resolu\u00e7\u00e3o PREVIC 23\/2023, as entidades foram segmentadas em quatro classes, quais sejam: S1, S2, S3 e S4. Os crit\u00e9rios de segmenta\u00e7\u00e3o tem como base o [&hellip;]<\/p>\n","protected":false},"author":6,"featured_media":0,"parent":0,"menu_order":0,"comment_status":"closed","ping_status":"closed","template":"","meta":{"_acf_changed":false,"om_disable_all_campaigns":false,"_monsterinsights_skip_tracking":false,"_monsterinsights_sitenote_active":false,"_monsterinsights_sitenote_note":"","_monsterinsights_sitenote_category":0,"_uf_show_specific_survey":0,"_uf_disable_surveys":false,"footnotes":""},"class_list":["post-9001","page","type-page","status-publish","hentry"],"acf":[],"aioseo_notices":[],"yoast_head":"<!-- This site is optimized with the Yoast SEO plugin v26.2 - https:\/\/yoast.com\/wordpress\/plugins\/seo\/ -->\r\n<title>Previc adota novos crit\u00e9rios para segmenta\u00e7\u00e3o das EFPCs - Previnorte<\/title>\r\n<meta name=\"robots\" content=\"index, follow, max-snippet:-1, max-image-preview:large, max-video-preview:-1\" \/>\r\n<link rel=\"canonical\" href=\"https:\/\/previnorte.com.br\/site2\/previc-adota-novos-criterios-para-segmentacao-das-efpc\/\" \/>\r\n<meta property=\"og:locale\" content=\"pt_BR\" \/>\r\n<meta property=\"og:type\" content=\"article\" \/>\r\n<meta property=\"og:title\" content=\"Previc adota novos crit\u00e9rios para segmenta\u00e7\u00e3o das EFPCs - Previnorte\" \/>\r\n<meta property=\"og:description\" content=\"A Superintend\u00eancia Nacional de Previd\u00eancia Complementar (Previc) publicou a Portaria Previc n\u00ba 960, de 25\/10\/2023, que trata dos crit\u00e9rios de segmenta\u00e7\u00e3o das Entidades Fechadas de Previd\u00eancia Complementar (EFPCs). Seguindo a Resolu\u00e7\u00e3o PREVIC 23\/2023, as entidades foram segmentadas em quatro classes, quais sejam: S1, S2, S3 e S4. Os crit\u00e9rios de segmenta\u00e7\u00e3o tem como base o [&hellip;]\" \/>\r\n<meta property=\"og:url\" content=\"https:\/\/previnorte.com.br\/site2\/previc-adota-novos-criterios-para-segmentacao-das-efpc\/\" \/>\r\n<meta property=\"og:site_name\" content=\"Previnorte\" \/>\r\n<meta property=\"article:modified_time\" content=\"2024-06-10T20:22:44+00:00\" \/>\r\n<meta property=\"og:image\" content=\"https:\/\/previnorte.com.br\/site2\/wp-content\/uploads\/2023\/11\/previc_logo.jpg\" \/>\r\n<meta name=\"twitter:card\" content=\"summary_large_image\" \/>\r\n<meta name=\"twitter:label1\" content=\"Est. tempo de leitura\" \/>\n\t<meta name=\"twitter:data1\" content=\"2 minutos\" \/>\r\n<script type=\"application\/ld+json\" class=\"yoast-schema-graph\">{\"@context\":\"https:\/\/schema.org\",\"@graph\":[{\"@type\":\"WebPage\",\"@id\":\"https:\/\/previnorte.com.br\/site2\/previc-adota-novos-criterios-para-segmentacao-das-efpc\/\",\"url\":\"https:\/\/previnorte.com.br\/site2\/previc-adota-novos-criterios-para-segmentacao-das-efpc\/\",\"name\":\"Previc adota novos crit\u00e9rios para segmenta\u00e7\u00e3o das EFPCs - Previnorte\",\"isPartOf\":{\"@id\":\"https:\/\/previnorte.com.br\/site2\/#website\"},\"primaryImageOfPage\":{\"@id\":\"https:\/\/previnorte.com.br\/site2\/previc-adota-novos-criterios-para-segmentacao-das-efpc\/#primaryimage\"},\"image\":{\"@id\":\"https:\/\/previnorte.com.br\/site2\/previc-adota-novos-criterios-para-segmentacao-das-efpc\/#primaryimage\"},\"thumbnailUrl\":\"https:\/\/previnorte.com.br\/site2\/wp-content\/uploads\/2023\/11\/previc_logo.jpg\",\"datePublished\":\"2023-11-07T14:18:07+00:00\",\"dateModified\":\"2024-06-10T20:22:44+00:00\",\"breadcrumb\":{\"@id\":\"https:\/\/previnorte.com.br\/site2\/previc-adota-novos-criterios-para-segmentacao-das-efpc\/#breadcrumb\"},\"inLanguage\":\"pt-BR\",\"potentialAction\":[{\"@type\":\"ReadAction\",\"target\":[\"https:\/\/previnorte.com.br\/site2\/previc-adota-novos-criterios-para-segmentacao-das-efpc\/\"]}]},{\"@type\":\"ImageObject\",\"inLanguage\":\"pt-BR\",\"@id\":\"https:\/\/previnorte.com.br\/site2\/previc-adota-novos-criterios-para-segmentacao-das-efpc\/#primaryimage\",\"url\":\"https:\/\/previnorte.com.br\/site2\/wp-content\/uploads\/2023\/11\/previc_logo.jpg\",\"contentUrl\":\"https:\/\/previnorte.com.br\/site2\/wp-content\/uploads\/2023\/11\/previc_logo.jpg\",\"width\":200,\"height\":200},{\"@type\":\"BreadcrumbList\",\"@id\":\"https:\/\/previnorte.com.br\/site2\/previc-adota-novos-criterios-para-segmentacao-das-efpc\/#breadcrumb\",\"itemListElement\":[{\"@type\":\"ListItem\",\"position\":1,\"name\":\"In\u00edcio\",\"item\":\"https:\/\/previnorte.com.br\/site2\/\"},{\"@type\":\"ListItem\",\"position\":2,\"name\":\"Previc adota novos crit\u00e9rios para segmenta\u00e7\u00e3o das EFPCs\"}]},{\"@type\":\"WebSite\",\"@id\":\"https:\/\/previnorte.com.br\/site2\/#website\",\"url\":\"https:\/\/previnorte.com.br\/site2\/\",\"name\":\"Previnorte\",\"description\":\"Uma entidade fechada de previd\u00eancia complementar,  sem fins lucrativos.\",\"potentialAction\":[{\"@type\":\"SearchAction\",\"target\":{\"@type\":\"EntryPoint\",\"urlTemplate\":\"https:\/\/previnorte.com.br\/site2\/?s={search_term_string}\"},\"query-input\":{\"@type\":\"PropertyValueSpecification\",\"valueRequired\":true,\"valueName\":\"search_term_string\"}}],\"inLanguage\":\"pt-BR\"}]}<\/script>\r\n<!-- \/ Yoast SEO plugin. -->","yoast_head_json":{"title":"Previc adota novos crit\u00e9rios para segmenta\u00e7\u00e3o das EFPCs - Previnorte","robots":{"index":"index","follow":"follow","max-snippet":"max-snippet:-1","max-image-preview":"max-image-preview:large","max-video-preview":"max-video-preview:-1"},"canonical":"https:\/\/previnorte.com.br\/site2\/previc-adota-novos-criterios-para-segmentacao-das-efpc\/","og_locale":"pt_BR","og_type":"article","og_title":"Previc adota novos crit\u00e9rios para segmenta\u00e7\u00e3o das EFPCs - Previnorte","og_description":"A Superintend\u00eancia Nacional de Previd\u00eancia Complementar (Previc) publicou a Portaria Previc n\u00ba 960, de 25\/10\/2023, que trata dos crit\u00e9rios de segmenta\u00e7\u00e3o das Entidades Fechadas de Previd\u00eancia Complementar (EFPCs). Seguindo a Resolu\u00e7\u00e3o PREVIC 23\/2023, as entidades foram segmentadas em quatro classes, quais sejam: S1, S2, S3 e S4. Os crit\u00e9rios de segmenta\u00e7\u00e3o tem como base o [&hellip;]","og_url":"https:\/\/previnorte.com.br\/site2\/previc-adota-novos-criterios-para-segmentacao-das-efpc\/","og_site_name":"Previnorte","article_modified_time":"2024-06-10T20:22:44+00:00","og_image":[{"url":"https:\/\/previnorte.com.br\/site2\/wp-content\/uploads\/2023\/11\/previc_logo.jpg","type":"","width":"","height":""}],"twitter_card":"summary_large_image","twitter_misc":{"Est. tempo de leitura":"2 minutos"},"schema":{"@context":"https:\/\/schema.org","@graph":[{"@type":"WebPage","@id":"https:\/\/previnorte.com.br\/site2\/previc-adota-novos-criterios-para-segmentacao-das-efpc\/","url":"https:\/\/previnorte.com.br\/site2\/previc-adota-novos-criterios-para-segmentacao-das-efpc\/","name":"Previc adota novos crit\u00e9rios para segmenta\u00e7\u00e3o das EFPCs - Previnorte","isPartOf":{"@id":"https:\/\/previnorte.com.br\/site2\/#website"},"primaryImageOfPage":{"@id":"https:\/\/previnorte.com.br\/site2\/previc-adota-novos-criterios-para-segmentacao-das-efpc\/#primaryimage"},"image":{"@id":"https:\/\/previnorte.com.br\/site2\/previc-adota-novos-criterios-para-segmentacao-das-efpc\/#primaryimage"},"thumbnailUrl":"https:\/\/previnorte.com.br\/site2\/wp-content\/uploads\/2023\/11\/previc_logo.jpg","datePublished":"2023-11-07T14:18:07+00:00","dateModified":"2024-06-10T20:22:44+00:00","breadcrumb":{"@id":"https:\/\/previnorte.com.br\/site2\/previc-adota-novos-criterios-para-segmentacao-das-efpc\/#breadcrumb"},"inLanguage":"pt-BR","potentialAction":[{"@type":"ReadAction","target":["https:\/\/previnorte.com.br\/site2\/previc-adota-novos-criterios-para-segmentacao-das-efpc\/"]}]},{"@type":"ImageObject","inLanguage":"pt-BR","@id":"https:\/\/previnorte.com.br\/site2\/previc-adota-novos-criterios-para-segmentacao-das-efpc\/#primaryimage","url":"https:\/\/previnorte.com.br\/site2\/wp-content\/uploads\/2023\/11\/previc_logo.jpg","contentUrl":"https:\/\/previnorte.com.br\/site2\/wp-content\/uploads\/2023\/11\/previc_logo.jpg","width":200,"height":200},{"@type":"BreadcrumbList","@id":"https:\/\/previnorte.com.br\/site2\/previc-adota-novos-criterios-para-segmentacao-das-efpc\/#breadcrumb","itemListElement":[{"@type":"ListItem","position":1,"name":"In\u00edcio","item":"https:\/\/previnorte.com.br\/site2\/"},{"@type":"ListItem","position":2,"name":"Previc adota novos crit\u00e9rios para segmenta\u00e7\u00e3o das EFPCs"}]},{"@type":"WebSite","@id":"https:\/\/previnorte.com.br\/site2\/#website","url":"https:\/\/previnorte.com.br\/site2\/","name":"Previnorte","description":"Uma entidade fechada de previd\u00eancia complementar,  sem fins lucrativos.","potentialAction":[{"@type":"SearchAction","target":{"@type":"EntryPoint","urlTemplate":"https:\/\/previnorte.com.br\/site2\/?s={search_term_string}"},"query-input":{"@type":"PropertyValueSpecification","valueRequired":true,"valueName":"search_term_string"}}],"inLanguage":"pt-BR"}]}},"_links":{"self":[{"href":"https:\/\/previnorte.com.br\/site2\/wp-json\/wp\/v2\/pages\/9001","targetHints":{"allow":["GET"]}}],"collection":[{"href":"https:\/\/previnorte.com.br\/site2\/wp-json\/wp\/v2\/pages"}],"about":[{"href":"https:\/\/previnorte.com.br\/site2\/wp-json\/wp\/v2\/types\/page"}],"author":[{"embeddable":true,"href":"https:\/\/previnorte.com.br\/site2\/wp-json\/wp\/v2\/users\/6"}],"replies":[{"embeddable":true,"href":"https:\/\/previnorte.com.br\/site2\/wp-json\/wp\/v2\/comments?post=9001"}],"version-history":[{"count":21,"href":"https:\/\/previnorte.com.br\/site2\/wp-json\/wp\/v2\/pages\/9001\/revisions"}],"predecessor-version":[{"id":11767,"href":"https:\/\/previnorte.com.br\/site2\/wp-json\/wp\/v2\/pages\/9001\/revisions\/11767"}],"wp:attachment":[{"href":"https:\/\/previnorte.com.br\/site2\/wp-json\/wp\/v2\/media?parent=9001"}],"curies":[{"name":"wp","href":"https:\/\/api.w.org\/{rel}","templated":true}]}}