{"id":9431,"date":"2023-12-14T10:21:20","date_gmt":"2023-12-14T13:21:20","guid":{"rendered":"https:\/\/previnorte.com.br\/site2\/?page_id=9431"},"modified":"2026-04-02T12:38:12","modified_gmt":"2026-04-02T15:38:12","slug":"plano-previnova","status":"publish","type":"page","link":"https:\/\/previnorte.com.br\/site2\/plano-previnova\/","title":{"rendered":"Plano PrevInova"},"content":{"rendered":"\n<p><\/p>\n\n\n\n<p>O PrevInova \u00e9 um plano de benef\u00edcios de previd\u00eancia complementar, na modalidade Contribui\u00e7\u00e3o Definida, que est\u00e1 fechado para novas ades\u00f5es.<\/p>\n\n\n\n<p>Entre os benef\u00edcios oferecidos aos participantes do Plano est\u00e3o:<\/p>\n\n\n\n<p>  \u2022 <strong>Renda Complementar: <\/strong>benef\u00edcio mensal pago em raz\u00e3o do desligamento do patrocinador e do cumprimento do tempo de contribui\u00e7\u00e3o ao plano;<br>  \u2022 <strong>Benef\u00edcio por Incapacidade para o Trabalho:<\/strong> benef\u00edcio pago em caso de invalidez reconhecida pelo INSS; e<br>  \u2022 <strong>Benef\u00edcio de Pens\u00e3o por Morte:<\/strong> benef\u00edcio pago aos benefici\u00e1rios indicados, conforme rateio definido pelo participante, em caso de \u00f3bito do titular.&nbsp;<\/p>\n","protected":false},"excerpt":{"rendered":"<p>O PrevInova \u00e9 um plano de benef\u00edcios de previd\u00eancia complementar, na modalidade Contribui\u00e7\u00e3o Definida, que est\u00e1 fechado para novas ades\u00f5es. Entre os benef\u00edcios oferecidos aos participantes do Plano est\u00e3o: \u2022 Renda Complementar: benef\u00edcio mensal pago em raz\u00e3o do desligamento do patrocinador e do cumprimento do tempo de contribui\u00e7\u00e3o ao plano; \u2022 Benef\u00edcio por Incapacidade para [&hellip;]<\/p>\n","protected":false},"author":6,"featured_media":0,"parent":0,"menu_order":0,"comment_status":"closed","ping_status":"closed","template":"page-plan.php","meta":{"_acf_changed":false,"om_disable_all_campaigns":false,"_monsterinsights_skip_tracking":false,"_monsterinsights_sitenote_active":false,"_monsterinsights_sitenote_note":"","_monsterinsights_sitenote_category":0,"_uf_show_specific_survey":0,"_uf_disable_surveys":false,"footnotes":""},"class_list":["post-9431","page","type-page","status-publish","hentry"],"acf":[],"aioseo_notices":[],"yoast_head":"<!-- This site is optimized with the Yoast SEO plugin v26.2 - https:\/\/yoast.com\/wordpress\/plugins\/seo\/ -->\r\n<title>Plano PrevInova - Previnorte<\/title>\r\n<meta name=\"robots\" content=\"index, follow, max-snippet:-1, max-image-preview:large, max-video-preview:-1\" \/>\r\n<link rel=\"canonical\" href=\"https:\/\/previnorte.com.br\/site2\/plano-previnova\/\" \/>\r\n<meta property=\"og:locale\" content=\"pt_BR\" \/>\r\n<meta property=\"og:type\" content=\"article\" \/>\r\n<meta property=\"og:title\" content=\"Plano PrevInova - Previnorte\" \/>\r\n<meta property=\"og:description\" content=\"O PrevInova \u00e9 um plano de benef\u00edcios de previd\u00eancia complementar, na modalidade Contribui\u00e7\u00e3o Definida, que est\u00e1 fechado para novas ades\u00f5es. Entre os benef\u00edcios oferecidos aos participantes do Plano est\u00e3o: \u2022 Renda Complementar: benef\u00edcio mensal pago em raz\u00e3o do desligamento do patrocinador e do cumprimento do tempo de contribui\u00e7\u00e3o ao plano; \u2022 Benef\u00edcio por Incapacidade para [&hellip;]\" \/>\r\n<meta property=\"og:url\" content=\"https:\/\/previnorte.com.br\/site2\/plano-previnova\/\" \/>\r\n<meta property=\"og:site_name\" content=\"Previnorte\" \/>\r\n<meta property=\"article:modified_time\" content=\"2026-04-02T15:38:12+00:00\" \/>\r\n<meta name=\"twitter:card\" content=\"summary_large_image\" \/>\r\n<meta name=\"twitter:label1\" content=\"Est. tempo de leitura\" \/>\n\t<meta name=\"twitter:data1\" content=\"1 minuto\" \/>\r\n<script type=\"application\/ld+json\" class=\"yoast-schema-graph\">{\"@context\":\"https:\/\/schema.org\",\"@graph\":[{\"@type\":\"WebPage\",\"@id\":\"https:\/\/previnorte.com.br\/site2\/plano-previnova\/\",\"url\":\"https:\/\/previnorte.com.br\/site2\/plano-previnova\/\",\"name\":\"Plano PrevInova - Previnorte\",\"isPartOf\":{\"@id\":\"https:\/\/previnorte.com.br\/site2\/#website\"},\"datePublished\":\"2023-12-14T13:21:20+00:00\",\"dateModified\":\"2026-04-02T15:38:12+00:00\",\"breadcrumb\":{\"@id\":\"https:\/\/previnorte.com.br\/site2\/plano-previnova\/#breadcrumb\"},\"inLanguage\":\"pt-BR\",\"potentialAction\":[{\"@type\":\"ReadAction\",\"target\":[\"https:\/\/previnorte.com.br\/site2\/plano-previnova\/\"]}]},{\"@type\":\"BreadcrumbList\",\"@id\":\"https:\/\/previnorte.com.br\/site2\/plano-previnova\/#breadcrumb\",\"itemListElement\":[{\"@type\":\"ListItem\",\"position\":1,\"name\":\"In\u00edcio\",\"item\":\"https:\/\/previnorte.com.br\/site2\/\"},{\"@type\":\"ListItem\",\"position\":2,\"name\":\"Plano PrevInova\"}]},{\"@type\":\"WebSite\",\"@id\":\"https:\/\/previnorte.com.br\/site2\/#website\",\"url\":\"https:\/\/previnorte.com.br\/site2\/\",\"name\":\"Previnorte\",\"description\":\"Uma entidade fechada de previd\u00eancia complementar,  sem fins lucrativos.\",\"potentialAction\":[{\"@type\":\"SearchAction\",\"target\":{\"@type\":\"EntryPoint\",\"urlTemplate\":\"https:\/\/previnorte.com.br\/site2\/?s={search_term_string}\"},\"query-input\":{\"@type\":\"PropertyValueSpecification\",\"valueRequired\":true,\"valueName\":\"search_term_string\"}}],\"inLanguage\":\"pt-BR\"}]}<\/script>\r\n<!-- \/ Yoast SEO plugin. -->","yoast_head_json":{"title":"Plano PrevInova - Previnorte","robots":{"index":"index","follow":"follow","max-snippet":"max-snippet:-1","max-image-preview":"max-image-preview:large","max-video-preview":"max-video-preview:-1"},"canonical":"https:\/\/previnorte.com.br\/site2\/plano-previnova\/","og_locale":"pt_BR","og_type":"article","og_title":"Plano PrevInova - Previnorte","og_description":"O PrevInova \u00e9 um plano de benef\u00edcios de previd\u00eancia complementar, na modalidade Contribui\u00e7\u00e3o Definida, que est\u00e1 fechado para novas ades\u00f5es. Entre os benef\u00edcios oferecidos aos participantes do Plano est\u00e3o: \u2022 Renda Complementar: benef\u00edcio mensal pago em raz\u00e3o do desligamento do patrocinador e do cumprimento do tempo de contribui\u00e7\u00e3o ao plano; \u2022 Benef\u00edcio por Incapacidade para [&hellip;]","og_url":"https:\/\/previnorte.com.br\/site2\/plano-previnova\/","og_site_name":"Previnorte","article_modified_time":"2026-04-02T15:38:12+00:00","twitter_card":"summary_large_image","twitter_misc":{"Est. tempo de leitura":"1 minuto"},"schema":{"@context":"https:\/\/schema.org","@graph":[{"@type":"WebPage","@id":"https:\/\/previnorte.com.br\/site2\/plano-previnova\/","url":"https:\/\/previnorte.com.br\/site2\/plano-previnova\/","name":"Plano PrevInova - Previnorte","isPartOf":{"@id":"https:\/\/previnorte.com.br\/site2\/#website"},"datePublished":"2023-12-14T13:21:20+00:00","dateModified":"2026-04-02T15:38:12+00:00","breadcrumb":{"@id":"https:\/\/previnorte.com.br\/site2\/plano-previnova\/#breadcrumb"},"inLanguage":"pt-BR","potentialAction":[{"@type":"ReadAction","target":["https:\/\/previnorte.com.br\/site2\/plano-previnova\/"]}]},{"@type":"BreadcrumbList","@id":"https:\/\/previnorte.com.br\/site2\/plano-previnova\/#breadcrumb","itemListElement":[{"@type":"ListItem","position":1,"name":"In\u00edcio","item":"https:\/\/previnorte.com.br\/site2\/"},{"@type":"ListItem","position":2,"name":"Plano PrevInova"}]},{"@type":"WebSite","@id":"https:\/\/previnorte.com.br\/site2\/#website","url":"https:\/\/previnorte.com.br\/site2\/","name":"Previnorte","description":"Uma entidade fechada de previd\u00eancia complementar,  sem fins lucrativos.","potentialAction":[{"@type":"SearchAction","target":{"@type":"EntryPoint","urlTemplate":"https:\/\/previnorte.com.br\/site2\/?s={search_term_string}"},"query-input":{"@type":"PropertyValueSpecification","valueRequired":true,"valueName":"search_term_string"}}],"inLanguage":"pt-BR"}]}},"_links":{"self":[{"href":"https:\/\/previnorte.com.br\/site2\/wp-json\/wp\/v2\/pages\/9431","targetHints":{"allow":["GET"]}}],"collection":[{"href":"https:\/\/previnorte.com.br\/site2\/wp-json\/wp\/v2\/pages"}],"about":[{"href":"https:\/\/previnorte.com.br\/site2\/wp-json\/wp\/v2\/types\/page"}],"author":[{"embeddable":true,"href":"https:\/\/previnorte.com.br\/site2\/wp-json\/wp\/v2\/users\/6"}],"replies":[{"embeddable":true,"href":"https:\/\/previnorte.com.br\/site2\/wp-json\/wp\/v2\/comments?post=9431"}],"version-history":[{"count":145,"href":"https:\/\/previnorte.com.br\/site2\/wp-json\/wp\/v2\/pages\/9431\/revisions"}],"predecessor-version":[{"id":20359,"href":"https:\/\/previnorte.com.br\/site2\/wp-json\/wp\/v2\/pages\/9431\/revisions\/20359"}],"wp:attachment":[{"href":"https:\/\/previnorte.com.br\/site2\/wp-json\/wp\/v2\/media?parent=9431"}],"curies":[{"name":"wp","href":"https:\/\/api.w.org\/{rel}","templated":true}]}}