{"id":9658,"date":"2024-01-02T10:26:48","date_gmt":"2024-01-02T13:26:48","guid":{"rendered":"https:\/\/previnorte.com.br\/site2\/?page_id=9658"},"modified":"2025-12-26T09:14:48","modified_gmt":"2025-12-26T12:14:48","slug":"quero-ser-participante-3","status":"publish","type":"page","link":"https:\/\/previnorte.com.br\/site2\/quero-ser-participante-3\/","title":{"rendered":"Quero ser Participante!"},"content":{"rendered":"\n<p>A Previnorte t\u00eam planos especialmente desenhados<br>para ajudar na constru\u00e7\u00e3o de um futuro tranquilo para<br>voc\u00ea e sua fam\u00edlia.<\/p>\n\n\n\n<p>Escolha no menu ao lado o seu patrocinador, para<br>conhecer o plano dispon\u00edvel para voc\u00ea.<\/p>\n\n\n\n<p><\/p>\n","protected":false},"excerpt":{"rendered":"<p>A Previnorte t\u00eam planos especialmente desenhadospara ajudar na constru\u00e7\u00e3o de um futuro tranquilo paravoc\u00ea e sua fam\u00edlia. Escolha no menu ao lado o seu patrocinador, paraconhecer o plano dispon\u00edvel para voc\u00ea.<\/p>\n","protected":false},"author":7,"featured_media":0,"parent":0,"menu_order":0,"comment_status":"closed","ping_status":"closed","template":"page-integrity.php","meta":{"_acf_changed":false,"om_disable_all_campaigns":false,"_monsterinsights_skip_tracking":false,"_monsterinsights_sitenote_active":false,"_monsterinsights_sitenote_note":"","_monsterinsights_sitenote_category":0,"_uf_show_specific_survey":0,"_uf_disable_surveys":false,"footnotes":""},"class_list":["post-9658","page","type-page","status-publish","hentry"],"acf":[],"aioseo_notices":[],"yoast_head":"<!-- This site is optimized with the Yoast SEO plugin v26.2 - https:\/\/yoast.com\/wordpress\/plugins\/seo\/ -->\r\n<title>Quero ser Participante! - Previnorte<\/title>\r\n<meta name=\"robots\" content=\"index, follow, max-snippet:-1, max-image-preview:large, max-video-preview:-1\" \/>\r\n<link rel=\"canonical\" href=\"https:\/\/previnorte.com.br\/site2\/quero-ser-participante-3\/\" \/>\r\n<meta property=\"og:locale\" content=\"pt_BR\" \/>\r\n<meta property=\"og:type\" content=\"article\" \/>\r\n<meta property=\"og:title\" content=\"Quero ser Participante! - Previnorte\" \/>\r\n<meta property=\"og:description\" content=\"A Previnorte t\u00eam planos especialmente desenhadospara ajudar na constru\u00e7\u00e3o de um futuro tranquilo paravoc\u00ea e sua fam\u00edlia. Escolha no menu ao lado o seu patrocinador, paraconhecer o plano dispon\u00edvel para voc\u00ea.\" \/>\r\n<meta property=\"og:url\" content=\"https:\/\/previnorte.com.br\/site2\/quero-ser-participante-3\/\" \/>\r\n<meta property=\"og:site_name\" content=\"Previnorte\" \/>\r\n<meta property=\"article:modified_time\" content=\"2025-12-26T12:14:48+00:00\" \/>\r\n<meta name=\"twitter:card\" content=\"summary_large_image\" \/>\r\n<meta name=\"twitter:label1\" content=\"Est. tempo de leitura\" \/>\n\t<meta name=\"twitter:data1\" content=\"1 minuto\" \/>\r\n<script type=\"application\/ld+json\" class=\"yoast-schema-graph\">{\"@context\":\"https:\/\/schema.org\",\"@graph\":[{\"@type\":\"WebPage\",\"@id\":\"https:\/\/previnorte.com.br\/site2\/quero-ser-participante-3\/\",\"url\":\"https:\/\/previnorte.com.br\/site2\/quero-ser-participante-3\/\",\"name\":\"Quero ser Participante! - Previnorte\",\"isPartOf\":{\"@id\":\"https:\/\/previnorte.com.br\/site2\/#website\"},\"datePublished\":\"2024-01-02T13:26:48+00:00\",\"dateModified\":\"2025-12-26T12:14:48+00:00\",\"breadcrumb\":{\"@id\":\"https:\/\/previnorte.com.br\/site2\/quero-ser-participante-3\/#breadcrumb\"},\"inLanguage\":\"pt-BR\",\"potentialAction\":[{\"@type\":\"ReadAction\",\"target\":[\"https:\/\/previnorte.com.br\/site2\/quero-ser-participante-3\/\"]}]},{\"@type\":\"BreadcrumbList\",\"@id\":\"https:\/\/previnorte.com.br\/site2\/quero-ser-participante-3\/#breadcrumb\",\"itemListElement\":[{\"@type\":\"ListItem\",\"position\":1,\"name\":\"In\u00edcio\",\"item\":\"https:\/\/previnorte.com.br\/site2\/\"},{\"@type\":\"ListItem\",\"position\":2,\"name\":\"Quero ser Participante!\"}]},{\"@type\":\"WebSite\",\"@id\":\"https:\/\/previnorte.com.br\/site2\/#website\",\"url\":\"https:\/\/previnorte.com.br\/site2\/\",\"name\":\"Previnorte\",\"description\":\"Uma entidade fechada de previd\u00eancia complementar,  sem fins lucrativos.\",\"potentialAction\":[{\"@type\":\"SearchAction\",\"target\":{\"@type\":\"EntryPoint\",\"urlTemplate\":\"https:\/\/previnorte.com.br\/site2\/?s={search_term_string}\"},\"query-input\":{\"@type\":\"PropertyValueSpecification\",\"valueRequired\":true,\"valueName\":\"search_term_string\"}}],\"inLanguage\":\"pt-BR\"}]}<\/script>\r\n<!-- \/ Yoast SEO plugin. -->","yoast_head_json":{"title":"Quero ser Participante! - Previnorte","robots":{"index":"index","follow":"follow","max-snippet":"max-snippet:-1","max-image-preview":"max-image-preview:large","max-video-preview":"max-video-preview:-1"},"canonical":"https:\/\/previnorte.com.br\/site2\/quero-ser-participante-3\/","og_locale":"pt_BR","og_type":"article","og_title":"Quero ser Participante! - Previnorte","og_description":"A Previnorte t\u00eam planos especialmente desenhadospara ajudar na constru\u00e7\u00e3o de um futuro tranquilo paravoc\u00ea e sua fam\u00edlia. Escolha no menu ao lado o seu patrocinador, paraconhecer o plano dispon\u00edvel para voc\u00ea.","og_url":"https:\/\/previnorte.com.br\/site2\/quero-ser-participante-3\/","og_site_name":"Previnorte","article_modified_time":"2025-12-26T12:14:48+00:00","twitter_card":"summary_large_image","twitter_misc":{"Est. tempo de leitura":"1 minuto"},"schema":{"@context":"https:\/\/schema.org","@graph":[{"@type":"WebPage","@id":"https:\/\/previnorte.com.br\/site2\/quero-ser-participante-3\/","url":"https:\/\/previnorte.com.br\/site2\/quero-ser-participante-3\/","name":"Quero ser Participante! - Previnorte","isPartOf":{"@id":"https:\/\/previnorte.com.br\/site2\/#website"},"datePublished":"2024-01-02T13:26:48+00:00","dateModified":"2025-12-26T12:14:48+00:00","breadcrumb":{"@id":"https:\/\/previnorte.com.br\/site2\/quero-ser-participante-3\/#breadcrumb"},"inLanguage":"pt-BR","potentialAction":[{"@type":"ReadAction","target":["https:\/\/previnorte.com.br\/site2\/quero-ser-participante-3\/"]}]},{"@type":"BreadcrumbList","@id":"https:\/\/previnorte.com.br\/site2\/quero-ser-participante-3\/#breadcrumb","itemListElement":[{"@type":"ListItem","position":1,"name":"In\u00edcio","item":"https:\/\/previnorte.com.br\/site2\/"},{"@type":"ListItem","position":2,"name":"Quero ser Participante!"}]},{"@type":"WebSite","@id":"https:\/\/previnorte.com.br\/site2\/#website","url":"https:\/\/previnorte.com.br\/site2\/","name":"Previnorte","description":"Uma entidade fechada de previd\u00eancia complementar,  sem fins lucrativos.","potentialAction":[{"@type":"SearchAction","target":{"@type":"EntryPoint","urlTemplate":"https:\/\/previnorte.com.br\/site2\/?s={search_term_string}"},"query-input":{"@type":"PropertyValueSpecification","valueRequired":true,"valueName":"search_term_string"}}],"inLanguage":"pt-BR"}]}},"_links":{"self":[{"href":"https:\/\/previnorte.com.br\/site2\/wp-json\/wp\/v2\/pages\/9658","targetHints":{"allow":["GET"]}}],"collection":[{"href":"https:\/\/previnorte.com.br\/site2\/wp-json\/wp\/v2\/pages"}],"about":[{"href":"https:\/\/previnorte.com.br\/site2\/wp-json\/wp\/v2\/types\/page"}],"author":[{"embeddable":true,"href":"https:\/\/previnorte.com.br\/site2\/wp-json\/wp\/v2\/users\/7"}],"replies":[{"embeddable":true,"href":"https:\/\/previnorte.com.br\/site2\/wp-json\/wp\/v2\/comments?post=9658"}],"version-history":[{"count":22,"href":"https:\/\/previnorte.com.br\/site2\/wp-json\/wp\/v2\/pages\/9658\/revisions"}],"predecessor-version":[{"id":19152,"href":"https:\/\/previnorte.com.br\/site2\/wp-json\/wp\/v2\/pages\/9658\/revisions\/19152"}],"wp:attachment":[{"href":"https:\/\/previnorte.com.br\/site2\/wp-json\/wp\/v2\/media?parent=9658"}],"curies":[{"name":"wp","href":"https:\/\/api.w.org\/{rel}","templated":true}]}}