{"id":9663,"date":"2024-01-02T10:58:58","date_gmt":"2024-01-02T13:58:58","guid":{"rendered":"https:\/\/previnorte.com.br\/site2\/?page_id=9663"},"modified":"2025-12-23T11:06:02","modified_gmt":"2025-12-23T14:06:02","slug":"quero-ser-plano-b","status":"publish","type":"page","link":"https:\/\/previnorte.com.br\/site2\/quero-ser-plano-b\/","title":{"rendered":"Plano B: quero fazer parte!"},"content":{"rendered":"\n<p>Neste Plano <strong>o seu patrocinador far\u00e1 contribui\u00e7\u00f5es mensais junto com voc\u00ea<\/strong> para formar uma renda p\u00f3s-emprego. Al\u00e9m disso, <strong>voc\u00ea e seus familiares estar\u00e3o cobertos<\/strong> em eventos inesperados, como invalidez ou morte do titular.<\/p>\n\n\n\n<p>No menu ao lado voc\u00ea poder\u00e1 conhecer as principais vantagens do seu plano e fazer<strong> hoje mesmo<\/strong> a sua ades\u00e3o, dando um primeiro passo na constru\u00e7\u00e3o de um <strong>futuro mais tranquilo para voc\u00ea e para quem voc\u00ea mais ama<\/strong>. <\/p>\n\n\n\n<p>Caso deseje, voc\u00ea pode solicitar <strong>simula\u00e7\u00f5es<\/strong> dos valores de contribui\u00e7\u00f5es pelo e-mail relacionamento@previnorte.com.br.<\/p>\n\n\n\n<p><\/p>\n","protected":false},"excerpt":{"rendered":"<p>Neste Plano o seu patrocinador far\u00e1 contribui\u00e7\u00f5es mensais junto com voc\u00ea para formar uma renda p\u00f3s-emprego. Al\u00e9m disso, voc\u00ea e seus familiares estar\u00e3o cobertos em eventos inesperados, como invalidez ou morte do titular. No menu ao lado voc\u00ea poder\u00e1 conhecer as principais vantagens do seu plano e fazer hoje mesmo a sua ades\u00e3o, dando um [&hellip;]<\/p>\n","protected":false},"author":7,"featured_media":0,"parent":0,"menu_order":0,"comment_status":"closed","ping_status":"closed","template":"page-integrity.php","meta":{"_acf_changed":false,"om_disable_all_campaigns":false,"_monsterinsights_skip_tracking":false,"_monsterinsights_sitenote_active":false,"_monsterinsights_sitenote_note":"","_monsterinsights_sitenote_category":0,"_uf_show_specific_survey":0,"_uf_disable_surveys":false,"footnotes":""},"class_list":["post-9663","page","type-page","status-publish","hentry"],"acf":[],"aioseo_notices":[],"yoast_head":"<!-- This site is optimized with the Yoast SEO plugin v26.2 - https:\/\/yoast.com\/wordpress\/plugins\/seo\/ -->\r\n<title>Plano B: quero fazer parte! - Previnorte<\/title>\r\n<meta name=\"robots\" content=\"index, follow, max-snippet:-1, max-image-preview:large, max-video-preview:-1\" \/>\r\n<link rel=\"canonical\" href=\"https:\/\/previnorte.com.br\/site2\/quero-ser-plano-b\/\" \/>\r\n<meta property=\"og:locale\" content=\"pt_BR\" \/>\r\n<meta property=\"og:type\" content=\"article\" \/>\r\n<meta property=\"og:title\" content=\"Plano B: quero fazer parte! - Previnorte\" \/>\r\n<meta property=\"og:description\" content=\"Neste Plano o seu patrocinador far\u00e1 contribui\u00e7\u00f5es mensais junto com voc\u00ea para formar uma renda p\u00f3s-emprego. Al\u00e9m disso, voc\u00ea e seus familiares estar\u00e3o cobertos em eventos inesperados, como invalidez ou morte do titular. No menu ao lado voc\u00ea poder\u00e1 conhecer as principais vantagens do seu plano e fazer hoje mesmo a sua ades\u00e3o, dando um [&hellip;]\" \/>\r\n<meta property=\"og:url\" content=\"https:\/\/previnorte.com.br\/site2\/quero-ser-plano-b\/\" \/>\r\n<meta property=\"og:site_name\" content=\"Previnorte\" \/>\r\n<meta property=\"article:modified_time\" content=\"2025-12-23T14:06:02+00:00\" \/>\r\n<meta name=\"twitter:card\" content=\"summary_large_image\" \/>\r\n<meta name=\"twitter:label1\" content=\"Est. tempo de leitura\" \/>\n\t<meta name=\"twitter:data1\" content=\"1 minuto\" \/>\r\n<script type=\"application\/ld+json\" class=\"yoast-schema-graph\">{\"@context\":\"https:\/\/schema.org\",\"@graph\":[{\"@type\":\"WebPage\",\"@id\":\"https:\/\/previnorte.com.br\/site2\/quero-ser-plano-b\/\",\"url\":\"https:\/\/previnorte.com.br\/site2\/quero-ser-plano-b\/\",\"name\":\"Plano B: quero fazer parte! - Previnorte\",\"isPartOf\":{\"@id\":\"https:\/\/previnorte.com.br\/site2\/#website\"},\"datePublished\":\"2024-01-02T13:58:58+00:00\",\"dateModified\":\"2025-12-23T14:06:02+00:00\",\"breadcrumb\":{\"@id\":\"https:\/\/previnorte.com.br\/site2\/quero-ser-plano-b\/#breadcrumb\"},\"inLanguage\":\"pt-BR\",\"potentialAction\":[{\"@type\":\"ReadAction\",\"target\":[\"https:\/\/previnorte.com.br\/site2\/quero-ser-plano-b\/\"]}]},{\"@type\":\"BreadcrumbList\",\"@id\":\"https:\/\/previnorte.com.br\/site2\/quero-ser-plano-b\/#breadcrumb\",\"itemListElement\":[{\"@type\":\"ListItem\",\"position\":1,\"name\":\"In\u00edcio\",\"item\":\"https:\/\/previnorte.com.br\/site2\/\"},{\"@type\":\"ListItem\",\"position\":2,\"name\":\"Plano B: quero fazer parte!\"}]},{\"@type\":\"WebSite\",\"@id\":\"https:\/\/previnorte.com.br\/site2\/#website\",\"url\":\"https:\/\/previnorte.com.br\/site2\/\",\"name\":\"Previnorte\",\"description\":\"Uma entidade fechada de previd\u00eancia complementar,  sem fins lucrativos.\",\"potentialAction\":[{\"@type\":\"SearchAction\",\"target\":{\"@type\":\"EntryPoint\",\"urlTemplate\":\"https:\/\/previnorte.com.br\/site2\/?s={search_term_string}\"},\"query-input\":{\"@type\":\"PropertyValueSpecification\",\"valueRequired\":true,\"valueName\":\"search_term_string\"}}],\"inLanguage\":\"pt-BR\"}]}<\/script>\r\n<!-- \/ Yoast SEO plugin. -->","yoast_head_json":{"title":"Plano B: quero fazer parte! - Previnorte","robots":{"index":"index","follow":"follow","max-snippet":"max-snippet:-1","max-image-preview":"max-image-preview:large","max-video-preview":"max-video-preview:-1"},"canonical":"https:\/\/previnorte.com.br\/site2\/quero-ser-plano-b\/","og_locale":"pt_BR","og_type":"article","og_title":"Plano B: quero fazer parte! - Previnorte","og_description":"Neste Plano o seu patrocinador far\u00e1 contribui\u00e7\u00f5es mensais junto com voc\u00ea para formar uma renda p\u00f3s-emprego. Al\u00e9m disso, voc\u00ea e seus familiares estar\u00e3o cobertos em eventos inesperados, como invalidez ou morte do titular. No menu ao lado voc\u00ea poder\u00e1 conhecer as principais vantagens do seu plano e fazer hoje mesmo a sua ades\u00e3o, dando um [&hellip;]","og_url":"https:\/\/previnorte.com.br\/site2\/quero-ser-plano-b\/","og_site_name":"Previnorte","article_modified_time":"2025-12-23T14:06:02+00:00","twitter_card":"summary_large_image","twitter_misc":{"Est. tempo de leitura":"1 minuto"},"schema":{"@context":"https:\/\/schema.org","@graph":[{"@type":"WebPage","@id":"https:\/\/previnorte.com.br\/site2\/quero-ser-plano-b\/","url":"https:\/\/previnorte.com.br\/site2\/quero-ser-plano-b\/","name":"Plano B: quero fazer parte! - Previnorte","isPartOf":{"@id":"https:\/\/previnorte.com.br\/site2\/#website"},"datePublished":"2024-01-02T13:58:58+00:00","dateModified":"2025-12-23T14:06:02+00:00","breadcrumb":{"@id":"https:\/\/previnorte.com.br\/site2\/quero-ser-plano-b\/#breadcrumb"},"inLanguage":"pt-BR","potentialAction":[{"@type":"ReadAction","target":["https:\/\/previnorte.com.br\/site2\/quero-ser-plano-b\/"]}]},{"@type":"BreadcrumbList","@id":"https:\/\/previnorte.com.br\/site2\/quero-ser-plano-b\/#breadcrumb","itemListElement":[{"@type":"ListItem","position":1,"name":"In\u00edcio","item":"https:\/\/previnorte.com.br\/site2\/"},{"@type":"ListItem","position":2,"name":"Plano B: quero fazer parte!"}]},{"@type":"WebSite","@id":"https:\/\/previnorte.com.br\/site2\/#website","url":"https:\/\/previnorte.com.br\/site2\/","name":"Previnorte","description":"Uma entidade fechada de previd\u00eancia complementar,  sem fins lucrativos.","potentialAction":[{"@type":"SearchAction","target":{"@type":"EntryPoint","urlTemplate":"https:\/\/previnorte.com.br\/site2\/?s={search_term_string}"},"query-input":{"@type":"PropertyValueSpecification","valueRequired":true,"valueName":"search_term_string"}}],"inLanguage":"pt-BR"}]}},"_links":{"self":[{"href":"https:\/\/previnorte.com.br\/site2\/wp-json\/wp\/v2\/pages\/9663","targetHints":{"allow":["GET"]}}],"collection":[{"href":"https:\/\/previnorte.com.br\/site2\/wp-json\/wp\/v2\/pages"}],"about":[{"href":"https:\/\/previnorte.com.br\/site2\/wp-json\/wp\/v2\/types\/page"}],"author":[{"embeddable":true,"href":"https:\/\/previnorte.com.br\/site2\/wp-json\/wp\/v2\/users\/7"}],"replies":[{"embeddable":true,"href":"https:\/\/previnorte.com.br\/site2\/wp-json\/wp\/v2\/comments?post=9663"}],"version-history":[{"count":33,"href":"https:\/\/previnorte.com.br\/site2\/wp-json\/wp\/v2\/pages\/9663\/revisions"}],"predecessor-version":[{"id":19281,"href":"https:\/\/previnorte.com.br\/site2\/wp-json\/wp\/v2\/pages\/9663\/revisions\/19281"}],"wp:attachment":[{"href":"https:\/\/previnorte.com.br\/site2\/wp-json\/wp\/v2\/media?parent=9663"}],"curies":[{"name":"wp","href":"https:\/\/api.w.org\/{rel}","templated":true}]}}