{"id":9826,"date":"2024-01-05T18:11:07","date_gmt":"2024-01-05T21:11:07","guid":{"rendered":"https:\/\/previnorte.com.br\/site2\/?page_id=9826"},"modified":"2024-06-10T17:12:03","modified_gmt":"2024-06-10T20:12:03","slug":"giro-de-noticias-2023","status":"publish","type":"page","link":"https:\/\/previnorte.com.br\/site2\/giro-de-noticias-2023\/","title":{"rendered":"Giro de Not\u00edcias 2023"},"content":{"rendered":"\n<p><a href=\"https:\/\/previnorte.com.br\/site2\/wp-content\/uploads\/2023\/12\/Giro-Edicao-73.pdf\">Giro de Not\u00edcias 73|2023 &#8211; 22 de dez<\/a><\/p>\n\n\n\n<p><a href=\"https:\/\/previnorte.com.br\/site2\/wp-content\/uploads\/2023\/12\/Giro-72.pdf\">Giro de Not\u00edcias 72|2023 &#8211; 15 de dez<\/a><\/p>\n\n\n\n<p><a href=\"https:\/\/previnorte.com.br\/site2\/wp-content\/uploads\/2023\/12\/Giro-de-Noticias-71-2023.pdf\">Giro de Not\u00edcias 71|2023 &#8211; 8 de dez<\/a><\/p>\n\n\n\n<p><a href=\"https:\/\/previnorte.com.br\/site2\/wp-content\/uploads\/2023\/11\/Giro-de-Noticias-70-2023.pdf\">Giro de Not\u00edcias 70|2023 &#8211; 29 de nov<\/a><\/p>\n\n\n\n<p><a href=\"https:\/\/previnorte.com.br\/site2\/wp-content\/uploads\/2023\/11\/Edicao-69.pdf\">Giro de Not\u00edcias 69|2023 &#8211; 24 de nov<\/a><\/p>\n\n\n\n<p><a href=\"https:\/\/previnorte.com.br\/site2\/wp-content\/uploads\/2023\/11\/Giro-de-Noticias-68-2023.pdf\">Giro de Not\u00edcias 68|2023 &#8211; 17 de nov<\/a><\/p>\n\n\n\n<p><a href=\"https:\/\/previnorte.com.br\/site2\/wp-content\/uploads\/2023\/11\/Giro-de-Noticias-67-2023.pdf\">Giro de Not\u00edcias 67|2023 &#8211; 10 de nov<\/a><\/p>\n\n\n\n<p><a href=\"https:\/\/previnorte.com.br\/site2\/wp-content\/uploads\/2023\/11\/Giro-de-Noticias-66-2023.pdf\">Giro de Not\u00edcias 66|2023 &#8211; 3 de nov<\/a><\/p>\n\n\n\n<p><a href=\"https:\/\/previnorte.com.br\/site2\/wp-content\/uploads\/2023\/11\/Giro-de-Noticias-65-2023.pdf\">Giro de Not\u00edcias 65|2023 &#8211; 27 de out<\/a><\/p>\n\n\n\n<p><a href=\"https:\/\/previnorte.com.br\/site2\/wp-content\/uploads\/2023\/10\/Giro-de-Noticias-64-2023.pdf\">Giro de Not\u00edcias 64|2023 &#8211; 20 de out<\/a><\/p>\n\n\n\n<p><a href=\"https:\/\/previnorte.com.br\/site2\/wp-content\/uploads\/2023\/10\/Giro-63.pdf\">Giro de Not\u00edcias 63|2023  &#8211; 11 de out<\/a><\/p>\n\n\n\n<p><a href=\"https:\/\/previnorte.com.br\/site2\/wp-content\/uploads\/2023\/10\/Giro-de-Noticias-62-2023-Final.pdf\">Giro de Not\u00edcias 62|2023 &#8211; 6 de out<\/a><\/p>\n\n\n\n<p><a href=\"https:\/\/previnorte.com.br\/site2\/wp-content\/uploads\/2023\/09\/Giro-de-Noticias-61-2023.pdf\">Giro de Not\u00edcias 61|2023 &#8211; 28 de set<\/a><\/p>\n\n\n\n<p><a href=\"https:\/\/previnorte.com.br\/site2\/wp-content\/uploads\/2023\/09\/Giro-edicao-60-FINAL.pdf\">Giro de Not\u00edcias 60|2023 &#8211; 22 de set<\/a><\/p>\n\n\n\n<p><a href=\"https:\/\/previnorte.com.br\/site2\/wp-content\/uploads\/2023\/09\/Giro-edicao-59.pdf\">Giro de Not\u00edcias 59|2023 &#8211; 15 de set<\/a><\/p>\n\n\n\n<p><a href=\"https:\/\/previnorte.com.br\/site2\/wp-content\/uploads\/2023\/09\/Giro-de-Noticias-58-2023.pdf\">Giro de Not\u00edcias 58|2023 &#8211; 8 de set<\/a><\/p>\n\n\n\n<p><a href=\"https:\/\/previnorte.com.br\/site2\/wp-content\/uploads\/2023\/08\/Giro-de-Noticias-57-2023.pdf\">Giro de Not\u00edcias 57|2023 &#8211; 31 de ago<\/a><\/p>\n\n\n\n<p><a href=\"https:\/\/previnorte.com.br\/site2\/wp-content\/uploads\/2023\/08\/Giro-de-Noticias-56-2023.pdf\">Giro de Not\u00edcias 56|2023 &#8211; 24 de ago<\/a><\/p>\n\n\n\n<p><a href=\"https:\/\/previnorte.com.br\/site2\/wp-content\/uploads\/2023\/08\/Giro-de-Noticias-55-2023.pdf\">Giro de Not\u00edcias 55|2023 &#8211; 17 de ago<\/a><\/p>\n\n\n\n<p><a href=\"https:\/\/previnorte.com.br\/site2\/wp-content\/uploads\/2023\/08\/Giro-de-Noticias-54-2023.pdf\">Giro de Not\u00edcias 54|2023 &#8211; 10 de ago<\/a><\/p>\n\n\n\n<p><a href=\"https:\/\/previnorte.com.br\/site2\/wp-content\/uploads\/2023\/08\/Giro-de-Noticias-53-2023.pdf\">Giro de Not\u00edcias 53|2023 &#8211; 4 de ago<\/a><\/p>\n\n\n\n<p><a href=\"https:\/\/previnorte.com.br\/site2\/wp-content\/uploads\/2023\/07\/Giro-de-Noticias-052-23.pdf\">Giro de Not\u00edcias 52|2023 &#8211; 27 de jul<\/a><\/p>\n\n\n\n<p><a href=\"https:\/\/previnorte.com.br\/site2\/wp-content\/uploads\/2023\/07\/giro-edicao-51.pdf\">Giro de Not\u00edcias 51|2023 &#8211; 20 de jul<\/a><\/p>\n\n\n\n<p><a href=\"https:\/\/previnorte.com.br\/site2\/wp-content\/uploads\/2023\/07\/Giro-de-Noticias-50-2023.pdf\">Giro de Not\u00edcias 50|2023 &#8211; 14 de jul<\/a><\/p>\n\n\n\n<p><a href=\"https:\/\/previnorte.com.br\/site2\/wp-content\/uploads\/2023\/07\/Giro-de-Noticias-49-2023.pdf\">Giro de Not\u00edcias 49|2023 &#8211; 6 de jul<\/a><\/p>\n\n\n\n<p><a href=\"https:\/\/previnorte.com.br\/site2\/wp-content\/uploads\/2023\/06\/Giro-de-Noticias-48-2023.pdf\">Giro de Not\u00edcias 48|2023 &#8211; 30 de jun<\/a><\/p>\n\n\n\n<p><a href=\"https:\/\/previnorte.com.br\/site2\/wp-content\/uploads\/2023\/06\/Giro-de-Noticias-47-2023.pdf\">Giro de Not\u00edcias 47|2023 &#8211; 22 de jun<\/a><\/p>\n\n\n\n<p><a href=\"https:\/\/previnorte.com.br\/site2\/wp-content\/uploads\/2023\/06\/Giro-de-Noticias-46-2023.pdf\">Giro de Not\u00edcias 46|2023 &#8211; 15 de jun<\/a><\/p>\n\n\n\n<p><a href=\"https:\/\/previnorte.com.br\/site2\/wp-content\/uploads\/2023\/06\/Giro-de-Noticias-45-2023.pdf\">Giro de Not\u00edcias 45|2023 &#8211; 9 de jun<\/a><\/p>\n\n\n\n<p><a href=\"https:\/\/previnorte.com.br\/site2\/wp-content\/uploads\/2023\/06\/Giro-de-Noticias-44-2023.pdf\">Giro de Not\u00edcias 44|2023 &#8211; 1\u00ba de jun<\/a><\/p>\n\n\n\n<p><a href=\"https:\/\/previnorte.com.br\/site2\/wp-content\/uploads\/2023\/05\/Giro-de-Noticias-43-2023.docx.pdf\">Giro de Not\u00edcias 43|2023 &#8211; 25 de maio<\/a><\/p>\n\n\n\n<p><a href=\"https:\/\/previnorte.com.br\/site2\/wp-content\/uploads\/2023\/05\/Giro-de-Noticias-42-2023.pdf\">Giro de Not\u00edcias 42|2023 &#8211; 18 de maio<\/a><\/p>\n\n\n\n<p><a href=\"https:\/\/previnorte.com.br\/site2\/wp-content\/uploads\/2023\/05\/Giro-de-Noticias-41-2023.pdf\">Giro de  Not\u00edcias 41|2023 &#8211; 11 de maio<\/a><\/p>\n\n\n\n<p><a href=\"https:\/\/previnorte.com.br\/site2\/wp-content\/uploads\/2023\/05\/Giro-de-Noticias-40-2023.pdf\">Giro de Not\u00edcias 40|2023 &#8211; 4 de maio<\/a><\/p>\n\n\n\n<p><a href=\"https:\/\/previnorte.com.br\/site2\/wp-content\/uploads\/2023\/04\/Giro-de-Noticias-39-2023.pdf\">Giro de Not\u00edcias 39|2023 &#8211; 27 de abril<\/a><\/p>\n\n\n\n<p><a href=\"https:\/\/previnorte.com.br\/site2\/wp-content\/uploads\/2023\/04\/Giro-de-Noticias-38-2023.pdf\">Giro de Not\u00edcias 38|2023 &#8211; 19 de abril<\/a><\/p>\n\n\n\n<p><a href=\"https:\/\/previnorte.com.br\/site2\/wp-content\/uploads\/2023\/04\/Giro-de-Noticias-37-2023.pdf\">Giro de Not\u00edcias 37|2023 &#8211; 12 de abril<\/a><\/p>\n\n\n\n<p><a href=\"https:\/\/previnorte.com.br\/site2\/wp-content\/uploads\/2023\/04\/Edicao-36-Giro-de-Noticias.pdf\">Giro de Not\u00edcias 36|2023 &#8211; 6 de abril<\/a><\/p>\n\n\n\n<p><a href=\"https:\/\/previnorte.com.br\/site2\/wp-content\/uploads\/2023\/03\/Giro-de-Noticias-35-2023.pdf\">Giro de Not\u00edcias 35|2023 &#8211; 30 de mar\u00e7o<\/a><\/p>\n\n\n\n<p><a href=\"https:\/\/previnorte.com.br\/site2\/wp-content\/uploads\/2023\/03\/Giro-de-Noticias-34-2023.pdf\">Giro de Not\u00edcias 34|2023 &#8211; 23 de mar\u00e7o<\/a><\/p>\n\n\n\n<p><a href=\"https:\/\/previnorte.com.br\/site2\/wp-content\/uploads\/2023\/03\/GIRO-DE-NOTICIAS-33-2023.pdf\">Giro de Not\u00edcias 33|2023 &#8211; 17 de mar\u00e7o<\/a><\/p>\n\n\n\n<p><a href=\"https:\/\/previnorte.com.br\/site2\/wp-content\/uploads\/2023\/03\/Giro-de-Noticias-32-2023.pdf\">Giro de Not\u00edcias 32|2023 &#8211; 8 de mar\u00e7o<\/a><\/p>\n\n\n\n<p><a href=\"https:\/\/previnorte.com.br\/site2\/wp-content\/uploads\/2023\/03\/Giro-de-Noticias-31-2023.pdf\">Giro de Not\u00edcias 31|2023 &#8211; 3 de mar\u00e7o<\/a><\/p>\n\n\n\n<p><a href=\"https:\/\/previnorte.com.br\/site2\/wp-content\/uploads\/2023\/02\/Giro-de-Noticias-30-2023.pdf\">Giro de Not\u00edcias 30|2023 &#8211; 23 de fevereiro<\/a><\/p>\n\n\n\n<p><a href=\"https:\/\/previnorte.com.br\/site2\/wp-content\/uploads\/2023\/02\/Giro-de-Noticias-29-2023.pdf\">Giro de Not\u00edcias 29|2023 &#8211; 15 de fevereiro<\/a><\/p>\n\n\n\n<p><a href=\"https:\/\/previnorte.com.br\/site2\/wp-content\/uploads\/2023\/02\/Giro-de-Noticias-28-2023.pdf\">Giro de Not\u00edcias 28|2023 &#8211; 8 de fevereiro<\/a><\/p>\n\n\n\n<p><a href=\"https:\/\/previnorte.com.br\/site2\/wp-content\/uploads\/2023\/02\/Giro-de-Noticias-27-2023-.pdf\">Giro de Not\u00edcias 27|2023 &#8211; 1\u00ba de fevereiro<\/a><\/p>\n\n\n\n<p><a href=\"https:\/\/previnorte.com.br\/site2\/wp-content\/uploads\/2023\/01\/Giro-de-Noticias-26-2023.pdf\">Giro de Not\u00edcias 26|2023 &#8211; 24 de janeiro<\/a><\/p>\n\n\n\n<p><a href=\"https:\/\/previnorte.com.br\/site2\/wp-content\/uploads\/2023\/01\/Giro-de-Noticias-25-2022.pdf\">Giro de Not\u00edcias 25| 2023 &#8211; 18 de janeiro<\/a><\/p>\n\n\n\n<p><a href=\"https:\/\/previnorte.com.br\/site2\/wp-content\/uploads\/2023\/01\/Giro-de-Noticias-24-2022.pdf\">Giro de Not\u00edcias 24|2023 &#8211; 11 de janeiro<\/a><\/p>\n\n\n\n<p><a href=\"https:\/\/previnorte.com.br\/site2\/wp-content\/uploads\/2023\/01\/Giro-de-Noticias-23-2022.pdf\">Giro de Not\u00edcias 23|2023 &#8211; 4 de janeiro<\/a><\/p>\n","protected":false},"excerpt":{"rendered":"<p>Giro de Not\u00edcias 73|2023 &#8211; 22 de dez Giro de Not\u00edcias 72|2023 &#8211; 15 de dez Giro de Not\u00edcias 71|2023 &#8211; 8 de dez Giro de Not\u00edcias 70|2023 &#8211; 29 de nov Giro de Not\u00edcias 69|2023 &#8211; 24 de nov Giro de Not\u00edcias 68|2023 &#8211; 17 de nov Giro de Not\u00edcias 67|2023 &#8211; 10 de [&hellip;]<\/p>\n","protected":false},"author":6,"featured_media":0,"parent":0,"menu_order":0,"comment_status":"closed","ping_status":"closed","template":"","meta":{"_acf_changed":false,"om_disable_all_campaigns":false,"_monsterinsights_skip_tracking":false,"_monsterinsights_sitenote_active":false,"_monsterinsights_sitenote_note":"","_monsterinsights_sitenote_category":0,"_uf_show_specific_survey":0,"_uf_disable_surveys":false,"footnotes":""},"class_list":["post-9826","page","type-page","status-publish","hentry"],"acf":[],"aioseo_notices":[],"yoast_head":"<!-- This site is optimized with the Yoast SEO plugin v26.2 - https:\/\/yoast.com\/wordpress\/plugins\/seo\/ -->\r\n<title>Giro de Not\u00edcias 2023 - Previnorte<\/title>\r\n<meta name=\"robots\" content=\"index, follow, max-snippet:-1, max-image-preview:large, max-video-preview:-1\" \/>\r\n<link rel=\"canonical\" href=\"https:\/\/previnorte.com.br\/site2\/giro-de-noticias-2023\/\" \/>\r\n<meta property=\"og:locale\" content=\"pt_BR\" \/>\r\n<meta property=\"og:type\" content=\"article\" \/>\r\n<meta property=\"og:title\" content=\"Giro de Not\u00edcias 2023 - Previnorte\" \/>\r\n<meta property=\"og:description\" content=\"Giro de Not\u00edcias 73|2023 &#8211; 22 de dez Giro de Not\u00edcias 72|2023 &#8211; 15 de dez Giro de Not\u00edcias 71|2023 &#8211; 8 de dez Giro de Not\u00edcias 70|2023 &#8211; 29 de nov Giro de Not\u00edcias 69|2023 &#8211; 24 de nov Giro de Not\u00edcias 68|2023 &#8211; 17 de nov Giro de Not\u00edcias 67|2023 &#8211; 10 de [&hellip;]\" \/>\r\n<meta property=\"og:url\" content=\"https:\/\/previnorte.com.br\/site2\/giro-de-noticias-2023\/\" \/>\r\n<meta property=\"og:site_name\" content=\"Previnorte\" \/>\r\n<meta property=\"article:modified_time\" content=\"2024-06-10T20:12:03+00:00\" \/>\r\n<meta name=\"twitter:card\" content=\"summary_large_image\" \/>\r\n<meta name=\"twitter:label1\" content=\"Est. tempo de leitura\" \/>\n\t<meta name=\"twitter:data1\" content=\"2 minutos\" \/>\r\n<script type=\"application\/ld+json\" class=\"yoast-schema-graph\">{\"@context\":\"https:\/\/schema.org\",\"@graph\":[{\"@type\":\"WebPage\",\"@id\":\"https:\/\/previnorte.com.br\/site2\/giro-de-noticias-2023\/\",\"url\":\"https:\/\/previnorte.com.br\/site2\/giro-de-noticias-2023\/\",\"name\":\"Giro de Not\u00edcias 2023 - Previnorte\",\"isPartOf\":{\"@id\":\"https:\/\/previnorte.com.br\/site2\/#website\"},\"datePublished\":\"2024-01-05T21:11:07+00:00\",\"dateModified\":\"2024-06-10T20:12:03+00:00\",\"breadcrumb\":{\"@id\":\"https:\/\/previnorte.com.br\/site2\/giro-de-noticias-2023\/#breadcrumb\"},\"inLanguage\":\"pt-BR\",\"potentialAction\":[{\"@type\":\"ReadAction\",\"target\":[\"https:\/\/previnorte.com.br\/site2\/giro-de-noticias-2023\/\"]}]},{\"@type\":\"BreadcrumbList\",\"@id\":\"https:\/\/previnorte.com.br\/site2\/giro-de-noticias-2023\/#breadcrumb\",\"itemListElement\":[{\"@type\":\"ListItem\",\"position\":1,\"name\":\"In\u00edcio\",\"item\":\"https:\/\/previnorte.com.br\/site2\/\"},{\"@type\":\"ListItem\",\"position\":2,\"name\":\"Giro de Not\u00edcias 2023\"}]},{\"@type\":\"WebSite\",\"@id\":\"https:\/\/previnorte.com.br\/site2\/#website\",\"url\":\"https:\/\/previnorte.com.br\/site2\/\",\"name\":\"Previnorte\",\"description\":\"Uma entidade fechada de previd\u00eancia complementar,  sem fins lucrativos.\",\"potentialAction\":[{\"@type\":\"SearchAction\",\"target\":{\"@type\":\"EntryPoint\",\"urlTemplate\":\"https:\/\/previnorte.com.br\/site2\/?s={search_term_string}\"},\"query-input\":{\"@type\":\"PropertyValueSpecification\",\"valueRequired\":true,\"valueName\":\"search_term_string\"}}],\"inLanguage\":\"pt-BR\"}]}<\/script>\r\n<!-- \/ Yoast SEO plugin. -->","yoast_head_json":{"title":"Giro de Not\u00edcias 2023 - Previnorte","robots":{"index":"index","follow":"follow","max-snippet":"max-snippet:-1","max-image-preview":"max-image-preview:large","max-video-preview":"max-video-preview:-1"},"canonical":"https:\/\/previnorte.com.br\/site2\/giro-de-noticias-2023\/","og_locale":"pt_BR","og_type":"article","og_title":"Giro de Not\u00edcias 2023 - Previnorte","og_description":"Giro de Not\u00edcias 73|2023 &#8211; 22 de dez Giro de Not\u00edcias 72|2023 &#8211; 15 de dez Giro de Not\u00edcias 71|2023 &#8211; 8 de dez Giro de Not\u00edcias 70|2023 &#8211; 29 de nov Giro de Not\u00edcias 69|2023 &#8211; 24 de nov Giro de Not\u00edcias 68|2023 &#8211; 17 de nov Giro de Not\u00edcias 67|2023 &#8211; 10 de [&hellip;]","og_url":"https:\/\/previnorte.com.br\/site2\/giro-de-noticias-2023\/","og_site_name":"Previnorte","article_modified_time":"2024-06-10T20:12:03+00:00","twitter_card":"summary_large_image","twitter_misc":{"Est. tempo de leitura":"2 minutos"},"schema":{"@context":"https:\/\/schema.org","@graph":[{"@type":"WebPage","@id":"https:\/\/previnorte.com.br\/site2\/giro-de-noticias-2023\/","url":"https:\/\/previnorte.com.br\/site2\/giro-de-noticias-2023\/","name":"Giro de Not\u00edcias 2023 - Previnorte","isPartOf":{"@id":"https:\/\/previnorte.com.br\/site2\/#website"},"datePublished":"2024-01-05T21:11:07+00:00","dateModified":"2024-06-10T20:12:03+00:00","breadcrumb":{"@id":"https:\/\/previnorte.com.br\/site2\/giro-de-noticias-2023\/#breadcrumb"},"inLanguage":"pt-BR","potentialAction":[{"@type":"ReadAction","target":["https:\/\/previnorte.com.br\/site2\/giro-de-noticias-2023\/"]}]},{"@type":"BreadcrumbList","@id":"https:\/\/previnorte.com.br\/site2\/giro-de-noticias-2023\/#breadcrumb","itemListElement":[{"@type":"ListItem","position":1,"name":"In\u00edcio","item":"https:\/\/previnorte.com.br\/site2\/"},{"@type":"ListItem","position":2,"name":"Giro de Not\u00edcias 2023"}]},{"@type":"WebSite","@id":"https:\/\/previnorte.com.br\/site2\/#website","url":"https:\/\/previnorte.com.br\/site2\/","name":"Previnorte","description":"Uma entidade fechada de previd\u00eancia complementar,  sem fins lucrativos.","potentialAction":[{"@type":"SearchAction","target":{"@type":"EntryPoint","urlTemplate":"https:\/\/previnorte.com.br\/site2\/?s={search_term_string}"},"query-input":{"@type":"PropertyValueSpecification","valueRequired":true,"valueName":"search_term_string"}}],"inLanguage":"pt-BR"}]}},"_links":{"self":[{"href":"https:\/\/previnorte.com.br\/site2\/wp-json\/wp\/v2\/pages\/9826","targetHints":{"allow":["GET"]}}],"collection":[{"href":"https:\/\/previnorte.com.br\/site2\/wp-json\/wp\/v2\/pages"}],"about":[{"href":"https:\/\/previnorte.com.br\/site2\/wp-json\/wp\/v2\/types\/page"}],"author":[{"embeddable":true,"href":"https:\/\/previnorte.com.br\/site2\/wp-json\/wp\/v2\/users\/6"}],"replies":[{"embeddable":true,"href":"https:\/\/previnorte.com.br\/site2\/wp-json\/wp\/v2\/comments?post=9826"}],"version-history":[{"count":1,"href":"https:\/\/previnorte.com.br\/site2\/wp-json\/wp\/v2\/pages\/9826\/revisions"}],"predecessor-version":[{"id":9827,"href":"https:\/\/previnorte.com.br\/site2\/wp-json\/wp\/v2\/pages\/9826\/revisions\/9827"}],"wp:attachment":[{"href":"https:\/\/previnorte.com.br\/site2\/wp-json\/wp\/v2\/media?parent=9826"}],"curies":[{"name":"wp","href":"https:\/\/api.w.org\/{rel}","templated":true}]}}